{"id":9445,"date":"2025-07-16T11:43:39","date_gmt":"2025-07-16T09:43:39","guid":{"rendered":"https:\/\/www.fasep.it\/productos\/\/s239.001"},"modified":"2026-03-31T10:18:28","modified_gmt":"2026-03-31T08:18:28","slug":"es-s239.001","status":"publish","type":"product","link":"https:\/\/www.fasep.it\/es\/productos\/desmontadoras\/s239.001\/","title":{"rendered":"RASE.TOP.4028"},"content":{"rendered":"<font color=\"#0055BB\"><strong>Desmontadora superautom\u00e1tica computarizada sin palanca.<\/strong><\/font><br>\r\nRASE.TOP.4028 es una <u>desmontadora con ciclo autom\u00e1tico<\/u>, adecuada para los mejores especialistas en neum\u00e1ticos, para el uso con ruedas Run Flat y UHP. Funciona sobre las ruedas de los coches y veh\u00edculos ligeros con ruedas de 13&#8243; a 28&#8243;, sin ninguna palanca para montar y desmontar ning\u00fan neum\u00e1tico.<br>\r\nRASE.TOP.4028 es capaz de diagnosticar el perfil geom\u00e9trico de la llanta al mismo tiempo que se rompe el tal\u00f3n del neum\u00e1tico.\r\nRASE.TOP.4028 est\u00e1 equipado con el dispositivo anti-rayado de la llanta.<br>\r\nCon el RASE.TOP.4028, la rueda se coloca directamente sobre el eje autocentrante con un elevador operado neum\u00e1ticamente.<br>","protected":false},"excerpt":{"rendered":"<font color=\"#0055BB\"><strong>Desmontadora superautom\u00e1tica computarizada sin palanca.<\/strong><\/font><br>\r\nRASE.TOP.4028 es una <u>desmontadora con ciclo autom\u00e1tico<\/u>, adecuada para los mejores especialistas en neum\u00e1ticos, para el uso con ruedas Run Flat y UHP. Funciona sobre las ruedas de los coches y veh\u00edculos ligeros con ruedas de 13&#8243; a 28&#8243;, sin ninguna palanca para montar y desmontar ning\u00fan neum\u00e1tico.<br>\r\nRASE.TOP.4028 es capaz de diagnosticar el perfil geom\u00e9trico de la llanta al mismo tiempo que se rompe el tal\u00f3n del neum\u00e1tico.\r\nRASE.TOP.4028 est\u00e1 equipado con el dispositivo anti-rayado de la llanta.<br>\r\nCon el RASE.TOP.4028, la rueda se coloca directamente sobre el eje autocentrante con un elevador operado neum\u00e1ticamente.<br>","protected":false},"featured_media":0,"template":"","meta":{"_acf_changed":false},"product_brand":[],"product_cat":[],"product_tag":[],"class_list":{"0":"post-9445","1":"product","2":"type-product","3":"status-publish","6":"first","7":"instock","8":"shipping-taxable","9":"product-type-simple"},"acf":[],"yoast_head":"<!-- This site is optimized with the Yoast SEO plugin v25.7 - https:\/\/yoast.com\/wordpress\/plugins\/seo\/ -->\n<title>RASE.TOP.4028<\/title>\n<meta name=\"robots\" content=\"index, follow, max-snippet:-1, max-image-preview:large, max-video-preview:-1\" \/>\n<meta property=\"og:locale\" content=\"es_ES\" \/>\n<meta property=\"og:type\" content=\"article\" \/>\n<meta property=\"og:title\" content=\"RASE.TOP.4028\" \/>\n<meta property=\"og:description\" content=\"Desmontadora superautom\u00e1tica computarizada sin palanca. RASE.TOP.4028 es una desmontadora con ciclo autom\u00e1tico, adecuada para los mejores especialistas en neum\u00e1ticos, para el uso con ruedas Run Flat y UHP. Funciona sobre las ruedas de los coches y veh\u00edculos ligeros con ruedas de 13&quot; a 28&quot;, sin ninguna palanca para montar y desmontar ning\u00fan neum\u00e1tico. RASE.TOP.4028 es capaz de diagnosticar el perfil geom\u00e9trico de la llanta al mismo tiempo que se rompe el tal\u00f3n del neum\u00e1tico. RASE.TOP.4028 est\u00e1 equipado con el dispositivo anti-rayado de la llanta. Con el RASE.TOP.4028, la rueda se coloca directamente sobre el eje autocentrante con un elevador operado neum\u00e1ticamente.\" \/>\n<meta property=\"og:url\" content=\"https:\/\/www.fasep.it\/es\/productos\/desmontadoras\/s239.001\/\" \/>\n<meta property=\"og:site_name\" content=\"Fasep 2000 srl\" \/>\n<meta property=\"article:modified_time\" content=\"2026-03-31T08:18:28+00:00\" \/>\n<meta name=\"twitter:card\" content=\"summary_large_image\" \/>\n<meta name=\"twitter:label1\" content=\"Tiempo de lectura\" \/>\n\t<meta name=\"twitter:data1\" content=\"1 minuto\" \/>\n<script type=\"application\/ld+json\" class=\"yoast-schema-graph\">{\"@context\":\"https:\/\/schema.org\",\"@graph\":[{\"@type\":\"WebPage\",\"@id\":\"https:\/\/www.fasep.it\/es\/productos\/desmontadoras\/s239.001\/\",\"url\":\"https:\/\/www.fasep.it\/es\/productos\/desmontadoras\/s239.001\/\",\"name\":\"RASE.TOP.4028\",\"isPartOf\":{\"@id\":\"https:\/\/www.fasep.it\/es\/#website\"},\"datePublished\":\"2025-07-16T09:43:39+00:00\",\"dateModified\":\"2026-03-31T08:18:28+00:00\",\"breadcrumb\":{\"@id\":\"https:\/\/www.fasep.it\/es\/productos\/desmontadoras\/s239.001\/#breadcrumb\"},\"inLanguage\":\"es\",\"potentialAction\":[{\"@type\":\"ReadAction\",\"target\":[\"https:\/\/www.fasep.it\/es\/productos\/desmontadoras\/s239.001\/\"]}]},{\"@type\":\"BreadcrumbList\",\"@id\":\"https:\/\/www.fasep.it\/es\/productos\/desmontadoras\/s239.001\/#breadcrumb\",\"itemListElement\":[{\"@type\":\"ListItem\",\"position\":1,\"name\":\"Home\",\"item\":\"https:\/\/www.fasep.it\/es\/\"},{\"@type\":\"ListItem\",\"position\":2,\"name\":\"Productos\",\"item\":\"https:\/\/www.fasep.it\/es\/shop\/\"},{\"@type\":\"ListItem\",\"position\":3,\"name\":\"RASE.TOP.4028\"}]},{\"@type\":\"WebSite\",\"@id\":\"https:\/\/www.fasep.it\/es\/#website\",\"url\":\"https:\/\/www.fasep.it\/es\/\",\"name\":\"Fasep 2000 srl\",\"description\":\"\",\"potentialAction\":[{\"@type\":\"SearchAction\",\"target\":{\"@type\":\"EntryPoint\",\"urlTemplate\":\"https:\/\/www.fasep.it\/es\/?s={search_term_string}\"},\"query-input\":{\"@type\":\"PropertyValueSpecification\",\"valueRequired\":true,\"valueName\":\"search_term_string\"}}],\"inLanguage\":\"es\"}]}<\/script>\n<!-- \/ Yoast SEO plugin. -->","yoast_head_json":{"title":"RASE.TOP.4028","robots":{"index":"index","follow":"follow","max-snippet":"max-snippet:-1","max-image-preview":"max-image-preview:large","max-video-preview":"max-video-preview:-1"},"og_locale":"es_ES","og_type":"article","og_title":"RASE.TOP.4028","og_description":"Desmontadora superautom\u00e1tica computarizada sin palanca. RASE.TOP.4028 es una desmontadora con ciclo autom\u00e1tico, adecuada para los mejores especialistas en neum\u00e1ticos, para el uso con ruedas Run Flat y UHP. Funciona sobre las ruedas de los coches y veh\u00edculos ligeros con ruedas de 13\" a 28\", sin ninguna palanca para montar y desmontar ning\u00fan neum\u00e1tico. RASE.TOP.4028 es capaz de diagnosticar el perfil geom\u00e9trico de la llanta al mismo tiempo que se rompe el tal\u00f3n del neum\u00e1tico. RASE.TOP.4028 est\u00e1 equipado con el dispositivo anti-rayado de la llanta. Con el RASE.TOP.4028, la rueda se coloca directamente sobre el eje autocentrante con un elevador operado neum\u00e1ticamente.","og_url":"https:\/\/www.fasep.it\/es\/productos\/desmontadoras\/s239.001\/","og_site_name":"Fasep 2000 srl","article_modified_time":"2026-03-31T08:18:28+00:00","twitter_card":"summary_large_image","twitter_misc":{"Tiempo de lectura":"1 minuto"},"schema":{"@context":"https:\/\/schema.org","@graph":[{"@type":"WebPage","@id":"https:\/\/www.fasep.it\/es\/productos\/desmontadoras\/s239.001\/","url":"https:\/\/www.fasep.it\/es\/productos\/desmontadoras\/s239.001\/","name":"RASE.TOP.4028","isPartOf":{"@id":"https:\/\/www.fasep.it\/es\/#website"},"datePublished":"2025-07-16T09:43:39+00:00","dateModified":"2026-03-31T08:18:28+00:00","breadcrumb":{"@id":"https:\/\/www.fasep.it\/es\/productos\/desmontadoras\/s239.001\/#breadcrumb"},"inLanguage":"es","potentialAction":[{"@type":"ReadAction","target":["https:\/\/www.fasep.it\/es\/productos\/desmontadoras\/s239.001\/"]}]},{"@type":"BreadcrumbList","@id":"https:\/\/www.fasep.it\/es\/productos\/desmontadoras\/s239.001\/#breadcrumb","itemListElement":[{"@type":"ListItem","position":1,"name":"Home","item":"https:\/\/www.fasep.it\/es\/"},{"@type":"ListItem","position":2,"name":"Productos","item":"https:\/\/www.fasep.it\/es\/shop\/"},{"@type":"ListItem","position":3,"name":"RASE.TOP.4028"}]},{"@type":"WebSite","@id":"https:\/\/www.fasep.it\/es\/#website","url":"https:\/\/www.fasep.it\/es\/","name":"Fasep 2000 srl","description":"","potentialAction":[{"@type":"SearchAction","target":{"@type":"EntryPoint","urlTemplate":"https:\/\/www.fasep.it\/es\/?s={search_term_string}"},"query-input":{"@type":"PropertyValueSpecification","valueRequired":true,"valueName":"search_term_string"}}],"inLanguage":"es"}]}},"_links":{"self":[{"href":"https:\/\/www.fasep.it\/es\/wp-json\/wp\/v2\/product\/9445","targetHints":{"allow":["GET"]}}],"collection":[{"href":"https:\/\/www.fasep.it\/es\/wp-json\/wp\/v2\/product"}],"about":[{"href":"https:\/\/www.fasep.it\/es\/wp-json\/wp\/v2\/types\/product"}],"wp:attachment":[{"href":"https:\/\/www.fasep.it\/es\/wp-json\/wp\/v2\/media?parent=9445"}],"wp:term":[{"taxonomy":"product_brand","embeddable":true,"href":"https:\/\/www.fasep.it\/es\/wp-json\/wp\/v2\/product_brand?post=9445"},{"taxonomy":"product_cat","embeddable":true,"href":"https:\/\/www.fasep.it\/es\/wp-json\/wp\/v2\/product_cat?post=9445"},{"taxonomy":"product_tag","embeddable":true,"href":"https:\/\/www.fasep.it\/es\/wp-json\/wp\/v2\/product_tag?post=9445"}],"curies":[{"name":"wp","href":"https:\/\/api.w.org\/{rel}","templated":true}]}}