{"id":9440,"date":"2025-07-16T11:43:41","date_gmt":"2025-07-16T09:43:41","guid":{"rendered":"https:\/\/www.fasep.it\/productos\/\/s240.007"},"modified":"2026-03-31T10:18:45","modified_gmt":"2026-03-31T08:18:45","slug":"es-s240.007","status":"publish","type":"product","link":"https:\/\/www.fasep.it\/es\/productos\/servicio-movil\/s240.007\/","title":{"rendered":"eCUBE G4"},"content":{"rendered":"<font color=\"#0055BB\"><strong>Sistema integrado de servicio m\u00f3vil de neum\u00e1ticos.<\/strong><\/font><br>\r\neCUBE es un sistema de servicio m\u00f3vil de neum\u00e1ticos adecuado para ruedas de coches, todoterrenos y furgonetas para ruedas de hasta 24&#8243;.<br>\r\neCUBE combina Desmontadora, equilibradora (opcional), PC, pantalla t\u00e1ctil, sistema de inflado digital, compresor y banco de potencia en una sola m\u00e1quina.<br>\r\n<br>\r\n<u>eCUBE respeta a los que trabajan<\/u>: no necesita un generador ruidoso con motor de combusti\u00f3n interna, sino que est\u00e1 equipado con un sistema de bater\u00edas recargables y un compresor silenciado que permite trabajar sin molestar al operador.<br>\r\n<br>\r\nEl sistema <u>eCUBE respeta el medio ambiente<\/u> ya que no emite gases de escape, por lo que tambi\u00e9n puede utilizarse en espacios cerrados (garajes, aparcamientos subterr\u00e1neos, etc.).<br>\r\n<br>\r\nPara m\u00e1s informaci\u00f3n, visite las <a href=\"https:\/\/www.fasep.it\/news\/ecube-faq\/\" target=\"top\">preguntas frecuentes sobre eCUBE<\/a>.<br>\r\n<br>\r\n<i>eCUBE est\u00e1 compuesto de:<\/i>\r\n<ul>\r\n<li>Desmontadora para ruedas de hasta 24&#8243;\r\n<li>Equilibradora FASEP B112 (opcional)\r\n<li>Sistema de PC\r\n<li>Pantalla t\u00e1ctil\r\n<li>Sistema de inflaci\u00f3n digital\r\n<li>Compresor silenciado\r\n<li>Sistema de bater\u00edas de 48V\r\n<\/ul>\r\n<br>\r\n<br>\r\n<i>Ventajas:<\/i><br>\r\n<br>\r\n<ul>\r\n<li>Varias posibilidades de instalaci\u00f3n &#8211; <b>Requiere s\u00f3lo 1,1 m2 de espacio<\/b>\r\n<li>Sin ruido\r\n<li>Sin mal olor a gas de combusti\u00f3n\r\n<li>En los locales del cliente, el mismo nivel de calidad que el trabajo realizado en el taller\r\n<li>R\u00e1pido de instalar y desinstalar\r\n<li>\u00bfClima fr\u00edo? Puedes trabajar dentro de la furgoneta con la puerta cerrada\r\n<li>No hay ning\u00fan motor funcionando cuando la m\u00e1quina est\u00e1 en reposo &#8211; <b>Enormes ahorros de combustible<\/b>\r\n<li>Monitoreo remoto, actualizaciones de software y soluci\u00f3n de problemas\r\n<li>Dise\u00f1ado espec\u00edficamente para el mercado de servicios m\u00f3viles\r\n<\/ul>\r\n<br>\r\n<button><a href=\"https:\/\/www.fasep.it\/news\/ecube-faq\/\" target=\"top\">Haga clic aqu\u00ed para ver las preguntas frecuentes sobre eCUBE<\/a><\/button><br>\r\n<br>\r\n<button><a href=\"https:\/\/www.instagram.com\/p\/B-b8bIPgRnC\/\" target=\"top\">Haga clic aqu\u00ed para ver el eCUBE en acci\u00f3n<\/a><\/button>","protected":false},"excerpt":{"rendered":"<font color=\"#0055BB\"><strong>Sistema integrado de servicio m\u00f3vil de neum\u00e1ticos.<\/strong><\/font><br>\r\neCUBE es un sistema de servicio m\u00f3vil de neum\u00e1ticos adecuado para ruedas de coches, todoterrenos y furgonetas para ruedas de hasta 24&#8243;.<br>\r\neCUBE combina Desmontadora, equilibradora (opcional), PC, pantalla t\u00e1ctil, sistema de inflado digital, compresor y banco de potencia en una sola m\u00e1quina.<br>\r\n<br>\r\n<u>eCUBE respeta a los que trabajan<\/u>: no necesita un generador ruidoso con motor de combusti\u00f3n interna, sino que est\u00e1 equipado con un sistema de bater\u00edas recargables y un compresor silenciado que permite trabajar sin molestar al operador.<br>\r\n<br>\r\nEl sistema <u>eCUBE respeta el medio ambiente<\/u> ya que no emite gases de escape, por lo que tambi\u00e9n puede utilizarse en espacios cerrados (garajes, aparcamientos subterr\u00e1neos, etc.).<br>\r\n<br>\r\nPara m\u00e1s informaci\u00f3n, visite las <a href=\"https:\/\/www.fasep.it\/news\/ecube-faq\/\" target=\"top\">preguntas frecuentes sobre eCUBE<\/a>.<br>\r\n<br>\r\n<i>eCUBE est\u00e1 compuesto de:<\/i>\r\n<ul>\r\n<li>Desmontadora para ruedas de hasta 24&#8243;\r\n<li>Equilibradora FASEP B112 (opcional)\r\n<li>Sistema de PC\r\n<li>Pantalla t\u00e1ctil\r\n<li>Sistema de inflaci\u00f3n digital\r\n<li>Compresor silenciado\r\n<li>Sistema de bater\u00edas de 48V\r\n<\/ul>\r\n<br>\r\n<br>\r\n<i>Ventajas:<\/i><br>\r\n<br>\r\n<ul>\r\n<li>Varias posibilidades de instalaci\u00f3n &#8211; <b>Requiere s\u00f3lo 1,1 m2 de espacio<\/b>\r\n<li>Sin ruido\r\n<li>Sin mal olor a gas de combusti\u00f3n\r\n<li>En los locales del cliente, el mismo nivel de calidad que el trabajo realizado en el taller\r\n<li>R\u00e1pido de instalar y desinstalar\r\n<li>\u00bfClima fr\u00edo? Puedes trabajar dentro de la furgoneta con la puerta cerrada\r\n<li>No hay ning\u00fan motor funcionando cuando la m\u00e1quina est\u00e1 en reposo &#8211; <b>Enormes ahorros de combustible<\/b>\r\n<li>Monitoreo remoto, actualizaciones de software y soluci\u00f3n de problemas\r\n<li>Dise\u00f1ado espec\u00edficamente para el mercado de servicios m\u00f3viles\r\n<\/ul>\r\n<br>\r\n<button><a href=\"https:\/\/www.fasep.it\/news\/ecube-faq\/\" target=\"top\">Haga clic aqu\u00ed para ver las preguntas frecuentes sobre eCUBE<\/a><\/button><br>\r\n<br>\r\n<button><a href=\"https:\/\/www.instagram.com\/p\/B-b8bIPgRnC\/\" target=\"top\">Haga clic aqu\u00ed para ver el eCUBE en acci\u00f3n<\/a><\/button>","protected":false},"featured_media":0,"template":"","meta":{"_acf_changed":false},"product_brand":[],"product_cat":[],"product_tag":[],"class_list":{"0":"post-9440","1":"product","2":"type-product","3":"status-publish","6":"first","7":"instock","8":"shipping-taxable","9":"product-type-simple"},"acf":[],"yoast_head":"<!-- This site is optimized with the Yoast SEO plugin v25.7 - https:\/\/yoast.com\/wordpress\/plugins\/seo\/ -->\n<title>eCUBE G4<\/title>\n<meta name=\"robots\" content=\"index, follow, max-snippet:-1, max-image-preview:large, max-video-preview:-1\" \/>\n<meta property=\"og:locale\" content=\"es_ES\" \/>\n<meta property=\"og:type\" content=\"article\" \/>\n<meta property=\"og:title\" content=\"eCUBE G4\" \/>\n<meta property=\"og:description\" content=\"Sistema integrado de servicio m\u00f3vil de neum\u00e1ticos. eCUBE es un sistema de servicio m\u00f3vil de neum\u00e1ticos adecuado para ruedas de coches, todoterrenos y furgonetas para ruedas de hasta 24&quot;. eCUBE combina Desmontadora, equilibradora (opcional), PC, pantalla t\u00e1ctil, sistema de inflado digital, compresor y banco de potencia en una sola m\u00e1quina.  eCUBE respeta a los que trabajan: no necesita un generador ruidoso con motor de combusti\u00f3n interna, sino que est\u00e1 equipado con un sistema de bater\u00edas recargables y un compresor silenciado que permite trabajar sin molestar al operador.  El sistema eCUBE respeta el medio ambiente ya que no emite gases de escape, por lo que tambi\u00e9n puede utilizarse en espacios cerrados (garajes, aparcamientos subterr\u00e1neos, etc.).  Para m\u00e1s informaci\u00f3n, visite las preguntas frecuentes sobre eCUBE.  eCUBE est\u00e1 compuesto de:  Desmontadora para ruedas de hasta 24&quot; Equilibradora FASEP B112 (opcional) Sistema de PC Pantalla t\u00e1ctil Sistema de inflaci\u00f3n digital Compresor silenciado Sistema de bater\u00edas de 48V    Ventajas:   Varias posibilidades de instalaci\u00f3n - Requiere s\u00f3lo 1,1 m2 de espacio Sin ruido Sin mal olor a gas de combusti\u00f3n En los locales del cliente, el mismo nivel de calidad que el trabajo realizado en el taller R\u00e1pido de instalar y desinstalar \u00bfClima fr\u00edo? Puedes trabajar dentro de la furgoneta con la puerta cerrada No hay ning\u00fan motor funcionando cuando la m\u00e1quina est\u00e1 en reposo - Enormes ahorros de combustible Monitoreo remoto, actualizaciones de software y soluci\u00f3n de problemas Dise\u00f1ado espec\u00edficamente para el mercado de servicios m\u00f3viles   Haga clic aqu\u00ed para ver las preguntas frecuentes sobre eCUBE  Haga clic aqu\u00ed para ver el eCUBE en acci\u00f3n\" \/>\n<meta property=\"og:url\" content=\"https:\/\/www.fasep.it\/es\/productos\/servicio-movil\/s240.007\/\" \/>\n<meta property=\"og:site_name\" content=\"Fasep 2000 srl\" \/>\n<meta property=\"article:modified_time\" content=\"2026-03-31T08:18:45+00:00\" \/>\n<meta name=\"twitter:card\" content=\"summary_large_image\" \/>\n<meta name=\"twitter:label1\" content=\"Tiempo de lectura\" \/>\n\t<meta name=\"twitter:data1\" content=\"1 minuto\" \/>\n<script type=\"application\/ld+json\" class=\"yoast-schema-graph\">{\"@context\":\"https:\/\/schema.org\",\"@graph\":[{\"@type\":\"WebPage\",\"@id\":\"https:\/\/www.fasep.it\/es\/productos\/servicio-movil\/s240.007\/\",\"url\":\"https:\/\/www.fasep.it\/es\/productos\/servicio-movil\/s240.007\/\",\"name\":\"eCUBE G4\",\"isPartOf\":{\"@id\":\"https:\/\/www.fasep.it\/es\/#website\"},\"datePublished\":\"2025-07-16T09:43:41+00:00\",\"dateModified\":\"2026-03-31T08:18:45+00:00\",\"breadcrumb\":{\"@id\":\"https:\/\/www.fasep.it\/es\/productos\/servicio-movil\/s240.007\/#breadcrumb\"},\"inLanguage\":\"es\",\"potentialAction\":[{\"@type\":\"ReadAction\",\"target\":[\"https:\/\/www.fasep.it\/es\/productos\/servicio-movil\/s240.007\/\"]}]},{\"@type\":\"BreadcrumbList\",\"@id\":\"https:\/\/www.fasep.it\/es\/productos\/servicio-movil\/s240.007\/#breadcrumb\",\"itemListElement\":[{\"@type\":\"ListItem\",\"position\":1,\"name\":\"Home\",\"item\":\"https:\/\/www.fasep.it\/es\/\"},{\"@type\":\"ListItem\",\"position\":2,\"name\":\"Productos\",\"item\":\"https:\/\/www.fasep.it\/es\/shop\/\"},{\"@type\":\"ListItem\",\"position\":3,\"name\":\"eCUBE G4\"}]},{\"@type\":\"WebSite\",\"@id\":\"https:\/\/www.fasep.it\/es\/#website\",\"url\":\"https:\/\/www.fasep.it\/es\/\",\"name\":\"Fasep 2000 srl\",\"description\":\"\",\"potentialAction\":[{\"@type\":\"SearchAction\",\"target\":{\"@type\":\"EntryPoint\",\"urlTemplate\":\"https:\/\/www.fasep.it\/es\/?s={search_term_string}\"},\"query-input\":{\"@type\":\"PropertyValueSpecification\",\"valueRequired\":true,\"valueName\":\"search_term_string\"}}],\"inLanguage\":\"es\"}]}<\/script>\n<!-- \/ Yoast SEO plugin. -->","yoast_head_json":{"title":"eCUBE G4","robots":{"index":"index","follow":"follow","max-snippet":"max-snippet:-1","max-image-preview":"max-image-preview:large","max-video-preview":"max-video-preview:-1"},"og_locale":"es_ES","og_type":"article","og_title":"eCUBE G4","og_description":"Sistema integrado de servicio m\u00f3vil de neum\u00e1ticos. eCUBE es un sistema de servicio m\u00f3vil de neum\u00e1ticos adecuado para ruedas de coches, todoterrenos y furgonetas para ruedas de hasta 24\". eCUBE combina Desmontadora, equilibradora (opcional), PC, pantalla t\u00e1ctil, sistema de inflado digital, compresor y banco de potencia en una sola m\u00e1quina.  eCUBE respeta a los que trabajan: no necesita un generador ruidoso con motor de combusti\u00f3n interna, sino que est\u00e1 equipado con un sistema de bater\u00edas recargables y un compresor silenciado que permite trabajar sin molestar al operador.  El sistema eCUBE respeta el medio ambiente ya que no emite gases de escape, por lo que tambi\u00e9n puede utilizarse en espacios cerrados (garajes, aparcamientos subterr\u00e1neos, etc.).  Para m\u00e1s informaci\u00f3n, visite las preguntas frecuentes sobre eCUBE.  eCUBE est\u00e1 compuesto de:  Desmontadora para ruedas de hasta 24\" Equilibradora FASEP B112 (opcional) Sistema de PC Pantalla t\u00e1ctil Sistema de inflaci\u00f3n digital Compresor silenciado Sistema de bater\u00edas de 48V    Ventajas:   Varias posibilidades de instalaci\u00f3n - Requiere s\u00f3lo 1,1 m2 de espacio Sin ruido Sin mal olor a gas de combusti\u00f3n En los locales del cliente, el mismo nivel de calidad que el trabajo realizado en el taller R\u00e1pido de instalar y desinstalar \u00bfClima fr\u00edo? Puedes trabajar dentro de la furgoneta con la puerta cerrada No hay ning\u00fan motor funcionando cuando la m\u00e1quina est\u00e1 en reposo - Enormes ahorros de combustible Monitoreo remoto, actualizaciones de software y soluci\u00f3n de problemas Dise\u00f1ado espec\u00edficamente para el mercado de servicios m\u00f3viles   Haga clic aqu\u00ed para ver las preguntas frecuentes sobre eCUBE  Haga clic aqu\u00ed para ver el eCUBE en acci\u00f3n","og_url":"https:\/\/www.fasep.it\/es\/productos\/servicio-movil\/s240.007\/","og_site_name":"Fasep 2000 srl","article_modified_time":"2026-03-31T08:18:45+00:00","twitter_card":"summary_large_image","twitter_misc":{"Tiempo de lectura":"1 minuto"},"schema":{"@context":"https:\/\/schema.org","@graph":[{"@type":"WebPage","@id":"https:\/\/www.fasep.it\/es\/productos\/servicio-movil\/s240.007\/","url":"https:\/\/www.fasep.it\/es\/productos\/servicio-movil\/s240.007\/","name":"eCUBE G4","isPartOf":{"@id":"https:\/\/www.fasep.it\/es\/#website"},"datePublished":"2025-07-16T09:43:41+00:00","dateModified":"2026-03-31T08:18:45+00:00","breadcrumb":{"@id":"https:\/\/www.fasep.it\/es\/productos\/servicio-movil\/s240.007\/#breadcrumb"},"inLanguage":"es","potentialAction":[{"@type":"ReadAction","target":["https:\/\/www.fasep.it\/es\/productos\/servicio-movil\/s240.007\/"]}]},{"@type":"BreadcrumbList","@id":"https:\/\/www.fasep.it\/es\/productos\/servicio-movil\/s240.007\/#breadcrumb","itemListElement":[{"@type":"ListItem","position":1,"name":"Home","item":"https:\/\/www.fasep.it\/es\/"},{"@type":"ListItem","position":2,"name":"Productos","item":"https:\/\/www.fasep.it\/es\/shop\/"},{"@type":"ListItem","position":3,"name":"eCUBE G4"}]},{"@type":"WebSite","@id":"https:\/\/www.fasep.it\/es\/#website","url":"https:\/\/www.fasep.it\/es\/","name":"Fasep 2000 srl","description":"","potentialAction":[{"@type":"SearchAction","target":{"@type":"EntryPoint","urlTemplate":"https:\/\/www.fasep.it\/es\/?s={search_term_string}"},"query-input":{"@type":"PropertyValueSpecification","valueRequired":true,"valueName":"search_term_string"}}],"inLanguage":"es"}]}},"_links":{"self":[{"href":"https:\/\/www.fasep.it\/es\/wp-json\/wp\/v2\/product\/9440","targetHints":{"allow":["GET"]}}],"collection":[{"href":"https:\/\/www.fasep.it\/es\/wp-json\/wp\/v2\/product"}],"about":[{"href":"https:\/\/www.fasep.it\/es\/wp-json\/wp\/v2\/types\/product"}],"wp:attachment":[{"href":"https:\/\/www.fasep.it\/es\/wp-json\/wp\/v2\/media?parent=9440"}],"wp:term":[{"taxonomy":"product_brand","embeddable":true,"href":"https:\/\/www.fasep.it\/es\/wp-json\/wp\/v2\/product_brand?post=9440"},{"taxonomy":"product_cat","embeddable":true,"href":"https:\/\/www.fasep.it\/es\/wp-json\/wp\/v2\/product_cat?post=9440"},{"taxonomy":"product_tag","embeddable":true,"href":"https:\/\/www.fasep.it\/es\/wp-json\/wp\/v2\/product_tag?post=9440"}],"curies":[{"name":"wp","href":"https:\/\/api.w.org\/{rel}","templated":true}]}}