{"id":9434,"date":"2025-07-16T11:43:45","date_gmt":"2025-07-16T09:43:45","guid":{"rendered":"https:\/\/www.fasep.it\/productos\/\/e638.003"},"modified":"2026-03-31T10:18:46","modified_gmt":"2026-03-31T08:18:46","slug":"es-e638.003","status":"publish","type":"product","link":"https:\/\/www.fasep.it\/es\/productos\/servicio-movil\/e638.003\/","title":{"rendered":"B160 Hopl\u00e0"},"content":{"rendered":"<font color=\"#0055BB\"><strong>Completa tu servicio de cami\u00f3n m\u00f3vil.<\/font><\/strong><br>\r\nUltra compacto para camiones, para trabajar en cualquier lugar.<br>\r\nB160 tiene un dise\u00f1o resistente y que ahorra espacio, y tecnolog\u00eda de 16 bits con giro manual, con mec\u00e1nica de precisi\u00f3n para equilibrar las ruedas de los camiones.<br>\r\nB160 se puede instalar en una Desmontadora de neum\u00e1ticos M\u00f3vil existente para camiones.<br>\r\nLa unidad funciona con bater\u00eda para funcionar en cualquier lugar, incluso en el servicio m\u00f3vil, sin necesidad de energ\u00eda el\u00e9ctrica o conexi\u00f3n de aire.","protected":false},"excerpt":{"rendered":"<font color=\"#0055BB\"><strong>Completa tu servicio de cami\u00f3n m\u00f3vil.<\/font><\/strong><br>\r\nUltra compacto para camiones, para trabajar en cualquier lugar.<br>\r\nB160 tiene un dise\u00f1o resistente y que ahorra espacio, y tecnolog\u00eda de 16 bits con giro manual, con mec\u00e1nica de precisi\u00f3n para equilibrar las ruedas de los camiones.<br>\r\nB160 se puede instalar en una Desmontadora de neum\u00e1ticos M\u00f3vil existente para camiones.<br>\r\nLa unidad funciona con bater\u00eda para funcionar en cualquier lugar, incluso en el servicio m\u00f3vil, sin necesidad de energ\u00eda el\u00e9ctrica o conexi\u00f3n de aire.","protected":false},"featured_media":0,"template":"","meta":{"_acf_changed":false},"product_brand":[],"product_cat":[],"product_tag":[],"class_list":{"0":"post-9434","1":"product","2":"type-product","3":"status-publish","6":"first","7":"instock","8":"shipping-taxable","9":"product-type-simple"},"acf":[],"yoast_head":"<!-- This site is optimized with the Yoast SEO plugin v25.7 - https:\/\/yoast.com\/wordpress\/plugins\/seo\/ -->\n<title>B160 Hopl\u00e0<\/title>\n<meta name=\"robots\" content=\"index, follow, max-snippet:-1, max-image-preview:large, max-video-preview:-1\" \/>\n<meta property=\"og:locale\" content=\"es_ES\" \/>\n<meta property=\"og:type\" content=\"article\" \/>\n<meta property=\"og:title\" content=\"B160 Hopl\u00e0\" \/>\n<meta property=\"og:description\" content=\"Completa tu servicio de cami\u00f3n m\u00f3vil. Ultra compacto para camiones, para trabajar en cualquier lugar. B160 tiene un dise\u00f1o resistente y que ahorra espacio, y tecnolog\u00eda de 16 bits con giro manual, con mec\u00e1nica de precisi\u00f3n para equilibrar las ruedas de los camiones. B160 se puede instalar en una Desmontadora de neum\u00e1ticos M\u00f3vil existente para camiones. La unidad funciona con bater\u00eda para funcionar en cualquier lugar, incluso en el servicio m\u00f3vil, sin necesidad de energ\u00eda el\u00e9ctrica o conexi\u00f3n de aire.\" \/>\n<meta property=\"og:url\" content=\"https:\/\/www.fasep.it\/es\/productos\/servicio-movil\/e638.003\/\" \/>\n<meta property=\"og:site_name\" content=\"Fasep 2000 srl\" \/>\n<meta property=\"article:modified_time\" content=\"2026-03-31T08:18:46+00:00\" \/>\n<meta name=\"twitter:card\" content=\"summary_large_image\" \/>\n<script type=\"application\/ld+json\" class=\"yoast-schema-graph\">{\"@context\":\"https:\/\/schema.org\",\"@graph\":[{\"@type\":\"WebPage\",\"@id\":\"https:\/\/www.fasep.it\/es\/productos\/servicio-movil\/e638.003\/\",\"url\":\"https:\/\/www.fasep.it\/es\/productos\/servicio-movil\/e638.003\/\",\"name\":\"B160 Hopl\u00e0\",\"isPartOf\":{\"@id\":\"https:\/\/www.fasep.it\/es\/#website\"},\"datePublished\":\"2025-07-16T09:43:45+00:00\",\"dateModified\":\"2026-03-31T08:18:46+00:00\",\"breadcrumb\":{\"@id\":\"https:\/\/www.fasep.it\/es\/productos\/servicio-movil\/e638.003\/#breadcrumb\"},\"inLanguage\":\"es\",\"potentialAction\":[{\"@type\":\"ReadAction\",\"target\":[\"https:\/\/www.fasep.it\/es\/productos\/servicio-movil\/e638.003\/\"]}]},{\"@type\":\"BreadcrumbList\",\"@id\":\"https:\/\/www.fasep.it\/es\/productos\/servicio-movil\/e638.003\/#breadcrumb\",\"itemListElement\":[{\"@type\":\"ListItem\",\"position\":1,\"name\":\"Home\",\"item\":\"https:\/\/www.fasep.it\/es\/\"},{\"@type\":\"ListItem\",\"position\":2,\"name\":\"Productos\",\"item\":\"https:\/\/www.fasep.it\/es\/shop\/\"},{\"@type\":\"ListItem\",\"position\":3,\"name\":\"B160 Hopl\u00e0\"}]},{\"@type\":\"WebSite\",\"@id\":\"https:\/\/www.fasep.it\/es\/#website\",\"url\":\"https:\/\/www.fasep.it\/es\/\",\"name\":\"Fasep 2000 srl\",\"description\":\"\",\"potentialAction\":[{\"@type\":\"SearchAction\",\"target\":{\"@type\":\"EntryPoint\",\"urlTemplate\":\"https:\/\/www.fasep.it\/es\/?s={search_term_string}\"},\"query-input\":{\"@type\":\"PropertyValueSpecification\",\"valueRequired\":true,\"valueName\":\"search_term_string\"}}],\"inLanguage\":\"es\"}]}<\/script>\n<!-- \/ Yoast SEO plugin. -->","yoast_head_json":{"title":"B160 Hopl\u00e0","robots":{"index":"index","follow":"follow","max-snippet":"max-snippet:-1","max-image-preview":"max-image-preview:large","max-video-preview":"max-video-preview:-1"},"og_locale":"es_ES","og_type":"article","og_title":"B160 Hopl\u00e0","og_description":"Completa tu servicio de cami\u00f3n m\u00f3vil. Ultra compacto para camiones, para trabajar en cualquier lugar. B160 tiene un dise\u00f1o resistente y que ahorra espacio, y tecnolog\u00eda de 16 bits con giro manual, con mec\u00e1nica de precisi\u00f3n para equilibrar las ruedas de los camiones. B160 se puede instalar en una Desmontadora de neum\u00e1ticos M\u00f3vil existente para camiones. La unidad funciona con bater\u00eda para funcionar en cualquier lugar, incluso en el servicio m\u00f3vil, sin necesidad de energ\u00eda el\u00e9ctrica o conexi\u00f3n de aire.","og_url":"https:\/\/www.fasep.it\/es\/productos\/servicio-movil\/e638.003\/","og_site_name":"Fasep 2000 srl","article_modified_time":"2026-03-31T08:18:46+00:00","twitter_card":"summary_large_image","schema":{"@context":"https:\/\/schema.org","@graph":[{"@type":"WebPage","@id":"https:\/\/www.fasep.it\/es\/productos\/servicio-movil\/e638.003\/","url":"https:\/\/www.fasep.it\/es\/productos\/servicio-movil\/e638.003\/","name":"B160 Hopl\u00e0","isPartOf":{"@id":"https:\/\/www.fasep.it\/es\/#website"},"datePublished":"2025-07-16T09:43:45+00:00","dateModified":"2026-03-31T08:18:46+00:00","breadcrumb":{"@id":"https:\/\/www.fasep.it\/es\/productos\/servicio-movil\/e638.003\/#breadcrumb"},"inLanguage":"es","potentialAction":[{"@type":"ReadAction","target":["https:\/\/www.fasep.it\/es\/productos\/servicio-movil\/e638.003\/"]}]},{"@type":"BreadcrumbList","@id":"https:\/\/www.fasep.it\/es\/productos\/servicio-movil\/e638.003\/#breadcrumb","itemListElement":[{"@type":"ListItem","position":1,"name":"Home","item":"https:\/\/www.fasep.it\/es\/"},{"@type":"ListItem","position":2,"name":"Productos","item":"https:\/\/www.fasep.it\/es\/shop\/"},{"@type":"ListItem","position":3,"name":"B160 Hopl\u00e0"}]},{"@type":"WebSite","@id":"https:\/\/www.fasep.it\/es\/#website","url":"https:\/\/www.fasep.it\/es\/","name":"Fasep 2000 srl","description":"","potentialAction":[{"@type":"SearchAction","target":{"@type":"EntryPoint","urlTemplate":"https:\/\/www.fasep.it\/es\/?s={search_term_string}"},"query-input":{"@type":"PropertyValueSpecification","valueRequired":true,"valueName":"search_term_string"}}],"inLanguage":"es"}]}},"_links":{"self":[{"href":"https:\/\/www.fasep.it\/es\/wp-json\/wp\/v2\/product\/9434","targetHints":{"allow":["GET"]}}],"collection":[{"href":"https:\/\/www.fasep.it\/es\/wp-json\/wp\/v2\/product"}],"about":[{"href":"https:\/\/www.fasep.it\/es\/wp-json\/wp\/v2\/types\/product"}],"wp:attachment":[{"href":"https:\/\/www.fasep.it\/es\/wp-json\/wp\/v2\/media?parent=9434"}],"wp:term":[{"taxonomy":"product_brand","embeddable":true,"href":"https:\/\/www.fasep.it\/es\/wp-json\/wp\/v2\/product_brand?post=9434"},{"taxonomy":"product_cat","embeddable":true,"href":"https:\/\/www.fasep.it\/es\/wp-json\/wp\/v2\/product_cat?post=9434"},{"taxonomy":"product_tag","embeddable":true,"href":"https:\/\/www.fasep.it\/es\/wp-json\/wp\/v2\/product_tag?post=9434"}],"curies":[{"name":"wp","href":"https:\/\/api.w.org\/{rel}","templated":true}]}}