{"id":9427,"date":"2025-07-16T11:43:57","date_gmt":"2025-07-16T09:43:57","guid":{"rendered":"https:\/\/www.fasep.it\/productos\/\/e539.007"},"modified":"2026-03-31T10:18:23","modified_gmt":"2026-03-31T08:18:23","slug":"es-e539.007","status":"publish","type":"product","link":"https:\/\/www.fasep.it\/es\/productos\/balanceadoras\/e539.007\/","title":{"rendered":"B202 Moto"},"content":{"rendered":"<font color=\"#0055BB\"><strong>Finalmente el balanceo din\u00e1mico de las ruedas de las motos se tom\u00f3 en serio.<\/strong><\/font><br>\r\nSi eres un especialista en motos, si tu tiempo es dinero, si tu trabajo tiene que hacerse bien y r\u00e1pido, B202 es la equilibradora perfecta para ti.<br>\r\nNo m\u00e1s p\u00e9rdidas de tiempo con herramientas anticuadas (soportes de rodillo) o montaje\/desmontaje de accesorios para equilibradoras de coches sin conseguir nunca un buen resultado.<br>\r\nEquilibradora de ruedas de eje fijo, dise\u00f1ado espec\u00edficamente para ruedas de motos, B202 es la soluci\u00f3n para ahorrar tiempo y lograr la m\u00e1xima precisi\u00f3n.<br>\r\n<br>\r\nNuestros B202 se utilizan en toda Europa en los principales centros de motociclismo como <u>Harley Davidson, BMW, Triumph, Honda.<\/u><br>\r\n<br>\r\n<b>EL MOMENTO DE PENSAR EN LAS MOTOS ES AHORA<\/b>\r\n<ul>\r\n<li>La movilidad en la ciudad se realiza cada vez m\u00e1s en motocicleta, para evitar las restricciones del transporte p\u00fablico y de los autom\u00f3viles\r\n<li>\tEl cliente de la motocicleta es un cliente apasionado de su veh\u00edculo y particularmente atento a su mantenimiento\r\n<li>No m\u00e1s p\u00e9rdidas de tiempo y malos resultados: atrapa a tus clientes con un trabajo de calidad\r\n<\/ul>\r\nHaga clic aqu\u00ed para descubrir todas las <a href=\"https:\/\/www.fasep.it\/en\/news\/the-advantages-of-a-fasep-motorcycle-wheel-balancer\/\" target=\"top\"><b>ventajas de la equilibradora para motocicletas FASEP<\/b><\/a> con respecto a los soportes y adaptadores para motocicletas.","protected":false},"excerpt":{"rendered":"<font color=\"#0055BB\"><strong>Finalmente el balanceo din\u00e1mico de las ruedas de las motos se tom\u00f3 en serio.<\/strong><\/font><br>\r\nSi eres un especialista en motos, si tu tiempo es dinero, si tu trabajo tiene que hacerse bien y r\u00e1pido, B202 es la equilibradora perfecta para ti.<br>\r\nNo m\u00e1s p\u00e9rdidas de tiempo con herramientas anticuadas (soportes de rodillo) o montaje\/desmontaje de accesorios para equilibradoras de coches sin conseguir nunca un buen resultado.<br>\r\nEquilibradora de ruedas de eje fijo, dise\u00f1ado espec\u00edficamente para ruedas de motos, B202 es la soluci\u00f3n para ahorrar tiempo y lograr la m\u00e1xima precisi\u00f3n.<br>\r\n<br>\r\nNuestros B202 se utilizan en toda Europa en los principales centros de motociclismo como <u>Harley Davidson, BMW, Triumph, Honda.<\/u><br>\r\n<br>\r\n<b>EL MOMENTO DE PENSAR EN LAS MOTOS ES AHORA<\/b>\r\n<ul>\r\n<li>La movilidad en la ciudad se realiza cada vez m\u00e1s en motocicleta, para evitar las restricciones del transporte p\u00fablico y de los autom\u00f3viles\r\n<li>\tEl cliente de la motocicleta es un cliente apasionado de su veh\u00edculo y particularmente atento a su mantenimiento\r\n<li>No m\u00e1s p\u00e9rdidas de tiempo y malos resultados: atrapa a tus clientes con un trabajo de calidad\r\n<\/ul>\r\nHaga clic aqu\u00ed para descubrir todas las <a href=\"https:\/\/www.fasep.it\/en\/news\/the-advantages-of-a-fasep-motorcycle-wheel-balancer\/\" target=\"top\"><b>ventajas de la equilibradora para motocicletas FASEP<\/b><\/a> con respecto a los soportes y adaptadores para motocicletas.","protected":false},"featured_media":0,"template":"","meta":{"_acf_changed":false},"product_brand":[],"product_cat":[],"product_tag":[],"class_list":{"0":"post-9427","1":"product","2":"type-product","3":"status-publish","6":"first","7":"instock","8":"shipping-taxable","9":"product-type-simple"},"acf":[],"yoast_head":"<!-- This site is optimized with the Yoast SEO plugin v25.7 - https:\/\/yoast.com\/wordpress\/plugins\/seo\/ -->\n<title>B202 Moto<\/title>\n<meta name=\"robots\" content=\"index, follow, max-snippet:-1, max-image-preview:large, max-video-preview:-1\" \/>\n<meta property=\"og:locale\" content=\"es_ES\" \/>\n<meta property=\"og:type\" content=\"article\" \/>\n<meta property=\"og:title\" content=\"B202 Moto\" \/>\n<meta property=\"og:description\" content=\"Finalmente el balanceo din\u00e1mico de las ruedas de las motos se tom\u00f3 en serio. Si eres un especialista en motos, si tu tiempo es dinero, si tu trabajo tiene que hacerse bien y r\u00e1pido, B202 es la equilibradora perfecta para ti. No m\u00e1s p\u00e9rdidas de tiempo con herramientas anticuadas (soportes de rodillo) o montaje\/desmontaje de accesorios para equilibradoras de coches sin conseguir nunca un buen resultado. Equilibradora de ruedas de eje fijo, dise\u00f1ado espec\u00edficamente para ruedas de motos, B202 es la soluci\u00f3n para ahorrar tiempo y lograr la m\u00e1xima precisi\u00f3n.  Nuestros B202 se utilizan en toda Europa en los principales centros de motociclismo como Harley Davidson, BMW, Triumph, Honda.  EL MOMENTO DE PENSAR EN LAS MOTOS ES AHORA  La movilidad en la ciudad se realiza cada vez m\u00e1s en motocicleta, para evitar las restricciones del transporte p\u00fablico y de los autom\u00f3viles  El cliente de la motocicleta es un cliente apasionado de su veh\u00edculo y particularmente atento a su mantenimiento No m\u00e1s p\u00e9rdidas de tiempo y malos resultados: atrapa a tus clientes con un trabajo de calidad  Haga clic aqu\u00ed para descubrir todas las ventajas de la equilibradora para motocicletas FASEP con respecto a los soportes y adaptadores para motocicletas.\" \/>\n<meta property=\"og:url\" content=\"https:\/\/www.fasep.it\/es\/productos\/balanceadoras\/e539.007\/\" \/>\n<meta property=\"og:site_name\" content=\"Fasep 2000 srl\" \/>\n<meta property=\"article:modified_time\" content=\"2026-03-31T08:18:23+00:00\" \/>\n<meta name=\"twitter:card\" content=\"summary_large_image\" \/>\n<meta name=\"twitter:label1\" content=\"Tiempo de lectura\" \/>\n\t<meta name=\"twitter:data1\" content=\"1 minuto\" \/>\n<script type=\"application\/ld+json\" class=\"yoast-schema-graph\">{\"@context\":\"https:\/\/schema.org\",\"@graph\":[{\"@type\":\"WebPage\",\"@id\":\"https:\/\/www.fasep.it\/es\/productos\/balanceadoras\/e539.007\/\",\"url\":\"https:\/\/www.fasep.it\/es\/productos\/balanceadoras\/e539.007\/\",\"name\":\"B202 Moto\",\"isPartOf\":{\"@id\":\"https:\/\/www.fasep.it\/es\/#website\"},\"datePublished\":\"2025-07-16T09:43:57+00:00\",\"dateModified\":\"2026-03-31T08:18:23+00:00\",\"breadcrumb\":{\"@id\":\"https:\/\/www.fasep.it\/es\/productos\/balanceadoras\/e539.007\/#breadcrumb\"},\"inLanguage\":\"es\",\"potentialAction\":[{\"@type\":\"ReadAction\",\"target\":[\"https:\/\/www.fasep.it\/es\/productos\/balanceadoras\/e539.007\/\"]}]},{\"@type\":\"BreadcrumbList\",\"@id\":\"https:\/\/www.fasep.it\/es\/productos\/balanceadoras\/e539.007\/#breadcrumb\",\"itemListElement\":[{\"@type\":\"ListItem\",\"position\":1,\"name\":\"Home\",\"item\":\"https:\/\/www.fasep.it\/es\/\"},{\"@type\":\"ListItem\",\"position\":2,\"name\":\"Productos\",\"item\":\"https:\/\/www.fasep.it\/es\/shop\/\"},{\"@type\":\"ListItem\",\"position\":3,\"name\":\"B202 Moto\"}]},{\"@type\":\"WebSite\",\"@id\":\"https:\/\/www.fasep.it\/es\/#website\",\"url\":\"https:\/\/www.fasep.it\/es\/\",\"name\":\"Fasep 2000 srl\",\"description\":\"\",\"potentialAction\":[{\"@type\":\"SearchAction\",\"target\":{\"@type\":\"EntryPoint\",\"urlTemplate\":\"https:\/\/www.fasep.it\/es\/?s={search_term_string}\"},\"query-input\":{\"@type\":\"PropertyValueSpecification\",\"valueRequired\":true,\"valueName\":\"search_term_string\"}}],\"inLanguage\":\"es\"}]}<\/script>\n<!-- \/ Yoast SEO plugin. -->","yoast_head_json":{"title":"B202 Moto","robots":{"index":"index","follow":"follow","max-snippet":"max-snippet:-1","max-image-preview":"max-image-preview:large","max-video-preview":"max-video-preview:-1"},"og_locale":"es_ES","og_type":"article","og_title":"B202 Moto","og_description":"Finalmente el balanceo din\u00e1mico de las ruedas de las motos se tom\u00f3 en serio. Si eres un especialista en motos, si tu tiempo es dinero, si tu trabajo tiene que hacerse bien y r\u00e1pido, B202 es la equilibradora perfecta para ti. No m\u00e1s p\u00e9rdidas de tiempo con herramientas anticuadas (soportes de rodillo) o montaje\/desmontaje de accesorios para equilibradoras de coches sin conseguir nunca un buen resultado. Equilibradora de ruedas de eje fijo, dise\u00f1ado espec\u00edficamente para ruedas de motos, B202 es la soluci\u00f3n para ahorrar tiempo y lograr la m\u00e1xima precisi\u00f3n.  Nuestros B202 se utilizan en toda Europa en los principales centros de motociclismo como Harley Davidson, BMW, Triumph, Honda.  EL MOMENTO DE PENSAR EN LAS MOTOS ES AHORA  La movilidad en la ciudad se realiza cada vez m\u00e1s en motocicleta, para evitar las restricciones del transporte p\u00fablico y de los autom\u00f3viles  El cliente de la motocicleta es un cliente apasionado de su veh\u00edculo y particularmente atento a su mantenimiento No m\u00e1s p\u00e9rdidas de tiempo y malos resultados: atrapa a tus clientes con un trabajo de calidad  Haga clic aqu\u00ed para descubrir todas las ventajas de la equilibradora para motocicletas FASEP con respecto a los soportes y adaptadores para motocicletas.","og_url":"https:\/\/www.fasep.it\/es\/productos\/balanceadoras\/e539.007\/","og_site_name":"Fasep 2000 srl","article_modified_time":"2026-03-31T08:18:23+00:00","twitter_card":"summary_large_image","twitter_misc":{"Tiempo de lectura":"1 minuto"},"schema":{"@context":"https:\/\/schema.org","@graph":[{"@type":"WebPage","@id":"https:\/\/www.fasep.it\/es\/productos\/balanceadoras\/e539.007\/","url":"https:\/\/www.fasep.it\/es\/productos\/balanceadoras\/e539.007\/","name":"B202 Moto","isPartOf":{"@id":"https:\/\/www.fasep.it\/es\/#website"},"datePublished":"2025-07-16T09:43:57+00:00","dateModified":"2026-03-31T08:18:23+00:00","breadcrumb":{"@id":"https:\/\/www.fasep.it\/es\/productos\/balanceadoras\/e539.007\/#breadcrumb"},"inLanguage":"es","potentialAction":[{"@type":"ReadAction","target":["https:\/\/www.fasep.it\/es\/productos\/balanceadoras\/e539.007\/"]}]},{"@type":"BreadcrumbList","@id":"https:\/\/www.fasep.it\/es\/productos\/balanceadoras\/e539.007\/#breadcrumb","itemListElement":[{"@type":"ListItem","position":1,"name":"Home","item":"https:\/\/www.fasep.it\/es\/"},{"@type":"ListItem","position":2,"name":"Productos","item":"https:\/\/www.fasep.it\/es\/shop\/"},{"@type":"ListItem","position":3,"name":"B202 Moto"}]},{"@type":"WebSite","@id":"https:\/\/www.fasep.it\/es\/#website","url":"https:\/\/www.fasep.it\/es\/","name":"Fasep 2000 srl","description":"","potentialAction":[{"@type":"SearchAction","target":{"@type":"EntryPoint","urlTemplate":"https:\/\/www.fasep.it\/es\/?s={search_term_string}"},"query-input":{"@type":"PropertyValueSpecification","valueRequired":true,"valueName":"search_term_string"}}],"inLanguage":"es"}]}},"_links":{"self":[{"href":"https:\/\/www.fasep.it\/es\/wp-json\/wp\/v2\/product\/9427","targetHints":{"allow":["GET"]}}],"collection":[{"href":"https:\/\/www.fasep.it\/es\/wp-json\/wp\/v2\/product"}],"about":[{"href":"https:\/\/www.fasep.it\/es\/wp-json\/wp\/v2\/types\/product"}],"wp:attachment":[{"href":"https:\/\/www.fasep.it\/es\/wp-json\/wp\/v2\/media?parent=9427"}],"wp:term":[{"taxonomy":"product_brand","embeddable":true,"href":"https:\/\/www.fasep.it\/es\/wp-json\/wp\/v2\/product_brand?post=9427"},{"taxonomy":"product_cat","embeddable":true,"href":"https:\/\/www.fasep.it\/es\/wp-json\/wp\/v2\/product_cat?post=9427"},{"taxonomy":"product_tag","embeddable":true,"href":"https:\/\/www.fasep.it\/es\/wp-json\/wp\/v2\/product_tag?post=9427"}],"curies":[{"name":"wp","href":"https:\/\/api.w.org\/{rel}","templated":true}]}}