{"id":9418,"date":"2025-07-16T11:41:49","date_gmt":"2025-07-16T09:41:49","guid":{"rendered":"https:\/\/www.fasep.it\/productos\/\/e689.002"},"modified":"2026-03-31T10:18:22","modified_gmt":"2026-03-31T08:18:22","slug":"es-e689.002","status":"publish","type":"product","link":"https:\/\/www.fasep.it\/es\/productos\/balanceadoras\/e689.002\/","title":{"rendered":"B449 Tilt"},"content":{"rendered":"<font color=\"#0055BB\"><strong>\u00a1Vuelta tu punto de vista!<\/font><\/strong><br>\r\nDise\u00f1ada para los especialistas del neum\u00e1tico, que tienen picos de trabajo frecuentes, B448 ofrece el m\u00e1ximo rendimiento gracias a su tecnolog\u00eda innovadora. El coraz\u00f3n de la B448 es el sistema de volteo, pero B448 ofrece de serie tambi\u00e9n muchas otras funciones que permiten un equilibrado preciso y r\u00e1pido. B448 est\u00e1 equipada con el sistema mec\u00e1nico de detecci\u00f3n de desequilibrios TriSensor y con el sistema IFS (Integrated-Flange Shaft) para la m\u00e1xima precisi\u00f3n de centrado.","protected":false},"excerpt":{"rendered":"<font color=\"#0055BB\"><strong>\u00a1Vuelta tu punto de vista!<\/font><\/strong><br>\r\nDise\u00f1ada para los especialistas del neum\u00e1tico, que tienen picos de trabajo frecuentes, B448 ofrece el m\u00e1ximo rendimiento gracias a su tecnolog\u00eda innovadora. El coraz\u00f3n de la B448 es el sistema de volteo, pero B448 ofrece de serie tambi\u00e9n muchas otras funciones que permiten un equilibrado preciso y r\u00e1pido. B448 est\u00e1 equipada con el sistema mec\u00e1nico de detecci\u00f3n de desequilibrios TriSensor y con el sistema IFS (Integrated-Flange Shaft) para la m\u00e1xima precisi\u00f3n de centrado.","protected":false},"featured_media":0,"template":"","meta":{"_acf_changed":false},"product_brand":[],"product_cat":[],"product_tag":[],"class_list":{"0":"post-9418","1":"product","2":"type-product","3":"status-publish","6":"first","7":"instock","8":"shipping-taxable","9":"product-type-simple"},"acf":[],"yoast_head":"<!-- This site is optimized with the Yoast SEO plugin v25.7 - https:\/\/yoast.com\/wordpress\/plugins\/seo\/ -->\n<title>B449 Tilt<\/title>\n<meta name=\"robots\" content=\"index, follow, max-snippet:-1, max-image-preview:large, max-video-preview:-1\" \/>\n<meta property=\"og:locale\" content=\"es_ES\" \/>\n<meta property=\"og:type\" content=\"article\" \/>\n<meta property=\"og:title\" content=\"B449 Tilt\" \/>\n<meta property=\"og:description\" content=\"\u00a1Vuelta tu punto de vista! Dise\u00f1ada para los especialistas del neum\u00e1tico, que tienen picos de trabajo frecuentes, B448 ofrece el m\u00e1ximo rendimiento gracias a su tecnolog\u00eda innovadora. El coraz\u00f3n de la B448 es el sistema de volteo, pero B448 ofrece de serie tambi\u00e9n muchas otras funciones que permiten un equilibrado preciso y r\u00e1pido. B448 est\u00e1 equipada con el sistema mec\u00e1nico de detecci\u00f3n de desequilibrios TriSensor y con el sistema IFS (Integrated-Flange Shaft) para la m\u00e1xima precisi\u00f3n de centrado.\" \/>\n<meta property=\"og:url\" content=\"https:\/\/www.fasep.it\/es\/productos\/balanceadoras\/e689.002\/\" \/>\n<meta property=\"og:site_name\" content=\"Fasep 2000 srl\" \/>\n<meta property=\"article:modified_time\" content=\"2026-03-31T08:18:22+00:00\" \/>\n<meta name=\"twitter:card\" content=\"summary_large_image\" \/>\n<script type=\"application\/ld+json\" class=\"yoast-schema-graph\">{\"@context\":\"https:\/\/schema.org\",\"@graph\":[{\"@type\":\"WebPage\",\"@id\":\"https:\/\/www.fasep.it\/es\/productos\/balanceadoras\/e689.002\/\",\"url\":\"https:\/\/www.fasep.it\/es\/productos\/balanceadoras\/e689.002\/\",\"name\":\"B449 Tilt\",\"isPartOf\":{\"@id\":\"https:\/\/www.fasep.it\/es\/#website\"},\"datePublished\":\"2025-07-16T09:41:49+00:00\",\"dateModified\":\"2026-03-31T08:18:22+00:00\",\"breadcrumb\":{\"@id\":\"https:\/\/www.fasep.it\/es\/productos\/balanceadoras\/e689.002\/#breadcrumb\"},\"inLanguage\":\"es\",\"potentialAction\":[{\"@type\":\"ReadAction\",\"target\":[\"https:\/\/www.fasep.it\/es\/productos\/balanceadoras\/e689.002\/\"]}]},{\"@type\":\"BreadcrumbList\",\"@id\":\"https:\/\/www.fasep.it\/es\/productos\/balanceadoras\/e689.002\/#breadcrumb\",\"itemListElement\":[{\"@type\":\"ListItem\",\"position\":1,\"name\":\"Home\",\"item\":\"https:\/\/www.fasep.it\/es\/\"},{\"@type\":\"ListItem\",\"position\":2,\"name\":\"Productos\",\"item\":\"https:\/\/www.fasep.it\/es\/shop\/\"},{\"@type\":\"ListItem\",\"position\":3,\"name\":\"B449 Tilt\"}]},{\"@type\":\"WebSite\",\"@id\":\"https:\/\/www.fasep.it\/es\/#website\",\"url\":\"https:\/\/www.fasep.it\/es\/\",\"name\":\"Fasep 2000 srl\",\"description\":\"\",\"potentialAction\":[{\"@type\":\"SearchAction\",\"target\":{\"@type\":\"EntryPoint\",\"urlTemplate\":\"https:\/\/www.fasep.it\/es\/?s={search_term_string}\"},\"query-input\":{\"@type\":\"PropertyValueSpecification\",\"valueRequired\":true,\"valueName\":\"search_term_string\"}}],\"inLanguage\":\"es\"}]}<\/script>\n<!-- \/ Yoast SEO plugin. -->","yoast_head_json":{"title":"B449 Tilt","robots":{"index":"index","follow":"follow","max-snippet":"max-snippet:-1","max-image-preview":"max-image-preview:large","max-video-preview":"max-video-preview:-1"},"og_locale":"es_ES","og_type":"article","og_title":"B449 Tilt","og_description":"\u00a1Vuelta tu punto de vista! Dise\u00f1ada para los especialistas del neum\u00e1tico, que tienen picos de trabajo frecuentes, B448 ofrece el m\u00e1ximo rendimiento gracias a su tecnolog\u00eda innovadora. El coraz\u00f3n de la B448 es el sistema de volteo, pero B448 ofrece de serie tambi\u00e9n muchas otras funciones que permiten un equilibrado preciso y r\u00e1pido. B448 est\u00e1 equipada con el sistema mec\u00e1nico de detecci\u00f3n de desequilibrios TriSensor y con el sistema IFS (Integrated-Flange Shaft) para la m\u00e1xima precisi\u00f3n de centrado.","og_url":"https:\/\/www.fasep.it\/es\/productos\/balanceadoras\/e689.002\/","og_site_name":"Fasep 2000 srl","article_modified_time":"2026-03-31T08:18:22+00:00","twitter_card":"summary_large_image","schema":{"@context":"https:\/\/schema.org","@graph":[{"@type":"WebPage","@id":"https:\/\/www.fasep.it\/es\/productos\/balanceadoras\/e689.002\/","url":"https:\/\/www.fasep.it\/es\/productos\/balanceadoras\/e689.002\/","name":"B449 Tilt","isPartOf":{"@id":"https:\/\/www.fasep.it\/es\/#website"},"datePublished":"2025-07-16T09:41:49+00:00","dateModified":"2026-03-31T08:18:22+00:00","breadcrumb":{"@id":"https:\/\/www.fasep.it\/es\/productos\/balanceadoras\/e689.002\/#breadcrumb"},"inLanguage":"es","potentialAction":[{"@type":"ReadAction","target":["https:\/\/www.fasep.it\/es\/productos\/balanceadoras\/e689.002\/"]}]},{"@type":"BreadcrumbList","@id":"https:\/\/www.fasep.it\/es\/productos\/balanceadoras\/e689.002\/#breadcrumb","itemListElement":[{"@type":"ListItem","position":1,"name":"Home","item":"https:\/\/www.fasep.it\/es\/"},{"@type":"ListItem","position":2,"name":"Productos","item":"https:\/\/www.fasep.it\/es\/shop\/"},{"@type":"ListItem","position":3,"name":"B449 Tilt"}]},{"@type":"WebSite","@id":"https:\/\/www.fasep.it\/es\/#website","url":"https:\/\/www.fasep.it\/es\/","name":"Fasep 2000 srl","description":"","potentialAction":[{"@type":"SearchAction","target":{"@type":"EntryPoint","urlTemplate":"https:\/\/www.fasep.it\/es\/?s={search_term_string}"},"query-input":{"@type":"PropertyValueSpecification","valueRequired":true,"valueName":"search_term_string"}}],"inLanguage":"es"}]}},"_links":{"self":[{"href":"https:\/\/www.fasep.it\/es\/wp-json\/wp\/v2\/product\/9418","targetHints":{"allow":["GET"]}}],"collection":[{"href":"https:\/\/www.fasep.it\/es\/wp-json\/wp\/v2\/product"}],"about":[{"href":"https:\/\/www.fasep.it\/es\/wp-json\/wp\/v2\/types\/product"}],"wp:attachment":[{"href":"https:\/\/www.fasep.it\/es\/wp-json\/wp\/v2\/media?parent=9418"}],"wp:term":[{"taxonomy":"product_brand","embeddable":true,"href":"https:\/\/www.fasep.it\/es\/wp-json\/wp\/v2\/product_brand?post=9418"},{"taxonomy":"product_cat","embeddable":true,"href":"https:\/\/www.fasep.it\/es\/wp-json\/wp\/v2\/product_cat?post=9418"},{"taxonomy":"product_tag","embeddable":true,"href":"https:\/\/www.fasep.it\/es\/wp-json\/wp\/v2\/product_tag?post=9418"}],"curies":[{"name":"wp","href":"https:\/\/api.w.org\/{rel}","templated":true}]}}