{"id":9416,"date":"2025-07-16T11:44:06","date_gmt":"2025-07-16T09:44:06","guid":{"rendered":"https:\/\/www.fasep.it\/productos\/\/e667.023"},"modified":"2026-03-31T10:18:21","modified_gmt":"2026-03-31T08:18:21","slug":"es-e667.023","status":"publish","type":"product","link":"https:\/\/www.fasep.it\/es\/productos\/balanceadoras\/e667.023\/","title":{"rendered":"V548 Nuvi"},"content":{"rendered":"<div id=\"short\"><font color=\"#0055BB\"><strong>La equilibradora v\u00eddeo compacta.<\/font><\/strong> <br>\r\nV548 es la perfecta equilibradora v\u00eddeo para talleres de reparaci\u00f3n de autom\u00f3viles, estaciones de servicio y garajes con un peque\u00f1o volumen de servicio de neum\u00e1ticos, o simplemente una perfecta m\u00e1quina de repuesto.<br>\r\nCon un estilo ultracompacto, V548 ofrece las funciones b\u00e1sicas para un equilibrado preciso y seguro con la opci\u00f3n de la entrada autom\u00e1tica 3D de datos.<br>\r\nEl dise\u00f1o de ahorro de espacio permite encerrar en un peque\u00f1o espacio todas las funciones necesarias para equilibrar cualquier tipo de rueda a la perfecci\u00f3n <u>con el legendario sistema de 3 piezo de FASEP<\/u>.<\/div><br>\r\n<br>\r\n<font color=\"#0055BB\"><i>Caracter\u00edsticas<\/font><\/i>:\r\n<ul>\r\n<li>entrada autom\u00e1tica 2D de datos (optativo: entrada autom\u00e1tica 3D)<\/li>\r\n<li>sistema de balanceo FASEP TriSensor a 3 Piezo<\/li>\r\n<li>IFS (eje de brida integrado)<\/li>\r\n<li>electr\u00f3nica 16bit<\/li>\r\n<li>motor de baja velocidad 98 rpm<\/li>\r\n<li>monitor LCD de 19&#8243;<\/li>\r\n<\/ul>","protected":false},"excerpt":{"rendered":"<div id=\"short\"><font color=\"#0055BB\"><strong>La equilibradora v\u00eddeo compacta.<\/font><\/strong> <br>\r\nV548 es la perfecta equilibradora v\u00eddeo para talleres de reparaci\u00f3n de autom\u00f3viles, estaciones de servicio y garajes con un peque\u00f1o volumen de servicio de neum\u00e1ticos, o simplemente una perfecta m\u00e1quina de repuesto.<br>\r\nCon un estilo ultracompacto, V548 ofrece las funciones b\u00e1sicas para un equilibrado preciso y seguro con la opci\u00f3n de la entrada autom\u00e1tica 3D de datos.<br>\r\nEl dise\u00f1o de ahorro de espacio permite encerrar en un peque\u00f1o espacio todas las funciones necesarias para equilibrar cualquier tipo de rueda a la perfecci\u00f3n <u>con el legendario sistema de 3 piezo de FASEP<\/u>.<\/div><br>\r\n<br>\r\n<font color=\"#0055BB\"><i>Caracter\u00edsticas<\/font><\/i>:\r\n<ul>\r\n<li>entrada autom\u00e1tica 2D de datos (optativo: entrada autom\u00e1tica 3D)<\/li>\r\n<li>sistema de balanceo FASEP TriSensor a 3 Piezo<\/li>\r\n<li>IFS (eje de brida integrado)<\/li>\r\n<li>electr\u00f3nica 16bit<\/li>\r\n<li>motor de baja velocidad 98 rpm<\/li>\r\n<li>monitor LCD de 19&#8243;<\/li>\r\n<\/ul>","protected":false},"featured_media":0,"template":"","meta":{"_acf_changed":false},"product_brand":[],"product_cat":[],"product_tag":[],"class_list":{"0":"post-9416","1":"product","2":"type-product","3":"status-publish","6":"first","7":"instock","8":"shipping-taxable","9":"product-type-simple"},"acf":[],"yoast_head":"<!-- This site is optimized with the Yoast SEO plugin v25.7 - https:\/\/yoast.com\/wordpress\/plugins\/seo\/ -->\n<title>V548 Nuvi<\/title>\n<meta name=\"robots\" content=\"index, follow, max-snippet:-1, max-image-preview:large, max-video-preview:-1\" \/>\n<meta property=\"og:locale\" content=\"es_ES\" \/>\n<meta property=\"og:type\" content=\"article\" \/>\n<meta property=\"og:title\" content=\"V548 Nuvi\" \/>\n<meta property=\"og:description\" content=\"La equilibradora v\u00eddeo compacta.  V548 es la perfecta equilibradora v\u00eddeo para talleres de reparaci\u00f3n de autom\u00f3viles, estaciones de servicio y garajes con un peque\u00f1o volumen de servicio de neum\u00e1ticos, o simplemente una perfecta m\u00e1quina de repuesto. Con un estilo ultracompacto, V548 ofrece las funciones b\u00e1sicas para un equilibrado preciso y seguro con la opci\u00f3n de la entrada autom\u00e1tica 3D de datos. El dise\u00f1o de ahorro de espacio permite encerrar en un peque\u00f1o espacio todas las funciones necesarias para equilibrar cualquier tipo de rueda a la perfecci\u00f3n con el legendario sistema de 3 piezo de FASEP.  Caracter\u00edsticas:  entrada autom\u00e1tica 2D de datos (optativo: entrada autom\u00e1tica 3D) sistema de balanceo FASEP TriSensor a 3 Piezo IFS (eje de brida integrado) electr\u00f3nica 16bit motor de baja velocidad 98 rpm monitor LCD de 19&quot;\" \/>\n<meta property=\"og:url\" content=\"https:\/\/www.fasep.it\/es\/productos\/balanceadoras\/e667.023\/\" \/>\n<meta property=\"og:site_name\" content=\"Fasep 2000 srl\" \/>\n<meta property=\"article:modified_time\" content=\"2026-03-31T08:18:21+00:00\" \/>\n<meta name=\"twitter:card\" content=\"summary_large_image\" \/>\n<meta name=\"twitter:label1\" content=\"Tiempo de lectura\" \/>\n\t<meta name=\"twitter:data1\" content=\"1 minuto\" \/>\n<script type=\"application\/ld+json\" class=\"yoast-schema-graph\">{\"@context\":\"https:\/\/schema.org\",\"@graph\":[{\"@type\":\"WebPage\",\"@id\":\"https:\/\/www.fasep.it\/es\/productos\/balanceadoras\/e667.023\/\",\"url\":\"https:\/\/www.fasep.it\/es\/productos\/balanceadoras\/e667.023\/\",\"name\":\"V548 Nuvi\",\"isPartOf\":{\"@id\":\"https:\/\/www.fasep.it\/es\/#website\"},\"datePublished\":\"2025-07-16T09:44:06+00:00\",\"dateModified\":\"2026-03-31T08:18:21+00:00\",\"breadcrumb\":{\"@id\":\"https:\/\/www.fasep.it\/es\/productos\/balanceadoras\/e667.023\/#breadcrumb\"},\"inLanguage\":\"es\",\"potentialAction\":[{\"@type\":\"ReadAction\",\"target\":[\"https:\/\/www.fasep.it\/es\/productos\/balanceadoras\/e667.023\/\"]}]},{\"@type\":\"BreadcrumbList\",\"@id\":\"https:\/\/www.fasep.it\/es\/productos\/balanceadoras\/e667.023\/#breadcrumb\",\"itemListElement\":[{\"@type\":\"ListItem\",\"position\":1,\"name\":\"Home\",\"item\":\"https:\/\/www.fasep.it\/es\/\"},{\"@type\":\"ListItem\",\"position\":2,\"name\":\"Productos\",\"item\":\"https:\/\/www.fasep.it\/es\/shop\/\"},{\"@type\":\"ListItem\",\"position\":3,\"name\":\"V548 Nuvi\"}]},{\"@type\":\"WebSite\",\"@id\":\"https:\/\/www.fasep.it\/es\/#website\",\"url\":\"https:\/\/www.fasep.it\/es\/\",\"name\":\"Fasep 2000 srl\",\"description\":\"\",\"potentialAction\":[{\"@type\":\"SearchAction\",\"target\":{\"@type\":\"EntryPoint\",\"urlTemplate\":\"https:\/\/www.fasep.it\/es\/?s={search_term_string}\"},\"query-input\":{\"@type\":\"PropertyValueSpecification\",\"valueRequired\":true,\"valueName\":\"search_term_string\"}}],\"inLanguage\":\"es\"}]}<\/script>\n<!-- \/ Yoast SEO plugin. -->","yoast_head_json":{"title":"V548 Nuvi","robots":{"index":"index","follow":"follow","max-snippet":"max-snippet:-1","max-image-preview":"max-image-preview:large","max-video-preview":"max-video-preview:-1"},"og_locale":"es_ES","og_type":"article","og_title":"V548 Nuvi","og_description":"La equilibradora v\u00eddeo compacta.  V548 es la perfecta equilibradora v\u00eddeo para talleres de reparaci\u00f3n de autom\u00f3viles, estaciones de servicio y garajes con un peque\u00f1o volumen de servicio de neum\u00e1ticos, o simplemente una perfecta m\u00e1quina de repuesto. Con un estilo ultracompacto, V548 ofrece las funciones b\u00e1sicas para un equilibrado preciso y seguro con la opci\u00f3n de la entrada autom\u00e1tica 3D de datos. El dise\u00f1o de ahorro de espacio permite encerrar en un peque\u00f1o espacio todas las funciones necesarias para equilibrar cualquier tipo de rueda a la perfecci\u00f3n con el legendario sistema de 3 piezo de FASEP.  Caracter\u00edsticas:  entrada autom\u00e1tica 2D de datos (optativo: entrada autom\u00e1tica 3D) sistema de balanceo FASEP TriSensor a 3 Piezo IFS (eje de brida integrado) electr\u00f3nica 16bit motor de baja velocidad 98 rpm monitor LCD de 19\"","og_url":"https:\/\/www.fasep.it\/es\/productos\/balanceadoras\/e667.023\/","og_site_name":"Fasep 2000 srl","article_modified_time":"2026-03-31T08:18:21+00:00","twitter_card":"summary_large_image","twitter_misc":{"Tiempo de lectura":"1 minuto"},"schema":{"@context":"https:\/\/schema.org","@graph":[{"@type":"WebPage","@id":"https:\/\/www.fasep.it\/es\/productos\/balanceadoras\/e667.023\/","url":"https:\/\/www.fasep.it\/es\/productos\/balanceadoras\/e667.023\/","name":"V548 Nuvi","isPartOf":{"@id":"https:\/\/www.fasep.it\/es\/#website"},"datePublished":"2025-07-16T09:44:06+00:00","dateModified":"2026-03-31T08:18:21+00:00","breadcrumb":{"@id":"https:\/\/www.fasep.it\/es\/productos\/balanceadoras\/e667.023\/#breadcrumb"},"inLanguage":"es","potentialAction":[{"@type":"ReadAction","target":["https:\/\/www.fasep.it\/es\/productos\/balanceadoras\/e667.023\/"]}]},{"@type":"BreadcrumbList","@id":"https:\/\/www.fasep.it\/es\/productos\/balanceadoras\/e667.023\/#breadcrumb","itemListElement":[{"@type":"ListItem","position":1,"name":"Home","item":"https:\/\/www.fasep.it\/es\/"},{"@type":"ListItem","position":2,"name":"Productos","item":"https:\/\/www.fasep.it\/es\/shop\/"},{"@type":"ListItem","position":3,"name":"V548 Nuvi"}]},{"@type":"WebSite","@id":"https:\/\/www.fasep.it\/es\/#website","url":"https:\/\/www.fasep.it\/es\/","name":"Fasep 2000 srl","description":"","potentialAction":[{"@type":"SearchAction","target":{"@type":"EntryPoint","urlTemplate":"https:\/\/www.fasep.it\/es\/?s={search_term_string}"},"query-input":{"@type":"PropertyValueSpecification","valueRequired":true,"valueName":"search_term_string"}}],"inLanguage":"es"}]}},"_links":{"self":[{"href":"https:\/\/www.fasep.it\/es\/wp-json\/wp\/v2\/product\/9416","targetHints":{"allow":["GET"]}}],"collection":[{"href":"https:\/\/www.fasep.it\/es\/wp-json\/wp\/v2\/product"}],"about":[{"href":"https:\/\/www.fasep.it\/es\/wp-json\/wp\/v2\/types\/product"}],"wp:attachment":[{"href":"https:\/\/www.fasep.it\/es\/wp-json\/wp\/v2\/media?parent=9416"}],"wp:term":[{"taxonomy":"product_brand","embeddable":true,"href":"https:\/\/www.fasep.it\/es\/wp-json\/wp\/v2\/product_brand?post=9416"},{"taxonomy":"product_cat","embeddable":true,"href":"https:\/\/www.fasep.it\/es\/wp-json\/wp\/v2\/product_cat?post=9416"},{"taxonomy":"product_tag","embeddable":true,"href":"https:\/\/www.fasep.it\/es\/wp-json\/wp\/v2\/product_tag?post=9416"}],"curies":[{"name":"wp","href":"https:\/\/api.w.org\/{rel}","templated":true}]}}