{"id":9410,"date":"2025-07-16T11:44:15","date_gmt":"2025-07-16T09:44:15","guid":{"rendered":"https:\/\/www.fasep.it\/productos\/\/e640.018"},"modified":"2026-03-31T10:18:21","modified_gmt":"2026-03-31T08:18:21","slug":"es-e640.018","status":"publish","type":"product","link":"https:\/\/www.fasep.it\/es\/productos\/balanceadoras\/e640.018\/","title":{"rendered":"V643 Maxima"},"content":{"rendered":"<font color=\"#0055BB\"><strong>\u00a1El campe\u00f3n de velocidad!<\/font><\/strong><br>\r\nDise\u00f1ada para los especialistas del neum\u00e1tico, la V643 ofrece el m\u00e1ximo rendimiento para una equilibradora tradicional pero al mismo tiempo innovadora. La V643 est\u00e1 controlada por un modern\u00edsimo microprocesador de 16 bits (tecnolog\u00eda flash) y tiene la posibilidad de actualizaci\u00f3n del programa. Una inversi\u00f3n segura en el tiempo. Una equilibradora robusta y confiable: 90 kg es el peso m\u00e1ximo de la rueda admitida, un r\u00e9cord sin igual. La V643 est\u00e1 equipada con el sistema mec\u00e1nico de detecci\u00f3n de desequilibrios TriSensor y con el sistema IFS (IntegratedFlange Shaft) para la m\u00e1xima precisi\u00f3n de centrado. Posibilidad de versiones personalizadas.","protected":false},"excerpt":{"rendered":"<font color=\"#0055BB\"><strong>\u00a1El campe\u00f3n de velocidad!<\/font><\/strong><br>\r\nDise\u00f1ada para los especialistas del neum\u00e1tico, la V643 ofrece el m\u00e1ximo rendimiento para una equilibradora tradicional pero al mismo tiempo innovadora. La V643 est\u00e1 controlada por un modern\u00edsimo microprocesador de 16 bits (tecnolog\u00eda flash) y tiene la posibilidad de actualizaci\u00f3n del programa. Una inversi\u00f3n segura en el tiempo. Una equilibradora robusta y confiable: 90 kg es el peso m\u00e1ximo de la rueda admitida, un r\u00e9cord sin igual. La V643 est\u00e1 equipada con el sistema mec\u00e1nico de detecci\u00f3n de desequilibrios TriSensor y con el sistema IFS (IntegratedFlange Shaft) para la m\u00e1xima precisi\u00f3n de centrado. Posibilidad de versiones personalizadas.","protected":false},"featured_media":0,"template":"","meta":{"_acf_changed":false},"product_brand":[],"product_cat":[],"product_tag":[],"class_list":{"0":"post-9410","1":"product","2":"type-product","3":"status-publish","6":"first","7":"instock","8":"shipping-taxable","9":"product-type-simple"},"acf":[],"yoast_head":"<!-- This site is optimized with the Yoast SEO plugin v25.7 - https:\/\/yoast.com\/wordpress\/plugins\/seo\/ -->\n<title>V643 Maxima<\/title>\n<meta name=\"robots\" content=\"index, follow, max-snippet:-1, max-image-preview:large, max-video-preview:-1\" \/>\n<meta property=\"og:locale\" content=\"es_ES\" \/>\n<meta property=\"og:type\" content=\"article\" \/>\n<meta property=\"og:title\" content=\"V643 Maxima\" \/>\n<meta property=\"og:description\" content=\"\u00a1El campe\u00f3n de velocidad! Dise\u00f1ada para los especialistas del neum\u00e1tico, la V643 ofrece el m\u00e1ximo rendimiento para una equilibradora tradicional pero al mismo tiempo innovadora. La V643 est\u00e1 controlada por un modern\u00edsimo microprocesador de 16 bits (tecnolog\u00eda flash) y tiene la posibilidad de actualizaci\u00f3n del programa. Una inversi\u00f3n segura en el tiempo. Una equilibradora robusta y confiable: 90 kg es el peso m\u00e1ximo de la rueda admitida, un r\u00e9cord sin igual. La V643 est\u00e1 equipada con el sistema mec\u00e1nico de detecci\u00f3n de desequilibrios TriSensor y con el sistema IFS (IntegratedFlange Shaft) para la m\u00e1xima precisi\u00f3n de centrado. Posibilidad de versiones personalizadas.\" \/>\n<meta property=\"og:url\" content=\"https:\/\/www.fasep.it\/es\/productos\/balanceadoras\/e640.018\/\" \/>\n<meta property=\"og:site_name\" content=\"Fasep 2000 srl\" \/>\n<meta property=\"article:modified_time\" content=\"2026-03-31T08:18:21+00:00\" \/>\n<meta name=\"twitter:card\" content=\"summary_large_image\" \/>\n<meta name=\"twitter:label1\" content=\"Tiempo de lectura\" \/>\n\t<meta name=\"twitter:data1\" content=\"1 minuto\" \/>\n<script type=\"application\/ld+json\" class=\"yoast-schema-graph\">{\"@context\":\"https:\/\/schema.org\",\"@graph\":[{\"@type\":\"WebPage\",\"@id\":\"https:\/\/www.fasep.it\/es\/productos\/balanceadoras\/e640.018\/\",\"url\":\"https:\/\/www.fasep.it\/es\/productos\/balanceadoras\/e640.018\/\",\"name\":\"V643 Maxima\",\"isPartOf\":{\"@id\":\"https:\/\/www.fasep.it\/es\/#website\"},\"datePublished\":\"2025-07-16T09:44:15+00:00\",\"dateModified\":\"2026-03-31T08:18:21+00:00\",\"breadcrumb\":{\"@id\":\"https:\/\/www.fasep.it\/es\/productos\/balanceadoras\/e640.018\/#breadcrumb\"},\"inLanguage\":\"es\",\"potentialAction\":[{\"@type\":\"ReadAction\",\"target\":[\"https:\/\/www.fasep.it\/es\/productos\/balanceadoras\/e640.018\/\"]}]},{\"@type\":\"BreadcrumbList\",\"@id\":\"https:\/\/www.fasep.it\/es\/productos\/balanceadoras\/e640.018\/#breadcrumb\",\"itemListElement\":[{\"@type\":\"ListItem\",\"position\":1,\"name\":\"Home\",\"item\":\"https:\/\/www.fasep.it\/es\/\"},{\"@type\":\"ListItem\",\"position\":2,\"name\":\"Productos\",\"item\":\"https:\/\/www.fasep.it\/es\/shop\/\"},{\"@type\":\"ListItem\",\"position\":3,\"name\":\"V643 Maxima\"}]},{\"@type\":\"WebSite\",\"@id\":\"https:\/\/www.fasep.it\/es\/#website\",\"url\":\"https:\/\/www.fasep.it\/es\/\",\"name\":\"Fasep 2000 srl\",\"description\":\"\",\"potentialAction\":[{\"@type\":\"SearchAction\",\"target\":{\"@type\":\"EntryPoint\",\"urlTemplate\":\"https:\/\/www.fasep.it\/es\/?s={search_term_string}\"},\"query-input\":{\"@type\":\"PropertyValueSpecification\",\"valueRequired\":true,\"valueName\":\"search_term_string\"}}],\"inLanguage\":\"es\"}]}<\/script>\n<!-- \/ Yoast SEO plugin. -->","yoast_head_json":{"title":"V643 Maxima","robots":{"index":"index","follow":"follow","max-snippet":"max-snippet:-1","max-image-preview":"max-image-preview:large","max-video-preview":"max-video-preview:-1"},"og_locale":"es_ES","og_type":"article","og_title":"V643 Maxima","og_description":"\u00a1El campe\u00f3n de velocidad! Dise\u00f1ada para los especialistas del neum\u00e1tico, la V643 ofrece el m\u00e1ximo rendimiento para una equilibradora tradicional pero al mismo tiempo innovadora. La V643 est\u00e1 controlada por un modern\u00edsimo microprocesador de 16 bits (tecnolog\u00eda flash) y tiene la posibilidad de actualizaci\u00f3n del programa. Una inversi\u00f3n segura en el tiempo. Una equilibradora robusta y confiable: 90 kg es el peso m\u00e1ximo de la rueda admitida, un r\u00e9cord sin igual. La V643 est\u00e1 equipada con el sistema mec\u00e1nico de detecci\u00f3n de desequilibrios TriSensor y con el sistema IFS (IntegratedFlange Shaft) para la m\u00e1xima precisi\u00f3n de centrado. Posibilidad de versiones personalizadas.","og_url":"https:\/\/www.fasep.it\/es\/productos\/balanceadoras\/e640.018\/","og_site_name":"Fasep 2000 srl","article_modified_time":"2026-03-31T08:18:21+00:00","twitter_card":"summary_large_image","twitter_misc":{"Tiempo de lectura":"1 minuto"},"schema":{"@context":"https:\/\/schema.org","@graph":[{"@type":"WebPage","@id":"https:\/\/www.fasep.it\/es\/productos\/balanceadoras\/e640.018\/","url":"https:\/\/www.fasep.it\/es\/productos\/balanceadoras\/e640.018\/","name":"V643 Maxima","isPartOf":{"@id":"https:\/\/www.fasep.it\/es\/#website"},"datePublished":"2025-07-16T09:44:15+00:00","dateModified":"2026-03-31T08:18:21+00:00","breadcrumb":{"@id":"https:\/\/www.fasep.it\/es\/productos\/balanceadoras\/e640.018\/#breadcrumb"},"inLanguage":"es","potentialAction":[{"@type":"ReadAction","target":["https:\/\/www.fasep.it\/es\/productos\/balanceadoras\/e640.018\/"]}]},{"@type":"BreadcrumbList","@id":"https:\/\/www.fasep.it\/es\/productos\/balanceadoras\/e640.018\/#breadcrumb","itemListElement":[{"@type":"ListItem","position":1,"name":"Home","item":"https:\/\/www.fasep.it\/es\/"},{"@type":"ListItem","position":2,"name":"Productos","item":"https:\/\/www.fasep.it\/es\/shop\/"},{"@type":"ListItem","position":3,"name":"V643 Maxima"}]},{"@type":"WebSite","@id":"https:\/\/www.fasep.it\/es\/#website","url":"https:\/\/www.fasep.it\/es\/","name":"Fasep 2000 srl","description":"","potentialAction":[{"@type":"SearchAction","target":{"@type":"EntryPoint","urlTemplate":"https:\/\/www.fasep.it\/es\/?s={search_term_string}"},"query-input":{"@type":"PropertyValueSpecification","valueRequired":true,"valueName":"search_term_string"}}],"inLanguage":"es"}]}},"_links":{"self":[{"href":"https:\/\/www.fasep.it\/es\/wp-json\/wp\/v2\/product\/9410","targetHints":{"allow":["GET"]}}],"collection":[{"href":"https:\/\/www.fasep.it\/es\/wp-json\/wp\/v2\/product"}],"about":[{"href":"https:\/\/www.fasep.it\/es\/wp-json\/wp\/v2\/types\/product"}],"wp:attachment":[{"href":"https:\/\/www.fasep.it\/es\/wp-json\/wp\/v2\/media?parent=9410"}],"wp:term":[{"taxonomy":"product_brand","embeddable":true,"href":"https:\/\/www.fasep.it\/es\/wp-json\/wp\/v2\/product_brand?post=9410"},{"taxonomy":"product_cat","embeddable":true,"href":"https:\/\/www.fasep.it\/es\/wp-json\/wp\/v2\/product_cat?post=9410"},{"taxonomy":"product_tag","embeddable":true,"href":"https:\/\/www.fasep.it\/es\/wp-json\/wp\/v2\/product_tag?post=9410"}],"curies":[{"name":"wp","href":"https:\/\/api.w.org\/{rel}","templated":true}]}}