{"id":9403,"date":"2025-07-16T11:44:23","date_gmt":"2025-07-16T09:44:23","guid":{"rendered":"https:\/\/www.fasep.it\/productos\/\/e664.001"},"modified":"2026-03-31T10:18:20","modified_gmt":"2026-03-31T08:18:20","slug":"es-e664.001","status":"publish","type":"product","link":"https:\/\/www.fasep.it\/es\/productos\/balanceadoras\/e664.001\/","title":{"rendered":"V688 Stark"},"content":{"rendered":"<font color=\"#0055BB\"><strong>El mejor en un toque.<\/font><\/strong><br>\r\nV688 es la equilibradora de gama alta que ofrece todo lo necesario para equilibrar una rueda a la perfecci\u00f3n.<br>\r\nSu moderno dise\u00f1o y los detalles de efecto carbono crean un atractivo sin precedentes, todo ello combinado con su facilidad y practicidad de uso.<br>\r\n<br>\r\n<u>V688 permite al operador realizar un equilibrado r\u00e1pido con la m\u00e1xima precisi\u00f3n<\/u>: incluye el sistema 3D Touchless para la introducci\u00f3n autom\u00e1tica de los datos de la rueda, combinado con las ventajas de los 3 l\u00e1seres para la aplicaci\u00f3n de pesos pegados y enganchados. Los sistemas TOP LIGHT y LED LIGHT son una ayuda absoluta para proporcionar una zona de trabajo bien iluminada y evitar as\u00ed cualquier imprecisi\u00f3n. Todas estas ventajas van acompa\u00f1adas, por supuesto, del legendario <a href=\"https:\/\/www.fasep.it\/es\/news\/el-sistema-fasep-de-3-sensores-para-equilibradoras\">sistema de medici\u00f3n FASEP de 3 piezo<\/a>.<br>\r\n<br>\r\nEl <a href=\"https:\/\/www.fasep.it\/en\/news\/different-run-out-check-systems-for-fasep-wheel-balancers\/\">sistema 3D.Scan<\/a> permite medir la excentricidad del neum\u00e1tico y la llanta, as\u00ed como el derrape del neum\u00e1tico. El software del sistema sugiere al operador la mejor posici\u00f3n de la rueda en el coche para compensar la excentricidad.<br>\r\n<br>\r\n<br>\r\n<font color=\"#0055BB\"><i>Caracter\u00edsticas<\/font><\/i>:\r\n<ul>\r\n<li>introducci\u00f3n autom\u00e1tica de los datos de las ruedas en 3D mediante l\u00e1ser<\/li>\r\n<li>punto l\u00e1ser para la aplicaci\u00f3n de pesas adhesivas<\/li>\r\n<li>sistema TOP LIGHT para la iluminaci\u00f3n de la zona de trabajo y l\u00ednea l\u00e1ser para la aplicaci\u00f3n de pesas de pinza<\/li>\r\n<li>bloqueo electroneum\u00e1tico de la rueda<\/li>\r\n<li>sistema 3D.Scan para medir la excentricidad del neum\u00e1tico y la llanta<\/li>\r\n<li>sistema de equilibrado FASEP TriSensor 3 Piezo<\/li>\r\n<li>IFS (Integrated Flange Shaft= <i>eje de brida integrado<\/i>)<\/li>\r\n<li>electr\u00f3nica de 16 bits<\/li>\r\n<li>motor de baja velocidad 98 rpm<\/li>\r\n<li>monitor de segunda Generaci\u00f3n LCD Touch 22&#8243; 16:9<\/li>\r\n<\/ul>","protected":false},"excerpt":{"rendered":"<font color=\"#0055BB\"><strong>El mejor en un toque.<\/font><\/strong><br>\r\nV688 es la equilibradora de gama alta que ofrece todo lo necesario para equilibrar una rueda a la perfecci\u00f3n.<br>\r\nSu moderno dise\u00f1o y los detalles de efecto carbono crean un atractivo sin precedentes, todo ello combinado con su facilidad y practicidad de uso.<br>\r\n<br>\r\n<u>V688 permite al operador realizar un equilibrado r\u00e1pido con la m\u00e1xima precisi\u00f3n<\/u>: incluye el sistema 3D Touchless para la introducci\u00f3n autom\u00e1tica de los datos de la rueda, combinado con las ventajas de los 3 l\u00e1seres para la aplicaci\u00f3n de pesos pegados y enganchados. Los sistemas TOP LIGHT y LED LIGHT son una ayuda absoluta para proporcionar una zona de trabajo bien iluminada y evitar as\u00ed cualquier imprecisi\u00f3n. Todas estas ventajas van acompa\u00f1adas, por supuesto, del legendario <a href=\"https:\/\/www.fasep.it\/es\/news\/el-sistema-fasep-de-3-sensores-para-equilibradoras\">sistema de medici\u00f3n FASEP de 3 piezo<\/a>.<br>\r\n<br>\r\nEl <a href=\"https:\/\/www.fasep.it\/en\/news\/different-run-out-check-systems-for-fasep-wheel-balancers\/\">sistema 3D.Scan<\/a> permite medir la excentricidad del neum\u00e1tico y la llanta, as\u00ed como el derrape del neum\u00e1tico. El software del sistema sugiere al operador la mejor posici\u00f3n de la rueda en el coche para compensar la excentricidad.<br>\r\n<br>\r\n<br>\r\n<font color=\"#0055BB\"><i>Caracter\u00edsticas<\/font><\/i>:\r\n<ul>\r\n<li>introducci\u00f3n autom\u00e1tica de los datos de las ruedas en 3D mediante l\u00e1ser<\/li>\r\n<li>punto l\u00e1ser para la aplicaci\u00f3n de pesas adhesivas<\/li>\r\n<li>sistema TOP LIGHT para la iluminaci\u00f3n de la zona de trabajo y l\u00ednea l\u00e1ser para la aplicaci\u00f3n de pesas de pinza<\/li>\r\n<li>bloqueo electroneum\u00e1tico de la rueda<\/li>\r\n<li>sistema 3D.Scan para medir la excentricidad del neum\u00e1tico y la llanta<\/li>\r\n<li>sistema de equilibrado FASEP TriSensor 3 Piezo<\/li>\r\n<li>IFS (Integrated Flange Shaft= <i>eje de brida integrado<\/i>)<\/li>\r\n<li>electr\u00f3nica de 16 bits<\/li>\r\n<li>motor de baja velocidad 98 rpm<\/li>\r\n<li>monitor de segunda Generaci\u00f3n LCD Touch 22&#8243; 16:9<\/li>\r\n<\/ul>","protected":false},"featured_media":0,"template":"","meta":{"_acf_changed":false},"product_brand":[],"product_cat":[],"product_tag":[],"class_list":{"0":"post-9403","1":"product","2":"type-product","3":"status-publish","6":"first","7":"instock","8":"shipping-taxable","9":"product-type-simple"},"acf":[],"yoast_head":"<!-- This site is optimized with the Yoast SEO plugin v25.7 - https:\/\/yoast.com\/wordpress\/plugins\/seo\/ -->\n<title>V688 Stark<\/title>\n<meta name=\"robots\" content=\"index, follow, max-snippet:-1, max-image-preview:large, max-video-preview:-1\" \/>\n<meta property=\"og:locale\" content=\"es_ES\" \/>\n<meta property=\"og:type\" content=\"article\" \/>\n<meta property=\"og:title\" content=\"V688 Stark\" \/>\n<meta property=\"og:description\" content=\"El mejor en un toque. V688 es la equilibradora de gama alta que ofrece todo lo necesario para equilibrar una rueda a la perfecci\u00f3n. Su moderno dise\u00f1o y los detalles de efecto carbono crean un atractivo sin precedentes, todo ello combinado con su facilidad y practicidad de uso.  V688 permite al operador realizar un equilibrado r\u00e1pido con la m\u00e1xima precisi\u00f3n: incluye el sistema 3D Touchless para la introducci\u00f3n autom\u00e1tica de los datos de la rueda, combinado con las ventajas de los 3 l\u00e1seres para la aplicaci\u00f3n de pesos pegados y enganchados. Los sistemas TOP LIGHT y LED LIGHT son una ayuda absoluta para proporcionar una zona de trabajo bien iluminada y evitar as\u00ed cualquier imprecisi\u00f3n. Todas estas ventajas van acompa\u00f1adas, por supuesto, del legendario sistema de medici\u00f3n FASEP de 3 piezo.  El sistema 3D.Scan permite medir la excentricidad del neum\u00e1tico y la llanta, as\u00ed como el derrape del neum\u00e1tico. El software del sistema sugiere al operador la mejor posici\u00f3n de la rueda en el coche para compensar la excentricidad.   Caracter\u00edsticas:  introducci\u00f3n autom\u00e1tica de los datos de las ruedas en 3D mediante l\u00e1ser punto l\u00e1ser para la aplicaci\u00f3n de pesas adhesivas sistema TOP LIGHT para la iluminaci\u00f3n de la zona de trabajo y l\u00ednea l\u00e1ser para la aplicaci\u00f3n de pesas de pinza bloqueo electroneum\u00e1tico de la rueda sistema 3D.Scan para medir la excentricidad del neum\u00e1tico y la llanta sistema de equilibrado FASEP TriSensor 3 Piezo IFS (Integrated Flange Shaft= eje de brida integrado) electr\u00f3nica de 16 bits motor de baja velocidad 98 rpm monitor de segunda Generaci\u00f3n LCD Touch 22&quot; 16:9\" \/>\n<meta property=\"og:url\" content=\"https:\/\/www.fasep.it\/es\/productos\/balanceadoras\/e664.001\/\" \/>\n<meta property=\"og:site_name\" content=\"Fasep 2000 srl\" \/>\n<meta property=\"article:modified_time\" content=\"2026-03-31T08:18:20+00:00\" \/>\n<meta name=\"twitter:card\" content=\"summary_large_image\" \/>\n<meta name=\"twitter:label1\" content=\"Tiempo de lectura\" \/>\n\t<meta name=\"twitter:data1\" content=\"1 minuto\" \/>\n<script type=\"application\/ld+json\" class=\"yoast-schema-graph\">{\"@context\":\"https:\/\/schema.org\",\"@graph\":[{\"@type\":\"WebPage\",\"@id\":\"https:\/\/www.fasep.it\/es\/productos\/balanceadoras\/e664.001\/\",\"url\":\"https:\/\/www.fasep.it\/es\/productos\/balanceadoras\/e664.001\/\",\"name\":\"V688 Stark\",\"isPartOf\":{\"@id\":\"https:\/\/www.fasep.it\/es\/#website\"},\"datePublished\":\"2025-07-16T09:44:23+00:00\",\"dateModified\":\"2026-03-31T08:18:20+00:00\",\"breadcrumb\":{\"@id\":\"https:\/\/www.fasep.it\/es\/productos\/balanceadoras\/e664.001\/#breadcrumb\"},\"inLanguage\":\"es\",\"potentialAction\":[{\"@type\":\"ReadAction\",\"target\":[\"https:\/\/www.fasep.it\/es\/productos\/balanceadoras\/e664.001\/\"]}]},{\"@type\":\"BreadcrumbList\",\"@id\":\"https:\/\/www.fasep.it\/es\/productos\/balanceadoras\/e664.001\/#breadcrumb\",\"itemListElement\":[{\"@type\":\"ListItem\",\"position\":1,\"name\":\"Home\",\"item\":\"https:\/\/www.fasep.it\/es\/\"},{\"@type\":\"ListItem\",\"position\":2,\"name\":\"Productos\",\"item\":\"https:\/\/www.fasep.it\/es\/shop\/\"},{\"@type\":\"ListItem\",\"position\":3,\"name\":\"V688 Stark\"}]},{\"@type\":\"WebSite\",\"@id\":\"https:\/\/www.fasep.it\/es\/#website\",\"url\":\"https:\/\/www.fasep.it\/es\/\",\"name\":\"Fasep 2000 srl\",\"description\":\"\",\"potentialAction\":[{\"@type\":\"SearchAction\",\"target\":{\"@type\":\"EntryPoint\",\"urlTemplate\":\"https:\/\/www.fasep.it\/es\/?s={search_term_string}\"},\"query-input\":{\"@type\":\"PropertyValueSpecification\",\"valueRequired\":true,\"valueName\":\"search_term_string\"}}],\"inLanguage\":\"es\"}]}<\/script>\n<!-- \/ Yoast SEO plugin. -->","yoast_head_json":{"title":"V688 Stark","robots":{"index":"index","follow":"follow","max-snippet":"max-snippet:-1","max-image-preview":"max-image-preview:large","max-video-preview":"max-video-preview:-1"},"og_locale":"es_ES","og_type":"article","og_title":"V688 Stark","og_description":"El mejor en un toque. V688 es la equilibradora de gama alta que ofrece todo lo necesario para equilibrar una rueda a la perfecci\u00f3n. Su moderno dise\u00f1o y los detalles de efecto carbono crean un atractivo sin precedentes, todo ello combinado con su facilidad y practicidad de uso.  V688 permite al operador realizar un equilibrado r\u00e1pido con la m\u00e1xima precisi\u00f3n: incluye el sistema 3D Touchless para la introducci\u00f3n autom\u00e1tica de los datos de la rueda, combinado con las ventajas de los 3 l\u00e1seres para la aplicaci\u00f3n de pesos pegados y enganchados. Los sistemas TOP LIGHT y LED LIGHT son una ayuda absoluta para proporcionar una zona de trabajo bien iluminada y evitar as\u00ed cualquier imprecisi\u00f3n. Todas estas ventajas van acompa\u00f1adas, por supuesto, del legendario sistema de medici\u00f3n FASEP de 3 piezo.  El sistema 3D.Scan permite medir la excentricidad del neum\u00e1tico y la llanta, as\u00ed como el derrape del neum\u00e1tico. El software del sistema sugiere al operador la mejor posici\u00f3n de la rueda en el coche para compensar la excentricidad.   Caracter\u00edsticas:  introducci\u00f3n autom\u00e1tica de los datos de las ruedas en 3D mediante l\u00e1ser punto l\u00e1ser para la aplicaci\u00f3n de pesas adhesivas sistema TOP LIGHT para la iluminaci\u00f3n de la zona de trabajo y l\u00ednea l\u00e1ser para la aplicaci\u00f3n de pesas de pinza bloqueo electroneum\u00e1tico de la rueda sistema 3D.Scan para medir la excentricidad del neum\u00e1tico y la llanta sistema de equilibrado FASEP TriSensor 3 Piezo IFS (Integrated Flange Shaft= eje de brida integrado) electr\u00f3nica de 16 bits motor de baja velocidad 98 rpm monitor de segunda Generaci\u00f3n LCD Touch 22\" 16:9","og_url":"https:\/\/www.fasep.it\/es\/productos\/balanceadoras\/e664.001\/","og_site_name":"Fasep 2000 srl","article_modified_time":"2026-03-31T08:18:20+00:00","twitter_card":"summary_large_image","twitter_misc":{"Tiempo de lectura":"1 minuto"},"schema":{"@context":"https:\/\/schema.org","@graph":[{"@type":"WebPage","@id":"https:\/\/www.fasep.it\/es\/productos\/balanceadoras\/e664.001\/","url":"https:\/\/www.fasep.it\/es\/productos\/balanceadoras\/e664.001\/","name":"V688 Stark","isPartOf":{"@id":"https:\/\/www.fasep.it\/es\/#website"},"datePublished":"2025-07-16T09:44:23+00:00","dateModified":"2026-03-31T08:18:20+00:00","breadcrumb":{"@id":"https:\/\/www.fasep.it\/es\/productos\/balanceadoras\/e664.001\/#breadcrumb"},"inLanguage":"es","potentialAction":[{"@type":"ReadAction","target":["https:\/\/www.fasep.it\/es\/productos\/balanceadoras\/e664.001\/"]}]},{"@type":"BreadcrumbList","@id":"https:\/\/www.fasep.it\/es\/productos\/balanceadoras\/e664.001\/#breadcrumb","itemListElement":[{"@type":"ListItem","position":1,"name":"Home","item":"https:\/\/www.fasep.it\/es\/"},{"@type":"ListItem","position":2,"name":"Productos","item":"https:\/\/www.fasep.it\/es\/shop\/"},{"@type":"ListItem","position":3,"name":"V688 Stark"}]},{"@type":"WebSite","@id":"https:\/\/www.fasep.it\/es\/#website","url":"https:\/\/www.fasep.it\/es\/","name":"Fasep 2000 srl","description":"","potentialAction":[{"@type":"SearchAction","target":{"@type":"EntryPoint","urlTemplate":"https:\/\/www.fasep.it\/es\/?s={search_term_string}"},"query-input":{"@type":"PropertyValueSpecification","valueRequired":true,"valueName":"search_term_string"}}],"inLanguage":"es"}]}},"_links":{"self":[{"href":"https:\/\/www.fasep.it\/es\/wp-json\/wp\/v2\/product\/9403","targetHints":{"allow":["GET"]}}],"collection":[{"href":"https:\/\/www.fasep.it\/es\/wp-json\/wp\/v2\/product"}],"about":[{"href":"https:\/\/www.fasep.it\/es\/wp-json\/wp\/v2\/types\/product"}],"wp:attachment":[{"href":"https:\/\/www.fasep.it\/es\/wp-json\/wp\/v2\/media?parent=9403"}],"wp:term":[{"taxonomy":"product_brand","embeddable":true,"href":"https:\/\/www.fasep.it\/es\/wp-json\/wp\/v2\/product_brand?post=9403"},{"taxonomy":"product_cat","embeddable":true,"href":"https:\/\/www.fasep.it\/es\/wp-json\/wp\/v2\/product_cat?post=9403"},{"taxonomy":"product_tag","embeddable":true,"href":"https:\/\/www.fasep.it\/es\/wp-json\/wp\/v2\/product_tag?post=9403"}],"curies":[{"name":"wp","href":"https:\/\/api.w.org\/{rel}","templated":true}]}}