{"id":9396,"date":"2025-07-16T11:44:28","date_gmt":"2025-07-16T09:44:28","guid":{"rendered":"https:\/\/www.fasep.it\/productos\/\/a507.037"},"modified":"2026-03-31T10:18:16","modified_gmt":"2026-03-31T08:18:16","slug":"es-a507.037","status":"publish","type":"product","link":"https:\/\/www.fasep.it\/es\/productos\/alineadores\/a507.037\/","title":{"rendered":"ATOMIC.XP MOBILE"},"content":{"rendered":"<font color=\"#0055BB\"><strong>Ajuste de Alineaci\u00f3n de Ruedas a domicilio.<\/strong><\/font><br>\r\nATOMIC Mobile es una herramienta innovadora para medir la alineaci\u00f3n de las ruedas para el Servicio M\u00f3vil que ofrece la posibilidad de realizar ajustes de alineaci\u00f3n directamente al cliente con toda la practicidad, velocidad y precisi\u00f3n del sistema de medici\u00f3n FASEP: todo lo que necesita es una PC port\u00e1til y un kit especial que garantice un servicio r\u00e1pido y completo en el hogar gracias al mismo rendimiento que una configuraci\u00f3n normal pero con dimensiones reducidas.<br>","protected":false},"excerpt":{"rendered":"<font color=\"#0055BB\"><strong>Ajuste de Alineaci\u00f3n de Ruedas a domicilio.<\/strong><\/font><br>\r\nATOMIC Mobile es una herramienta innovadora para medir la alineaci\u00f3n de las ruedas para el Servicio M\u00f3vil que ofrece la posibilidad de realizar ajustes de alineaci\u00f3n directamente al cliente con toda la practicidad, velocidad y precisi\u00f3n del sistema de medici\u00f3n FASEP: todo lo que necesita es una PC port\u00e1til y un kit especial que garantice un servicio r\u00e1pido y completo en el hogar gracias al mismo rendimiento que una configuraci\u00f3n normal pero con dimensiones reducidas.<br>","protected":false},"featured_media":0,"template":"","meta":{"_acf_changed":false},"product_brand":[],"product_cat":[],"product_tag":[],"class_list":{"0":"post-9396","1":"product","2":"type-product","3":"status-publish","6":"first","7":"instock","8":"shipping-taxable","9":"product-type-simple"},"acf":[],"yoast_head":"<!-- This site is optimized with the Yoast SEO plugin v25.7 - https:\/\/yoast.com\/wordpress\/plugins\/seo\/ -->\n<title>ATOMIC.XP MOBILE<\/title>\n<meta name=\"robots\" content=\"index, follow, max-snippet:-1, max-image-preview:large, max-video-preview:-1\" \/>\n<meta property=\"og:locale\" content=\"es_ES\" \/>\n<meta property=\"og:type\" content=\"article\" \/>\n<meta property=\"og:title\" content=\"ATOMIC.XP MOBILE\" \/>\n<meta property=\"og:description\" content=\"Ajuste de Alineaci\u00f3n de Ruedas a domicilio. ATOMIC Mobile es una herramienta innovadora para medir la alineaci\u00f3n de las ruedas para el Servicio M\u00f3vil que ofrece la posibilidad de realizar ajustes de alineaci\u00f3n directamente al cliente con toda la practicidad, velocidad y precisi\u00f3n del sistema de medici\u00f3n FASEP: todo lo que necesita es una PC port\u00e1til y un kit especial que garantice un servicio r\u00e1pido y completo en el hogar gracias al mismo rendimiento que una configuraci\u00f3n normal pero con dimensiones reducidas.\" \/>\n<meta property=\"og:url\" content=\"https:\/\/www.fasep.it\/es\/productos\/alineadores\/a507.037\/\" \/>\n<meta property=\"og:site_name\" content=\"Fasep 2000 srl\" \/>\n<meta property=\"article:modified_time\" content=\"2026-03-31T08:18:16+00:00\" \/>\n<meta name=\"twitter:card\" content=\"summary_large_image\" \/>\n<script type=\"application\/ld+json\" class=\"yoast-schema-graph\">{\"@context\":\"https:\/\/schema.org\",\"@graph\":[{\"@type\":\"WebPage\",\"@id\":\"https:\/\/www.fasep.it\/es\/productos\/alineadores\/a507.037\/\",\"url\":\"https:\/\/www.fasep.it\/es\/productos\/alineadores\/a507.037\/\",\"name\":\"ATOMIC.XP MOBILE\",\"isPartOf\":{\"@id\":\"https:\/\/www.fasep.it\/es\/#website\"},\"datePublished\":\"2025-07-16T09:44:28+00:00\",\"dateModified\":\"2026-03-31T08:18:16+00:00\",\"breadcrumb\":{\"@id\":\"https:\/\/www.fasep.it\/es\/productos\/alineadores\/a507.037\/#breadcrumb\"},\"inLanguage\":\"es\",\"potentialAction\":[{\"@type\":\"ReadAction\",\"target\":[\"https:\/\/www.fasep.it\/es\/productos\/alineadores\/a507.037\/\"]}]},{\"@type\":\"BreadcrumbList\",\"@id\":\"https:\/\/www.fasep.it\/es\/productos\/alineadores\/a507.037\/#breadcrumb\",\"itemListElement\":[{\"@type\":\"ListItem\",\"position\":1,\"name\":\"Home\",\"item\":\"https:\/\/www.fasep.it\/es\/\"},{\"@type\":\"ListItem\",\"position\":2,\"name\":\"Productos\",\"item\":\"https:\/\/www.fasep.it\/es\/shop\/\"},{\"@type\":\"ListItem\",\"position\":3,\"name\":\"ATOMIC.XP MOBILE\"}]},{\"@type\":\"WebSite\",\"@id\":\"https:\/\/www.fasep.it\/es\/#website\",\"url\":\"https:\/\/www.fasep.it\/es\/\",\"name\":\"Fasep 2000 srl\",\"description\":\"\",\"potentialAction\":[{\"@type\":\"SearchAction\",\"target\":{\"@type\":\"EntryPoint\",\"urlTemplate\":\"https:\/\/www.fasep.it\/es\/?s={search_term_string}\"},\"query-input\":{\"@type\":\"PropertyValueSpecification\",\"valueRequired\":true,\"valueName\":\"search_term_string\"}}],\"inLanguage\":\"es\"}]}<\/script>\n<!-- \/ Yoast SEO plugin. -->","yoast_head_json":{"title":"ATOMIC.XP MOBILE","robots":{"index":"index","follow":"follow","max-snippet":"max-snippet:-1","max-image-preview":"max-image-preview:large","max-video-preview":"max-video-preview:-1"},"og_locale":"es_ES","og_type":"article","og_title":"ATOMIC.XP MOBILE","og_description":"Ajuste de Alineaci\u00f3n de Ruedas a domicilio. ATOMIC Mobile es una herramienta innovadora para medir la alineaci\u00f3n de las ruedas para el Servicio M\u00f3vil que ofrece la posibilidad de realizar ajustes de alineaci\u00f3n directamente al cliente con toda la practicidad, velocidad y precisi\u00f3n del sistema de medici\u00f3n FASEP: todo lo que necesita es una PC port\u00e1til y un kit especial que garantice un servicio r\u00e1pido y completo en el hogar gracias al mismo rendimiento que una configuraci\u00f3n normal pero con dimensiones reducidas.","og_url":"https:\/\/www.fasep.it\/es\/productos\/alineadores\/a507.037\/","og_site_name":"Fasep 2000 srl","article_modified_time":"2026-03-31T08:18:16+00:00","twitter_card":"summary_large_image","schema":{"@context":"https:\/\/schema.org","@graph":[{"@type":"WebPage","@id":"https:\/\/www.fasep.it\/es\/productos\/alineadores\/a507.037\/","url":"https:\/\/www.fasep.it\/es\/productos\/alineadores\/a507.037\/","name":"ATOMIC.XP MOBILE","isPartOf":{"@id":"https:\/\/www.fasep.it\/es\/#website"},"datePublished":"2025-07-16T09:44:28+00:00","dateModified":"2026-03-31T08:18:16+00:00","breadcrumb":{"@id":"https:\/\/www.fasep.it\/es\/productos\/alineadores\/a507.037\/#breadcrumb"},"inLanguage":"es","potentialAction":[{"@type":"ReadAction","target":["https:\/\/www.fasep.it\/es\/productos\/alineadores\/a507.037\/"]}]},{"@type":"BreadcrumbList","@id":"https:\/\/www.fasep.it\/es\/productos\/alineadores\/a507.037\/#breadcrumb","itemListElement":[{"@type":"ListItem","position":1,"name":"Home","item":"https:\/\/www.fasep.it\/es\/"},{"@type":"ListItem","position":2,"name":"Productos","item":"https:\/\/www.fasep.it\/es\/shop\/"},{"@type":"ListItem","position":3,"name":"ATOMIC.XP MOBILE"}]},{"@type":"WebSite","@id":"https:\/\/www.fasep.it\/es\/#website","url":"https:\/\/www.fasep.it\/es\/","name":"Fasep 2000 srl","description":"","potentialAction":[{"@type":"SearchAction","target":{"@type":"EntryPoint","urlTemplate":"https:\/\/www.fasep.it\/es\/?s={search_term_string}"},"query-input":{"@type":"PropertyValueSpecification","valueRequired":true,"valueName":"search_term_string"}}],"inLanguage":"es"}]}},"_links":{"self":[{"href":"https:\/\/www.fasep.it\/es\/wp-json\/wp\/v2\/product\/9396","targetHints":{"allow":["GET"]}}],"collection":[{"href":"https:\/\/www.fasep.it\/es\/wp-json\/wp\/v2\/product"}],"about":[{"href":"https:\/\/www.fasep.it\/es\/wp-json\/wp\/v2\/types\/product"}],"wp:attachment":[{"href":"https:\/\/www.fasep.it\/es\/wp-json\/wp\/v2\/media?parent=9396"}],"wp:term":[{"taxonomy":"product_brand","embeddable":true,"href":"https:\/\/www.fasep.it\/es\/wp-json\/wp\/v2\/product_brand?post=9396"},{"taxonomy":"product_cat","embeddable":true,"href":"https:\/\/www.fasep.it\/es\/wp-json\/wp\/v2\/product_cat?post=9396"},{"taxonomy":"product_tag","embeddable":true,"href":"https:\/\/www.fasep.it\/es\/wp-json\/wp\/v2\/product_tag?post=9396"}],"curies":[{"name":"wp","href":"https:\/\/api.w.org\/{rel}","templated":true}]}}