{"id":9390,"date":"2025-07-16T11:44:32","date_gmt":"2025-07-16T09:44:32","guid":{"rendered":"https:\/\/www.fasep.it\/productos\/\/a610.010"},"modified":"2026-03-31T10:18:16","modified_gmt":"2026-03-31T08:18:16","slug":"es-a610.010","status":"publish","type":"product","link":"https:\/\/www.fasep.it\/es\/productos\/alineadores\/a610.010\/","title":{"rendered":"VDP-K Win10"},"content":{"rendered":"<font color=\"#0055Bb\"><strong>Peque\u00f1o es hermoso.<\/strong><\/font><br>\r\nVDP-K incorpora la nueva tecnolog\u00eda basada en Windows 7 con posibilidad de conexi\u00f3n inal\u00e1mbrica entre sensores y PC. Un PC potente, con monitor LCD, Windows y una interfaz gr\u00e1fica simple e intuitiva. El sistema de medici\u00f3n FASEP trabaja en todas las suspensiones modernas. Los sensores, de peque\u00f1as dimensiones, maximizan practicidad y velocidad de ejecuci\u00f3n y permiten trabajar c\u00f3modamente en cualquier tipo de veh\u00edculo garantizando siempre la m\u00e1xima precisi\u00f3n de medida. El programa de alineaci\u00f3n se actualiza f\u00e1cilmente v\u00eda internet sin que sea necesaria la intervenci\u00f3n de un t\u00e9cnico.","protected":false},"excerpt":{"rendered":"<font color=\"#0055Bb\"><strong>Peque\u00f1o es hermoso.<\/strong><\/font><br>\r\nVDP-K incorpora la nueva tecnolog\u00eda basada en Windows 7 con posibilidad de conexi\u00f3n inal\u00e1mbrica entre sensores y PC. Un PC potente, con monitor LCD, Windows y una interfaz gr\u00e1fica simple e intuitiva. El sistema de medici\u00f3n FASEP trabaja en todas las suspensiones modernas. Los sensores, de peque\u00f1as dimensiones, maximizan practicidad y velocidad de ejecuci\u00f3n y permiten trabajar c\u00f3modamente en cualquier tipo de veh\u00edculo garantizando siempre la m\u00e1xima precisi\u00f3n de medida. El programa de alineaci\u00f3n se actualiza f\u00e1cilmente v\u00eda internet sin que sea necesaria la intervenci\u00f3n de un t\u00e9cnico.","protected":false},"featured_media":0,"template":"","meta":{"_acf_changed":false},"product_brand":[],"product_cat":[],"product_tag":[],"class_list":{"0":"post-9390","1":"product","2":"type-product","3":"status-publish","6":"first","7":"instock","8":"shipping-taxable","9":"product-type-simple"},"acf":[],"yoast_head":"<!-- This site is optimized with the Yoast SEO plugin v25.7 - https:\/\/yoast.com\/wordpress\/plugins\/seo\/ -->\n<title>VDP-K Win10<\/title>\n<meta name=\"robots\" content=\"index, follow, max-snippet:-1, max-image-preview:large, max-video-preview:-1\" \/>\n<meta property=\"og:locale\" content=\"es_ES\" \/>\n<meta property=\"og:type\" content=\"article\" \/>\n<meta property=\"og:title\" content=\"VDP-K Win10\" \/>\n<meta property=\"og:description\" content=\"Peque\u00f1o es hermoso. VDP-K incorpora la nueva tecnolog\u00eda basada en Windows 7 con posibilidad de conexi\u00f3n inal\u00e1mbrica entre sensores y PC. Un PC potente, con monitor LCD, Windows y una interfaz gr\u00e1fica simple e intuitiva. El sistema de medici\u00f3n FASEP trabaja en todas las suspensiones modernas. Los sensores, de peque\u00f1as dimensiones, maximizan practicidad y velocidad de ejecuci\u00f3n y permiten trabajar c\u00f3modamente en cualquier tipo de veh\u00edculo garantizando siempre la m\u00e1xima precisi\u00f3n de medida. El programa de alineaci\u00f3n se actualiza f\u00e1cilmente v\u00eda internet sin que sea necesaria la intervenci\u00f3n de un t\u00e9cnico.\" \/>\n<meta property=\"og:url\" content=\"https:\/\/www.fasep.it\/es\/productos\/alineadores\/a610.010\/\" \/>\n<meta property=\"og:site_name\" content=\"Fasep 2000 srl\" \/>\n<meta property=\"article:modified_time\" content=\"2026-03-31T08:18:16+00:00\" \/>\n<meta name=\"twitter:card\" content=\"summary_large_image\" \/>\n<meta name=\"twitter:label1\" content=\"Tiempo de lectura\" \/>\n\t<meta name=\"twitter:data1\" content=\"1 minuto\" \/>\n<script type=\"application\/ld+json\" class=\"yoast-schema-graph\">{\"@context\":\"https:\/\/schema.org\",\"@graph\":[{\"@type\":\"WebPage\",\"@id\":\"https:\/\/www.fasep.it\/es\/productos\/alineadores\/a610.010\/\",\"url\":\"https:\/\/www.fasep.it\/es\/productos\/alineadores\/a610.010\/\",\"name\":\"VDP-K Win10\",\"isPartOf\":{\"@id\":\"https:\/\/www.fasep.it\/es\/#website\"},\"datePublished\":\"2025-07-16T09:44:32+00:00\",\"dateModified\":\"2026-03-31T08:18:16+00:00\",\"breadcrumb\":{\"@id\":\"https:\/\/www.fasep.it\/es\/productos\/alineadores\/a610.010\/#breadcrumb\"},\"inLanguage\":\"es\",\"potentialAction\":[{\"@type\":\"ReadAction\",\"target\":[\"https:\/\/www.fasep.it\/es\/productos\/alineadores\/a610.010\/\"]}]},{\"@type\":\"BreadcrumbList\",\"@id\":\"https:\/\/www.fasep.it\/es\/productos\/alineadores\/a610.010\/#breadcrumb\",\"itemListElement\":[{\"@type\":\"ListItem\",\"position\":1,\"name\":\"Home\",\"item\":\"https:\/\/www.fasep.it\/es\/\"},{\"@type\":\"ListItem\",\"position\":2,\"name\":\"Productos\",\"item\":\"https:\/\/www.fasep.it\/es\/shop\/\"},{\"@type\":\"ListItem\",\"position\":3,\"name\":\"VDP-K Win10\"}]},{\"@type\":\"WebSite\",\"@id\":\"https:\/\/www.fasep.it\/es\/#website\",\"url\":\"https:\/\/www.fasep.it\/es\/\",\"name\":\"Fasep 2000 srl\",\"description\":\"\",\"potentialAction\":[{\"@type\":\"SearchAction\",\"target\":{\"@type\":\"EntryPoint\",\"urlTemplate\":\"https:\/\/www.fasep.it\/es\/?s={search_term_string}\"},\"query-input\":{\"@type\":\"PropertyValueSpecification\",\"valueRequired\":true,\"valueName\":\"search_term_string\"}}],\"inLanguage\":\"es\"}]}<\/script>\n<!-- \/ Yoast SEO plugin. -->","yoast_head_json":{"title":"VDP-K Win10","robots":{"index":"index","follow":"follow","max-snippet":"max-snippet:-1","max-image-preview":"max-image-preview:large","max-video-preview":"max-video-preview:-1"},"og_locale":"es_ES","og_type":"article","og_title":"VDP-K Win10","og_description":"Peque\u00f1o es hermoso. VDP-K incorpora la nueva tecnolog\u00eda basada en Windows 7 con posibilidad de conexi\u00f3n inal\u00e1mbrica entre sensores y PC. Un PC potente, con monitor LCD, Windows y una interfaz gr\u00e1fica simple e intuitiva. El sistema de medici\u00f3n FASEP trabaja en todas las suspensiones modernas. Los sensores, de peque\u00f1as dimensiones, maximizan practicidad y velocidad de ejecuci\u00f3n y permiten trabajar c\u00f3modamente en cualquier tipo de veh\u00edculo garantizando siempre la m\u00e1xima precisi\u00f3n de medida. El programa de alineaci\u00f3n se actualiza f\u00e1cilmente v\u00eda internet sin que sea necesaria la intervenci\u00f3n de un t\u00e9cnico.","og_url":"https:\/\/www.fasep.it\/es\/productos\/alineadores\/a610.010\/","og_site_name":"Fasep 2000 srl","article_modified_time":"2026-03-31T08:18:16+00:00","twitter_card":"summary_large_image","twitter_misc":{"Tiempo de lectura":"1 minuto"},"schema":{"@context":"https:\/\/schema.org","@graph":[{"@type":"WebPage","@id":"https:\/\/www.fasep.it\/es\/productos\/alineadores\/a610.010\/","url":"https:\/\/www.fasep.it\/es\/productos\/alineadores\/a610.010\/","name":"VDP-K Win10","isPartOf":{"@id":"https:\/\/www.fasep.it\/es\/#website"},"datePublished":"2025-07-16T09:44:32+00:00","dateModified":"2026-03-31T08:18:16+00:00","breadcrumb":{"@id":"https:\/\/www.fasep.it\/es\/productos\/alineadores\/a610.010\/#breadcrumb"},"inLanguage":"es","potentialAction":[{"@type":"ReadAction","target":["https:\/\/www.fasep.it\/es\/productos\/alineadores\/a610.010\/"]}]},{"@type":"BreadcrumbList","@id":"https:\/\/www.fasep.it\/es\/productos\/alineadores\/a610.010\/#breadcrumb","itemListElement":[{"@type":"ListItem","position":1,"name":"Home","item":"https:\/\/www.fasep.it\/es\/"},{"@type":"ListItem","position":2,"name":"Productos","item":"https:\/\/www.fasep.it\/es\/shop\/"},{"@type":"ListItem","position":3,"name":"VDP-K Win10"}]},{"@type":"WebSite","@id":"https:\/\/www.fasep.it\/es\/#website","url":"https:\/\/www.fasep.it\/es\/","name":"Fasep 2000 srl","description":"","potentialAction":[{"@type":"SearchAction","target":{"@type":"EntryPoint","urlTemplate":"https:\/\/www.fasep.it\/es\/?s={search_term_string}"},"query-input":{"@type":"PropertyValueSpecification","valueRequired":true,"valueName":"search_term_string"}}],"inLanguage":"es"}]}},"_links":{"self":[{"href":"https:\/\/www.fasep.it\/es\/wp-json\/wp\/v2\/product\/9390","targetHints":{"allow":["GET"]}}],"collection":[{"href":"https:\/\/www.fasep.it\/es\/wp-json\/wp\/v2\/product"}],"about":[{"href":"https:\/\/www.fasep.it\/es\/wp-json\/wp\/v2\/types\/product"}],"wp:attachment":[{"href":"https:\/\/www.fasep.it\/es\/wp-json\/wp\/v2\/media?parent=9390"}],"wp:term":[{"taxonomy":"product_brand","embeddable":true,"href":"https:\/\/www.fasep.it\/es\/wp-json\/wp\/v2\/product_brand?post=9390"},{"taxonomy":"product_cat","embeddable":true,"href":"https:\/\/www.fasep.it\/es\/wp-json\/wp\/v2\/product_cat?post=9390"},{"taxonomy":"product_tag","embeddable":true,"href":"https:\/\/www.fasep.it\/es\/wp-json\/wp\/v2\/product_tag?post=9390"}],"curies":[{"name":"wp","href":"https:\/\/api.w.org\/{rel}","templated":true}]}}