{"id":9388,"date":"2025-07-16T11:44:30","date_gmt":"2025-07-16T09:44:30","guid":{"rendered":"https:\/\/www.fasep.it\/productos\/\/a680.001"},"modified":"2026-03-31T10:18:15","modified_gmt":"2026-03-31T08:18:15","slug":"es-a680.001","status":"publish","type":"product","link":"https:\/\/www.fasep.it\/es\/productos\/alineadores\/a680.001\/","title":{"rendered":"WALLY"},"content":{"rendered":"<font color=\"#0055Bb\"><strong>Soluci\u00f3n que AHORRA ESPACIO: \u00a1sin ocupar espacio, con grandes prestaciones!<\/strong><\/font><br>\r\nTodo lo que necesita para una alineaci\u00f3n de calidad est\u00e1 aqu\u00ed, delante de usted.<br>\r\nWally es un sistema que ahorra espacio porque se cuelga en la pared del taller, liberando espacio en el suelo para trabajar.<br>\r\n<br>\r\n<b>Bajo coste, poco espacio, grandes prestaciones<\/b><br>\r\nDise\u00f1ado para garajes, talleres y concesionarios en los que no es posible realizar servicios de alineaci\u00f3n por falta de espacio, Wally ofrece las mismas prestaciones que los sistemas informatizados, con la misma precisi\u00f3n de medici\u00f3n, velocidad y rendimiento, a un coste m\u00ednimo y ocupando un espacio reducido.<br>\r\n<br>\r\n<b>Funciona con un port\u00e1til o un teclado WiFi<\/b><br>\r\nWally es un concentrado de tecnolog\u00eda, una innovadora herramienta de alineaci\u00f3n de ruedas que puede utilizarse en cualquier tipo de PC. Wally ofrece a los usuarios la opci\u00f3n de controlar su PC de forma remota mediante un teclado WiFi o conectar el Atomic directamente a su port\u00e1til mediante una conexi\u00f3n Bluetooth: elimine la p\u00e9rdida de tiempo y gestione las funciones de alineaci\u00f3n de las ruedas en 360\u00b0 desde debajo del coche.<br>\r\n<br>\r\n<b>Ampl\u00ede el servicio a sus clientes<\/b><br>\r\nEl mercado exige una gama m\u00e1s amplia de servicios &#8211; la alineaci\u00f3n de ruedas significa mayores beneficios y la oportunidad de ver al cliente m\u00e1s a menudo. Wally le permite aumentar su negocio con una inversi\u00f3n m\u00ednima.","protected":false},"excerpt":{"rendered":"<font color=\"#0055Bb\"><strong>Soluci\u00f3n que AHORRA ESPACIO: \u00a1sin ocupar espacio, con grandes prestaciones!<\/strong><\/font><br>\r\nTodo lo que necesita para una alineaci\u00f3n de calidad est\u00e1 aqu\u00ed, delante de usted.<br>\r\nWally es un sistema que ahorra espacio porque se cuelga en la pared del taller, liberando espacio en el suelo para trabajar.<br>\r\n<br>\r\n<b>Bajo coste, poco espacio, grandes prestaciones<\/b><br>\r\nDise\u00f1ado para garajes, talleres y concesionarios en los que no es posible realizar servicios de alineaci\u00f3n por falta de espacio, Wally ofrece las mismas prestaciones que los sistemas informatizados, con la misma precisi\u00f3n de medici\u00f3n, velocidad y rendimiento, a un coste m\u00ednimo y ocupando un espacio reducido.<br>\r\n<br>\r\n<b>Funciona con un port\u00e1til o un teclado WiFi<\/b><br>\r\nWally es un concentrado de tecnolog\u00eda, una innovadora herramienta de alineaci\u00f3n de ruedas que puede utilizarse en cualquier tipo de PC. Wally ofrece a los usuarios la opci\u00f3n de controlar su PC de forma remota mediante un teclado WiFi o conectar el Atomic directamente a su port\u00e1til mediante una conexi\u00f3n Bluetooth: elimine la p\u00e9rdida de tiempo y gestione las funciones de alineaci\u00f3n de las ruedas en 360\u00b0 desde debajo del coche.<br>\r\n<br>\r\n<b>Ampl\u00ede el servicio a sus clientes<\/b><br>\r\nEl mercado exige una gama m\u00e1s amplia de servicios &#8211; la alineaci\u00f3n de ruedas significa mayores beneficios y la oportunidad de ver al cliente m\u00e1s a menudo. Wally le permite aumentar su negocio con una inversi\u00f3n m\u00ednima.","protected":false},"featured_media":0,"template":"","meta":{"_acf_changed":false},"product_brand":[],"product_cat":[],"product_tag":[],"class_list":{"0":"post-9388","1":"product","2":"type-product","3":"status-publish","6":"first","7":"instock","8":"shipping-taxable","9":"product-type-simple"},"acf":[],"yoast_head":"<!-- This site is optimized with the Yoast SEO plugin v25.7 - https:\/\/yoast.com\/wordpress\/plugins\/seo\/ -->\n<title>WALLY<\/title>\n<meta name=\"robots\" content=\"index, follow, max-snippet:-1, max-image-preview:large, max-video-preview:-1\" \/>\n<meta property=\"og:locale\" content=\"es_ES\" \/>\n<meta property=\"og:type\" content=\"article\" \/>\n<meta property=\"og:title\" content=\"WALLY\" \/>\n<meta property=\"og:description\" content=\"Soluci\u00f3n que AHORRA ESPACIO: \u00a1sin ocupar espacio, con grandes prestaciones! Todo lo que necesita para una alineaci\u00f3n de calidad est\u00e1 aqu\u00ed, delante de usted. Wally es un sistema que ahorra espacio porque se cuelga en la pared del taller, liberando espacio en el suelo para trabajar.  Bajo coste, poco espacio, grandes prestaciones Dise\u00f1ado para garajes, talleres y concesionarios en los que no es posible realizar servicios de alineaci\u00f3n por falta de espacio, Wally ofrece las mismas prestaciones que los sistemas informatizados, con la misma precisi\u00f3n de medici\u00f3n, velocidad y rendimiento, a un coste m\u00ednimo y ocupando un espacio reducido.  Funciona con un port\u00e1til o un teclado WiFi Wally es un concentrado de tecnolog\u00eda, una innovadora herramienta de alineaci\u00f3n de ruedas que puede utilizarse en cualquier tipo de PC. Wally ofrece a los usuarios la opci\u00f3n de controlar su PC de forma remota mediante un teclado WiFi o conectar el Atomic directamente a su port\u00e1til mediante una conexi\u00f3n Bluetooth: elimine la p\u00e9rdida de tiempo y gestione las funciones de alineaci\u00f3n de las ruedas en 360\u00b0 desde debajo del coche.  Ampl\u00ede el servicio a sus clientes El mercado exige una gama m\u00e1s amplia de servicios - la alineaci\u00f3n de ruedas significa mayores beneficios y la oportunidad de ver al cliente m\u00e1s a menudo. Wally le permite aumentar su negocio con una inversi\u00f3n m\u00ednima.\" \/>\n<meta property=\"og:url\" content=\"https:\/\/www.fasep.it\/es\/productos\/alineadores\/a680.001\/\" \/>\n<meta property=\"og:site_name\" content=\"Fasep 2000 srl\" \/>\n<meta property=\"article:modified_time\" content=\"2026-03-31T08:18:15+00:00\" \/>\n<meta name=\"twitter:card\" content=\"summary_large_image\" \/>\n<meta name=\"twitter:label1\" content=\"Tiempo de lectura\" \/>\n\t<meta name=\"twitter:data1\" content=\"1 minuto\" \/>\n<script type=\"application\/ld+json\" class=\"yoast-schema-graph\">{\"@context\":\"https:\/\/schema.org\",\"@graph\":[{\"@type\":\"WebPage\",\"@id\":\"https:\/\/www.fasep.it\/es\/productos\/alineadores\/a680.001\/\",\"url\":\"https:\/\/www.fasep.it\/es\/productos\/alineadores\/a680.001\/\",\"name\":\"WALLY\",\"isPartOf\":{\"@id\":\"https:\/\/www.fasep.it\/es\/#website\"},\"datePublished\":\"2025-07-16T09:44:30+00:00\",\"dateModified\":\"2026-03-31T08:18:15+00:00\",\"breadcrumb\":{\"@id\":\"https:\/\/www.fasep.it\/es\/productos\/alineadores\/a680.001\/#breadcrumb\"},\"inLanguage\":\"es\",\"potentialAction\":[{\"@type\":\"ReadAction\",\"target\":[\"https:\/\/www.fasep.it\/es\/productos\/alineadores\/a680.001\/\"]}]},{\"@type\":\"BreadcrumbList\",\"@id\":\"https:\/\/www.fasep.it\/es\/productos\/alineadores\/a680.001\/#breadcrumb\",\"itemListElement\":[{\"@type\":\"ListItem\",\"position\":1,\"name\":\"Home\",\"item\":\"https:\/\/www.fasep.it\/es\/\"},{\"@type\":\"ListItem\",\"position\":2,\"name\":\"Productos\",\"item\":\"https:\/\/www.fasep.it\/es\/shop\/\"},{\"@type\":\"ListItem\",\"position\":3,\"name\":\"WALLY\"}]},{\"@type\":\"WebSite\",\"@id\":\"https:\/\/www.fasep.it\/es\/#website\",\"url\":\"https:\/\/www.fasep.it\/es\/\",\"name\":\"Fasep 2000 srl\",\"description\":\"\",\"potentialAction\":[{\"@type\":\"SearchAction\",\"target\":{\"@type\":\"EntryPoint\",\"urlTemplate\":\"https:\/\/www.fasep.it\/es\/?s={search_term_string}\"},\"query-input\":{\"@type\":\"PropertyValueSpecification\",\"valueRequired\":true,\"valueName\":\"search_term_string\"}}],\"inLanguage\":\"es\"}]}<\/script>\n<!-- \/ Yoast SEO plugin. -->","yoast_head_json":{"title":"WALLY","robots":{"index":"index","follow":"follow","max-snippet":"max-snippet:-1","max-image-preview":"max-image-preview:large","max-video-preview":"max-video-preview:-1"},"og_locale":"es_ES","og_type":"article","og_title":"WALLY","og_description":"Soluci\u00f3n que AHORRA ESPACIO: \u00a1sin ocupar espacio, con grandes prestaciones! Todo lo que necesita para una alineaci\u00f3n de calidad est\u00e1 aqu\u00ed, delante de usted. Wally es un sistema que ahorra espacio porque se cuelga en la pared del taller, liberando espacio en el suelo para trabajar.  Bajo coste, poco espacio, grandes prestaciones Dise\u00f1ado para garajes, talleres y concesionarios en los que no es posible realizar servicios de alineaci\u00f3n por falta de espacio, Wally ofrece las mismas prestaciones que los sistemas informatizados, con la misma precisi\u00f3n de medici\u00f3n, velocidad y rendimiento, a un coste m\u00ednimo y ocupando un espacio reducido.  Funciona con un port\u00e1til o un teclado WiFi Wally es un concentrado de tecnolog\u00eda, una innovadora herramienta de alineaci\u00f3n de ruedas que puede utilizarse en cualquier tipo de PC. Wally ofrece a los usuarios la opci\u00f3n de controlar su PC de forma remota mediante un teclado WiFi o conectar el Atomic directamente a su port\u00e1til mediante una conexi\u00f3n Bluetooth: elimine la p\u00e9rdida de tiempo y gestione las funciones de alineaci\u00f3n de las ruedas en 360\u00b0 desde debajo del coche.  Ampl\u00ede el servicio a sus clientes El mercado exige una gama m\u00e1s amplia de servicios - la alineaci\u00f3n de ruedas significa mayores beneficios y la oportunidad de ver al cliente m\u00e1s a menudo. Wally le permite aumentar su negocio con una inversi\u00f3n m\u00ednima.","og_url":"https:\/\/www.fasep.it\/es\/productos\/alineadores\/a680.001\/","og_site_name":"Fasep 2000 srl","article_modified_time":"2026-03-31T08:18:15+00:00","twitter_card":"summary_large_image","twitter_misc":{"Tiempo de lectura":"1 minuto"},"schema":{"@context":"https:\/\/schema.org","@graph":[{"@type":"WebPage","@id":"https:\/\/www.fasep.it\/es\/productos\/alineadores\/a680.001\/","url":"https:\/\/www.fasep.it\/es\/productos\/alineadores\/a680.001\/","name":"WALLY","isPartOf":{"@id":"https:\/\/www.fasep.it\/es\/#website"},"datePublished":"2025-07-16T09:44:30+00:00","dateModified":"2026-03-31T08:18:15+00:00","breadcrumb":{"@id":"https:\/\/www.fasep.it\/es\/productos\/alineadores\/a680.001\/#breadcrumb"},"inLanguage":"es","potentialAction":[{"@type":"ReadAction","target":["https:\/\/www.fasep.it\/es\/productos\/alineadores\/a680.001\/"]}]},{"@type":"BreadcrumbList","@id":"https:\/\/www.fasep.it\/es\/productos\/alineadores\/a680.001\/#breadcrumb","itemListElement":[{"@type":"ListItem","position":1,"name":"Home","item":"https:\/\/www.fasep.it\/es\/"},{"@type":"ListItem","position":2,"name":"Productos","item":"https:\/\/www.fasep.it\/es\/shop\/"},{"@type":"ListItem","position":3,"name":"WALLY"}]},{"@type":"WebSite","@id":"https:\/\/www.fasep.it\/es\/#website","url":"https:\/\/www.fasep.it\/es\/","name":"Fasep 2000 srl","description":"","potentialAction":[{"@type":"SearchAction","target":{"@type":"EntryPoint","urlTemplate":"https:\/\/www.fasep.it\/es\/?s={search_term_string}"},"query-input":{"@type":"PropertyValueSpecification","valueRequired":true,"valueName":"search_term_string"}}],"inLanguage":"es"}]}},"_links":{"self":[{"href":"https:\/\/www.fasep.it\/es\/wp-json\/wp\/v2\/product\/9388","targetHints":{"allow":["GET"]}}],"collection":[{"href":"https:\/\/www.fasep.it\/es\/wp-json\/wp\/v2\/product"}],"about":[{"href":"https:\/\/www.fasep.it\/es\/wp-json\/wp\/v2\/types\/product"}],"wp:attachment":[{"href":"https:\/\/www.fasep.it\/es\/wp-json\/wp\/v2\/media?parent=9388"}],"wp:term":[{"taxonomy":"product_brand","embeddable":true,"href":"https:\/\/www.fasep.it\/es\/wp-json\/wp\/v2\/product_brand?post=9388"},{"taxonomy":"product_cat","embeddable":true,"href":"https:\/\/www.fasep.it\/es\/wp-json\/wp\/v2\/product_cat?post=9388"},{"taxonomy":"product_tag","embeddable":true,"href":"https:\/\/www.fasep.it\/es\/wp-json\/wp\/v2\/product_tag?post=9388"}],"curies":[{"name":"wp","href":"https:\/\/api.w.org\/{rel}","templated":true}]}}