{"id":9383,"date":"2025-07-16T11:44:37","date_gmt":"2025-07-16T09:44:37","guid":{"rendered":"https:\/\/www.fasep.it\/productos\/\/a678.002"},"modified":"2026-03-31T10:18:15","modified_gmt":"2026-03-31T08:18:15","slug":"es-a678.002","status":"publish","type":"product","link":"https:\/\/www.fasep.it\/es\/productos\/alineadores\/a678.002\/","title":{"rendered":"VDP-U"},"content":{"rendered":"<font color=\"#0055Bb\"><strong>Trabaje con la elegancia italiana.<\/strong><\/font><br>\r\nVDP-U es la alineadora de ruedas ideal para talleres que buscan la combinaci\u00f3n perfecta de funcionalidad, dise\u00f1o e innovaci\u00f3n.<br>\r\nPor eso destaca VDP-U:<br>\r\n<br>\r\n<b>Dise\u00f1o Esc\u00e9nico y Funcionalidad M\u00e1xima<\/b>\r\n<ul>\r\n<li><b><i>T\u00f3tem Esc\u00e9nico:<\/i><\/b> VDP-U se presenta en forma de un llamativo t\u00f3tem con un monitor de 42&#8243; que llama inmediatamente la atenci\u00f3n y a\u00f1ade un toque moderno al entorno de trabajo\r\n<li><b><i>Ergonom\u00eda:<\/i><\/b> Todo lo que necesita el operario est\u00e1 al alcance de su mano, gracias a un dise\u00f1o que optimiza la eficacia y reduce el tiempo de intervenci\u00f3n\r\n<\/ul>\r\n<b>Monitor de 42&#8243;<\/b><br>\r\n<br>\r\n<ul>\r\n<li><b><i>Interactivo e Informativo:<\/i><\/b> El gran monitor ofrece una visualizaci\u00f3n clara y detallada de toda la informaci\u00f3n necesaria para la alineaci\u00f3n de las ruedas, lo que facilita el trabajo del operario y lo hace m\u00e1s preciso\r\n<li><b><i>Facilidad de Uso:<\/i><\/b> La interfaz intuitiva permite una interacci\u00f3n f\u00e1cil e inmediata, lo que reduce la curva de aprendizaje y los errores del operador\r\n<\/ul>\r\n<b>Garras de Apoyo Lateral<\/b><br>\r\n<br>\r\n<ul>\r\n<li><b><i>Colocaci\u00f3n Vers\u00e1til:<\/i><\/b> Las 4 garras de apoyo se pueden montar en la pared a ambos lados del t\u00f3tem para una m\u00e1xima comodidad y facilidad de uso\r\n<li><b><i>Organizaci\u00f3n Eficaz:<\/i><\/b> Las garras de apoyo mantienen las herramientas necesarias ordenadas y a mano, mejorando la organizaci\u00f3n del taller y reduciendo el tiempo de preparaci\u00f3n\r\n<\/ul>\r\n<b>Sistema de Medici\u00f3n FASEP<\/b><br>\r\n<br>\r\n<ul>\r\n<li><b><i>Precisi\u00f3n Legendaria:<\/i><\/b> VDP-U incorpora el reconocido sistema de medici\u00f3n FASEP, que garantiza resultados precisos y fiables en cada trabajo de alineaci\u00f3n de ruedas\r\n<li><b><i>Fiabilidad:<\/i><\/b> Con d\u00e9cadas de experiencia e innovaci\u00f3n a sus espaldas, el sistema de medici\u00f3n FASEP es garant\u00eda de calidad y durabilidad\r\n<\/ul>\r\nVDP-U no es s\u00f3lo una herramienta, es un verdadero socio para cualquier taller que busque la perfecci\u00f3n y la excelencia operativa. Con VDP-U, cada alineaci\u00f3n se convierte en una experiencia \u00fanica, eficiente y sin concesiones.","protected":false},"excerpt":{"rendered":"<font color=\"#0055Bb\"><strong>Trabaje con la elegancia italiana.<\/strong><\/font><br>\r\nVDP-U es la alineadora de ruedas ideal para talleres que buscan la combinaci\u00f3n perfecta de funcionalidad, dise\u00f1o e innovaci\u00f3n.<br>\r\nPor eso destaca VDP-U:<br>\r\n<br>\r\n<b>Dise\u00f1o Esc\u00e9nico y Funcionalidad M\u00e1xima<\/b>\r\n<ul>\r\n<li><b><i>T\u00f3tem Esc\u00e9nico:<\/i><\/b> VDP-U se presenta en forma de un llamativo t\u00f3tem con un monitor de 42&#8243; que llama inmediatamente la atenci\u00f3n y a\u00f1ade un toque moderno al entorno de trabajo\r\n<li><b><i>Ergonom\u00eda:<\/i><\/b> Todo lo que necesita el operario est\u00e1 al alcance de su mano, gracias a un dise\u00f1o que optimiza la eficacia y reduce el tiempo de intervenci\u00f3n\r\n<\/ul>\r\n<b>Monitor de 42&#8243;<\/b><br>\r\n<br>\r\n<ul>\r\n<li><b><i>Interactivo e Informativo:<\/i><\/b> El gran monitor ofrece una visualizaci\u00f3n clara y detallada de toda la informaci\u00f3n necesaria para la alineaci\u00f3n de las ruedas, lo que facilita el trabajo del operario y lo hace m\u00e1s preciso\r\n<li><b><i>Facilidad de Uso:<\/i><\/b> La interfaz intuitiva permite una interacci\u00f3n f\u00e1cil e inmediata, lo que reduce la curva de aprendizaje y los errores del operador\r\n<\/ul>\r\n<b>Garras de Apoyo Lateral<\/b><br>\r\n<br>\r\n<ul>\r\n<li><b><i>Colocaci\u00f3n Vers\u00e1til:<\/i><\/b> Las 4 garras de apoyo se pueden montar en la pared a ambos lados del t\u00f3tem para una m\u00e1xima comodidad y facilidad de uso\r\n<li><b><i>Organizaci\u00f3n Eficaz:<\/i><\/b> Las garras de apoyo mantienen las herramientas necesarias ordenadas y a mano, mejorando la organizaci\u00f3n del taller y reduciendo el tiempo de preparaci\u00f3n\r\n<\/ul>\r\n<b>Sistema de Medici\u00f3n FASEP<\/b><br>\r\n<br>\r\n<ul>\r\n<li><b><i>Precisi\u00f3n Legendaria:<\/i><\/b> VDP-U incorpora el reconocido sistema de medici\u00f3n FASEP, que garantiza resultados precisos y fiables en cada trabajo de alineaci\u00f3n de ruedas\r\n<li><b><i>Fiabilidad:<\/i><\/b> Con d\u00e9cadas de experiencia e innovaci\u00f3n a sus espaldas, el sistema de medici\u00f3n FASEP es garant\u00eda de calidad y durabilidad\r\n<\/ul>\r\nVDP-U no es s\u00f3lo una herramienta, es un verdadero socio para cualquier taller que busque la perfecci\u00f3n y la excelencia operativa. Con VDP-U, cada alineaci\u00f3n se convierte en una experiencia \u00fanica, eficiente y sin concesiones.","protected":false},"featured_media":0,"template":"","meta":{"_acf_changed":false},"product_brand":[],"product_cat":[],"product_tag":[],"class_list":{"0":"post-9383","1":"product","2":"type-product","3":"status-publish","6":"first","7":"instock","8":"shipping-taxable","9":"product-type-simple"},"acf":[],"yoast_head":"<!-- This site is optimized with the Yoast SEO plugin v25.7 - https:\/\/yoast.com\/wordpress\/plugins\/seo\/ -->\n<title>VDP-U<\/title>\n<meta name=\"robots\" content=\"index, follow, max-snippet:-1, max-image-preview:large, max-video-preview:-1\" \/>\n<meta property=\"og:locale\" content=\"es_ES\" \/>\n<meta property=\"og:type\" content=\"article\" \/>\n<meta property=\"og:title\" content=\"VDP-U\" \/>\n<meta property=\"og:description\" content=\"Trabaje con la elegancia italiana. VDP-U es la alineadora de ruedas ideal para talleres que buscan la combinaci\u00f3n perfecta de funcionalidad, dise\u00f1o e innovaci\u00f3n. Por eso destaca VDP-U:  Dise\u00f1o Esc\u00e9nico y Funcionalidad M\u00e1xima  T\u00f3tem Esc\u00e9nico: VDP-U se presenta en forma de un llamativo t\u00f3tem con un monitor de 42&quot; que llama inmediatamente la atenci\u00f3n y a\u00f1ade un toque moderno al entorno de trabajo Ergonom\u00eda: Todo lo que necesita el operario est\u00e1 al alcance de su mano, gracias a un dise\u00f1o que optimiza la eficacia y reduce el tiempo de intervenci\u00f3n  Monitor de 42&quot;   Interactivo e Informativo: El gran monitor ofrece una visualizaci\u00f3n clara y detallada de toda la informaci\u00f3n necesaria para la alineaci\u00f3n de las ruedas, lo que facilita el trabajo del operario y lo hace m\u00e1s preciso Facilidad de Uso: La interfaz intuitiva permite una interacci\u00f3n f\u00e1cil e inmediata, lo que reduce la curva de aprendizaje y los errores del operador  Garras de Apoyo Lateral   Colocaci\u00f3n Vers\u00e1til: Las 4 garras de apoyo se pueden montar en la pared a ambos lados del t\u00f3tem para una m\u00e1xima comodidad y facilidad de uso Organizaci\u00f3n Eficaz: Las garras de apoyo mantienen las herramientas necesarias ordenadas y a mano, mejorando la organizaci\u00f3n del taller y reduciendo el tiempo de preparaci\u00f3n  Sistema de Medici\u00f3n FASEP   Precisi\u00f3n Legendaria: VDP-U incorpora el reconocido sistema de medici\u00f3n FASEP, que garantiza resultados precisos y fiables en cada trabajo de alineaci\u00f3n de ruedas Fiabilidad: Con d\u00e9cadas de experiencia e innovaci\u00f3n a sus espaldas, el sistema de medici\u00f3n FASEP es garant\u00eda de calidad y durabilidad  VDP-U no es s\u00f3lo una herramienta, es un verdadero socio para cualquier taller que busque la perfecci\u00f3n y la excelencia operativa. Con VDP-U, cada alineaci\u00f3n se convierte en una experiencia \u00fanica, eficiente y sin concesiones.\" \/>\n<meta property=\"og:url\" content=\"https:\/\/www.fasep.it\/es\/productos\/alineadores\/a678.002\/\" \/>\n<meta property=\"og:site_name\" content=\"Fasep 2000 srl\" \/>\n<meta property=\"article:modified_time\" content=\"2026-03-31T08:18:15+00:00\" \/>\n<meta name=\"twitter:card\" content=\"summary_large_image\" \/>\n<meta name=\"twitter:label1\" content=\"Tiempo de lectura\" \/>\n\t<meta name=\"twitter:data1\" content=\"2 minutos\" \/>\n<script type=\"application\/ld+json\" class=\"yoast-schema-graph\">{\"@context\":\"https:\/\/schema.org\",\"@graph\":[{\"@type\":\"WebPage\",\"@id\":\"https:\/\/www.fasep.it\/es\/productos\/alineadores\/a678.002\/\",\"url\":\"https:\/\/www.fasep.it\/es\/productos\/alineadores\/a678.002\/\",\"name\":\"VDP-U\",\"isPartOf\":{\"@id\":\"https:\/\/www.fasep.it\/es\/#website\"},\"datePublished\":\"2025-07-16T09:44:37+00:00\",\"dateModified\":\"2026-03-31T08:18:15+00:00\",\"breadcrumb\":{\"@id\":\"https:\/\/www.fasep.it\/es\/productos\/alineadores\/a678.002\/#breadcrumb\"},\"inLanguage\":\"es\",\"potentialAction\":[{\"@type\":\"ReadAction\",\"target\":[\"https:\/\/www.fasep.it\/es\/productos\/alineadores\/a678.002\/\"]}]},{\"@type\":\"BreadcrumbList\",\"@id\":\"https:\/\/www.fasep.it\/es\/productos\/alineadores\/a678.002\/#breadcrumb\",\"itemListElement\":[{\"@type\":\"ListItem\",\"position\":1,\"name\":\"Home\",\"item\":\"https:\/\/www.fasep.it\/es\/\"},{\"@type\":\"ListItem\",\"position\":2,\"name\":\"Productos\",\"item\":\"https:\/\/www.fasep.it\/es\/shop\/\"},{\"@type\":\"ListItem\",\"position\":3,\"name\":\"VDP-U\"}]},{\"@type\":\"WebSite\",\"@id\":\"https:\/\/www.fasep.it\/es\/#website\",\"url\":\"https:\/\/www.fasep.it\/es\/\",\"name\":\"Fasep 2000 srl\",\"description\":\"\",\"potentialAction\":[{\"@type\":\"SearchAction\",\"target\":{\"@type\":\"EntryPoint\",\"urlTemplate\":\"https:\/\/www.fasep.it\/es\/?s={search_term_string}\"},\"query-input\":{\"@type\":\"PropertyValueSpecification\",\"valueRequired\":true,\"valueName\":\"search_term_string\"}}],\"inLanguage\":\"es\"}]}<\/script>\n<!-- \/ Yoast SEO plugin. -->","yoast_head_json":{"title":"VDP-U","robots":{"index":"index","follow":"follow","max-snippet":"max-snippet:-1","max-image-preview":"max-image-preview:large","max-video-preview":"max-video-preview:-1"},"og_locale":"es_ES","og_type":"article","og_title":"VDP-U","og_description":"Trabaje con la elegancia italiana. VDP-U es la alineadora de ruedas ideal para talleres que buscan la combinaci\u00f3n perfecta de funcionalidad, dise\u00f1o e innovaci\u00f3n. Por eso destaca VDP-U:  Dise\u00f1o Esc\u00e9nico y Funcionalidad M\u00e1xima  T\u00f3tem Esc\u00e9nico: VDP-U se presenta en forma de un llamativo t\u00f3tem con un monitor de 42\" que llama inmediatamente la atenci\u00f3n y a\u00f1ade un toque moderno al entorno de trabajo Ergonom\u00eda: Todo lo que necesita el operario est\u00e1 al alcance de su mano, gracias a un dise\u00f1o que optimiza la eficacia y reduce el tiempo de intervenci\u00f3n  Monitor de 42\"   Interactivo e Informativo: El gran monitor ofrece una visualizaci\u00f3n clara y detallada de toda la informaci\u00f3n necesaria para la alineaci\u00f3n de las ruedas, lo que facilita el trabajo del operario y lo hace m\u00e1s preciso Facilidad de Uso: La interfaz intuitiva permite una interacci\u00f3n f\u00e1cil e inmediata, lo que reduce la curva de aprendizaje y los errores del operador  Garras de Apoyo Lateral   Colocaci\u00f3n Vers\u00e1til: Las 4 garras de apoyo se pueden montar en la pared a ambos lados del t\u00f3tem para una m\u00e1xima comodidad y facilidad de uso Organizaci\u00f3n Eficaz: Las garras de apoyo mantienen las herramientas necesarias ordenadas y a mano, mejorando la organizaci\u00f3n del taller y reduciendo el tiempo de preparaci\u00f3n  Sistema de Medici\u00f3n FASEP   Precisi\u00f3n Legendaria: VDP-U incorpora el reconocido sistema de medici\u00f3n FASEP, que garantiza resultados precisos y fiables en cada trabajo de alineaci\u00f3n de ruedas Fiabilidad: Con d\u00e9cadas de experiencia e innovaci\u00f3n a sus espaldas, el sistema de medici\u00f3n FASEP es garant\u00eda de calidad y durabilidad  VDP-U no es s\u00f3lo una herramienta, es un verdadero socio para cualquier taller que busque la perfecci\u00f3n y la excelencia operativa. Con VDP-U, cada alineaci\u00f3n se convierte en una experiencia \u00fanica, eficiente y sin concesiones.","og_url":"https:\/\/www.fasep.it\/es\/productos\/alineadores\/a678.002\/","og_site_name":"Fasep 2000 srl","article_modified_time":"2026-03-31T08:18:15+00:00","twitter_card":"summary_large_image","twitter_misc":{"Tiempo de lectura":"2 minutos"},"schema":{"@context":"https:\/\/schema.org","@graph":[{"@type":"WebPage","@id":"https:\/\/www.fasep.it\/es\/productos\/alineadores\/a678.002\/","url":"https:\/\/www.fasep.it\/es\/productos\/alineadores\/a678.002\/","name":"VDP-U","isPartOf":{"@id":"https:\/\/www.fasep.it\/es\/#website"},"datePublished":"2025-07-16T09:44:37+00:00","dateModified":"2026-03-31T08:18:15+00:00","breadcrumb":{"@id":"https:\/\/www.fasep.it\/es\/productos\/alineadores\/a678.002\/#breadcrumb"},"inLanguage":"es","potentialAction":[{"@type":"ReadAction","target":["https:\/\/www.fasep.it\/es\/productos\/alineadores\/a678.002\/"]}]},{"@type":"BreadcrumbList","@id":"https:\/\/www.fasep.it\/es\/productos\/alineadores\/a678.002\/#breadcrumb","itemListElement":[{"@type":"ListItem","position":1,"name":"Home","item":"https:\/\/www.fasep.it\/es\/"},{"@type":"ListItem","position":2,"name":"Productos","item":"https:\/\/www.fasep.it\/es\/shop\/"},{"@type":"ListItem","position":3,"name":"VDP-U"}]},{"@type":"WebSite","@id":"https:\/\/www.fasep.it\/es\/#website","url":"https:\/\/www.fasep.it\/es\/","name":"Fasep 2000 srl","description":"","potentialAction":[{"@type":"SearchAction","target":{"@type":"EntryPoint","urlTemplate":"https:\/\/www.fasep.it\/es\/?s={search_term_string}"},"query-input":{"@type":"PropertyValueSpecification","valueRequired":true,"valueName":"search_term_string"}}],"inLanguage":"es"}]}},"_links":{"self":[{"href":"https:\/\/www.fasep.it\/es\/wp-json\/wp\/v2\/product\/9383","targetHints":{"allow":["GET"]}}],"collection":[{"href":"https:\/\/www.fasep.it\/es\/wp-json\/wp\/v2\/product"}],"about":[{"href":"https:\/\/www.fasep.it\/es\/wp-json\/wp\/v2\/types\/product"}],"wp:attachment":[{"href":"https:\/\/www.fasep.it\/es\/wp-json\/wp\/v2\/media?parent=9383"}],"wp:term":[{"taxonomy":"product_brand","embeddable":true,"href":"https:\/\/www.fasep.it\/es\/wp-json\/wp\/v2\/product_brand?post=9383"},{"taxonomy":"product_cat","embeddable":true,"href":"https:\/\/www.fasep.it\/es\/wp-json\/wp\/v2\/product_cat?post=9383"},{"taxonomy":"product_tag","embeddable":true,"href":"https:\/\/www.fasep.it\/es\/wp-json\/wp\/v2\/product_tag?post=9383"}],"curies":[{"name":"wp","href":"https:\/\/api.w.org\/{rel}","templated":true}]}}