{"id":9380,"date":"2025-07-16T11:44:45","date_gmt":"2025-07-16T09:44:45","guid":{"rendered":"https:\/\/www.fasep.it\/productos\/\/a632.007"},"modified":"2026-03-31T10:18:14","modified_gmt":"2026-03-31T08:18:14","slug":"es-a632.007","status":"publish","type":"product","link":"https:\/\/www.fasep.it\/es\/productos\/alineadores\/a632.007\/","title":{"rendered":"NoContact"},"content":{"rendered":"<font color=\"#0055BB\"><strong>NoContact &#8211; Robot Alineador sin contacto<\/strong><\/font>\r\n<br>\r\nCon NoContact puede revolucionar la forma en que trabaja.\r\n\r\n<ul>\r\n<li>Sin necesidad de colocaci\u00f3n de garras ni ning\u00fan aparato en la rueda<\/li>\r\n<li>Sin necesidad de realizar la prueba de alabeo<\/li>\r\n<li>Precisi\u00f3n de medida equiparable a las tecnolog\u00edas de infrarrojo ( mucho mejor que la precisi\u00f3n de la tecnolog\u00eda 3d tradicional)<\/li>\r\n<li>Posicionamiento autom\u00e1tico de las c\u00e1maras<\/li>\r\n<li>Ajuste automatico de la altura del veh\u00edculo<\/li>\r\n<\/ul>\r\n<br>\r\nAlgunos clientes que ya han elegido el alineador de rueda NoContact:\r\n<ul>\r\n<li><a href=\"https:\/\/www.fasep.it\/en\/news\/zancolli-pneumatici-new-installation-of-nocontact\" target=\"_blank\" rel=\"noopener\">Zancolli Pneumatici<\/a><\/li>\r\n<\/ul>","protected":false},"excerpt":{"rendered":"<font color=\"#0055BB\"><strong>NoContact &#8211; Robot Alineador sin contacto<\/strong><\/font>\r\n<br>\r\nCon NoContact puede revolucionar la forma en que trabaja.\r\n\r\n<ul>\r\n<li>Sin necesidad de colocaci\u00f3n de garras ni ning\u00fan aparato en la rueda<\/li>\r\n<li>Sin necesidad de realizar la prueba de alabeo<\/li>\r\n<li>Precisi\u00f3n de medida equiparable a las tecnolog\u00edas de infrarrojo ( mucho mejor que la precisi\u00f3n de la tecnolog\u00eda 3d tradicional)<\/li>\r\n<li>Posicionamiento autom\u00e1tico de las c\u00e1maras<\/li>\r\n<li>Ajuste automatico de la altura del veh\u00edculo<\/li>\r\n<\/ul>\r\n<br>\r\nAlgunos clientes que ya han elegido el alineador de rueda NoContact:\r\n<ul>\r\n<li><a href=\"https:\/\/www.fasep.it\/en\/news\/zancolli-pneumatici-new-installation-of-nocontact\" target=\"_blank\" rel=\"noopener\">Zancolli Pneumatici<\/a><\/li>\r\n<\/ul>","protected":false},"featured_media":0,"template":"","meta":{"_acf_changed":false},"product_brand":[],"product_cat":[],"product_tag":[],"class_list":{"0":"post-9380","1":"product","2":"type-product","3":"status-publish","6":"first","7":"instock","8":"shipping-taxable","9":"product-type-simple"},"acf":[],"yoast_head":"<!-- This site is optimized with the Yoast SEO plugin v25.7 - https:\/\/yoast.com\/wordpress\/plugins\/seo\/ -->\n<title>NoContact<\/title>\n<meta name=\"robots\" content=\"index, follow, max-snippet:-1, max-image-preview:large, max-video-preview:-1\" \/>\n<meta property=\"og:locale\" content=\"es_ES\" \/>\n<meta property=\"og:type\" content=\"article\" \/>\n<meta property=\"og:title\" content=\"NoContact\" \/>\n<meta property=\"og:description\" content=\"NoContact - Robot Alineador sin contacto  Con NoContact puede revolucionar la forma en que trabaja.   Sin necesidad de colocaci\u00f3n de garras ni ning\u00fan aparato en la rueda Sin necesidad de realizar la prueba de alabeo Precisi\u00f3n de medida equiparable a las tecnolog\u00edas de infrarrojo ( mucho mejor que la precisi\u00f3n de la tecnolog\u00eda 3d tradicional) Posicionamiento autom\u00e1tico de las c\u00e1maras Ajuste automatico de la altura del veh\u00edculo   Algunos clientes que ya han elegido el alineador de rueda NoContact:  Zancolli Pneumatici\" \/>\n<meta property=\"og:url\" content=\"https:\/\/www.fasep.it\/es\/productos\/alineadores\/a632.007\/\" \/>\n<meta property=\"og:site_name\" content=\"Fasep 2000 srl\" \/>\n<meta property=\"article:modified_time\" content=\"2026-03-31T08:18:14+00:00\" \/>\n<meta name=\"twitter:card\" content=\"summary_large_image\" \/>\n<script type=\"application\/ld+json\" class=\"yoast-schema-graph\">{\"@context\":\"https:\/\/schema.org\",\"@graph\":[{\"@type\":\"WebPage\",\"@id\":\"https:\/\/www.fasep.it\/es\/productos\/alineadores\/a632.007\/\",\"url\":\"https:\/\/www.fasep.it\/es\/productos\/alineadores\/a632.007\/\",\"name\":\"NoContact\",\"isPartOf\":{\"@id\":\"https:\/\/www.fasep.it\/es\/#website\"},\"datePublished\":\"2025-07-16T09:44:45+00:00\",\"dateModified\":\"2026-03-31T08:18:14+00:00\",\"breadcrumb\":{\"@id\":\"https:\/\/www.fasep.it\/es\/productos\/alineadores\/a632.007\/#breadcrumb\"},\"inLanguage\":\"es\",\"potentialAction\":[{\"@type\":\"ReadAction\",\"target\":[\"https:\/\/www.fasep.it\/es\/productos\/alineadores\/a632.007\/\"]}]},{\"@type\":\"BreadcrumbList\",\"@id\":\"https:\/\/www.fasep.it\/es\/productos\/alineadores\/a632.007\/#breadcrumb\",\"itemListElement\":[{\"@type\":\"ListItem\",\"position\":1,\"name\":\"Home\",\"item\":\"https:\/\/www.fasep.it\/es\/\"},{\"@type\":\"ListItem\",\"position\":2,\"name\":\"Productos\",\"item\":\"https:\/\/www.fasep.it\/es\/shop\/\"},{\"@type\":\"ListItem\",\"position\":3,\"name\":\"NoContact\"}]},{\"@type\":\"WebSite\",\"@id\":\"https:\/\/www.fasep.it\/es\/#website\",\"url\":\"https:\/\/www.fasep.it\/es\/\",\"name\":\"Fasep 2000 srl\",\"description\":\"\",\"potentialAction\":[{\"@type\":\"SearchAction\",\"target\":{\"@type\":\"EntryPoint\",\"urlTemplate\":\"https:\/\/www.fasep.it\/es\/?s={search_term_string}\"},\"query-input\":{\"@type\":\"PropertyValueSpecification\",\"valueRequired\":true,\"valueName\":\"search_term_string\"}}],\"inLanguage\":\"es\"}]}<\/script>\n<!-- \/ Yoast SEO plugin. -->","yoast_head_json":{"title":"NoContact","robots":{"index":"index","follow":"follow","max-snippet":"max-snippet:-1","max-image-preview":"max-image-preview:large","max-video-preview":"max-video-preview:-1"},"og_locale":"es_ES","og_type":"article","og_title":"NoContact","og_description":"NoContact - Robot Alineador sin contacto  Con NoContact puede revolucionar la forma en que trabaja.   Sin necesidad de colocaci\u00f3n de garras ni ning\u00fan aparato en la rueda Sin necesidad de realizar la prueba de alabeo Precisi\u00f3n de medida equiparable a las tecnolog\u00edas de infrarrojo ( mucho mejor que la precisi\u00f3n de la tecnolog\u00eda 3d tradicional) Posicionamiento autom\u00e1tico de las c\u00e1maras Ajuste automatico de la altura del veh\u00edculo   Algunos clientes que ya han elegido el alineador de rueda NoContact:  Zancolli Pneumatici","og_url":"https:\/\/www.fasep.it\/es\/productos\/alineadores\/a632.007\/","og_site_name":"Fasep 2000 srl","article_modified_time":"2026-03-31T08:18:14+00:00","twitter_card":"summary_large_image","schema":{"@context":"https:\/\/schema.org","@graph":[{"@type":"WebPage","@id":"https:\/\/www.fasep.it\/es\/productos\/alineadores\/a632.007\/","url":"https:\/\/www.fasep.it\/es\/productos\/alineadores\/a632.007\/","name":"NoContact","isPartOf":{"@id":"https:\/\/www.fasep.it\/es\/#website"},"datePublished":"2025-07-16T09:44:45+00:00","dateModified":"2026-03-31T08:18:14+00:00","breadcrumb":{"@id":"https:\/\/www.fasep.it\/es\/productos\/alineadores\/a632.007\/#breadcrumb"},"inLanguage":"es","potentialAction":[{"@type":"ReadAction","target":["https:\/\/www.fasep.it\/es\/productos\/alineadores\/a632.007\/"]}]},{"@type":"BreadcrumbList","@id":"https:\/\/www.fasep.it\/es\/productos\/alineadores\/a632.007\/#breadcrumb","itemListElement":[{"@type":"ListItem","position":1,"name":"Home","item":"https:\/\/www.fasep.it\/es\/"},{"@type":"ListItem","position":2,"name":"Productos","item":"https:\/\/www.fasep.it\/es\/shop\/"},{"@type":"ListItem","position":3,"name":"NoContact"}]},{"@type":"WebSite","@id":"https:\/\/www.fasep.it\/es\/#website","url":"https:\/\/www.fasep.it\/es\/","name":"Fasep 2000 srl","description":"","potentialAction":[{"@type":"SearchAction","target":{"@type":"EntryPoint","urlTemplate":"https:\/\/www.fasep.it\/es\/?s={search_term_string}"},"query-input":{"@type":"PropertyValueSpecification","valueRequired":true,"valueName":"search_term_string"}}],"inLanguage":"es"}]}},"_links":{"self":[{"href":"https:\/\/www.fasep.it\/es\/wp-json\/wp\/v2\/product\/9380","targetHints":{"allow":["GET"]}}],"collection":[{"href":"https:\/\/www.fasep.it\/es\/wp-json\/wp\/v2\/product"}],"about":[{"href":"https:\/\/www.fasep.it\/es\/wp-json\/wp\/v2\/types\/product"}],"wp:attachment":[{"href":"https:\/\/www.fasep.it\/es\/wp-json\/wp\/v2\/media?parent=9380"}],"wp:term":[{"taxonomy":"product_brand","embeddable":true,"href":"https:\/\/www.fasep.it\/es\/wp-json\/wp\/v2\/product_brand?post=9380"},{"taxonomy":"product_cat","embeddable":true,"href":"https:\/\/www.fasep.it\/es\/wp-json\/wp\/v2\/product_cat?post=9380"},{"taxonomy":"product_tag","embeddable":true,"href":"https:\/\/www.fasep.it\/es\/wp-json\/wp\/v2\/product_tag?post=9380"}],"curies":[{"name":"wp","href":"https:\/\/api.w.org\/{rel}","templated":true}]}}