{"id":7287,"date":"2025-07-16T11:41:45","date_gmt":"2025-07-16T09:41:45","guid":{"rendered":"https:\/\/www2.fasep.it\/productos\/\/es-v540.001"},"modified":"2026-03-31T10:18:42","modified_gmt":"2026-03-31T08:18:42","slug":"es-v540.001","status":"publish","type":"product","link":"https:\/\/www.fasep.it\/es\/productos\/varios\/v540.001\/","title":{"rendered":"TP8000 F\/PROFIL"},"content":{"rendered":"<font color=\"#0055BB\"><b>PERFILADOR DE BANDA DE RODADURA para autom\u00f3viles \/ veh\u00edculos comerciales ligeros (ejes gemelos incluidos)<\/font><\/b><br>\r\nTP8000 es la mejor soluci\u00f3n para un <u>diagn\u00f3stico completo de los neum\u00e1ticos de autom\u00f3viles y camiones ligeros<\/u>.<br>\r\nEl diagn\u00f3stico l\u00e1ser proporciona un <u>informe objetivo y detallado<\/u> que muestra el verdadero estado de desgaste de los neum\u00e1ticos, recomendando su sustituci\u00f3n cuando sea necesario.<br>\r\n<br>\r\nCaracter\u00edsticas:\r\n<ul>\r\n<li>Montaje a ras de suelo\r\n<li>Dimensiones: 2500x500x124 mm\r\n<li>Diagn\u00f3stico: profundidad de la banda de rodadura, alineaci\u00f3n\r\n<li>Tipo de medici\u00f3n: triangulaci\u00f3n l\u00e1ser 2D\r\n<li>Ancho de v\u00eda m\u00ednimo\/m\u00e1ximo: 700\/2300 mm\r\n<li>Anchura m\u00e1xima de las ruedas: 800 mm\r\n<li>Precisi\u00f3n en la medici\u00f3n: 0,1 mm\r\n<li>Repetibilidad: 0,3 mm\r\n<li>Ciclo de trabajo: sensor de presencia autom\u00e1tico\/mando a distancia\r\n<li>Tiempo de lectura: &lt;5 s\/eje\r\n<li>Carga m\u00e1xima\/eje: 3000 kg\r\n<li>Protecci\u00f3n el\u00e9ctrica: IP65\r\n<li>Rango de funcionamiento (\u00b0C): 0-50\u00b0C\r\n<li>Datos mostrados: perfil de la banda de rodadura en 2D con valores de profundidad\r\n<li>Interfaz: Windows 10 FULL HD PC \/ laptop \/ tablet\r\n<li>Resoluci\u00f3n m\u00ednima: 1920&#215;1080\r\n<\/ul>","protected":false},"excerpt":{"rendered":"<font color=\"#0055BB\"><b>PERFILADOR DE BANDA DE RODADURA para autom\u00f3viles \/ veh\u00edculos comerciales ligeros (ejes gemelos incluidos)<\/font><\/b><br>\r\nTP8000 es la mejor soluci\u00f3n para un <u>diagn\u00f3stico completo de los neum\u00e1ticos de autom\u00f3viles y camiones ligeros<\/u>.<br>\r\nEl diagn\u00f3stico l\u00e1ser proporciona un <u>informe objetivo y detallado<\/u> que muestra el verdadero estado de desgaste de los neum\u00e1ticos, recomendando su sustituci\u00f3n cuando sea necesario.<br>\r\n<br>\r\nCaracter\u00edsticas:\r\n<ul>\r\n<li>Montaje a ras de suelo\r\n<li>Dimensiones: 2500x500x124 mm\r\n<li>Diagn\u00f3stico: profundidad de la banda de rodadura, alineaci\u00f3n\r\n<li>Tipo de medici\u00f3n: triangulaci\u00f3n l\u00e1ser 2D\r\n<li>Ancho de v\u00eda m\u00ednimo\/m\u00e1ximo: 700\/2300 mm\r\n<li>Anchura m\u00e1xima de las ruedas: 800 mm\r\n<li>Precisi\u00f3n en la medici\u00f3n: 0,1 mm\r\n<li>Repetibilidad: 0,3 mm\r\n<li>Ciclo de trabajo: sensor de presencia autom\u00e1tico\/mando a distancia\r\n<li>Tiempo de lectura: &lt;5 s\/eje\r\n<li>Carga m\u00e1xima\/eje: 3000 kg\r\n<li>Protecci\u00f3n el\u00e9ctrica: IP65\r\n<li>Rango de funcionamiento (\u00b0C): 0-50\u00b0C\r\n<li>Datos mostrados: perfil de la banda de rodadura en 2D con valores de profundidad\r\n<li>Interfaz: Windows 10 FULL HD PC \/ laptop \/ tablet\r\n<li>Resoluci\u00f3n m\u00ednima: 1920&#215;1080\r\n<\/ul>","protected":false},"featured_media":0,"template":"","meta":{"_acf_changed":false},"product_brand":[],"product_cat":[],"product_tag":[],"class_list":{"0":"post-7287","1":"product","2":"type-product","3":"status-publish","6":"first","7":"instock","8":"shipping-taxable","9":"product-type-simple"},"acf":[],"yoast_head":"<!-- This site is optimized with the Yoast SEO plugin v25.7 - https:\/\/yoast.com\/wordpress\/plugins\/seo\/ -->\n<title>TP8000 F\/PROFIL<\/title>\n<meta name=\"robots\" content=\"index, follow, max-snippet:-1, max-image-preview:large, max-video-preview:-1\" \/>\n<meta property=\"og:locale\" content=\"es_ES\" \/>\n<meta property=\"og:type\" content=\"article\" \/>\n<meta property=\"og:title\" content=\"TP8000 F\/PROFIL\" \/>\n<meta property=\"og:description\" content=\"PERFILADOR DE BANDA DE RODADURA para autom\u00f3viles \/ veh\u00edculos comerciales ligeros (ejes gemelos incluidos) TP8000 es la mejor soluci\u00f3n para un diagn\u00f3stico completo de los neum\u00e1ticos de autom\u00f3viles y camiones ligeros. El diagn\u00f3stico l\u00e1ser proporciona un informe objetivo y detallado que muestra el verdadero estado de desgaste de los neum\u00e1ticos, recomendando su sustituci\u00f3n cuando sea necesario.  Caracter\u00edsticas:  Montaje a ras de suelo Dimensiones: 2500x500x124 mm Diagn\u00f3stico: profundidad de la banda de rodadura, alineaci\u00f3n Tipo de medici\u00f3n: triangulaci\u00f3n l\u00e1ser 2D Ancho de v\u00eda m\u00ednimo\/m\u00e1ximo: 700\/2300 mm Anchura m\u00e1xima de las ruedas: 800 mm Precisi\u00f3n en la medici\u00f3n: 0,1 mm Repetibilidad: 0,3 mm Ciclo de trabajo: sensor de presencia autom\u00e1tico\/mando a distancia Tiempo de lectura: &lt;5 s\/eje Carga m\u00e1xima\/eje: 3000 kg Protecci\u00f3n el\u00e9ctrica: IP65 Rango de funcionamiento (\u00b0C): 0-50\u00b0C Datos mostrados: perfil de la banda de rodadura en 2D con valores de profundidad Interfaz: Windows 10 FULL HD PC \/ laptop \/ tablet Resoluci\u00f3n m\u00ednima: 1920x1080\" \/>\n<meta property=\"og:url\" content=\"https:\/\/www.fasep.it\/es\/productos\/varios\/v540.001\/\" \/>\n<meta property=\"og:site_name\" content=\"Fasep 2000 srl\" \/>\n<meta property=\"article:modified_time\" content=\"2026-03-31T08:18:42+00:00\" \/>\n<meta name=\"twitter:card\" content=\"summary_large_image\" \/>\n<meta name=\"twitter:label1\" content=\"Tiempo de lectura\" \/>\n\t<meta name=\"twitter:data1\" content=\"1 minuto\" \/>\n<script type=\"application\/ld+json\" class=\"yoast-schema-graph\">{\"@context\":\"https:\/\/schema.org\",\"@graph\":[{\"@type\":\"WebPage\",\"@id\":\"https:\/\/www.fasep.it\/es\/productos\/varios\/v540.001\/\",\"url\":\"https:\/\/www.fasep.it\/es\/productos\/varios\/v540.001\/\",\"name\":\"TP8000 F\/PROFIL\",\"isPartOf\":{\"@id\":\"https:\/\/www.fasep.it\/es\/#website\"},\"datePublished\":\"2025-07-16T09:41:45+00:00\",\"dateModified\":\"2026-03-31T08:18:42+00:00\",\"breadcrumb\":{\"@id\":\"https:\/\/www.fasep.it\/es\/productos\/varios\/v540.001\/#breadcrumb\"},\"inLanguage\":\"es\",\"potentialAction\":[{\"@type\":\"ReadAction\",\"target\":[\"https:\/\/www.fasep.it\/es\/productos\/varios\/v540.001\/\"]}]},{\"@type\":\"BreadcrumbList\",\"@id\":\"https:\/\/www.fasep.it\/es\/productos\/varios\/v540.001\/#breadcrumb\",\"itemListElement\":[{\"@type\":\"ListItem\",\"position\":1,\"name\":\"Home\",\"item\":\"https:\/\/www.fasep.it\/es\/\"},{\"@type\":\"ListItem\",\"position\":2,\"name\":\"Productos\",\"item\":\"https:\/\/www.fasep.it\/es\/shop\/\"},{\"@type\":\"ListItem\",\"position\":3,\"name\":\"TP8000 F\/PROFIL\"}]},{\"@type\":\"WebSite\",\"@id\":\"https:\/\/www.fasep.it\/es\/#website\",\"url\":\"https:\/\/www.fasep.it\/es\/\",\"name\":\"Fasep 2000 srl\",\"description\":\"\",\"potentialAction\":[{\"@type\":\"SearchAction\",\"target\":{\"@type\":\"EntryPoint\",\"urlTemplate\":\"https:\/\/www.fasep.it\/es\/?s={search_term_string}\"},\"query-input\":{\"@type\":\"PropertyValueSpecification\",\"valueRequired\":true,\"valueName\":\"search_term_string\"}}],\"inLanguage\":\"es\"}]}<\/script>\n<!-- \/ Yoast SEO plugin. -->","yoast_head_json":{"title":"TP8000 F\/PROFIL","robots":{"index":"index","follow":"follow","max-snippet":"max-snippet:-1","max-image-preview":"max-image-preview:large","max-video-preview":"max-video-preview:-1"},"og_locale":"es_ES","og_type":"article","og_title":"TP8000 F\/PROFIL","og_description":"PERFILADOR DE BANDA DE RODADURA para autom\u00f3viles \/ veh\u00edculos comerciales ligeros (ejes gemelos incluidos) TP8000 es la mejor soluci\u00f3n para un diagn\u00f3stico completo de los neum\u00e1ticos de autom\u00f3viles y camiones ligeros. El diagn\u00f3stico l\u00e1ser proporciona un informe objetivo y detallado que muestra el verdadero estado de desgaste de los neum\u00e1ticos, recomendando su sustituci\u00f3n cuando sea necesario.  Caracter\u00edsticas:  Montaje a ras de suelo Dimensiones: 2500x500x124 mm Diagn\u00f3stico: profundidad de la banda de rodadura, alineaci\u00f3n Tipo de medici\u00f3n: triangulaci\u00f3n l\u00e1ser 2D Ancho de v\u00eda m\u00ednimo\/m\u00e1ximo: 700\/2300 mm Anchura m\u00e1xima de las ruedas: 800 mm Precisi\u00f3n en la medici\u00f3n: 0,1 mm Repetibilidad: 0,3 mm Ciclo de trabajo: sensor de presencia autom\u00e1tico\/mando a distancia Tiempo de lectura: &lt;5 s\/eje Carga m\u00e1xima\/eje: 3000 kg Protecci\u00f3n el\u00e9ctrica: IP65 Rango de funcionamiento (\u00b0C): 0-50\u00b0C Datos mostrados: perfil de la banda de rodadura en 2D con valores de profundidad Interfaz: Windows 10 FULL HD PC \/ laptop \/ tablet Resoluci\u00f3n m\u00ednima: 1920x1080","og_url":"https:\/\/www.fasep.it\/es\/productos\/varios\/v540.001\/","og_site_name":"Fasep 2000 srl","article_modified_time":"2026-03-31T08:18:42+00:00","twitter_card":"summary_large_image","twitter_misc":{"Tiempo de lectura":"1 minuto"},"schema":{"@context":"https:\/\/schema.org","@graph":[{"@type":"WebPage","@id":"https:\/\/www.fasep.it\/es\/productos\/varios\/v540.001\/","url":"https:\/\/www.fasep.it\/es\/productos\/varios\/v540.001\/","name":"TP8000 F\/PROFIL","isPartOf":{"@id":"https:\/\/www.fasep.it\/es\/#website"},"datePublished":"2025-07-16T09:41:45+00:00","dateModified":"2026-03-31T08:18:42+00:00","breadcrumb":{"@id":"https:\/\/www.fasep.it\/es\/productos\/varios\/v540.001\/#breadcrumb"},"inLanguage":"es","potentialAction":[{"@type":"ReadAction","target":["https:\/\/www.fasep.it\/es\/productos\/varios\/v540.001\/"]}]},{"@type":"BreadcrumbList","@id":"https:\/\/www.fasep.it\/es\/productos\/varios\/v540.001\/#breadcrumb","itemListElement":[{"@type":"ListItem","position":1,"name":"Home","item":"https:\/\/www.fasep.it\/es\/"},{"@type":"ListItem","position":2,"name":"Productos","item":"https:\/\/www.fasep.it\/es\/shop\/"},{"@type":"ListItem","position":3,"name":"TP8000 F\/PROFIL"}]},{"@type":"WebSite","@id":"https:\/\/www.fasep.it\/es\/#website","url":"https:\/\/www.fasep.it\/es\/","name":"Fasep 2000 srl","description":"","potentialAction":[{"@type":"SearchAction","target":{"@type":"EntryPoint","urlTemplate":"https:\/\/www.fasep.it\/es\/?s={search_term_string}"},"query-input":{"@type":"PropertyValueSpecification","valueRequired":true,"valueName":"search_term_string"}}],"inLanguage":"es"}]}},"_links":{"self":[{"href":"https:\/\/www.fasep.it\/es\/wp-json\/wp\/v2\/product\/7287","targetHints":{"allow":["GET"]}}],"collection":[{"href":"https:\/\/www.fasep.it\/es\/wp-json\/wp\/v2\/product"}],"about":[{"href":"https:\/\/www.fasep.it\/es\/wp-json\/wp\/v2\/types\/product"}],"wp:attachment":[{"href":"https:\/\/www.fasep.it\/es\/wp-json\/wp\/v2\/media?parent=7287"}],"wp:term":[{"taxonomy":"product_brand","embeddable":true,"href":"https:\/\/www.fasep.it\/es\/wp-json\/wp\/v2\/product_brand?post=7287"},{"taxonomy":"product_cat","embeddable":true,"href":"https:\/\/www.fasep.it\/es\/wp-json\/wp\/v2\/product_cat?post=7287"},{"taxonomy":"product_tag","embeddable":true,"href":"https:\/\/www.fasep.it\/es\/wp-json\/wp\/v2\/product_tag?post=7287"}],"curies":[{"name":"wp","href":"https:\/\/api.w.org\/{rel}","templated":true}]}}