{"id":11177,"date":"2026-03-30T10:19:44","date_gmt":"2026-03-30T08:19:44","guid":{"rendered":"https:\/\/www.fasep.it\/productos\/\/sa302\/"},"modified":"2026-03-31T10:18:43","modified_gmt":"2026-03-31T08:18:43","slug":"es-sa302","status":"publish","type":"product","link":"https:\/\/www.fasep.it\/es\/productos\/varios\/sa302\/","title":{"rendered":"INFLADOR ELECTR\u00d3NICO PORT\u00c1TIL"},"content":{"rendered":"El inflador de neum\u00e1ticos SA302 es el primer inflador autom\u00e1tico verdaderamente port\u00e1til que cuenta con todas las prestaciones de una unidad de pared de mayor tama\u00f1o conectada a una fuente de aire; lo \u00fanico que hay que hacer es preajustar la presi\u00f3n deseada, colocar la boquilla en la v\u00e1lvula del neum\u00e1tico y el sistema de arranque autom\u00e1tico integrado se encarga de inflar o desinflar el neum\u00e1tico hasta la presi\u00f3n especificada.","protected":false},"excerpt":{"rendered":"El inflador de neum\u00e1ticos SA302 es el primer inflador autom\u00e1tico verdaderamente port\u00e1til que cuenta con todas las prestaciones de una unidad de pared de mayor tama\u00f1o conectada a una fuente de aire; lo \u00fanico que hay que hacer es preajustar la presi\u00f3n deseada, colocar la boquilla en la v\u00e1lvula del neum\u00e1tico y el sistema de arranque autom\u00e1tico integrado se encarga de inflar o desinflar el neum\u00e1tico hasta la presi\u00f3n especificada.","protected":false},"featured_media":0,"template":"","meta":{"_acf_changed":false},"product_brand":[],"product_cat":[],"product_tag":[],"class_list":{"0":"post-11177","1":"product","2":"type-product","3":"status-publish","6":"first","7":"instock","8":"shipping-taxable","9":"product-type-simple"},"acf":[],"yoast_head":"<!-- This site is optimized with the Yoast SEO plugin v25.7 - https:\/\/yoast.com\/wordpress\/plugins\/seo\/ -->\n<title>INFLADOR ELECTR\u00d3NICO PORT\u00c1TIL<\/title>\n<meta name=\"robots\" content=\"index, follow, max-snippet:-1, max-image-preview:large, max-video-preview:-1\" \/>\n<meta property=\"og:locale\" content=\"es_ES\" \/>\n<meta property=\"og:type\" content=\"article\" \/>\n<meta property=\"og:title\" content=\"INFLADOR ELECTR\u00d3NICO PORT\u00c1TIL\" \/>\n<meta property=\"og:description\" content=\"El inflador de neum\u00e1ticos SA302 es el primer inflador autom\u00e1tico verdaderamente port\u00e1til que cuenta con todas las prestaciones de una unidad de pared de mayor tama\u00f1o conectada a una fuente de aire; lo \u00fanico que hay que hacer es preajustar la presi\u00f3n deseada, colocar la boquilla en la v\u00e1lvula del neum\u00e1tico y el sistema de arranque autom\u00e1tico integrado se encarga de inflar o desinflar el neum\u00e1tico hasta la presi\u00f3n especificada.\" \/>\n<meta property=\"og:url\" content=\"https:\/\/www.fasep.it\/es\/productos\/varios\/sa302\/\" \/>\n<meta property=\"og:site_name\" content=\"Fasep 2000 srl\" \/>\n<meta property=\"article:modified_time\" content=\"2026-03-31T08:18:43+00:00\" \/>\n<meta name=\"twitter:card\" content=\"summary_large_image\" \/>\n<script type=\"application\/ld+json\" class=\"yoast-schema-graph\">{\"@context\":\"https:\/\/schema.org\",\"@graph\":[{\"@type\":\"WebPage\",\"@id\":\"https:\/\/www.fasep.it\/es\/productos\/varios\/sa302\/\",\"url\":\"https:\/\/www.fasep.it\/es\/productos\/varios\/sa302\/\",\"name\":\"INFLADOR ELECTR\u00d3NICO PORT\u00c1TIL\",\"isPartOf\":{\"@id\":\"https:\/\/www.fasep.it\/es\/#website\"},\"datePublished\":\"2026-03-30T08:19:44+00:00\",\"dateModified\":\"2026-03-31T08:18:43+00:00\",\"breadcrumb\":{\"@id\":\"https:\/\/www.fasep.it\/es\/productos\/varios\/sa302\/#breadcrumb\"},\"inLanguage\":\"es\",\"potentialAction\":[{\"@type\":\"ReadAction\",\"target\":[\"https:\/\/www.fasep.it\/es\/productos\/varios\/sa302\/\"]}]},{\"@type\":\"BreadcrumbList\",\"@id\":\"https:\/\/www.fasep.it\/es\/productos\/varios\/sa302\/#breadcrumb\",\"itemListElement\":[{\"@type\":\"ListItem\",\"position\":1,\"name\":\"Home\",\"item\":\"https:\/\/www.fasep.it\/es\/\"},{\"@type\":\"ListItem\",\"position\":2,\"name\":\"Productos\",\"item\":\"https:\/\/www.fasep.it\/es\/shop\/\"},{\"@type\":\"ListItem\",\"position\":3,\"name\":\"INFLADOR ELECTR\u00d3NICO PORT\u00c1TIL\"}]},{\"@type\":\"WebSite\",\"@id\":\"https:\/\/www.fasep.it\/es\/#website\",\"url\":\"https:\/\/www.fasep.it\/es\/\",\"name\":\"Fasep 2000 srl\",\"description\":\"\",\"potentialAction\":[{\"@type\":\"SearchAction\",\"target\":{\"@type\":\"EntryPoint\",\"urlTemplate\":\"https:\/\/www.fasep.it\/es\/?s={search_term_string}\"},\"query-input\":{\"@type\":\"PropertyValueSpecification\",\"valueRequired\":true,\"valueName\":\"search_term_string\"}}],\"inLanguage\":\"es\"}]}<\/script>\n<!-- \/ Yoast SEO plugin. -->","yoast_head_json":{"title":"INFLADOR ELECTR\u00d3NICO PORT\u00c1TIL","robots":{"index":"index","follow":"follow","max-snippet":"max-snippet:-1","max-image-preview":"max-image-preview:large","max-video-preview":"max-video-preview:-1"},"og_locale":"es_ES","og_type":"article","og_title":"INFLADOR ELECTR\u00d3NICO PORT\u00c1TIL","og_description":"El inflador de neum\u00e1ticos SA302 es el primer inflador autom\u00e1tico verdaderamente port\u00e1til que cuenta con todas las prestaciones de una unidad de pared de mayor tama\u00f1o conectada a una fuente de aire; lo \u00fanico que hay que hacer es preajustar la presi\u00f3n deseada, colocar la boquilla en la v\u00e1lvula del neum\u00e1tico y el sistema de arranque autom\u00e1tico integrado se encarga de inflar o desinflar el neum\u00e1tico hasta la presi\u00f3n especificada.","og_url":"https:\/\/www.fasep.it\/es\/productos\/varios\/sa302\/","og_site_name":"Fasep 2000 srl","article_modified_time":"2026-03-31T08:18:43+00:00","twitter_card":"summary_large_image","schema":{"@context":"https:\/\/schema.org","@graph":[{"@type":"WebPage","@id":"https:\/\/www.fasep.it\/es\/productos\/varios\/sa302\/","url":"https:\/\/www.fasep.it\/es\/productos\/varios\/sa302\/","name":"INFLADOR ELECTR\u00d3NICO PORT\u00c1TIL","isPartOf":{"@id":"https:\/\/www.fasep.it\/es\/#website"},"datePublished":"2026-03-30T08:19:44+00:00","dateModified":"2026-03-31T08:18:43+00:00","breadcrumb":{"@id":"https:\/\/www.fasep.it\/es\/productos\/varios\/sa302\/#breadcrumb"},"inLanguage":"es","potentialAction":[{"@type":"ReadAction","target":["https:\/\/www.fasep.it\/es\/productos\/varios\/sa302\/"]}]},{"@type":"BreadcrumbList","@id":"https:\/\/www.fasep.it\/es\/productos\/varios\/sa302\/#breadcrumb","itemListElement":[{"@type":"ListItem","position":1,"name":"Home","item":"https:\/\/www.fasep.it\/es\/"},{"@type":"ListItem","position":2,"name":"Productos","item":"https:\/\/www.fasep.it\/es\/shop\/"},{"@type":"ListItem","position":3,"name":"INFLADOR ELECTR\u00d3NICO PORT\u00c1TIL"}]},{"@type":"WebSite","@id":"https:\/\/www.fasep.it\/es\/#website","url":"https:\/\/www.fasep.it\/es\/","name":"Fasep 2000 srl","description":"","potentialAction":[{"@type":"SearchAction","target":{"@type":"EntryPoint","urlTemplate":"https:\/\/www.fasep.it\/es\/?s={search_term_string}"},"query-input":{"@type":"PropertyValueSpecification","valueRequired":true,"valueName":"search_term_string"}}],"inLanguage":"es"}]}},"_links":{"self":[{"href":"https:\/\/www.fasep.it\/es\/wp-json\/wp\/v2\/product\/11177","targetHints":{"allow":["GET"]}}],"collection":[{"href":"https:\/\/www.fasep.it\/es\/wp-json\/wp\/v2\/product"}],"about":[{"href":"https:\/\/www.fasep.it\/es\/wp-json\/wp\/v2\/types\/product"}],"wp:attachment":[{"href":"https:\/\/www.fasep.it\/es\/wp-json\/wp\/v2\/media?parent=11177"}],"wp:term":[{"taxonomy":"product_brand","embeddable":true,"href":"https:\/\/www.fasep.it\/es\/wp-json\/wp\/v2\/product_brand?post=11177"},{"taxonomy":"product_cat","embeddable":true,"href":"https:\/\/www.fasep.it\/es\/wp-json\/wp\/v2\/product_cat?post=11177"},{"taxonomy":"product_tag","embeddable":true,"href":"https:\/\/www.fasep.it\/es\/wp-json\/wp\/v2\/product_tag?post=11177"}],"curies":[{"name":"wp","href":"https:\/\/api.w.org\/{rel}","templated":true}]}}