{"id":11175,"date":"2026-03-11T09:26:28","date_gmt":"2026-03-11T08:26:28","guid":{"rendered":"https:\/\/www.fasep.it\/productos\/\/a646.010"},"modified":"2026-03-31T10:18:15","modified_gmt":"2026-03-31T08:18:15","slug":"es-a646.010","status":"publish","type":"product","link":"https:\/\/www.fasep.it\/es\/productos\/alineadores\/a646.010\/","title":{"rendered":"VCO-K.Eco"},"content":{"rendered":"<font color=\"#0055BB\"><strong>Tecnolog\u00eda en un formato compacto<\/strong><\/font><br>\r\nAlineaci\u00f3n de ruedas basada en PC. Adecuado para ruedas de Coche y Furgoneta. Carro M\u00f3vil Deluxe. Monitor LCD 19&#8243;. Sistema operativo WinXP \/ Win7. Programa de alineaci\u00f3n nivel EASY. Base de datos actualizable v\u00eda internet. Impresora a color. Interfaz USB. Sistema de medida FASEP. 4 Sensores WinTRAX2 (medidas infrarrojas, transmisi\u00f3n por radio, sistema Multilink, burbuja electr\u00f3nica con aceler\u00f3metro). Cargador de Bater\u00edas integrado en el carro. Garras de apoyo. Regla electr\u00f3nica para v\u00edas. Platos heavy duty. Mando a distancia. Bloqueo volante. Bloqueo freno.","protected":false},"excerpt":{"rendered":"<font color=\"#0055BB\"><strong>Tecnolog\u00eda en un formato compacto<\/strong><\/font><br>\r\nAlineaci\u00f3n de ruedas basada en PC. Adecuado para ruedas de Coche y Furgoneta. Carro M\u00f3vil Deluxe. Monitor LCD 19&#8243;. Sistema operativo WinXP \/ Win7. Programa de alineaci\u00f3n nivel EASY. Base de datos actualizable v\u00eda internet. Impresora a color. Interfaz USB. Sistema de medida FASEP. 4 Sensores WinTRAX2 (medidas infrarrojas, transmisi\u00f3n por radio, sistema Multilink, burbuja electr\u00f3nica con aceler\u00f3metro). Cargador de Bater\u00edas integrado en el carro. Garras de apoyo. Regla electr\u00f3nica para v\u00edas. Platos heavy duty. Mando a distancia. Bloqueo volante. Bloqueo freno.","protected":false},"featured_media":0,"template":"","meta":{"_acf_changed":false},"product_brand":[],"product_cat":[],"product_tag":[],"class_list":{"0":"post-11175","1":"product","2":"type-product","3":"status-publish","6":"first","7":"instock","8":"shipping-taxable","9":"product-type-simple"},"acf":[],"yoast_head":"<!-- This site is optimized with the Yoast SEO plugin v25.7 - https:\/\/yoast.com\/wordpress\/plugins\/seo\/ -->\n<title>VCO-K.Eco<\/title>\n<meta name=\"robots\" content=\"index, follow, max-snippet:-1, max-image-preview:large, max-video-preview:-1\" \/>\n<meta property=\"og:locale\" content=\"es_ES\" \/>\n<meta property=\"og:type\" content=\"article\" \/>\n<meta property=\"og:title\" content=\"VCO-K.Eco\" \/>\n<meta property=\"og:description\" content=\"Tecnolog\u00eda en un formato compacto Alineaci\u00f3n de ruedas basada en PC. Adecuado para ruedas de Coche y Furgoneta. Carro M\u00f3vil Deluxe. Monitor LCD 19&quot;. Sistema operativo WinXP \/ Win7. Programa de alineaci\u00f3n nivel EASY. Base de datos actualizable v\u00eda internet. Impresora a color. Interfaz USB. Sistema de medida FASEP. 4 Sensores WinTRAX2 (medidas infrarrojas, transmisi\u00f3n por radio, sistema Multilink, burbuja electr\u00f3nica con aceler\u00f3metro). Cargador de Bater\u00edas integrado en el carro. Garras de apoyo. Regla electr\u00f3nica para v\u00edas. Platos heavy duty. Mando a distancia. Bloqueo volante. Bloqueo freno.\" \/>\n<meta property=\"og:url\" content=\"https:\/\/www.fasep.it\/es\/productos\/alineadores\/a646.010\/\" \/>\n<meta property=\"og:site_name\" content=\"Fasep 2000 srl\" \/>\n<meta property=\"article:modified_time\" content=\"2026-03-31T08:18:15+00:00\" \/>\n<meta name=\"twitter:card\" content=\"summary_large_image\" \/>\n<script type=\"application\/ld+json\" class=\"yoast-schema-graph\">{\"@context\":\"https:\/\/schema.org\",\"@graph\":[{\"@type\":\"WebPage\",\"@id\":\"https:\/\/www.fasep.it\/es\/productos\/alineadores\/a646.010\/\",\"url\":\"https:\/\/www.fasep.it\/es\/productos\/alineadores\/a646.010\/\",\"name\":\"VCO-K.Eco\",\"isPartOf\":{\"@id\":\"https:\/\/www.fasep.it\/es\/#website\"},\"datePublished\":\"2026-03-11T08:26:28+00:00\",\"dateModified\":\"2026-03-31T08:18:15+00:00\",\"breadcrumb\":{\"@id\":\"https:\/\/www.fasep.it\/es\/productos\/alineadores\/a646.010\/#breadcrumb\"},\"inLanguage\":\"es\",\"potentialAction\":[{\"@type\":\"ReadAction\",\"target\":[\"https:\/\/www.fasep.it\/es\/productos\/alineadores\/a646.010\/\"]}]},{\"@type\":\"BreadcrumbList\",\"@id\":\"https:\/\/www.fasep.it\/es\/productos\/alineadores\/a646.010\/#breadcrumb\",\"itemListElement\":[{\"@type\":\"ListItem\",\"position\":1,\"name\":\"Home\",\"item\":\"https:\/\/www.fasep.it\/es\/\"},{\"@type\":\"ListItem\",\"position\":2,\"name\":\"Productos\",\"item\":\"https:\/\/www.fasep.it\/es\/shop\/\"},{\"@type\":\"ListItem\",\"position\":3,\"name\":\"VCO-K.Eco\"}]},{\"@type\":\"WebSite\",\"@id\":\"https:\/\/www.fasep.it\/es\/#website\",\"url\":\"https:\/\/www.fasep.it\/es\/\",\"name\":\"Fasep 2000 srl\",\"description\":\"\",\"potentialAction\":[{\"@type\":\"SearchAction\",\"target\":{\"@type\":\"EntryPoint\",\"urlTemplate\":\"https:\/\/www.fasep.it\/es\/?s={search_term_string}\"},\"query-input\":{\"@type\":\"PropertyValueSpecification\",\"valueRequired\":true,\"valueName\":\"search_term_string\"}}],\"inLanguage\":\"es\"}]}<\/script>\n<!-- \/ Yoast SEO plugin. -->","yoast_head_json":{"title":"VCO-K.Eco","robots":{"index":"index","follow":"follow","max-snippet":"max-snippet:-1","max-image-preview":"max-image-preview:large","max-video-preview":"max-video-preview:-1"},"og_locale":"es_ES","og_type":"article","og_title":"VCO-K.Eco","og_description":"Tecnolog\u00eda en un formato compacto Alineaci\u00f3n de ruedas basada en PC. Adecuado para ruedas de Coche y Furgoneta. Carro M\u00f3vil Deluxe. Monitor LCD 19\". Sistema operativo WinXP \/ Win7. Programa de alineaci\u00f3n nivel EASY. Base de datos actualizable v\u00eda internet. Impresora a color. Interfaz USB. Sistema de medida FASEP. 4 Sensores WinTRAX2 (medidas infrarrojas, transmisi\u00f3n por radio, sistema Multilink, burbuja electr\u00f3nica con aceler\u00f3metro). Cargador de Bater\u00edas integrado en el carro. Garras de apoyo. Regla electr\u00f3nica para v\u00edas. Platos heavy duty. Mando a distancia. Bloqueo volante. Bloqueo freno.","og_url":"https:\/\/www.fasep.it\/es\/productos\/alineadores\/a646.010\/","og_site_name":"Fasep 2000 srl","article_modified_time":"2026-03-31T08:18:15+00:00","twitter_card":"summary_large_image","schema":{"@context":"https:\/\/schema.org","@graph":[{"@type":"WebPage","@id":"https:\/\/www.fasep.it\/es\/productos\/alineadores\/a646.010\/","url":"https:\/\/www.fasep.it\/es\/productos\/alineadores\/a646.010\/","name":"VCO-K.Eco","isPartOf":{"@id":"https:\/\/www.fasep.it\/es\/#website"},"datePublished":"2026-03-11T08:26:28+00:00","dateModified":"2026-03-31T08:18:15+00:00","breadcrumb":{"@id":"https:\/\/www.fasep.it\/es\/productos\/alineadores\/a646.010\/#breadcrumb"},"inLanguage":"es","potentialAction":[{"@type":"ReadAction","target":["https:\/\/www.fasep.it\/es\/productos\/alineadores\/a646.010\/"]}]},{"@type":"BreadcrumbList","@id":"https:\/\/www.fasep.it\/es\/productos\/alineadores\/a646.010\/#breadcrumb","itemListElement":[{"@type":"ListItem","position":1,"name":"Home","item":"https:\/\/www.fasep.it\/es\/"},{"@type":"ListItem","position":2,"name":"Productos","item":"https:\/\/www.fasep.it\/es\/shop\/"},{"@type":"ListItem","position":3,"name":"VCO-K.Eco"}]},{"@type":"WebSite","@id":"https:\/\/www.fasep.it\/es\/#website","url":"https:\/\/www.fasep.it\/es\/","name":"Fasep 2000 srl","description":"","potentialAction":[{"@type":"SearchAction","target":{"@type":"EntryPoint","urlTemplate":"https:\/\/www.fasep.it\/es\/?s={search_term_string}"},"query-input":{"@type":"PropertyValueSpecification","valueRequired":true,"valueName":"search_term_string"}}],"inLanguage":"es"}]}},"_links":{"self":[{"href":"https:\/\/www.fasep.it\/es\/wp-json\/wp\/v2\/product\/11175","targetHints":{"allow":["GET"]}}],"collection":[{"href":"https:\/\/www.fasep.it\/es\/wp-json\/wp\/v2\/product"}],"about":[{"href":"https:\/\/www.fasep.it\/es\/wp-json\/wp\/v2\/types\/product"}],"wp:attachment":[{"href":"https:\/\/www.fasep.it\/es\/wp-json\/wp\/v2\/media?parent=11175"}],"wp:term":[{"taxonomy":"product_brand","embeddable":true,"href":"https:\/\/www.fasep.it\/es\/wp-json\/wp\/v2\/product_brand?post=11175"},{"taxonomy":"product_cat","embeddable":true,"href":"https:\/\/www.fasep.it\/es\/wp-json\/wp\/v2\/product_cat?post=11175"},{"taxonomy":"product_tag","embeddable":true,"href":"https:\/\/www.fasep.it\/es\/wp-json\/wp\/v2\/product_tag?post=11175"}],"curies":[{"name":"wp","href":"https:\/\/api.w.org\/{rel}","templated":true}]}}