{"id":11174,"date":"2026-03-11T09:26:28","date_gmt":"2026-03-11T08:26:28","guid":{"rendered":"https:\/\/www.fasep.it\/productos\/\/a669.006"},"modified":"2026-03-31T10:18:15","modified_gmt":"2026-03-31T08:18:15","slug":"es-a669.006","status":"publish","type":"product","link":"https:\/\/www.fasep.it\/es\/productos\/alineadores\/a669.006\/","title":{"rendered":"VCO-K2"},"content":{"rendered":"<font color=\"#0055BB\"><strong>Aut\u00e9ntico estilo italiano.<\/strong><\/font><br>\r\nVCO-K2 es la evoluci\u00f3n de la l\u00ednea Concept, que siempre se ha caracterizado por una imagen moderna y de fuerte personalidad.<br>\r\nEl nuevo mueble, de grandes dimensiones, presenta un dise\u00f1o de gran car\u00e1cter y elegancia, con elementos funcionales y ergon\u00f3micos pensados para permitir la m\u00e1xima practicidad de uso. Un dise\u00f1o impactante, moderno y elegante, para vestir la tecnolog\u00eda de un instrumento altamente profesional con el inconfundible estilo italiano.<br>\r\nPr\u00e1ctico y r\u00e1pido, puede desplazarse con seguridad y utilizarse en cualquier puesto de trabajo, ya sea en una fosa en un puente de tijera e incluso en un puente de 2 columnas, ya incluido en el software.\nEst\u00e1 equipado con el legendario sistema de alineaci\u00f3n FASEP para que cada ajuste de la alineaci\u00f3n sea un trabajo sencillo, eficaz y preciso.\nCon la alineaci\u00f3n FASEP, \u00a1gobernar\u00e1 recto a la primera!<br>\r\n<br>\r\n[custom_gallery cod=\u00bbVCO-K2_Gallery\u00bb]","protected":false},"excerpt":{"rendered":"<font color=\"#0055BB\"><strong>Aut\u00e9ntico estilo italiano.<\/strong><\/font><br>\r\nVCO-K2 es la evoluci\u00f3n de la l\u00ednea Concept, que siempre se ha caracterizado por una imagen moderna y de fuerte personalidad.<br>\r\nEl nuevo mueble, de grandes dimensiones, presenta un dise\u00f1o de gran car\u00e1cter y elegancia, con elementos funcionales y ergon\u00f3micos pensados para permitir la m\u00e1xima practicidad de uso. Un dise\u00f1o impactante, moderno y elegante, para vestir la tecnolog\u00eda de un instrumento altamente profesional con el inconfundible estilo italiano.<br>\r\nPr\u00e1ctico y r\u00e1pido, puede desplazarse con seguridad y utilizarse en cualquier puesto de trabajo, ya sea en una fosa en un puente de tijera e incluso en un puente de 2 columnas, ya incluido en el software.\nEst\u00e1 equipado con el legendario sistema de alineaci\u00f3n FASEP para que cada ajuste de la alineaci\u00f3n sea un trabajo sencillo, eficaz y preciso.\nCon la alineaci\u00f3n FASEP, \u00a1gobernar\u00e1 recto a la primera!<br>\r\n<br>\r\n[custom_gallery cod=\u00bbVCO-K2_Gallery\u00bb]","protected":false},"featured_media":0,"template":"","meta":{"_acf_changed":false},"product_brand":[],"product_cat":[],"product_tag":[],"class_list":{"0":"post-11174","1":"product","2":"type-product","3":"status-publish","6":"first","7":"instock","8":"shipping-taxable","9":"product-type-simple"},"acf":[],"yoast_head":"<!-- This site is optimized with the Yoast SEO plugin v25.7 - https:\/\/yoast.com\/wordpress\/plugins\/seo\/ -->\n<title>VCO-K2<\/title>\n<meta name=\"robots\" content=\"index, follow, max-snippet:-1, max-image-preview:large, max-video-preview:-1\" \/>\n<meta property=\"og:locale\" content=\"es_ES\" \/>\n<meta property=\"og:type\" content=\"article\" \/>\n<meta property=\"og:title\" content=\"VCO-K2\" \/>\n<meta property=\"og:description\" content=\"Aut\u00e9ntico estilo italiano. VCO-K2 es la evoluci\u00f3n de la l\u00ednea Concept, que siempre se ha caracterizado por una imagen moderna y de fuerte personalidad. El nuevo mueble, de grandes dimensiones, presenta un dise\u00f1o de gran car\u00e1cter y elegancia, con elementos funcionales y ergon\u00f3micos pensados para permitir la m\u00e1xima practicidad de uso. Un dise\u00f1o impactante, moderno y elegante, para vestir la tecnolog\u00eda de un instrumento altamente profesional con el inconfundible estilo italiano. Pr\u00e1ctico y r\u00e1pido, puede desplazarse con seguridad y utilizarse en cualquier puesto de trabajo, ya sea en una fosa en un puente de tijera e incluso en un puente de 2 columnas, ya incluido en el software. Est\u00e1 equipado con el legendario sistema de alineaci\u00f3n FASEP para que cada ajuste de la alineaci\u00f3n sea un trabajo sencillo, eficaz y preciso. Con la alineaci\u00f3n FASEP, \u00a1gobernar\u00e1 recto a la primera!  [custom_gallery cod=&quot;VCO-K2_Gallery&quot;]\" \/>\n<meta property=\"og:url\" content=\"https:\/\/www.fasep.it\/es\/productos\/alineadores\/a669.006\/\" \/>\n<meta property=\"og:site_name\" content=\"Fasep 2000 srl\" \/>\n<meta property=\"article:modified_time\" content=\"2026-03-31T08:18:15+00:00\" \/>\n<meta name=\"twitter:card\" content=\"summary_large_image\" \/>\n<meta name=\"twitter:label1\" content=\"Tiempo de lectura\" \/>\n\t<meta name=\"twitter:data1\" content=\"1 minuto\" \/>\n<script type=\"application\/ld+json\" class=\"yoast-schema-graph\">{\"@context\":\"https:\/\/schema.org\",\"@graph\":[{\"@type\":\"WebPage\",\"@id\":\"https:\/\/www.fasep.it\/es\/productos\/alineadores\/a669.006\/\",\"url\":\"https:\/\/www.fasep.it\/es\/productos\/alineadores\/a669.006\/\",\"name\":\"VCO-K2\",\"isPartOf\":{\"@id\":\"https:\/\/www.fasep.it\/es\/#website\"},\"datePublished\":\"2026-03-11T08:26:28+00:00\",\"dateModified\":\"2026-03-31T08:18:15+00:00\",\"breadcrumb\":{\"@id\":\"https:\/\/www.fasep.it\/es\/productos\/alineadores\/a669.006\/#breadcrumb\"},\"inLanguage\":\"es\",\"potentialAction\":[{\"@type\":\"ReadAction\",\"target\":[\"https:\/\/www.fasep.it\/es\/productos\/alineadores\/a669.006\/\"]}]},{\"@type\":\"BreadcrumbList\",\"@id\":\"https:\/\/www.fasep.it\/es\/productos\/alineadores\/a669.006\/#breadcrumb\",\"itemListElement\":[{\"@type\":\"ListItem\",\"position\":1,\"name\":\"Home\",\"item\":\"https:\/\/www.fasep.it\/es\/\"},{\"@type\":\"ListItem\",\"position\":2,\"name\":\"Productos\",\"item\":\"https:\/\/www.fasep.it\/es\/shop\/\"},{\"@type\":\"ListItem\",\"position\":3,\"name\":\"VCO-K2\"}]},{\"@type\":\"WebSite\",\"@id\":\"https:\/\/www.fasep.it\/es\/#website\",\"url\":\"https:\/\/www.fasep.it\/es\/\",\"name\":\"Fasep 2000 srl\",\"description\":\"\",\"potentialAction\":[{\"@type\":\"SearchAction\",\"target\":{\"@type\":\"EntryPoint\",\"urlTemplate\":\"https:\/\/www.fasep.it\/es\/?s={search_term_string}\"},\"query-input\":{\"@type\":\"PropertyValueSpecification\",\"valueRequired\":true,\"valueName\":\"search_term_string\"}}],\"inLanguage\":\"es\"}]}<\/script>\n<!-- \/ Yoast SEO plugin. -->","yoast_head_json":{"title":"VCO-K2","robots":{"index":"index","follow":"follow","max-snippet":"max-snippet:-1","max-image-preview":"max-image-preview:large","max-video-preview":"max-video-preview:-1"},"og_locale":"es_ES","og_type":"article","og_title":"VCO-K2","og_description":"Aut\u00e9ntico estilo italiano. VCO-K2 es la evoluci\u00f3n de la l\u00ednea Concept, que siempre se ha caracterizado por una imagen moderna y de fuerte personalidad. El nuevo mueble, de grandes dimensiones, presenta un dise\u00f1o de gran car\u00e1cter y elegancia, con elementos funcionales y ergon\u00f3micos pensados para permitir la m\u00e1xima practicidad de uso. Un dise\u00f1o impactante, moderno y elegante, para vestir la tecnolog\u00eda de un instrumento altamente profesional con el inconfundible estilo italiano. Pr\u00e1ctico y r\u00e1pido, puede desplazarse con seguridad y utilizarse en cualquier puesto de trabajo, ya sea en una fosa en un puente de tijera e incluso en un puente de 2 columnas, ya incluido en el software. Est\u00e1 equipado con el legendario sistema de alineaci\u00f3n FASEP para que cada ajuste de la alineaci\u00f3n sea un trabajo sencillo, eficaz y preciso. Con la alineaci\u00f3n FASEP, \u00a1gobernar\u00e1 recto a la primera!  [custom_gallery cod=\"VCO-K2_Gallery\"]","og_url":"https:\/\/www.fasep.it\/es\/productos\/alineadores\/a669.006\/","og_site_name":"Fasep 2000 srl","article_modified_time":"2026-03-31T08:18:15+00:00","twitter_card":"summary_large_image","twitter_misc":{"Tiempo de lectura":"1 minuto"},"schema":{"@context":"https:\/\/schema.org","@graph":[{"@type":"WebPage","@id":"https:\/\/www.fasep.it\/es\/productos\/alineadores\/a669.006\/","url":"https:\/\/www.fasep.it\/es\/productos\/alineadores\/a669.006\/","name":"VCO-K2","isPartOf":{"@id":"https:\/\/www.fasep.it\/es\/#website"},"datePublished":"2026-03-11T08:26:28+00:00","dateModified":"2026-03-31T08:18:15+00:00","breadcrumb":{"@id":"https:\/\/www.fasep.it\/es\/productos\/alineadores\/a669.006\/#breadcrumb"},"inLanguage":"es","potentialAction":[{"@type":"ReadAction","target":["https:\/\/www.fasep.it\/es\/productos\/alineadores\/a669.006\/"]}]},{"@type":"BreadcrumbList","@id":"https:\/\/www.fasep.it\/es\/productos\/alineadores\/a669.006\/#breadcrumb","itemListElement":[{"@type":"ListItem","position":1,"name":"Home","item":"https:\/\/www.fasep.it\/es\/"},{"@type":"ListItem","position":2,"name":"Productos","item":"https:\/\/www.fasep.it\/es\/shop\/"},{"@type":"ListItem","position":3,"name":"VCO-K2"}]},{"@type":"WebSite","@id":"https:\/\/www.fasep.it\/es\/#website","url":"https:\/\/www.fasep.it\/es\/","name":"Fasep 2000 srl","description":"","potentialAction":[{"@type":"SearchAction","target":{"@type":"EntryPoint","urlTemplate":"https:\/\/www.fasep.it\/es\/?s={search_term_string}"},"query-input":{"@type":"PropertyValueSpecification","valueRequired":true,"valueName":"search_term_string"}}],"inLanguage":"es"}]}},"_links":{"self":[{"href":"https:\/\/www.fasep.it\/es\/wp-json\/wp\/v2\/product\/11174","targetHints":{"allow":["GET"]}}],"collection":[{"href":"https:\/\/www.fasep.it\/es\/wp-json\/wp\/v2\/product"}],"about":[{"href":"https:\/\/www.fasep.it\/es\/wp-json\/wp\/v2\/types\/product"}],"wp:attachment":[{"href":"https:\/\/www.fasep.it\/es\/wp-json\/wp\/v2\/media?parent=11174"}],"wp:term":[{"taxonomy":"product_brand","embeddable":true,"href":"https:\/\/www.fasep.it\/es\/wp-json\/wp\/v2\/product_brand?post=11174"},{"taxonomy":"product_cat","embeddable":true,"href":"https:\/\/www.fasep.it\/es\/wp-json\/wp\/v2\/product_cat?post=11174"},{"taxonomy":"product_tag","embeddable":true,"href":"https:\/\/www.fasep.it\/es\/wp-json\/wp\/v2\/product_tag?post=11174"}],"curies":[{"name":"wp","href":"https:\/\/api.w.org\/{rel}","templated":true}]}}