{"id":10566,"date":"2025-08-06T08:08:57","date_gmt":"2025-08-06T06:08:57","guid":{"rendered":"https:\/\/www.fasep.it\/productos\/\/e591.013"},"modified":"2026-03-31T10:18:20","modified_gmt":"2026-03-31T08:18:20","slug":"es-e591.013","status":"publish","type":"product","link":"https:\/\/www.fasep.it\/es\/productos\/balanceadoras\/e591.013\/","title":{"rendered":"V654 Revolution"},"content":{"rendered":"<font color=\"#0055BB\"><strong>La revoluci\u00f3n de equilibradora.<\/font><\/strong><br>\r\nDise\u00f1ado para especialistas en neum\u00e1ticos con grandes vol\u00famenes de trabajo, V654 ofrece el m\u00e1ximo rendimiento.<br>\r\nEl coraz\u00f3n del V654 es el <b>sistema de inclinaci\u00f3n autom\u00e1tica<\/b>, dise\u00f1ado para asegurar un <b>perfecto centrado sin esfuerzo<\/b>.<br>\r\nV654 ofrece de serie todas las funciones que permiten un equilibrio preciso y r\u00e1pido. Basado en la tecnolog\u00eda Videotronic, la m\u00e1quina es controlada por un PC con sistema operativo Windows CE.<br>\r\n<br>\r\nV654 est\u00e1 equipado con el legendario sistema de detecci\u00f3n de desequilibrios <a href=\"https:\/\/images.fasep.it\/trisensor-ing.pdf\">TriSensor con 3 Piezo<\/a> y con el sistema IFS-Tilt (Integrated-Flange Shaft) para una m\u00e1xima precisi\u00f3n de centrado. El eje de balanceo HD (Heavy Duty) permite balancear ruedas de hasta 90kg.<br>\r\n<br>\r\nV654 es utilizada por clientes que necesitan obtener un equilibrio perfecto, confiando en el impecable centrado de esta m\u00e1quina; no es sorprendente que algunas compa\u00f1\u00edas que usan V654 lo hagan:\r\n<ul>\r\n<li><b>Centro de capacitaci\u00f3n Bridgestone en Dinamarca<\/b>\r\n<li><b>Centro de pruebas Goodyear en Luxemburgo<\/b>\r\n<\/ul>","protected":false},"excerpt":{"rendered":"<font color=\"#0055BB\"><strong>La revoluci\u00f3n de equilibradora.<\/font><\/strong><br>\r\nDise\u00f1ado para especialistas en neum\u00e1ticos con grandes vol\u00famenes de trabajo, V654 ofrece el m\u00e1ximo rendimiento.<br>\r\nEl coraz\u00f3n del V654 es el <b>sistema de inclinaci\u00f3n autom\u00e1tica<\/b>, dise\u00f1ado para asegurar un <b>perfecto centrado sin esfuerzo<\/b>.<br>\r\nV654 ofrece de serie todas las funciones que permiten un equilibrio preciso y r\u00e1pido. Basado en la tecnolog\u00eda Videotronic, la m\u00e1quina es controlada por un PC con sistema operativo Windows CE.<br>\r\n<br>\r\nV654 est\u00e1 equipado con el legendario sistema de detecci\u00f3n de desequilibrios <a href=\"https:\/\/images.fasep.it\/trisensor-ing.pdf\">TriSensor con 3 Piezo<\/a> y con el sistema IFS-Tilt (Integrated-Flange Shaft) para una m\u00e1xima precisi\u00f3n de centrado. El eje de balanceo HD (Heavy Duty) permite balancear ruedas de hasta 90kg.<br>\r\n<br>\r\nV654 es utilizada por clientes que necesitan obtener un equilibrio perfecto, confiando en el impecable centrado de esta m\u00e1quina; no es sorprendente que algunas compa\u00f1\u00edas que usan V654 lo hagan:\r\n<ul>\r\n<li><b>Centro de capacitaci\u00f3n Bridgestone en Dinamarca<\/b>\r\n<li><b>Centro de pruebas Goodyear en Luxemburgo<\/b>\r\n<\/ul>","protected":false},"featured_media":0,"template":"","meta":{"_acf_changed":false},"product_brand":[],"product_cat":[],"product_tag":[],"class_list":{"0":"post-10566","1":"product","2":"type-product","3":"status-publish","6":"first","7":"instock","8":"shipping-taxable","9":"product-type-simple"},"acf":[],"yoast_head":"<!-- This site is optimized with the Yoast SEO plugin v25.7 - https:\/\/yoast.com\/wordpress\/plugins\/seo\/ -->\n<title>V654 Revolution<\/title>\n<meta name=\"robots\" content=\"index, follow, max-snippet:-1, max-image-preview:large, max-video-preview:-1\" \/>\n<meta property=\"og:locale\" content=\"es_ES\" \/>\n<meta property=\"og:type\" content=\"article\" \/>\n<meta property=\"og:title\" content=\"V654 Revolution\" \/>\n<meta property=\"og:description\" content=\"La revoluci\u00f3n de equilibradora. Dise\u00f1ado para especialistas en neum\u00e1ticos con grandes vol\u00famenes de trabajo, V654 ofrece el m\u00e1ximo rendimiento. El coraz\u00f3n del V654 es el sistema de inclinaci\u00f3n autom\u00e1tica, dise\u00f1ado para asegurar un perfecto centrado sin esfuerzo. V654 ofrece de serie todas las funciones que permiten un equilibrio preciso y r\u00e1pido. Basado en la tecnolog\u00eda Videotronic, la m\u00e1quina es controlada por un PC con sistema operativo Windows CE.  V654 est\u00e1 equipado con el legendario sistema de detecci\u00f3n de desequilibrios TriSensor con 3 Piezo y con el sistema IFS-Tilt (Integrated-Flange Shaft) para una m\u00e1xima precisi\u00f3n de centrado. El eje de balanceo HD (Heavy Duty) permite balancear ruedas de hasta 90kg.  V654 es utilizada por clientes que necesitan obtener un equilibrio perfecto, confiando en el impecable centrado de esta m\u00e1quina; no es sorprendente que algunas compa\u00f1\u00edas que usan V654 lo hagan:  Centro de capacitaci\u00f3n Bridgestone en Dinamarca Centro de pruebas Goodyear en Luxemburgo\" \/>\n<meta property=\"og:url\" content=\"https:\/\/www.fasep.it\/es\/productos\/balanceadoras\/e591.013\/\" \/>\n<meta property=\"og:site_name\" content=\"Fasep 2000 srl\" \/>\n<meta property=\"article:modified_time\" content=\"2026-03-31T08:18:20+00:00\" \/>\n<meta name=\"twitter:card\" content=\"summary_large_image\" \/>\n<meta name=\"twitter:label1\" content=\"Tiempo de lectura\" \/>\n\t<meta name=\"twitter:data1\" content=\"1 minuto\" \/>\n<script type=\"application\/ld+json\" class=\"yoast-schema-graph\">{\"@context\":\"https:\/\/schema.org\",\"@graph\":[{\"@type\":\"WebPage\",\"@id\":\"https:\/\/www.fasep.it\/es\/productos\/balanceadoras\/e591.013\/\",\"url\":\"https:\/\/www.fasep.it\/es\/productos\/balanceadoras\/e591.013\/\",\"name\":\"V654 Revolution\",\"isPartOf\":{\"@id\":\"https:\/\/www.fasep.it\/es\/#website\"},\"datePublished\":\"2025-08-06T06:08:57+00:00\",\"dateModified\":\"2026-03-31T08:18:20+00:00\",\"breadcrumb\":{\"@id\":\"https:\/\/www.fasep.it\/es\/productos\/balanceadoras\/e591.013\/#breadcrumb\"},\"inLanguage\":\"es\",\"potentialAction\":[{\"@type\":\"ReadAction\",\"target\":[\"https:\/\/www.fasep.it\/es\/productos\/balanceadoras\/e591.013\/\"]}]},{\"@type\":\"BreadcrumbList\",\"@id\":\"https:\/\/www.fasep.it\/es\/productos\/balanceadoras\/e591.013\/#breadcrumb\",\"itemListElement\":[{\"@type\":\"ListItem\",\"position\":1,\"name\":\"Home\",\"item\":\"https:\/\/www.fasep.it\/es\/\"},{\"@type\":\"ListItem\",\"position\":2,\"name\":\"Productos\",\"item\":\"https:\/\/www.fasep.it\/es\/shop\/\"},{\"@type\":\"ListItem\",\"position\":3,\"name\":\"V654 Revolution\"}]},{\"@type\":\"WebSite\",\"@id\":\"https:\/\/www.fasep.it\/es\/#website\",\"url\":\"https:\/\/www.fasep.it\/es\/\",\"name\":\"Fasep 2000 srl\",\"description\":\"\",\"potentialAction\":[{\"@type\":\"SearchAction\",\"target\":{\"@type\":\"EntryPoint\",\"urlTemplate\":\"https:\/\/www.fasep.it\/es\/?s={search_term_string}\"},\"query-input\":{\"@type\":\"PropertyValueSpecification\",\"valueRequired\":true,\"valueName\":\"search_term_string\"}}],\"inLanguage\":\"es\"}]}<\/script>\n<!-- \/ Yoast SEO plugin. -->","yoast_head_json":{"title":"V654 Revolution","robots":{"index":"index","follow":"follow","max-snippet":"max-snippet:-1","max-image-preview":"max-image-preview:large","max-video-preview":"max-video-preview:-1"},"og_locale":"es_ES","og_type":"article","og_title":"V654 Revolution","og_description":"La revoluci\u00f3n de equilibradora. Dise\u00f1ado para especialistas en neum\u00e1ticos con grandes vol\u00famenes de trabajo, V654 ofrece el m\u00e1ximo rendimiento. El coraz\u00f3n del V654 es el sistema de inclinaci\u00f3n autom\u00e1tica, dise\u00f1ado para asegurar un perfecto centrado sin esfuerzo. V654 ofrece de serie todas las funciones que permiten un equilibrio preciso y r\u00e1pido. Basado en la tecnolog\u00eda Videotronic, la m\u00e1quina es controlada por un PC con sistema operativo Windows CE.  V654 est\u00e1 equipado con el legendario sistema de detecci\u00f3n de desequilibrios TriSensor con 3 Piezo y con el sistema IFS-Tilt (Integrated-Flange Shaft) para una m\u00e1xima precisi\u00f3n de centrado. El eje de balanceo HD (Heavy Duty) permite balancear ruedas de hasta 90kg.  V654 es utilizada por clientes que necesitan obtener un equilibrio perfecto, confiando en el impecable centrado de esta m\u00e1quina; no es sorprendente que algunas compa\u00f1\u00edas que usan V654 lo hagan:  Centro de capacitaci\u00f3n Bridgestone en Dinamarca Centro de pruebas Goodyear en Luxemburgo","og_url":"https:\/\/www.fasep.it\/es\/productos\/balanceadoras\/e591.013\/","og_site_name":"Fasep 2000 srl","article_modified_time":"2026-03-31T08:18:20+00:00","twitter_card":"summary_large_image","twitter_misc":{"Tiempo de lectura":"1 minuto"},"schema":{"@context":"https:\/\/schema.org","@graph":[{"@type":"WebPage","@id":"https:\/\/www.fasep.it\/es\/productos\/balanceadoras\/e591.013\/","url":"https:\/\/www.fasep.it\/es\/productos\/balanceadoras\/e591.013\/","name":"V654 Revolution","isPartOf":{"@id":"https:\/\/www.fasep.it\/es\/#website"},"datePublished":"2025-08-06T06:08:57+00:00","dateModified":"2026-03-31T08:18:20+00:00","breadcrumb":{"@id":"https:\/\/www.fasep.it\/es\/productos\/balanceadoras\/e591.013\/#breadcrumb"},"inLanguage":"es","potentialAction":[{"@type":"ReadAction","target":["https:\/\/www.fasep.it\/es\/productos\/balanceadoras\/e591.013\/"]}]},{"@type":"BreadcrumbList","@id":"https:\/\/www.fasep.it\/es\/productos\/balanceadoras\/e591.013\/#breadcrumb","itemListElement":[{"@type":"ListItem","position":1,"name":"Home","item":"https:\/\/www.fasep.it\/es\/"},{"@type":"ListItem","position":2,"name":"Productos","item":"https:\/\/www.fasep.it\/es\/shop\/"},{"@type":"ListItem","position":3,"name":"V654 Revolution"}]},{"@type":"WebSite","@id":"https:\/\/www.fasep.it\/es\/#website","url":"https:\/\/www.fasep.it\/es\/","name":"Fasep 2000 srl","description":"","potentialAction":[{"@type":"SearchAction","target":{"@type":"EntryPoint","urlTemplate":"https:\/\/www.fasep.it\/es\/?s={search_term_string}"},"query-input":{"@type":"PropertyValueSpecification","valueRequired":true,"valueName":"search_term_string"}}],"inLanguage":"es"}]}},"_links":{"self":[{"href":"https:\/\/www.fasep.it\/es\/wp-json\/wp\/v2\/product\/10566","targetHints":{"allow":["GET"]}}],"collection":[{"href":"https:\/\/www.fasep.it\/es\/wp-json\/wp\/v2\/product"}],"about":[{"href":"https:\/\/www.fasep.it\/es\/wp-json\/wp\/v2\/types\/product"}],"wp:attachment":[{"href":"https:\/\/www.fasep.it\/es\/wp-json\/wp\/v2\/media?parent=10566"}],"wp:term":[{"taxonomy":"product_brand","embeddable":true,"href":"https:\/\/www.fasep.it\/es\/wp-json\/wp\/v2\/product_brand?post=10566"},{"taxonomy":"product_cat","embeddable":true,"href":"https:\/\/www.fasep.it\/es\/wp-json\/wp\/v2\/product_cat?post=10566"},{"taxonomy":"product_tag","embeddable":true,"href":"https:\/\/www.fasep.it\/es\/wp-json\/wp\/v2\/product_tag?post=10566"}],"curies":[{"name":"wp","href":"https:\/\/api.w.org\/{rel}","templated":true}]}}