{"id":2964,"date":"2023-12-27T12:15:08","date_gmt":"2023-12-27T11:15:08","guid":{"rendered":"https:\/\/www2.fasep.it\/contatti\/"},"modified":"2025-04-08T15:37:09","modified_gmt":"2025-04-08T13:37:09","slug":"contacte-nos","status":"publish","type":"page","link":"https:\/\/www.fasep.it\/es\/contacte-nos\/","title":{"rendered":"Contacte nos"},"content":{"rendered":"<div id='av_section_1'  class='avia-section av-1pqs7-87b633649bdc0a2f54f554aa25743592 main_color avia-section-default avia-no-border-styling  avia-builder-el-0  avia-builder-el-no-sibling  avia-bg-style-scroll container_wrap sidebar_right'  ><div class='container av-section-cont-open' ><main  role=\"main\" itemprop=\"mainContentOfPage\"  class='template-page content  av-content-small alpha units'><div class='post-entry post-entry-type-page post-entry-2964'><div class='entry-content-wrapper clearfix'>\n\n\n<style type=\"text\/css\" data-created_by=\"avia_inline_auto\" id=\"style-css-av-lx4cr7hd-b72d16fd5ee7a93d8ee06582331b1fa2\">\n#top .av-special-heading.av-lx4cr7hd-b72d16fd5ee7a93d8ee06582331b1fa2{\npadding-bottom:10px;\n}\nbody .av-special-heading.av-lx4cr7hd-b72d16fd5ee7a93d8ee06582331b1fa2 .av-special-heading-tag .heading-char{\nfont-size:25px;\n}\n.av-special-heading.av-lx4cr7hd-b72d16fd5ee7a93d8ee06582331b1fa2 .av-subheading{\nfont-size:15px;\n}\n<\/style>\n<div  class='av-special-heading av-lx4cr7hd-b72d16fd5ee7a93d8ee06582331b1fa2 av-special-heading-h1 blockquote modern-quote  avia-builder-el-1  el_before_av_hr  avia-builder-el-first '><h1 class='av-special-heading-tag '  itemprop=\"headline\"  >Contacte nos<\/h1><div class=\"special-heading-border\"><div class=\"special-heading-inner-border\"><\/div><\/div><\/div>\n\n\n<style type=\"text\/css\" data-created_by=\"avia_inline_auto\" id=\"style-css-av-lx4crdd2-a41a1481b52739421bce55d92f1aa8f1\">\n#top .hr.hr-invisible.av-lx4crdd2-a41a1481b52739421bce55d92f1aa8f1{\nheight:50px;\n}\n<\/style>\n<div  class='hr av-lx4crdd2-a41a1481b52739421bce55d92f1aa8f1 hr-invisible  avia-builder-el-2  el_after_av_heading  el_before_av_two_third '><span class='hr-inner '><span class=\"hr-inner-style\"><\/span><\/span><\/div>\n\n<div  class='flex_column av-2y9r-e627a8425d18611b93b6108f2598e233 av_two_third  avia-builder-el-3  el_after_av_hr  el_before_av_one_third  first flex_column_div  '     ><section  class='av_textblock_section av-m5i0dr35-d05cc1d1662e84027cf720df11a9550a '   itemscope=\"itemscope\" itemtype=\"https:\/\/schema.org\/CreativeWork\" ><div class='avia_textblock'  itemprop=\"text\" ><h2>C\u00f3mo llegar a nosotros<\/h2>\n<p>La mejor manera de visitarnos es con su coche. Hay varias otras posibilidades, pero no todas son c\u00f3modas, en cualquier caso siempre encontrar\u00e1s a alguien dispuesto a ayudarte a encontrar el camino correcto.<\/p>\n<ul>\n<li><strong>Llegada al aeropuerto de Florencia:<\/strong><br \/>\npuedes alquilar un coche en el aeropuerto. Saliendo del aeropuerto, gire a la derecha y tome la autopista A1. Siga la direcci\u00f3n de Bolonia. Una vez en la autopista, siga las instrucciones del punto 4.<\/li>\n<li><strong>Llegada al aeropuerto de Bolonia:<\/strong><br \/>\npodemos organizar el encuentro con usted directamente en el aeropuerto o puede alquilar un coche en el aeropuerto y seguir las indicaciones de la autopista A1 justo a la salida del aparcamiento del aeropuerto, siguiendo la direcci\u00f3n de Florencia. Una vez en la autopista, siga las instrucciones del punto 4.<\/li>\n<li><strong>Llegada al aeropuerto de Pisa:<\/strong><br \/>\npuedes alquilar un coche en el aeropuerto. Saliendo del aeropuerto, siga recto hacia la autopista SGC FI.PI.LI justo delante del aeropuerto (direcci\u00f3n Florencia). Salga de la autopista por la salida Scandicci &#8211; Signa y siga las indicaciones para la autopista A1 Bologna-Roma. Entre en la autopista A1 y siga las indicaciones para Bolonia. Una vez en la autopista, siga las instrucciones del punto 4.<\/li>\n<li><strong>Llegada a Florencia en tren:<\/strong><br \/>\ncon previo aviso, podemos organizar la recogida directamente en el aeropuerto o puede alquilar un coche en la estaci\u00f3n y salir de Florencia hacia San Piero a Sieve &#8211; Via Bolognese. Desde la estaci\u00f3n de Santa Maria Novella, ir hacia la Piazza della Libert\u00e0, y luego por la Via Don Minzoni hacia la Via Bolognese. Desde all\u00ed, proceda por unos 20 Km. para llegar directamente a San Piero a Sieve. Contin\u00fae siguiendo el mapa.<\/li>\n<li><strong>Viniendo de la autopista A1:<\/strong><br \/>\nsalir de la autopista por la salida de Barberino di Mugello > seguir en direcci\u00f3n a San Piero a Sieve (unos 15Km) > Borgo San Lorenzo (unos 5Km) > a la entrada de Borgo San Lorenzo se encuentra una rotonda (delante del Park Hotel Ripaverde) > seguir por la izquierda (dejando el hotel a la derecha) (a pocos metros se encuentra el hospital a la izquierda) > en el segundo sem\u00e1foro girar a la izquierda (direcci\u00f3n Ronta, Faenza) > despu\u00e9s de 7 km. llegar\u00e1s a Ronta > el establecimiento FASEP est\u00e1 situado en el centro del pueblo, en la carretera principal, frente a la estaci\u00f3n de los Carabinieri.<\/li>\n<li><strong>Alternativamente viniendo del Sur (Florencia\/Roma):<\/strong> s\u00f3lo como alternativa a la salida de Barberino di Mugello (la \u00fanica posibilidad viniendo del Norte), puede ser conveniente, para evitar el tr\u00e1fico de la autopista alrededor de Florencia, salir de la A1 en Incisa continuando hacia Pontassieve, Dicomano, Vicchio, Borgo S. Lorenzo. En la entrada sur de Borgo S. Lorenzo hay una rotonda (a la izquierda la Iglesia del Santissimo Crocifisso); proceder a la derecha (es la \u00fanica posibilidad) y en el primer sem\u00e1foro girar a la derecha (direcci\u00f3n Ronta, Faenza).<\/li>\n<\/ul>\n<p>Despu\u00e9s de 7 km. llegar\u00e1s a Ronta. Una vez que llegue al pueblo de Ronta, en la carretera principal, entre en el pueblo y contin\u00fae hasta que encuentre la estaci\u00f3n de los Carabinieri a su izquierda y la f\u00e1brica FASEP a su derecha.<\/p>\n<\/div><\/section><\/div><div  class='flex_column av-w3hz-6e65a4a9ca0fd12846afba21fa0accf9 av_one_third  avia-builder-el-5  el_after_av_two_third  el_before_av_heading  flex_column_div  '     ><section  class='av_textblock_section av-lx4ct0wr-acc9ba83d452bbdf2738f5f8d298e31d '   itemscope=\"itemscope\" itemtype=\"https:\/\/schema.org\/CreativeWork\" ><div class='avia_textblock'  itemprop=\"text\" ><h2>FASEP 2000 Srl<\/h2>\n<p>Via Faentina, 96<br \/>\n50032 Ronta (FI) ITALIA<\/p>\n<p><strong>Sede legale:<\/strong><br \/>\nPiazza d&#8217;Azeglio, 39 &#8211; 50121 Florencia<\/p>\n<p><strong>Tel:<\/strong> +39 055 8403126<br \/>\n<strong>WhatsApp<\/strong>: <a target=\"new\">+39 055 8403126<\/a><br \/>\n<strong>Fax:<\/strong> +39 055 8403354<br \/>\n<strong>Email:<\/strong> <a href=\"mailto:info@fasep.it\">info@fasep.it<\/a><br \/>\n<strong>Skype:<\/strong> fasep2000<br \/>\n<strong>Horario de oficina:<\/strong> 8:00-12:00, 13:00-17:00 (GMT +1)<\/p>\n<p>N\u00famero IVA = 04037770486<br \/>\nCap. Soc. int. versato 73.000,00 euro<br \/>\nn. r.e.a. 411125 &#8211; mi fi 008453 &#8211; reg. trib. fi. 520025<br \/>\nn. iscr. reg.imp. di Firenze 04037770486<\/p>\n<\/div><\/section>\n<div  class='av_gmaps_sc_main_wrap av_gmaps_main_wrap '><div id='av_gmap_0' class='avia-google-map-container avia-google-map-sc av_gmaps_show_unconditionally av-no-fallback-img ' data-mapid='av_gmap_0'  style='height: 400px;'><a class=\"av_gmaps_browser_disabled av_text_confirm_link av_text_confirm_link_visible\" href=\"https:\/\/www.google.com\/maps\/search\/?api=1&#038;query=Via%20Faentina,%2096%2050032%20Borgo%20San%20Lorenzo%20FI%20Italia\" target=\"_blank\">Maps were disabled by the visitor on this site. Click to open the map in a new window.<\/a><\/div><\/div><\/div>\n<style type=\"text\/css\" data-created_by=\"avia_inline_auto\" id=\"style-css-av-m5i0fj4b-6f27f5139578234906f286790eaa107f\">\n#top .av-special-heading.av-m5i0fj4b-6f27f5139578234906f286790eaa107f{\npadding-bottom:10px;\n}\nbody .av-special-heading.av-m5i0fj4b-6f27f5139578234906f286790eaa107f .av-special-heading-tag .heading-char{\nfont-size:25px;\n}\n.av-special-heading.av-m5i0fj4b-6f27f5139578234906f286790eaa107f .av-subheading{\nfont-size:15px;\n}\n<\/style>\n<div  class='av-special-heading av-m5i0fj4b-6f27f5139578234906f286790eaa107f av-special-heading-h1 blockquote modern-quote  avia-builder-el-8  el_after_av_one_third  el_before_av_textblock '><h1 class='av-special-heading-tag '  itemprop=\"headline\"  >Para enviar un pago<\/h1><div class=\"special-heading-border\"><div class=\"special-heading-inner-border\"><\/div><\/div><\/div>\n\n<section  class='av_textblock_section av-m5i0fctz-eaf8acf1eac06baf70f62c1c37c487be '   itemscope=\"itemscope\" itemtype=\"https:\/\/schema.org\/CreativeWork\" ><div class='avia_textblock'  itemprop=\"text\" ><p>Para enviar un pago nuestros datos bancarios para posibles pagos:<\/p>\n<\/div><\/section>\n\n<div  class='flex_column av-63xf-098215a747fde57caaf62459f7cd67f1 av_one_half  avia-builder-el-10  el_after_av_textblock  el_before_av_one_half  first flex_column_div  column-top-margin'     ><section  class='av_textblock_section av-m5i0xi07-6ff4d48169362c0eb4c82b86f6684743 '   itemscope=\"itemscope\" itemtype=\"https:\/\/schema.org\/CreativeWork\" ><div class='avia_textblock'  itemprop=\"text\" ><p><strong>SWIFT \/ TT Payments<\/strong><br \/>\nBanco : BANCA INTESA SANPAOLO<br \/>\nBIC-SWIFT : BCITITMM<br \/>\nLa sucursal : Borgo San Lorenzo<br \/>\nCuenta nr : 100000005158<br \/>\nBeneficiario : FASEP 2000 srl<br \/>\nC\u00f3digo IBAN : IT 69 H 03069 37751 10000 0005158<\/p>\n<\/div><\/section><\/div><div  class='flex_column av-16lfj-3706f8232c843f7b2138f8ed06cee301 av_one_half  avia-builder-el-12  el_after_av_one_half  el_before_av_textblock  flex_column_div  column-top-margin'     ><section  class='av_textblock_section av-m5i0wsco-75a5c741e2cdccb1c9d6d59ea63efd4d '   itemscope=\"itemscope\" itemtype=\"https:\/\/schema.org\/CreativeWork\" ><div class='avia_textblock'  itemprop=\"text\" ><p><strong>Carta de Cr\u00e9dito \/ Cr\u00e9dito documentario o garant\u00eda<\/strong><br \/>\nBanco : UNCRITMM &#8211; UniCredit S.P.A.<br \/>\nBIC \/ SWIFT : UNCRITM1F93<br \/>\nLa sucursal : 00516 &#8211; BORGO SAN LORENZO<br \/>\nCuenta nr : 000104322404<br \/>\nBeneficiario : FASEP 2000 srl<br \/>\nC\u00f3digo IBAN : IT83R0200837751000104322404<\/p>\n<\/div><\/section><\/div><section  class='av_textblock_section av-m5i0yp7c-0e9ec13f2332230f45eee75ada60c71a '   itemscope=\"itemscope\" itemtype=\"https:\/\/schema.org\/CreativeWork\" ><div class='avia_textblock'  itemprop=\"text\" ><p>Per piccoli importi potete usare la vostra carta di credito con:<a href=\"https:\/\/www.paypal.me\/fasep2000\" target=\"_blank\" rel=\"noopener\"><br \/>\n<img decoding=\"async\" src=\"\/wp-content\/plugins\/fasep-plugin\/images\/logo_paypal_sicuro.png\" \/><br \/>\n<\/a><\/p>\n<p>    <a target=\"_blank\" href=\"https:\/\/buy.stripe.com\/28o7tmd9F1SB4la5kk\"><br \/>\n        <img decoding=\"async\" src=\"https:\/\/www.fasep.it\/wp-content\/uploads\/2025\/03\/stripe-logo.jpg\" alt=\"\" width=\"160\" class=\"alignnone size-full wp-image-7858\" \/><br \/>\n    <\/a><\/p>\n<\/div><\/section>\n\n<\/div><\/div><\/main><!-- close content main element --><\/div><\/div><div id='after_section_1'  class='main_color av_default_container_wrap container_wrap sidebar_right'  ><div class='container av-section-cont-open' ><div class='template-page content  av-content-small alpha units'><div class='post-entry post-entry-type-page post-entry-2964'><div class='entry-content-wrapper clearfix'>","protected":false},"excerpt":{"rendered":"","protected":false},"author":1,"featured_media":0,"parent":0,"menu_order":5,"comment_status":"closed","ping_status":"closed","template":"","meta":{"_acf_changed":false,"footnotes":""},"class_list":["post-2964","page","type-page","status-publish","hentry"],"acf":[],"yoast_head":"<!-- This site is optimized with the Yoast SEO plugin v25.7 - https:\/\/yoast.com\/wordpress\/plugins\/seo\/ -->\n<title>Contacte nos - Fasep 2000 srl<\/title>\n<meta name=\"robots\" content=\"index, follow, max-snippet:-1, max-image-preview:large, max-video-preview:-1\" \/>\n<meta property=\"og:locale\" content=\"es_ES\" \/>\n<meta property=\"og:type\" content=\"article\" \/>\n<meta property=\"og:title\" content=\"Contacte nos - Fasep 2000 srl\" \/>\n<meta property=\"og:url\" content=\"https:\/\/www.fasep.it\/es\/contacte-nos\/\" \/>\n<meta property=\"og:site_name\" content=\"Fasep 2000 srl\" \/>\n<meta property=\"article:modified_time\" content=\"2025-04-08T13:37:09+00:00\" \/>\n<meta property=\"og:image\" content=\"https:\/\/www.fasep.it\/wp-content\/uploads\/2025\/03\/stripe-logo.jpg\" \/>\n<meta name=\"twitter:card\" content=\"summary_large_image\" \/>\n<meta name=\"twitter:label1\" content=\"Tiempo de lectura\" \/>\n\t<meta name=\"twitter:data1\" content=\"20 minutos\" \/>\n<script type=\"application\/ld+json\" class=\"yoast-schema-graph\">{\"@context\":\"https:\/\/schema.org\",\"@graph\":[{\"@type\":\"WebPage\",\"@id\":\"https:\/\/www.fasep.it\/es\/contacte-nos\/\",\"url\":\"https:\/\/www.fasep.it\/es\/contacte-nos\/\",\"name\":\"Contacte nos - Fasep 2000 srl\",\"isPartOf\":{\"@id\":\"https:\/\/www.fasep.it\/es\/#website\"},\"primaryImageOfPage\":{\"@id\":\"https:\/\/www.fasep.it\/es\/contacte-nos\/#primaryimage\"},\"image\":{\"@id\":\"https:\/\/www.fasep.it\/es\/contacte-nos\/#primaryimage\"},\"thumbnailUrl\":\"https:\/\/www.fasep.it\/wp-content\/uploads\/2025\/03\/stripe-logo.jpg\",\"datePublished\":\"2023-12-27T11:15:08+00:00\",\"dateModified\":\"2025-04-08T13:37:09+00:00\",\"breadcrumb\":{\"@id\":\"https:\/\/www.fasep.it\/es\/contacte-nos\/#breadcrumb\"},\"inLanguage\":\"es\",\"potentialAction\":[{\"@type\":\"ReadAction\",\"target\":[\"https:\/\/www.fasep.it\/es\/contacte-nos\/\"]}]},{\"@type\":\"ImageObject\",\"inLanguage\":\"es\",\"@id\":\"https:\/\/www.fasep.it\/es\/contacte-nos\/#primaryimage\",\"url\":\"https:\/\/www.fasep.it\/wp-content\/uploads\/2025\/03\/stripe-logo.jpg\",\"contentUrl\":\"https:\/\/www.fasep.it\/wp-content\/uploads\/2025\/03\/stripe-logo.jpg\"},{\"@type\":\"BreadcrumbList\",\"@id\":\"https:\/\/www.fasep.it\/es\/contacte-nos\/#breadcrumb\",\"itemListElement\":[{\"@type\":\"ListItem\",\"position\":1,\"name\":\"Home\",\"item\":\"https:\/\/www.fasep.it\/es\/\"},{\"@type\":\"ListItem\",\"position\":2,\"name\":\"Contacte nos\"}]},{\"@type\":\"WebSite\",\"@id\":\"https:\/\/www.fasep.it\/es\/#website\",\"url\":\"https:\/\/www.fasep.it\/es\/\",\"name\":\"Fasep 2000 srl\",\"description\":\"\",\"potentialAction\":[{\"@type\":\"SearchAction\",\"target\":{\"@type\":\"EntryPoint\",\"urlTemplate\":\"https:\/\/www.fasep.it\/es\/?s={search_term_string}\"},\"query-input\":{\"@type\":\"PropertyValueSpecification\",\"valueRequired\":true,\"valueName\":\"search_term_string\"}}],\"inLanguage\":\"es\"}]}<\/script>\n<!-- \/ Yoast SEO plugin. -->","yoast_head_json":{"title":"Contacte nos - Fasep 2000 srl","robots":{"index":"index","follow":"follow","max-snippet":"max-snippet:-1","max-image-preview":"max-image-preview:large","max-video-preview":"max-video-preview:-1"},"og_locale":"es_ES","og_type":"article","og_title":"Contacte nos - Fasep 2000 srl","og_url":"https:\/\/www.fasep.it\/es\/contacte-nos\/","og_site_name":"Fasep 2000 srl","article_modified_time":"2025-04-08T13:37:09+00:00","og_image":[{"url":"https:\/\/www.fasep.it\/wp-content\/uploads\/2025\/03\/stripe-logo.jpg","type":"","width":"","height":""}],"twitter_card":"summary_large_image","twitter_misc":{"Tiempo de lectura":"20 minutos"},"schema":{"@context":"https:\/\/schema.org","@graph":[{"@type":"WebPage","@id":"https:\/\/www.fasep.it\/es\/contacte-nos\/","url":"https:\/\/www.fasep.it\/es\/contacte-nos\/","name":"Contacte nos - Fasep 2000 srl","isPartOf":{"@id":"https:\/\/www.fasep.it\/es\/#website"},"primaryImageOfPage":{"@id":"https:\/\/www.fasep.it\/es\/contacte-nos\/#primaryimage"},"image":{"@id":"https:\/\/www.fasep.it\/es\/contacte-nos\/#primaryimage"},"thumbnailUrl":"https:\/\/www.fasep.it\/wp-content\/uploads\/2025\/03\/stripe-logo.jpg","datePublished":"2023-12-27T11:15:08+00:00","dateModified":"2025-04-08T13:37:09+00:00","breadcrumb":{"@id":"https:\/\/www.fasep.it\/es\/contacte-nos\/#breadcrumb"},"inLanguage":"es","potentialAction":[{"@type":"ReadAction","target":["https:\/\/www.fasep.it\/es\/contacte-nos\/"]}]},{"@type":"ImageObject","inLanguage":"es","@id":"https:\/\/www.fasep.it\/es\/contacte-nos\/#primaryimage","url":"https:\/\/www.fasep.it\/wp-content\/uploads\/2025\/03\/stripe-logo.jpg","contentUrl":"https:\/\/www.fasep.it\/wp-content\/uploads\/2025\/03\/stripe-logo.jpg"},{"@type":"BreadcrumbList","@id":"https:\/\/www.fasep.it\/es\/contacte-nos\/#breadcrumb","itemListElement":[{"@type":"ListItem","position":1,"name":"Home","item":"https:\/\/www.fasep.it\/es\/"},{"@type":"ListItem","position":2,"name":"Contacte nos"}]},{"@type":"WebSite","@id":"https:\/\/www.fasep.it\/es\/#website","url":"https:\/\/www.fasep.it\/es\/","name":"Fasep 2000 srl","description":"","potentialAction":[{"@type":"SearchAction","target":{"@type":"EntryPoint","urlTemplate":"https:\/\/www.fasep.it\/es\/?s={search_term_string}"},"query-input":{"@type":"PropertyValueSpecification","valueRequired":true,"valueName":"search_term_string"}}],"inLanguage":"es"}]}},"_links":{"self":[{"href":"https:\/\/www.fasep.it\/es\/wp-json\/wp\/v2\/pages\/2964","targetHints":{"allow":["GET"]}}],"collection":[{"href":"https:\/\/www.fasep.it\/es\/wp-json\/wp\/v2\/pages"}],"about":[{"href":"https:\/\/www.fasep.it\/es\/wp-json\/wp\/v2\/types\/page"}],"author":[{"embeddable":true,"href":"https:\/\/www.fasep.it\/es\/wp-json\/wp\/v2\/users\/1"}],"replies":[{"embeddable":true,"href":"https:\/\/www.fasep.it\/es\/wp-json\/wp\/v2\/comments?post=2964"}],"version-history":[{"count":19,"href":"https:\/\/www.fasep.it\/es\/wp-json\/wp\/v2\/pages\/2964\/revisions"}],"predecessor-version":[{"id":8439,"href":"https:\/\/www.fasep.it\/es\/wp-json\/wp\/v2\/pages\/2964\/revisions\/8439"}],"wp:attachment":[{"href":"https:\/\/www.fasep.it\/es\/wp-json\/wp\/v2\/media?parent=2964"}],"curies":[{"name":"wp","href":"https:\/\/api.w.org\/{rel}","templated":true}]}}