{"id":7853,"date":"2025-07-16T11:41:49","date_gmt":"2025-07-16T09:41:49","guid":{"rendered":"https:\/\/www2.fasep.it\/produkte\/\/r006.003"},"modified":"2026-04-03T14:32:29","modified_gmt":"2026-04-03T12:32:29","slug":"de-r006.003","status":"publish","type":"product","link":"https:\/\/www.fasep.it\/de\/produkte\/felgenglaetter\/r006.003\/","title":{"rendered":"ELEGANCE"},"content":{"rendered":"<font color=\"#0055BB\"><strong>Jedes Rad hat das Recht, erneuert zu werden<\/font><\/strong><br>\r\nWir haben f\u00fcr Sie die beste L\u00f6sung f\u00fcr R\u00e4der entwickelt, die nicht nur zerkratzt sind, sondern auch \u00fcberholt und erneuert werden m\u00fcssen. Elegance, der Experte f\u00fcr gl\u00e4nzende und glatte R\u00e4der, bietet Ihnen R\u00e4der, die aussehen, als w\u00e4ren sie gerade erst aus der Fabrik gekommen.<br>\r\n<br>\r\nRobust, langlebig, wendig und stabil. So definieren wir das Design des Elegance. Er ist ein wahres Designwunder mit Panoramaverglasung, heller Innenbeleuchtung, klappbarem Bedienpult, Kombit\u00fcrsystem und vielem mehr.<br>\r\n<br>\r\nWir wissen, dass es keinen Platz f\u00fcr Unn\u00f6tiges gibt.<br>\r\nDeshalb haben wir ein solides Schrankkonzept entwickelt, das alle Funktionen auf 2,14 m2 unterbringt.<br>\r\nSchauen wir mal, was wir f\u00fcr Sie getan haben.<br>\r\n<br>\r\n<i>Merkmale:<ul>\r\n<li>Geschlossenes Kontrollsystem\r\n<li>1,1 kW Motor der X-Achse\r\n<li>1,1 kW Motor der Z-Achse mit Bremse\r\n<li>380V 5,5 kW Spindelmotor (1250 rpm)\r\n<li>28&#8243; horizontaler Schnitt\r\n<li>22&#8243; vertikaler Schnitt\r\n<li>15&#8243; max. Schnitth\u00f6he (381 mm)\r\n<li>12-Zoll-Futter mit verst\u00e4rkten Spannern\r\n<\/ul>","protected":false},"excerpt":{"rendered":"<font color=\"#0055BB\"><strong>Jedes Rad hat das Recht, erneuert zu werden<\/font><\/strong><br>\r\nWir haben f\u00fcr Sie die beste L\u00f6sung f\u00fcr R\u00e4der entwickelt, die nicht nur zerkratzt sind, sondern auch \u00fcberholt und erneuert werden m\u00fcssen. Elegance, der Experte f\u00fcr gl\u00e4nzende und glatte R\u00e4der, bietet Ihnen R\u00e4der, die aussehen, als w\u00e4ren sie gerade erst aus der Fabrik gekommen.<br>\r\n<br>\r\nRobust, langlebig, wendig und stabil. So definieren wir das Design des Elegance. Er ist ein wahres Designwunder mit Panoramaverglasung, heller Innenbeleuchtung, klappbarem Bedienpult, Kombit\u00fcrsystem und vielem mehr.<br>\r\n<br>\r\nWir wissen, dass es keinen Platz f\u00fcr Unn\u00f6tiges gibt.<br>\r\nDeshalb haben wir ein solides Schrankkonzept entwickelt, das alle Funktionen auf 2,14 m2 unterbringt.<br>\r\nSchauen wir mal, was wir f\u00fcr Sie getan haben.<br>\r\n<br>\r\n<i>Merkmale:<ul>\r\n<li>Geschlossenes Kontrollsystem\r\n<li>1,1 kW Motor der X-Achse\r\n<li>1,1 kW Motor der Z-Achse mit Bremse\r\n<li>380V 5,5 kW Spindelmotor (1250 rpm)\r\n<li>28&#8243; horizontaler Schnitt\r\n<li>22&#8243; vertikaler Schnitt\r\n<li>15&#8243; max. Schnitth\u00f6he (381 mm)\r\n<li>12-Zoll-Futter mit verst\u00e4rkten Spannern\r\n<\/ul>","protected":false},"featured_media":0,"template":"","meta":{"_acf_changed":false},"product_brand":[],"product_cat":[],"product_tag":[],"class_list":{"0":"post-7853","1":"product","2":"type-product","3":"status-publish","6":"first","7":"instock","8":"shipping-taxable","9":"product-type-simple"},"acf":[],"yoast_head":"<!-- This site is optimized with the Yoast SEO plugin v25.7 - https:\/\/yoast.com\/wordpress\/plugins\/seo\/ -->\n<title>ELEGANCE<\/title>\n<meta name=\"robots\" content=\"index, follow, max-snippet:-1, max-image-preview:large, max-video-preview:-1\" \/>\n<meta property=\"og:locale\" content=\"de_DE\" \/>\n<meta property=\"og:type\" content=\"article\" \/>\n<meta property=\"og:title\" content=\"ELEGANCE\" \/>\n<meta property=\"og:description\" content=\"Jedes Rad hat das Recht, erneuert zu werden Wir haben f\u00fcr Sie die beste L\u00f6sung f\u00fcr R\u00e4der entwickelt, die nicht nur zerkratzt sind, sondern auch \u00fcberholt und erneuert werden m\u00fcssen. Elegance, der Experte f\u00fcr gl\u00e4nzende und glatte R\u00e4der, bietet Ihnen R\u00e4der, die aussehen, als w\u00e4ren sie gerade erst aus der Fabrik gekommen.  Robust, langlebig, wendig und stabil. So definieren wir das Design des Elegance. Er ist ein wahres Designwunder mit Panoramaverglasung, heller Innenbeleuchtung, klappbarem Bedienpult, Kombit\u00fcrsystem und vielem mehr.  Wir wissen, dass es keinen Platz f\u00fcr Unn\u00f6tiges gibt. Deshalb haben wir ein solides Schrankkonzept entwickelt, das alle Funktionen auf 2,14 m2 unterbringt. Schauen wir mal, was wir f\u00fcr Sie getan haben.  Merkmale: Geschlossenes Kontrollsystem 1,1 kW Motor der X-Achse 1,1 kW Motor der Z-Achse mit Bremse 380V 5,5 kW Spindelmotor (1250 rpm) 28&quot; horizontaler Schnitt 22&quot; vertikaler Schnitt 15&quot; max. Schnitth\u00f6he (381 mm) 12-Zoll-Futter mit verst\u00e4rkten Spannern\" \/>\n<meta property=\"og:url\" content=\"https:\/\/www.fasep.it\/de\/produkte\/felgenglaetter\/r006.003\/\" \/>\n<meta property=\"og:site_name\" content=\"Fasep 2000 srl\" \/>\n<meta property=\"article:modified_time\" content=\"2026-04-03T12:32:29+00:00\" \/>\n<meta name=\"twitter:card\" content=\"summary_large_image\" \/>\n<meta name=\"twitter:label1\" content=\"Gesch\u00e4tzte Lesezeit\" \/>\n\t<meta name=\"twitter:data1\" content=\"1\u00a0Minute\" \/>\n<script type=\"application\/ld+json\" class=\"yoast-schema-graph\">{\"@context\":\"https:\/\/schema.org\",\"@graph\":[{\"@type\":\"WebPage\",\"@id\":\"https:\/\/www.fasep.it\/de\/produkte\/felgenglaetter\/r006.003\/\",\"url\":\"https:\/\/www.fasep.it\/de\/produkte\/felgenglaetter\/r006.003\/\",\"name\":\"ELEGANCE\",\"isPartOf\":{\"@id\":\"https:\/\/www.fasep.it\/de\/#website\"},\"datePublished\":\"2025-07-16T09:41:49+00:00\",\"dateModified\":\"2026-04-03T12:32:29+00:00\",\"breadcrumb\":{\"@id\":\"https:\/\/www.fasep.it\/de\/produkte\/felgenglaetter\/r006.003\/#breadcrumb\"},\"inLanguage\":\"de\",\"potentialAction\":[{\"@type\":\"ReadAction\",\"target\":[\"https:\/\/www.fasep.it\/de\/produkte\/felgenglaetter\/r006.003\/\"]}]},{\"@type\":\"BreadcrumbList\",\"@id\":\"https:\/\/www.fasep.it\/de\/produkte\/felgenglaetter\/r006.003\/#breadcrumb\",\"itemListElement\":[{\"@type\":\"ListItem\",\"position\":1,\"name\":\"Home\",\"item\":\"https:\/\/www.fasep.it\/de\/\"},{\"@type\":\"ListItem\",\"position\":2,\"name\":\"Produkte\",\"item\":\"https:\/\/www.fasep.it\/de\/shop\/\"},{\"@type\":\"ListItem\",\"position\":3,\"name\":\"ELEGANCE\"}]},{\"@type\":\"WebSite\",\"@id\":\"https:\/\/www.fasep.it\/de\/#website\",\"url\":\"https:\/\/www.fasep.it\/de\/\",\"name\":\"Fasep 2000 srl\",\"description\":\"\",\"potentialAction\":[{\"@type\":\"SearchAction\",\"target\":{\"@type\":\"EntryPoint\",\"urlTemplate\":\"https:\/\/www.fasep.it\/de\/?s={search_term_string}\"},\"query-input\":{\"@type\":\"PropertyValueSpecification\",\"valueRequired\":true,\"valueName\":\"search_term_string\"}}],\"inLanguage\":\"de\"}]}<\/script>\n<!-- \/ Yoast SEO plugin. -->","yoast_head_json":{"title":"ELEGANCE","robots":{"index":"index","follow":"follow","max-snippet":"max-snippet:-1","max-image-preview":"max-image-preview:large","max-video-preview":"max-video-preview:-1"},"og_locale":"de_DE","og_type":"article","og_title":"ELEGANCE","og_description":"Jedes Rad hat das Recht, erneuert zu werden Wir haben f\u00fcr Sie die beste L\u00f6sung f\u00fcr R\u00e4der entwickelt, die nicht nur zerkratzt sind, sondern auch \u00fcberholt und erneuert werden m\u00fcssen. Elegance, der Experte f\u00fcr gl\u00e4nzende und glatte R\u00e4der, bietet Ihnen R\u00e4der, die aussehen, als w\u00e4ren sie gerade erst aus der Fabrik gekommen.  Robust, langlebig, wendig und stabil. So definieren wir das Design des Elegance. Er ist ein wahres Designwunder mit Panoramaverglasung, heller Innenbeleuchtung, klappbarem Bedienpult, Kombit\u00fcrsystem und vielem mehr.  Wir wissen, dass es keinen Platz f\u00fcr Unn\u00f6tiges gibt. Deshalb haben wir ein solides Schrankkonzept entwickelt, das alle Funktionen auf 2,14 m2 unterbringt. Schauen wir mal, was wir f\u00fcr Sie getan haben.  Merkmale: Geschlossenes Kontrollsystem 1,1 kW Motor der X-Achse 1,1 kW Motor der Z-Achse mit Bremse 380V 5,5 kW Spindelmotor (1250 rpm) 28\" horizontaler Schnitt 22\" vertikaler Schnitt 15\" max. Schnitth\u00f6he (381 mm) 12-Zoll-Futter mit verst\u00e4rkten Spannern","og_url":"https:\/\/www.fasep.it\/de\/produkte\/felgenglaetter\/r006.003\/","og_site_name":"Fasep 2000 srl","article_modified_time":"2026-04-03T12:32:29+00:00","twitter_card":"summary_large_image","twitter_misc":{"Gesch\u00e4tzte Lesezeit":"1\u00a0Minute"},"schema":{"@context":"https:\/\/schema.org","@graph":[{"@type":"WebPage","@id":"https:\/\/www.fasep.it\/de\/produkte\/felgenglaetter\/r006.003\/","url":"https:\/\/www.fasep.it\/de\/produkte\/felgenglaetter\/r006.003\/","name":"ELEGANCE","isPartOf":{"@id":"https:\/\/www.fasep.it\/de\/#website"},"datePublished":"2025-07-16T09:41:49+00:00","dateModified":"2026-04-03T12:32:29+00:00","breadcrumb":{"@id":"https:\/\/www.fasep.it\/de\/produkte\/felgenglaetter\/r006.003\/#breadcrumb"},"inLanguage":"de","potentialAction":[{"@type":"ReadAction","target":["https:\/\/www.fasep.it\/de\/produkte\/felgenglaetter\/r006.003\/"]}]},{"@type":"BreadcrumbList","@id":"https:\/\/www.fasep.it\/de\/produkte\/felgenglaetter\/r006.003\/#breadcrumb","itemListElement":[{"@type":"ListItem","position":1,"name":"Home","item":"https:\/\/www.fasep.it\/de\/"},{"@type":"ListItem","position":2,"name":"Produkte","item":"https:\/\/www.fasep.it\/de\/shop\/"},{"@type":"ListItem","position":3,"name":"ELEGANCE"}]},{"@type":"WebSite","@id":"https:\/\/www.fasep.it\/de\/#website","url":"https:\/\/www.fasep.it\/de\/","name":"Fasep 2000 srl","description":"","potentialAction":[{"@type":"SearchAction","target":{"@type":"EntryPoint","urlTemplate":"https:\/\/www.fasep.it\/de\/?s={search_term_string}"},"query-input":{"@type":"PropertyValueSpecification","valueRequired":true,"valueName":"search_term_string"}}],"inLanguage":"de"}]}},"_links":{"self":[{"href":"https:\/\/www.fasep.it\/de\/wp-json\/wp\/v2\/product\/7853","targetHints":{"allow":["GET"]}}],"collection":[{"href":"https:\/\/www.fasep.it\/de\/wp-json\/wp\/v2\/product"}],"about":[{"href":"https:\/\/www.fasep.it\/de\/wp-json\/wp\/v2\/types\/product"}],"wp:attachment":[{"href":"https:\/\/www.fasep.it\/de\/wp-json\/wp\/v2\/media?parent=7853"}],"wp:term":[{"taxonomy":"product_brand","embeddable":true,"href":"https:\/\/www.fasep.it\/de\/wp-json\/wp\/v2\/product_brand?post=7853"},{"taxonomy":"product_cat","embeddable":true,"href":"https:\/\/www.fasep.it\/de\/wp-json\/wp\/v2\/product_cat?post=7853"},{"taxonomy":"product_tag","embeddable":true,"href":"https:\/\/www.fasep.it\/de\/wp-json\/wp\/v2\/product_tag?post=7853"}],"curies":[{"name":"wp","href":"https:\/\/api.w.org\/{rel}","templated":true}]}}