{"id":7195,"date":"2025-07-16T11:41:48","date_gmt":"2025-07-16T09:41:48","guid":{"rendered":"https:\/\/www2.fasep.it\/produkte\/\/de-v535\/"},"modified":"2026-04-03T14:32:32","modified_gmt":"2026-04-03T12:32:32","slug":"de-v535","status":"publish","type":"product","link":"https:\/\/www.fasep.it\/de\/produkte\/sonstiges\/v535\/","title":{"rendered":"OZONO3"},"content":{"rendered":"<font color=\"#0055BB\"><strong>Professionelles Desinfektionsmittel f\u00fcr Autos, Wohnmobile, Busse und Arbeitsumgebungen, wirksam gegen Viren und Bakterien.<\/strong><\/font><br>\r\n<br>\r\n<strong>OZONO3<\/strong> ist eine Maschine zur Desinfektion und Sterilisation von R\u00e4umen \u00fcber Ozon, das durch elektrische Entladungen mit ultrahoher Intensit\u00e4t erzeugt wird.<br>\r\nDank der <u>Ozonproduktionskapazit\u00e4t von 10 g\/h<\/u>, k\u00f6nnen Sie kleine Mengen (Autos \/ Wohnmobile) und effektiv noch gr\u00f6\u00dfere Mengen (Busse \/ B\u00fcros) schnell desinfizieren.<br>\r\nAusgestattet mit einem <u>programmierbaren Timer von 1 bis 90 Minuten mit 16 verschiedenen Wochenpl\u00e4nen<\/u>, eignet es sich auch zur Desinfektion gro\u00dfer Mengen durch Programmieren von Nachtarbeit oder Wiederholen von Zyklen.<br>\r\n<br>\r\nOzon ist ein starkes Oxidationsmittel, das Bakterien und Viren in Wasser und Luft in bestimmten Konzentrationen zerst\u00f6rt und beseitigt. Geeignet f\u00fcr alle professionellen Desinfektionsprozesse.<br>\r\nDie Behandlung in geschlossenen Umgebungen erm\u00f6glicht es, alle Arten von Viren, Bakterien und Schimmelpilzen abzut\u00f6ten.","protected":false},"excerpt":{"rendered":"<font color=\"#0055BB\"><strong>Professionelles Desinfektionsmittel f\u00fcr Autos, Wohnmobile, Busse und Arbeitsumgebungen, wirksam gegen Viren und Bakterien.<\/strong><\/font><br>\r\n<br>\r\n<strong>OZONO3<\/strong> ist eine Maschine zur Desinfektion und Sterilisation von R\u00e4umen \u00fcber Ozon, das durch elektrische Entladungen mit ultrahoher Intensit\u00e4t erzeugt wird.<br>\r\nDank der <u>Ozonproduktionskapazit\u00e4t von 10 g\/h<\/u>, k\u00f6nnen Sie kleine Mengen (Autos \/ Wohnmobile) und effektiv noch gr\u00f6\u00dfere Mengen (Busse \/ B\u00fcros) schnell desinfizieren.<br>\r\nAusgestattet mit einem <u>programmierbaren Timer von 1 bis 90 Minuten mit 16 verschiedenen Wochenpl\u00e4nen<\/u>, eignet es sich auch zur Desinfektion gro\u00dfer Mengen durch Programmieren von Nachtarbeit oder Wiederholen von Zyklen.<br>\r\n<br>\r\nOzon ist ein starkes Oxidationsmittel, das Bakterien und Viren in Wasser und Luft in bestimmten Konzentrationen zerst\u00f6rt und beseitigt. Geeignet f\u00fcr alle professionellen Desinfektionsprozesse.<br>\r\nDie Behandlung in geschlossenen Umgebungen erm\u00f6glicht es, alle Arten von Viren, Bakterien und Schimmelpilzen abzut\u00f6ten.","protected":false},"featured_media":0,"template":"","meta":{"_acf_changed":false},"product_brand":[],"product_cat":[],"product_tag":[],"class_list":{"0":"post-7195","1":"product","2":"type-product","3":"status-publish","6":"first","7":"instock","8":"shipping-taxable","9":"product-type-simple"},"acf":[],"yoast_head":"<!-- This site is optimized with the Yoast SEO plugin v25.7 - https:\/\/yoast.com\/wordpress\/plugins\/seo\/ -->\n<title>OZONO3<\/title>\n<meta name=\"robots\" content=\"index, follow, max-snippet:-1, max-image-preview:large, max-video-preview:-1\" \/>\n<meta property=\"og:locale\" content=\"de_DE\" \/>\n<meta property=\"og:type\" content=\"article\" \/>\n<meta property=\"og:title\" content=\"OZONO3\" \/>\n<meta property=\"og:description\" content=\"Professionelles Desinfektionsmittel f\u00fcr Autos, Wohnmobile, Busse und Arbeitsumgebungen, wirksam gegen Viren und Bakterien.  OZONO3 ist eine Maschine zur Desinfektion und Sterilisation von R\u00e4umen \u00fcber Ozon, das durch elektrische Entladungen mit ultrahoher Intensit\u00e4t erzeugt wird. Dank der Ozonproduktionskapazit\u00e4t von 10 g\/h, k\u00f6nnen Sie kleine Mengen (Autos \/ Wohnmobile) und effektiv noch gr\u00f6\u00dfere Mengen (Busse \/ B\u00fcros) schnell desinfizieren. Ausgestattet mit einem programmierbaren Timer von 1 bis 90 Minuten mit 16 verschiedenen Wochenpl\u00e4nen, eignet es sich auch zur Desinfektion gro\u00dfer Mengen durch Programmieren von Nachtarbeit oder Wiederholen von Zyklen.  Ozon ist ein starkes Oxidationsmittel, das Bakterien und Viren in Wasser und Luft in bestimmten Konzentrationen zerst\u00f6rt und beseitigt. Geeignet f\u00fcr alle professionellen Desinfektionsprozesse. Die Behandlung in geschlossenen Umgebungen erm\u00f6glicht es, alle Arten von Viren, Bakterien und Schimmelpilzen abzut\u00f6ten.\" \/>\n<meta property=\"og:url\" content=\"https:\/\/www.fasep.it\/de\/produkte\/sonstiges\/v535\/\" \/>\n<meta property=\"og:site_name\" content=\"Fasep 2000 srl\" \/>\n<meta property=\"article:modified_time\" content=\"2026-04-03T12:32:32+00:00\" \/>\n<meta name=\"twitter:card\" content=\"summary_large_image\" \/>\n<meta name=\"twitter:label1\" content=\"Gesch\u00e4tzte Lesezeit\" \/>\n\t<meta name=\"twitter:data1\" content=\"1\u00a0Minute\" \/>\n<script type=\"application\/ld+json\" class=\"yoast-schema-graph\">{\"@context\":\"https:\/\/schema.org\",\"@graph\":[{\"@type\":\"WebPage\",\"@id\":\"https:\/\/www.fasep.it\/de\/produkte\/sonstiges\/v535\/\",\"url\":\"https:\/\/www.fasep.it\/de\/produkte\/sonstiges\/v535\/\",\"name\":\"OZONO3\",\"isPartOf\":{\"@id\":\"https:\/\/www.fasep.it\/de\/#website\"},\"datePublished\":\"2025-07-16T09:41:48+00:00\",\"dateModified\":\"2026-04-03T12:32:32+00:00\",\"breadcrumb\":{\"@id\":\"https:\/\/www.fasep.it\/de\/produkte\/sonstiges\/v535\/#breadcrumb\"},\"inLanguage\":\"de\",\"potentialAction\":[{\"@type\":\"ReadAction\",\"target\":[\"https:\/\/www.fasep.it\/de\/produkte\/sonstiges\/v535\/\"]}]},{\"@type\":\"BreadcrumbList\",\"@id\":\"https:\/\/www.fasep.it\/de\/produkte\/sonstiges\/v535\/#breadcrumb\",\"itemListElement\":[{\"@type\":\"ListItem\",\"position\":1,\"name\":\"Home\",\"item\":\"https:\/\/www.fasep.it\/de\/\"},{\"@type\":\"ListItem\",\"position\":2,\"name\":\"Produkte\",\"item\":\"https:\/\/www.fasep.it\/de\/shop\/\"},{\"@type\":\"ListItem\",\"position\":3,\"name\":\"OZONO3\"}]},{\"@type\":\"WebSite\",\"@id\":\"https:\/\/www.fasep.it\/de\/#website\",\"url\":\"https:\/\/www.fasep.it\/de\/\",\"name\":\"Fasep 2000 srl\",\"description\":\"\",\"potentialAction\":[{\"@type\":\"SearchAction\",\"target\":{\"@type\":\"EntryPoint\",\"urlTemplate\":\"https:\/\/www.fasep.it\/de\/?s={search_term_string}\"},\"query-input\":{\"@type\":\"PropertyValueSpecification\",\"valueRequired\":true,\"valueName\":\"search_term_string\"}}],\"inLanguage\":\"de\"}]}<\/script>\n<!-- \/ Yoast SEO plugin. -->","yoast_head_json":{"title":"OZONO3","robots":{"index":"index","follow":"follow","max-snippet":"max-snippet:-1","max-image-preview":"max-image-preview:large","max-video-preview":"max-video-preview:-1"},"og_locale":"de_DE","og_type":"article","og_title":"OZONO3","og_description":"Professionelles Desinfektionsmittel f\u00fcr Autos, Wohnmobile, Busse und Arbeitsumgebungen, wirksam gegen Viren und Bakterien.  OZONO3 ist eine Maschine zur Desinfektion und Sterilisation von R\u00e4umen \u00fcber Ozon, das durch elektrische Entladungen mit ultrahoher Intensit\u00e4t erzeugt wird. Dank der Ozonproduktionskapazit\u00e4t von 10 g\/h, k\u00f6nnen Sie kleine Mengen (Autos \/ Wohnmobile) und effektiv noch gr\u00f6\u00dfere Mengen (Busse \/ B\u00fcros) schnell desinfizieren. Ausgestattet mit einem programmierbaren Timer von 1 bis 90 Minuten mit 16 verschiedenen Wochenpl\u00e4nen, eignet es sich auch zur Desinfektion gro\u00dfer Mengen durch Programmieren von Nachtarbeit oder Wiederholen von Zyklen.  Ozon ist ein starkes Oxidationsmittel, das Bakterien und Viren in Wasser und Luft in bestimmten Konzentrationen zerst\u00f6rt und beseitigt. Geeignet f\u00fcr alle professionellen Desinfektionsprozesse. Die Behandlung in geschlossenen Umgebungen erm\u00f6glicht es, alle Arten von Viren, Bakterien und Schimmelpilzen abzut\u00f6ten.","og_url":"https:\/\/www.fasep.it\/de\/produkte\/sonstiges\/v535\/","og_site_name":"Fasep 2000 srl","article_modified_time":"2026-04-03T12:32:32+00:00","twitter_card":"summary_large_image","twitter_misc":{"Gesch\u00e4tzte Lesezeit":"1\u00a0Minute"},"schema":{"@context":"https:\/\/schema.org","@graph":[{"@type":"WebPage","@id":"https:\/\/www.fasep.it\/de\/produkte\/sonstiges\/v535\/","url":"https:\/\/www.fasep.it\/de\/produkte\/sonstiges\/v535\/","name":"OZONO3","isPartOf":{"@id":"https:\/\/www.fasep.it\/de\/#website"},"datePublished":"2025-07-16T09:41:48+00:00","dateModified":"2026-04-03T12:32:32+00:00","breadcrumb":{"@id":"https:\/\/www.fasep.it\/de\/produkte\/sonstiges\/v535\/#breadcrumb"},"inLanguage":"de","potentialAction":[{"@type":"ReadAction","target":["https:\/\/www.fasep.it\/de\/produkte\/sonstiges\/v535\/"]}]},{"@type":"BreadcrumbList","@id":"https:\/\/www.fasep.it\/de\/produkte\/sonstiges\/v535\/#breadcrumb","itemListElement":[{"@type":"ListItem","position":1,"name":"Home","item":"https:\/\/www.fasep.it\/de\/"},{"@type":"ListItem","position":2,"name":"Produkte","item":"https:\/\/www.fasep.it\/de\/shop\/"},{"@type":"ListItem","position":3,"name":"OZONO3"}]},{"@type":"WebSite","@id":"https:\/\/www.fasep.it\/de\/#website","url":"https:\/\/www.fasep.it\/de\/","name":"Fasep 2000 srl","description":"","potentialAction":[{"@type":"SearchAction","target":{"@type":"EntryPoint","urlTemplate":"https:\/\/www.fasep.it\/de\/?s={search_term_string}"},"query-input":{"@type":"PropertyValueSpecification","valueRequired":true,"valueName":"search_term_string"}}],"inLanguage":"de"}]}},"_links":{"self":[{"href":"https:\/\/www.fasep.it\/de\/wp-json\/wp\/v2\/product\/7195","targetHints":{"allow":["GET"]}}],"collection":[{"href":"https:\/\/www.fasep.it\/de\/wp-json\/wp\/v2\/product"}],"about":[{"href":"https:\/\/www.fasep.it\/de\/wp-json\/wp\/v2\/types\/product"}],"wp:attachment":[{"href":"https:\/\/www.fasep.it\/de\/wp-json\/wp\/v2\/media?parent=7195"}],"wp:term":[{"taxonomy":"product_brand","embeddable":true,"href":"https:\/\/www.fasep.it\/de\/wp-json\/wp\/v2\/product_brand?post=7195"},{"taxonomy":"product_cat","embeddable":true,"href":"https:\/\/www.fasep.it\/de\/wp-json\/wp\/v2\/product_cat?post=7195"},{"taxonomy":"product_tag","embeddable":true,"href":"https:\/\/www.fasep.it\/de\/wp-json\/wp\/v2\/product_tag?post=7195"}],"curies":[{"name":"wp","href":"https:\/\/api.w.org\/{rel}","templated":true}]}}