{"id":7193,"date":"2025-07-16T11:41:45","date_gmt":"2025-07-16T09:41:45","guid":{"rendered":"https:\/\/www2.fasep.it\/produkte\/\/de-v540.001"},"modified":"2026-04-03T14:32:32","modified_gmt":"2026-04-03T12:32:32","slug":"de-v540.001","status":"publish","type":"product","link":"https:\/\/www.fasep.it\/de\/produkte\/sonstiges\/v540.001\/","title":{"rendered":"TP8000 F\/PROFIL"},"content":{"rendered":"<font color=\"#0055BB\"><b>PROFILIERER F\u00dcR REIFENPROFILE f\u00fcr PKWs \/ leichte Nutzfahrzeuge (einschlie\u00dflich Zwillingsachsen)<\/font><\/b><br>\r\nTP8000 ist die beste L\u00f6sung f\u00fcr eine <u>vollst\u00e4ndige Diagnose von PKW- und Leicht-LKW-Reifen<\/u>.<br>\r\nDie Laserdiagnose liefert einen <u>objektiven und detaillierten Bericht<\/u>, der den tats\u00e4chlichen Zustand des Reifenverschlei\u00dfes aufzeigt und bei Bedarf einen Austausch empfiehlt.<br>\r\n<br>\r\nMerkmale:\r\n<ul>\r\n<li>Unterflur-Montage\r\n<li>Abmessungen: 2500x500x124 mm\r\n<li>Diagnose: Profiltiefe, Achsvermessung\r\n<li>Messart: 2D-Lasertriangulation\r\n<li>Min\/max. Spurbreite: 700\/2300 mm\r\n<li>Max. Radbreite: 800 mm\r\n<li>Messgenauigkeit: 0,1 mm\r\n<li>Reproduzierbarkeit: 0,3 mm\r\n<li>Einschaltdauer: automatischer Anwesenheitssensor\/Fernbedienung\r\n<li>Lesezeit: &lt;5 sec\/Achse\r\n<li>Maximale Last\/Achse: 3000 kg\r\n<li>Elektrischer Schutz: IP65\r\n<li>Betriebsbereich (\u00b0C): 0-50\u00b0C\r\n<li>Gezeigte Daten: 2D-Lauffl\u00e4chenprofil mit Tiefenwerten\r\n<li>Schnittstelle: Windows 10 FULL HD PC \/ Laptop \/ Tablet\r\n<li>Min. Aufl\u00f6sung: 1920&#215;1080\r\n<\/ul>","protected":false},"excerpt":{"rendered":"<font color=\"#0055BB\"><b>PROFILIERER F\u00dcR REIFENPROFILE f\u00fcr PKWs \/ leichte Nutzfahrzeuge (einschlie\u00dflich Zwillingsachsen)<\/font><\/b><br>\r\nTP8000 ist die beste L\u00f6sung f\u00fcr eine <u>vollst\u00e4ndige Diagnose von PKW- und Leicht-LKW-Reifen<\/u>.<br>\r\nDie Laserdiagnose liefert einen <u>objektiven und detaillierten Bericht<\/u>, der den tats\u00e4chlichen Zustand des Reifenverschlei\u00dfes aufzeigt und bei Bedarf einen Austausch empfiehlt.<br>\r\n<br>\r\nMerkmale:\r\n<ul>\r\n<li>Unterflur-Montage\r\n<li>Abmessungen: 2500x500x124 mm\r\n<li>Diagnose: Profiltiefe, Achsvermessung\r\n<li>Messart: 2D-Lasertriangulation\r\n<li>Min\/max. Spurbreite: 700\/2300 mm\r\n<li>Max. Radbreite: 800 mm\r\n<li>Messgenauigkeit: 0,1 mm\r\n<li>Reproduzierbarkeit: 0,3 mm\r\n<li>Einschaltdauer: automatischer Anwesenheitssensor\/Fernbedienung\r\n<li>Lesezeit: &lt;5 sec\/Achse\r\n<li>Maximale Last\/Achse: 3000 kg\r\n<li>Elektrischer Schutz: IP65\r\n<li>Betriebsbereich (\u00b0C): 0-50\u00b0C\r\n<li>Gezeigte Daten: 2D-Lauffl\u00e4chenprofil mit Tiefenwerten\r\n<li>Schnittstelle: Windows 10 FULL HD PC \/ Laptop \/ Tablet\r\n<li>Min. Aufl\u00f6sung: 1920&#215;1080\r\n<\/ul>","protected":false},"featured_media":0,"template":"","meta":{"_acf_changed":false},"product_brand":[],"product_cat":[],"product_tag":[],"class_list":{"0":"post-7193","1":"product","2":"type-product","3":"status-publish","6":"first","7":"instock","8":"shipping-taxable","9":"product-type-simple"},"acf":[],"yoast_head":"<!-- This site is optimized with the Yoast SEO plugin v25.7 - https:\/\/yoast.com\/wordpress\/plugins\/seo\/ -->\n<title>TP8000 F\/PROFIL<\/title>\n<meta name=\"robots\" content=\"index, follow, max-snippet:-1, max-image-preview:large, max-video-preview:-1\" \/>\n<meta property=\"og:locale\" content=\"de_DE\" \/>\n<meta property=\"og:type\" content=\"article\" \/>\n<meta property=\"og:title\" content=\"TP8000 F\/PROFIL\" \/>\n<meta property=\"og:description\" content=\"PROFILIERER F\u00dcR REIFENPROFILE f\u00fcr PKWs \/ leichte Nutzfahrzeuge (einschlie\u00dflich Zwillingsachsen) TP8000 ist die beste L\u00f6sung f\u00fcr eine vollst\u00e4ndige Diagnose von PKW- und Leicht-LKW-Reifen. Die Laserdiagnose liefert einen objektiven und detaillierten Bericht, der den tats\u00e4chlichen Zustand des Reifenverschlei\u00dfes aufzeigt und bei Bedarf einen Austausch empfiehlt.  Merkmale:  Unterflur-Montage Abmessungen: 2500x500x124 mm Diagnose: Profiltiefe, Achsvermessung Messart: 2D-Lasertriangulation Min\/max. Spurbreite: 700\/2300 mm Max. Radbreite: 800 mm Messgenauigkeit: 0,1 mm Reproduzierbarkeit: 0,3 mm Einschaltdauer: automatischer Anwesenheitssensor\/Fernbedienung Lesezeit: &lt;5 sec\/Achse Maximale Last\/Achse: 3000 kg Elektrischer Schutz: IP65 Betriebsbereich (\u00b0C): 0-50\u00b0C Gezeigte Daten: 2D-Lauffl\u00e4chenprofil mit Tiefenwerten Schnittstelle: Windows 10 FULL HD PC \/ Laptop \/ Tablet Min. Aufl\u00f6sung: 1920x1080\" \/>\n<meta property=\"og:url\" content=\"https:\/\/www.fasep.it\/de\/produkte\/sonstiges\/v540.001\/\" \/>\n<meta property=\"og:site_name\" content=\"Fasep 2000 srl\" \/>\n<meta property=\"article:modified_time\" content=\"2026-04-03T12:32:32+00:00\" \/>\n<meta name=\"twitter:card\" content=\"summary_large_image\" \/>\n<meta name=\"twitter:label1\" content=\"Gesch\u00e4tzte Lesezeit\" \/>\n\t<meta name=\"twitter:data1\" content=\"1\u00a0Minute\" \/>\n<script type=\"application\/ld+json\" class=\"yoast-schema-graph\">{\"@context\":\"https:\/\/schema.org\",\"@graph\":[{\"@type\":\"WebPage\",\"@id\":\"https:\/\/www.fasep.it\/de\/produkte\/sonstiges\/v540.001\/\",\"url\":\"https:\/\/www.fasep.it\/de\/produkte\/sonstiges\/v540.001\/\",\"name\":\"TP8000 F\/PROFIL\",\"isPartOf\":{\"@id\":\"https:\/\/www.fasep.it\/de\/#website\"},\"datePublished\":\"2025-07-16T09:41:45+00:00\",\"dateModified\":\"2026-04-03T12:32:32+00:00\",\"breadcrumb\":{\"@id\":\"https:\/\/www.fasep.it\/de\/produkte\/sonstiges\/v540.001\/#breadcrumb\"},\"inLanguage\":\"de\",\"potentialAction\":[{\"@type\":\"ReadAction\",\"target\":[\"https:\/\/www.fasep.it\/de\/produkte\/sonstiges\/v540.001\/\"]}]},{\"@type\":\"BreadcrumbList\",\"@id\":\"https:\/\/www.fasep.it\/de\/produkte\/sonstiges\/v540.001\/#breadcrumb\",\"itemListElement\":[{\"@type\":\"ListItem\",\"position\":1,\"name\":\"Home\",\"item\":\"https:\/\/www.fasep.it\/de\/\"},{\"@type\":\"ListItem\",\"position\":2,\"name\":\"Produkte\",\"item\":\"https:\/\/www.fasep.it\/de\/shop\/\"},{\"@type\":\"ListItem\",\"position\":3,\"name\":\"TP8000 F\/PROFIL\"}]},{\"@type\":\"WebSite\",\"@id\":\"https:\/\/www.fasep.it\/de\/#website\",\"url\":\"https:\/\/www.fasep.it\/de\/\",\"name\":\"Fasep 2000 srl\",\"description\":\"\",\"potentialAction\":[{\"@type\":\"SearchAction\",\"target\":{\"@type\":\"EntryPoint\",\"urlTemplate\":\"https:\/\/www.fasep.it\/de\/?s={search_term_string}\"},\"query-input\":{\"@type\":\"PropertyValueSpecification\",\"valueRequired\":true,\"valueName\":\"search_term_string\"}}],\"inLanguage\":\"de\"}]}<\/script>\n<!-- \/ Yoast SEO plugin. -->","yoast_head_json":{"title":"TP8000 F\/PROFIL","robots":{"index":"index","follow":"follow","max-snippet":"max-snippet:-1","max-image-preview":"max-image-preview:large","max-video-preview":"max-video-preview:-1"},"og_locale":"de_DE","og_type":"article","og_title":"TP8000 F\/PROFIL","og_description":"PROFILIERER F\u00dcR REIFENPROFILE f\u00fcr PKWs \/ leichte Nutzfahrzeuge (einschlie\u00dflich Zwillingsachsen) TP8000 ist die beste L\u00f6sung f\u00fcr eine vollst\u00e4ndige Diagnose von PKW- und Leicht-LKW-Reifen. Die Laserdiagnose liefert einen objektiven und detaillierten Bericht, der den tats\u00e4chlichen Zustand des Reifenverschlei\u00dfes aufzeigt und bei Bedarf einen Austausch empfiehlt.  Merkmale:  Unterflur-Montage Abmessungen: 2500x500x124 mm Diagnose: Profiltiefe, Achsvermessung Messart: 2D-Lasertriangulation Min\/max. Spurbreite: 700\/2300 mm Max. Radbreite: 800 mm Messgenauigkeit: 0,1 mm Reproduzierbarkeit: 0,3 mm Einschaltdauer: automatischer Anwesenheitssensor\/Fernbedienung Lesezeit: &lt;5 sec\/Achse Maximale Last\/Achse: 3000 kg Elektrischer Schutz: IP65 Betriebsbereich (\u00b0C): 0-50\u00b0C Gezeigte Daten: 2D-Lauffl\u00e4chenprofil mit Tiefenwerten Schnittstelle: Windows 10 FULL HD PC \/ Laptop \/ Tablet Min. Aufl\u00f6sung: 1920x1080","og_url":"https:\/\/www.fasep.it\/de\/produkte\/sonstiges\/v540.001\/","og_site_name":"Fasep 2000 srl","article_modified_time":"2026-04-03T12:32:32+00:00","twitter_card":"summary_large_image","twitter_misc":{"Gesch\u00e4tzte Lesezeit":"1\u00a0Minute"},"schema":{"@context":"https:\/\/schema.org","@graph":[{"@type":"WebPage","@id":"https:\/\/www.fasep.it\/de\/produkte\/sonstiges\/v540.001\/","url":"https:\/\/www.fasep.it\/de\/produkte\/sonstiges\/v540.001\/","name":"TP8000 F\/PROFIL","isPartOf":{"@id":"https:\/\/www.fasep.it\/de\/#website"},"datePublished":"2025-07-16T09:41:45+00:00","dateModified":"2026-04-03T12:32:32+00:00","breadcrumb":{"@id":"https:\/\/www.fasep.it\/de\/produkte\/sonstiges\/v540.001\/#breadcrumb"},"inLanguage":"de","potentialAction":[{"@type":"ReadAction","target":["https:\/\/www.fasep.it\/de\/produkte\/sonstiges\/v540.001\/"]}]},{"@type":"BreadcrumbList","@id":"https:\/\/www.fasep.it\/de\/produkte\/sonstiges\/v540.001\/#breadcrumb","itemListElement":[{"@type":"ListItem","position":1,"name":"Home","item":"https:\/\/www.fasep.it\/de\/"},{"@type":"ListItem","position":2,"name":"Produkte","item":"https:\/\/www.fasep.it\/de\/shop\/"},{"@type":"ListItem","position":3,"name":"TP8000 F\/PROFIL"}]},{"@type":"WebSite","@id":"https:\/\/www.fasep.it\/de\/#website","url":"https:\/\/www.fasep.it\/de\/","name":"Fasep 2000 srl","description":"","potentialAction":[{"@type":"SearchAction","target":{"@type":"EntryPoint","urlTemplate":"https:\/\/www.fasep.it\/de\/?s={search_term_string}"},"query-input":{"@type":"PropertyValueSpecification","valueRequired":true,"valueName":"search_term_string"}}],"inLanguage":"de"}]}},"_links":{"self":[{"href":"https:\/\/www.fasep.it\/de\/wp-json\/wp\/v2\/product\/7193","targetHints":{"allow":["GET"]}}],"collection":[{"href":"https:\/\/www.fasep.it\/de\/wp-json\/wp\/v2\/product"}],"about":[{"href":"https:\/\/www.fasep.it\/de\/wp-json\/wp\/v2\/types\/product"}],"wp:attachment":[{"href":"https:\/\/www.fasep.it\/de\/wp-json\/wp\/v2\/media?parent=7193"}],"wp:term":[{"taxonomy":"product_brand","embeddable":true,"href":"https:\/\/www.fasep.it\/de\/wp-json\/wp\/v2\/product_brand?post=7193"},{"taxonomy":"product_cat","embeddable":true,"href":"https:\/\/www.fasep.it\/de\/wp-json\/wp\/v2\/product_cat?post=7193"},{"taxonomy":"product_tag","embeddable":true,"href":"https:\/\/www.fasep.it\/de\/wp-json\/wp\/v2\/product_tag?post=7193"}],"curies":[{"name":"wp","href":"https:\/\/api.w.org\/{rel}","templated":true}]}}