{"id":7192,"date":"2025-07-16T11:41:59","date_gmt":"2025-07-16T09:41:59","guid":{"rendered":"https:\/\/www2.fasep.it\/produkte\/\/de-v514.018"},"modified":"2026-04-03T14:32:31","modified_gmt":"2026-04-03T12:32:31","slug":"de-v514.018","status":"publish","type":"product","link":"https:\/\/www.fasep.it\/de\/produkte\/klimaservicegeraete\/v514.018\/","title":{"rendered":"AC3410"},"content":{"rendered":"<font color=\"#0055BB\"><strong>Recycling der Klimaanlage f\u00fcr R134a.<\/font><\/strong><br>\r\nAC3410 ist ein vollautomatisches Produkt f\u00fcr R134a, das liegt im mittelhohen Marktsegment. Es bietet standardm\u00e4\u00dfig eine Datenbank und eine Eigendiagnose mit einem Speicherkartensystem, dadurch wird ein extrem hoher Pr\u00e4zisionsstandard bei der Verwertung \/ Wiederverwertung gew\u00e4hrleistet. Die Maschine (mit zuverl\u00e4ssiger und fortschrittlicher Leistung) ist standardm\u00e4\u00dfig mit einem \u00d6lablauf ausgestattet.","protected":false},"excerpt":{"rendered":"<font color=\"#0055BB\"><strong>Recycling der Klimaanlage f\u00fcr R134a.<\/font><\/strong><br>\r\nAC3410 ist ein vollautomatisches Produkt f\u00fcr R134a, das liegt im mittelhohen Marktsegment. Es bietet standardm\u00e4\u00dfig eine Datenbank und eine Eigendiagnose mit einem Speicherkartensystem, dadurch wird ein extrem hoher Pr\u00e4zisionsstandard bei der Verwertung \/ Wiederverwertung gew\u00e4hrleistet. Die Maschine (mit zuverl\u00e4ssiger und fortschrittlicher Leistung) ist standardm\u00e4\u00dfig mit einem \u00d6lablauf ausgestattet.","protected":false},"featured_media":0,"template":"","meta":{"_acf_changed":false},"product_brand":[],"product_cat":[],"product_tag":[],"class_list":{"0":"post-7192","1":"product","2":"type-product","3":"status-publish","6":"first","7":"instock","8":"shipping-taxable","9":"product-type-simple"},"acf":[],"yoast_head":"<!-- This site is optimized with the Yoast SEO plugin v25.7 - https:\/\/yoast.com\/wordpress\/plugins\/seo\/ -->\n<title>AC3410<\/title>\n<meta name=\"robots\" content=\"index, follow, max-snippet:-1, max-image-preview:large, max-video-preview:-1\" \/>\n<meta property=\"og:locale\" content=\"de_DE\" \/>\n<meta property=\"og:type\" content=\"article\" \/>\n<meta property=\"og:title\" content=\"AC3410\" \/>\n<meta property=\"og:description\" content=\"Recycling der Klimaanlage f\u00fcr R134a. AC3410 ist ein vollautomatisches Produkt f\u00fcr R134a, das liegt im mittelhohen Marktsegment. Es bietet standardm\u00e4\u00dfig eine Datenbank und eine Eigendiagnose mit einem Speicherkartensystem, dadurch wird ein extrem hoher Pr\u00e4zisionsstandard bei der Verwertung \/ Wiederverwertung gew\u00e4hrleistet. Die Maschine (mit zuverl\u00e4ssiger und fortschrittlicher Leistung) ist standardm\u00e4\u00dfig mit einem \u00d6lablauf ausgestattet.\" \/>\n<meta property=\"og:url\" content=\"https:\/\/www.fasep.it\/de\/produkte\/klimaservicegeraete\/v514.018\/\" \/>\n<meta property=\"og:site_name\" content=\"Fasep 2000 srl\" \/>\n<meta property=\"article:modified_time\" content=\"2026-04-03T12:32:31+00:00\" \/>\n<meta name=\"twitter:card\" content=\"summary_large_image\" \/>\n<script type=\"application\/ld+json\" class=\"yoast-schema-graph\">{\"@context\":\"https:\/\/schema.org\",\"@graph\":[{\"@type\":\"WebPage\",\"@id\":\"https:\/\/www.fasep.it\/de\/produkte\/klimaservicegeraete\/v514.018\/\",\"url\":\"https:\/\/www.fasep.it\/de\/produkte\/klimaservicegeraete\/v514.018\/\",\"name\":\"AC3410\",\"isPartOf\":{\"@id\":\"https:\/\/www.fasep.it\/de\/#website\"},\"datePublished\":\"2025-07-16T09:41:59+00:00\",\"dateModified\":\"2026-04-03T12:32:31+00:00\",\"breadcrumb\":{\"@id\":\"https:\/\/www.fasep.it\/de\/produkte\/klimaservicegeraete\/v514.018\/#breadcrumb\"},\"inLanguage\":\"de\",\"potentialAction\":[{\"@type\":\"ReadAction\",\"target\":[\"https:\/\/www.fasep.it\/de\/produkte\/klimaservicegeraete\/v514.018\/\"]}]},{\"@type\":\"BreadcrumbList\",\"@id\":\"https:\/\/www.fasep.it\/de\/produkte\/klimaservicegeraete\/v514.018\/#breadcrumb\",\"itemListElement\":[{\"@type\":\"ListItem\",\"position\":1,\"name\":\"Home\",\"item\":\"https:\/\/www.fasep.it\/de\/\"},{\"@type\":\"ListItem\",\"position\":2,\"name\":\"Produkte\",\"item\":\"https:\/\/www.fasep.it\/de\/shop\/\"},{\"@type\":\"ListItem\",\"position\":3,\"name\":\"AC3410\"}]},{\"@type\":\"WebSite\",\"@id\":\"https:\/\/www.fasep.it\/de\/#website\",\"url\":\"https:\/\/www.fasep.it\/de\/\",\"name\":\"Fasep 2000 srl\",\"description\":\"\",\"potentialAction\":[{\"@type\":\"SearchAction\",\"target\":{\"@type\":\"EntryPoint\",\"urlTemplate\":\"https:\/\/www.fasep.it\/de\/?s={search_term_string}\"},\"query-input\":{\"@type\":\"PropertyValueSpecification\",\"valueRequired\":true,\"valueName\":\"search_term_string\"}}],\"inLanguage\":\"de\"}]}<\/script>\n<!-- \/ Yoast SEO plugin. -->","yoast_head_json":{"title":"AC3410","robots":{"index":"index","follow":"follow","max-snippet":"max-snippet:-1","max-image-preview":"max-image-preview:large","max-video-preview":"max-video-preview:-1"},"og_locale":"de_DE","og_type":"article","og_title":"AC3410","og_description":"Recycling der Klimaanlage f\u00fcr R134a. AC3410 ist ein vollautomatisches Produkt f\u00fcr R134a, das liegt im mittelhohen Marktsegment. Es bietet standardm\u00e4\u00dfig eine Datenbank und eine Eigendiagnose mit einem Speicherkartensystem, dadurch wird ein extrem hoher Pr\u00e4zisionsstandard bei der Verwertung \/ Wiederverwertung gew\u00e4hrleistet. Die Maschine (mit zuverl\u00e4ssiger und fortschrittlicher Leistung) ist standardm\u00e4\u00dfig mit einem \u00d6lablauf ausgestattet.","og_url":"https:\/\/www.fasep.it\/de\/produkte\/klimaservicegeraete\/v514.018\/","og_site_name":"Fasep 2000 srl","article_modified_time":"2026-04-03T12:32:31+00:00","twitter_card":"summary_large_image","schema":{"@context":"https:\/\/schema.org","@graph":[{"@type":"WebPage","@id":"https:\/\/www.fasep.it\/de\/produkte\/klimaservicegeraete\/v514.018\/","url":"https:\/\/www.fasep.it\/de\/produkte\/klimaservicegeraete\/v514.018\/","name":"AC3410","isPartOf":{"@id":"https:\/\/www.fasep.it\/de\/#website"},"datePublished":"2025-07-16T09:41:59+00:00","dateModified":"2026-04-03T12:32:31+00:00","breadcrumb":{"@id":"https:\/\/www.fasep.it\/de\/produkte\/klimaservicegeraete\/v514.018\/#breadcrumb"},"inLanguage":"de","potentialAction":[{"@type":"ReadAction","target":["https:\/\/www.fasep.it\/de\/produkte\/klimaservicegeraete\/v514.018\/"]}]},{"@type":"BreadcrumbList","@id":"https:\/\/www.fasep.it\/de\/produkte\/klimaservicegeraete\/v514.018\/#breadcrumb","itemListElement":[{"@type":"ListItem","position":1,"name":"Home","item":"https:\/\/www.fasep.it\/de\/"},{"@type":"ListItem","position":2,"name":"Produkte","item":"https:\/\/www.fasep.it\/de\/shop\/"},{"@type":"ListItem","position":3,"name":"AC3410"}]},{"@type":"WebSite","@id":"https:\/\/www.fasep.it\/de\/#website","url":"https:\/\/www.fasep.it\/de\/","name":"Fasep 2000 srl","description":"","potentialAction":[{"@type":"SearchAction","target":{"@type":"EntryPoint","urlTemplate":"https:\/\/www.fasep.it\/de\/?s={search_term_string}"},"query-input":{"@type":"PropertyValueSpecification","valueRequired":true,"valueName":"search_term_string"}}],"inLanguage":"de"}]}},"_links":{"self":[{"href":"https:\/\/www.fasep.it\/de\/wp-json\/wp\/v2\/product\/7192","targetHints":{"allow":["GET"]}}],"collection":[{"href":"https:\/\/www.fasep.it\/de\/wp-json\/wp\/v2\/product"}],"about":[{"href":"https:\/\/www.fasep.it\/de\/wp-json\/wp\/v2\/types\/product"}],"wp:attachment":[{"href":"https:\/\/www.fasep.it\/de\/wp-json\/wp\/v2\/media?parent=7192"}],"wp:term":[{"taxonomy":"product_brand","embeddable":true,"href":"https:\/\/www.fasep.it\/de\/wp-json\/wp\/v2\/product_brand?post=7192"},{"taxonomy":"product_cat","embeddable":true,"href":"https:\/\/www.fasep.it\/de\/wp-json\/wp\/v2\/product_cat?post=7192"},{"taxonomy":"product_tag","embeddable":true,"href":"https:\/\/www.fasep.it\/de\/wp-json\/wp\/v2\/product_tag?post=7192"}],"curies":[{"name":"wp","href":"https:\/\/api.w.org\/{rel}","templated":true}]}}