{"id":7174,"date":"2025-07-16T11:42:20","date_gmt":"2025-07-16T09:42:20","guid":{"rendered":"https:\/\/www2.fasep.it\/produkte\/\/de-p260.001"},"modified":"2026-04-03T14:32:28","modified_gmt":"2026-04-03T12:32:28","slug":"de-p260.001","status":"publish","type":"product","link":"https:\/\/www.fasep.it\/de\/produkte\/hebebuehne\/p260.001\/","title":{"rendered":"FW43-CT-LT"},"content":{"rendered":"<font color=\"#0055BB\"><strong>Elektrohydraulischer 4-S\u00e4ulen-Hebeb\u00fchne.4000 kg Kapazit\u00e4t<\/strong><\/font><br>\r\nElektro-hydraulische 4-S\u00e4ulen Hebeb\u00fchnen. F\u00fcr die v\u00f6llige Vermessung mit einer Aussparung im vorderen Bereich und Schiebeplatten im hinteren Bereich. Niederspannungs-Steuerungen 24V. B\u00fchne mit Radfreiheber erh\u00e4ltlich. Tragf\u00e4higkeit 4 tons (8818 lbs). H\u00f6he der S\u00e4ule 2330 mm. Max Hubh\u00f6he 1830 mm. Lift min stand height 190 mm. Abstand zwischen den S\u00e4ulen 2820 mm. Gesamtbreite 3160 mm. Plattforml\u00e4nge 4300 mm. Gesamtl\u00e4nge 5640 mm. Hebezeit 30 s (einstellbar). Absenkungszeit 30 s (einstellbar). Hydraulik\u00f6l ist nicht enthalten. D\u00fcbel sind nicht enthalten.","protected":false},"excerpt":{"rendered":"<font color=\"#0055BB\"><strong>Elektrohydraulischer 4-S\u00e4ulen-Hebeb\u00fchne.4000 kg Kapazit\u00e4t<\/strong><\/font><br>\r\nElektro-hydraulische 4-S\u00e4ulen Hebeb\u00fchnen. F\u00fcr die v\u00f6llige Vermessung mit einer Aussparung im vorderen Bereich und Schiebeplatten im hinteren Bereich. Niederspannungs-Steuerungen 24V. B\u00fchne mit Radfreiheber erh\u00e4ltlich. Tragf\u00e4higkeit 4 tons (8818 lbs). H\u00f6he der S\u00e4ule 2330 mm. Max Hubh\u00f6he 1830 mm. Lift min stand height 190 mm. Abstand zwischen den S\u00e4ulen 2820 mm. Gesamtbreite 3160 mm. Plattforml\u00e4nge 4300 mm. Gesamtl\u00e4nge 5640 mm. Hebezeit 30 s (einstellbar). Absenkungszeit 30 s (einstellbar). Hydraulik\u00f6l ist nicht enthalten. D\u00fcbel sind nicht enthalten.","protected":false},"featured_media":0,"template":"","meta":{"_acf_changed":false},"product_brand":[],"product_cat":[],"product_tag":[],"class_list":{"0":"post-7174","1":"product","2":"type-product","3":"status-publish","6":"first","7":"instock","8":"shipping-taxable","9":"product-type-simple"},"acf":[],"yoast_head":"<!-- This site is optimized with the Yoast SEO plugin v25.7 - https:\/\/yoast.com\/wordpress\/plugins\/seo\/ -->\n<title>FW43-CT-LT<\/title>\n<meta name=\"robots\" content=\"index, follow, max-snippet:-1, max-image-preview:large, max-video-preview:-1\" \/>\n<meta property=\"og:locale\" content=\"de_DE\" \/>\n<meta property=\"og:type\" content=\"article\" \/>\n<meta property=\"og:title\" content=\"FW43-CT-LT\" \/>\n<meta property=\"og:description\" content=\"Elektrohydraulischer 4-S\u00e4ulen-Hebeb\u00fchne.4000 kg Kapazit\u00e4t Elektro-hydraulische 4-S\u00e4ulen Hebeb\u00fchnen. F\u00fcr die v\u00f6llige Vermessung mit einer Aussparung im vorderen Bereich und Schiebeplatten im hinteren Bereich. Niederspannungs-Steuerungen 24V. B\u00fchne mit Radfreiheber erh\u00e4ltlich. Tragf\u00e4higkeit 4 tons (8818 lbs). H\u00f6he der S\u00e4ule 2330 mm. Max Hubh\u00f6he 1830 mm. Lift min stand height 190 mm. Abstand zwischen den S\u00e4ulen 2820 mm. Gesamtbreite 3160 mm. Plattforml\u00e4nge 4300 mm. Gesamtl\u00e4nge 5640 mm. Hebezeit 30 s (einstellbar). Absenkungszeit 30 s (einstellbar). Hydraulik\u00f6l ist nicht enthalten. D\u00fcbel sind nicht enthalten.\" \/>\n<meta property=\"og:url\" content=\"https:\/\/www.fasep.it\/de\/produkte\/hebebuehne\/p260.001\/\" \/>\n<meta property=\"og:site_name\" content=\"Fasep 2000 srl\" \/>\n<meta property=\"article:modified_time\" content=\"2026-04-03T12:32:28+00:00\" \/>\n<meta name=\"twitter:card\" content=\"summary_large_image\" \/>\n<script type=\"application\/ld+json\" class=\"yoast-schema-graph\">{\"@context\":\"https:\/\/schema.org\",\"@graph\":[{\"@type\":\"WebPage\",\"@id\":\"https:\/\/www.fasep.it\/de\/produkte\/hebebuehne\/p260.001\/\",\"url\":\"https:\/\/www.fasep.it\/de\/produkte\/hebebuehne\/p260.001\/\",\"name\":\"FW43-CT-LT\",\"isPartOf\":{\"@id\":\"https:\/\/www.fasep.it\/de\/#website\"},\"datePublished\":\"2025-07-16T09:42:20+00:00\",\"dateModified\":\"2026-04-03T12:32:28+00:00\",\"breadcrumb\":{\"@id\":\"https:\/\/www.fasep.it\/de\/produkte\/hebebuehne\/p260.001\/#breadcrumb\"},\"inLanguage\":\"de\",\"potentialAction\":[{\"@type\":\"ReadAction\",\"target\":[\"https:\/\/www.fasep.it\/de\/produkte\/hebebuehne\/p260.001\/\"]}]},{\"@type\":\"BreadcrumbList\",\"@id\":\"https:\/\/www.fasep.it\/de\/produkte\/hebebuehne\/p260.001\/#breadcrumb\",\"itemListElement\":[{\"@type\":\"ListItem\",\"position\":1,\"name\":\"Home\",\"item\":\"https:\/\/www.fasep.it\/de\/\"},{\"@type\":\"ListItem\",\"position\":2,\"name\":\"Produkte\",\"item\":\"https:\/\/www.fasep.it\/de\/shop\/\"},{\"@type\":\"ListItem\",\"position\":3,\"name\":\"FW43-CT-LT\"}]},{\"@type\":\"WebSite\",\"@id\":\"https:\/\/www.fasep.it\/de\/#website\",\"url\":\"https:\/\/www.fasep.it\/de\/\",\"name\":\"Fasep 2000 srl\",\"description\":\"\",\"potentialAction\":[{\"@type\":\"SearchAction\",\"target\":{\"@type\":\"EntryPoint\",\"urlTemplate\":\"https:\/\/www.fasep.it\/de\/?s={search_term_string}\"},\"query-input\":{\"@type\":\"PropertyValueSpecification\",\"valueRequired\":true,\"valueName\":\"search_term_string\"}}],\"inLanguage\":\"de\"}]}<\/script>\n<!-- \/ Yoast SEO plugin. -->","yoast_head_json":{"title":"FW43-CT-LT","robots":{"index":"index","follow":"follow","max-snippet":"max-snippet:-1","max-image-preview":"max-image-preview:large","max-video-preview":"max-video-preview:-1"},"og_locale":"de_DE","og_type":"article","og_title":"FW43-CT-LT","og_description":"Elektrohydraulischer 4-S\u00e4ulen-Hebeb\u00fchne.4000 kg Kapazit\u00e4t Elektro-hydraulische 4-S\u00e4ulen Hebeb\u00fchnen. F\u00fcr die v\u00f6llige Vermessung mit einer Aussparung im vorderen Bereich und Schiebeplatten im hinteren Bereich. Niederspannungs-Steuerungen 24V. B\u00fchne mit Radfreiheber erh\u00e4ltlich. Tragf\u00e4higkeit 4 tons (8818 lbs). H\u00f6he der S\u00e4ule 2330 mm. Max Hubh\u00f6he 1830 mm. Lift min stand height 190 mm. Abstand zwischen den S\u00e4ulen 2820 mm. Gesamtbreite 3160 mm. Plattforml\u00e4nge 4300 mm. Gesamtl\u00e4nge 5640 mm. Hebezeit 30 s (einstellbar). Absenkungszeit 30 s (einstellbar). Hydraulik\u00f6l ist nicht enthalten. D\u00fcbel sind nicht enthalten.","og_url":"https:\/\/www.fasep.it\/de\/produkte\/hebebuehne\/p260.001\/","og_site_name":"Fasep 2000 srl","article_modified_time":"2026-04-03T12:32:28+00:00","twitter_card":"summary_large_image","schema":{"@context":"https:\/\/schema.org","@graph":[{"@type":"WebPage","@id":"https:\/\/www.fasep.it\/de\/produkte\/hebebuehne\/p260.001\/","url":"https:\/\/www.fasep.it\/de\/produkte\/hebebuehne\/p260.001\/","name":"FW43-CT-LT","isPartOf":{"@id":"https:\/\/www.fasep.it\/de\/#website"},"datePublished":"2025-07-16T09:42:20+00:00","dateModified":"2026-04-03T12:32:28+00:00","breadcrumb":{"@id":"https:\/\/www.fasep.it\/de\/produkte\/hebebuehne\/p260.001\/#breadcrumb"},"inLanguage":"de","potentialAction":[{"@type":"ReadAction","target":["https:\/\/www.fasep.it\/de\/produkte\/hebebuehne\/p260.001\/"]}]},{"@type":"BreadcrumbList","@id":"https:\/\/www.fasep.it\/de\/produkte\/hebebuehne\/p260.001\/#breadcrumb","itemListElement":[{"@type":"ListItem","position":1,"name":"Home","item":"https:\/\/www.fasep.it\/de\/"},{"@type":"ListItem","position":2,"name":"Produkte","item":"https:\/\/www.fasep.it\/de\/shop\/"},{"@type":"ListItem","position":3,"name":"FW43-CT-LT"}]},{"@type":"WebSite","@id":"https:\/\/www.fasep.it\/de\/#website","url":"https:\/\/www.fasep.it\/de\/","name":"Fasep 2000 srl","description":"","potentialAction":[{"@type":"SearchAction","target":{"@type":"EntryPoint","urlTemplate":"https:\/\/www.fasep.it\/de\/?s={search_term_string}"},"query-input":{"@type":"PropertyValueSpecification","valueRequired":true,"valueName":"search_term_string"}}],"inLanguage":"de"}]}},"_links":{"self":[{"href":"https:\/\/www.fasep.it\/de\/wp-json\/wp\/v2\/product\/7174","targetHints":{"allow":["GET"]}}],"collection":[{"href":"https:\/\/www.fasep.it\/de\/wp-json\/wp\/v2\/product"}],"about":[{"href":"https:\/\/www.fasep.it\/de\/wp-json\/wp\/v2\/types\/product"}],"wp:attachment":[{"href":"https:\/\/www.fasep.it\/de\/wp-json\/wp\/v2\/media?parent=7174"}],"wp:term":[{"taxonomy":"product_brand","embeddable":true,"href":"https:\/\/www.fasep.it\/de\/wp-json\/wp\/v2\/product_brand?post=7174"},{"taxonomy":"product_cat","embeddable":true,"href":"https:\/\/www.fasep.it\/de\/wp-json\/wp\/v2\/product_cat?post=7174"},{"taxonomy":"product_tag","embeddable":true,"href":"https:\/\/www.fasep.it\/de\/wp-json\/wp\/v2\/product_tag?post=7174"}],"curies":[{"name":"wp","href":"https:\/\/api.w.org\/{rel}","templated":true}]}}