{"id":7166,"date":"2025-07-16T11:42:36","date_gmt":"2025-07-16T09:42:36","guid":{"rendered":"https:\/\/www2.fasep.it\/produkte\/\/de-s209.004"},"modified":"2026-04-03T14:32:35","modified_gmt":"2026-04-03T12:32:35","slug":"de-s209.004","status":"publish","type":"product","link":"https:\/\/www.fasep.it\/de\/produkte\/servizio-mobile\/s209.004\/","title":{"rendered":"RGU.2671.G.GENSET"},"content":{"rendered":"<font color=\"#0055BB\"><strong>Mobile Montiermaschine f\u00fcr Lkw (intensive \/ kontinuierliche Nutzung).<\/strong><\/font><br>\r\n<i>M\u00f6chten Sie Ihren Kunden einen Reifenservice direkt am LKW anbieten?<\/i><br>\r\nMit dem mobilen Reifenservice k\u00f6nnen Sie zu Ihren Kunden fahren und bei ihm vor Ort Reifen montieren (auf dem heimischen Hof, in der Firma, auf der Stra\u00dfe).<br>\r\nMit unserem Angebot <u>an professionellen Ger\u00e4ten, die speziell f\u00fcr den mobilen Service<\/u> entwickelt wurden, k\u00f6nnen Sie Ihren Transporter mit den auf Ihre Bed\u00fcrfnisse zugeschnittenen Ger\u00e4ten ausstatten.<br>\r\n<br>\r\nRGU.2671.G Genset ist eine automatische Montiermaschine zur Montage \/ Demontage von LKW- und Bus-R\u00e4dern mit Felgen von 13&#8243; bis 26&#8243;. Durch seine kompakte Bauweise ist er f\u00fcr die Installation auf mobilen Servicewagen geeignet. Nach der Installation im Transporter l\u00e4sst sich die Montiermaschine ausklappen, um einen praktischen und vielseitigen Arbeitsbereich zu schaffen.<br>\r\n<br>\r\n<br>\r\n<i>RGU.2671.G Genset ist ausgestattet mit:<\/i>\r\n<ul>\r\n<li>fl\u00fcssigkeitsgek\u00fchlter Dieselgenerator (12,7 kW), der einen intensiven und kontinuierlichen Betrieb ohne Probleme erm\u00f6glicht\r\n<li>leistungsstarker Wulstabdr\u00fccker (25 kN) zum einfachen Reifenabdr\u00fccken bei allen Radtypen\r\n<li>Kompressor 750 l\/min\r\n<li>Lufttankinhalt 120 l\r\n<\/ul>","protected":false},"excerpt":{"rendered":"<font color=\"#0055BB\"><strong>Mobile Montiermaschine f\u00fcr Lkw (intensive \/ kontinuierliche Nutzung).<\/strong><\/font><br>\r\n<i>M\u00f6chten Sie Ihren Kunden einen Reifenservice direkt am LKW anbieten?<\/i><br>\r\nMit dem mobilen Reifenservice k\u00f6nnen Sie zu Ihren Kunden fahren und bei ihm vor Ort Reifen montieren (auf dem heimischen Hof, in der Firma, auf der Stra\u00dfe).<br>\r\nMit unserem Angebot <u>an professionellen Ger\u00e4ten, die speziell f\u00fcr den mobilen Service<\/u> entwickelt wurden, k\u00f6nnen Sie Ihren Transporter mit den auf Ihre Bed\u00fcrfnisse zugeschnittenen Ger\u00e4ten ausstatten.<br>\r\n<br>\r\nRGU.2671.G Genset ist eine automatische Montiermaschine zur Montage \/ Demontage von LKW- und Bus-R\u00e4dern mit Felgen von 13&#8243; bis 26&#8243;. Durch seine kompakte Bauweise ist er f\u00fcr die Installation auf mobilen Servicewagen geeignet. Nach der Installation im Transporter l\u00e4sst sich die Montiermaschine ausklappen, um einen praktischen und vielseitigen Arbeitsbereich zu schaffen.<br>\r\n<br>\r\n<br>\r\n<i>RGU.2671.G Genset ist ausgestattet mit:<\/i>\r\n<ul>\r\n<li>fl\u00fcssigkeitsgek\u00fchlter Dieselgenerator (12,7 kW), der einen intensiven und kontinuierlichen Betrieb ohne Probleme erm\u00f6glicht\r\n<li>leistungsstarker Wulstabdr\u00fccker (25 kN) zum einfachen Reifenabdr\u00fccken bei allen Radtypen\r\n<li>Kompressor 750 l\/min\r\n<li>Lufttankinhalt 120 l\r\n<\/ul>","protected":false},"featured_media":0,"template":"","meta":{"_acf_changed":false},"product_brand":[],"product_cat":[],"product_tag":[],"class_list":{"0":"post-7166","1":"product","2":"type-product","3":"status-publish","6":"first","7":"instock","8":"shipping-taxable","9":"product-type-simple"},"acf":[],"yoast_head":"<!-- This site is optimized with the Yoast SEO plugin v25.7 - https:\/\/yoast.com\/wordpress\/plugins\/seo\/ -->\n<title>RGU.2671.G.GENSET<\/title>\n<meta name=\"robots\" content=\"index, follow, max-snippet:-1, max-image-preview:large, max-video-preview:-1\" \/>\n<meta property=\"og:locale\" content=\"de_DE\" \/>\n<meta property=\"og:type\" content=\"article\" \/>\n<meta property=\"og:title\" content=\"RGU.2671.G.GENSET\" \/>\n<meta property=\"og:description\" content=\"Mobile Montiermaschine f\u00fcr Lkw (intensive \/ kontinuierliche Nutzung). M\u00f6chten Sie Ihren Kunden einen Reifenservice direkt am LKW anbieten? Mit dem mobilen Reifenservice k\u00f6nnen Sie zu Ihren Kunden fahren und bei ihm vor Ort Reifen montieren (auf dem heimischen Hof, in der Firma, auf der Stra\u00dfe). Mit unserem Angebot an professionellen Ger\u00e4ten, die speziell f\u00fcr den mobilen Service entwickelt wurden, k\u00f6nnen Sie Ihren Transporter mit den auf Ihre Bed\u00fcrfnisse zugeschnittenen Ger\u00e4ten ausstatten.  RGU.2671.G Genset ist eine automatische Montiermaschine zur Montage \/ Demontage von LKW- und Bus-R\u00e4dern mit Felgen von 13&quot; bis 26&quot;. Durch seine kompakte Bauweise ist er f\u00fcr die Installation auf mobilen Servicewagen geeignet. Nach der Installation im Transporter l\u00e4sst sich die Montiermaschine ausklappen, um einen praktischen und vielseitigen Arbeitsbereich zu schaffen.   RGU.2671.G Genset ist ausgestattet mit:  fl\u00fcssigkeitsgek\u00fchlter Dieselgenerator (12,7 kW), der einen intensiven und kontinuierlichen Betrieb ohne Probleme erm\u00f6glicht leistungsstarker Wulstabdr\u00fccker (25 kN) zum einfachen Reifenabdr\u00fccken bei allen Radtypen Kompressor 750 l\/min Lufttankinhalt 120 l\" \/>\n<meta property=\"og:url\" content=\"https:\/\/www.fasep.it\/de\/produkte\/servizio-mobile\/s209.004\/\" \/>\n<meta property=\"og:site_name\" content=\"Fasep 2000 srl\" \/>\n<meta property=\"article:modified_time\" content=\"2026-04-03T12:32:35+00:00\" \/>\n<meta name=\"twitter:card\" content=\"summary_large_image\" \/>\n<meta name=\"twitter:label1\" content=\"Gesch\u00e4tzte Lesezeit\" \/>\n\t<meta name=\"twitter:data1\" content=\"1\u00a0Minute\" \/>\n<script type=\"application\/ld+json\" class=\"yoast-schema-graph\">{\"@context\":\"https:\/\/schema.org\",\"@graph\":[{\"@type\":\"WebPage\",\"@id\":\"https:\/\/www.fasep.it\/de\/produkte\/servizio-mobile\/s209.004\/\",\"url\":\"https:\/\/www.fasep.it\/de\/produkte\/servizio-mobile\/s209.004\/\",\"name\":\"RGU.2671.G.GENSET\",\"isPartOf\":{\"@id\":\"https:\/\/www.fasep.it\/de\/#website\"},\"datePublished\":\"2025-07-16T09:42:36+00:00\",\"dateModified\":\"2026-04-03T12:32:35+00:00\",\"breadcrumb\":{\"@id\":\"https:\/\/www.fasep.it\/de\/produkte\/servizio-mobile\/s209.004\/#breadcrumb\"},\"inLanguage\":\"de\",\"potentialAction\":[{\"@type\":\"ReadAction\",\"target\":[\"https:\/\/www.fasep.it\/de\/produkte\/servizio-mobile\/s209.004\/\"]}]},{\"@type\":\"BreadcrumbList\",\"@id\":\"https:\/\/www.fasep.it\/de\/produkte\/servizio-mobile\/s209.004\/#breadcrumb\",\"itemListElement\":[{\"@type\":\"ListItem\",\"position\":1,\"name\":\"Home\",\"item\":\"https:\/\/www.fasep.it\/de\/\"},{\"@type\":\"ListItem\",\"position\":2,\"name\":\"Produkte\",\"item\":\"https:\/\/www.fasep.it\/de\/shop\/\"},{\"@type\":\"ListItem\",\"position\":3,\"name\":\"RGU.2671.G.GENSET\"}]},{\"@type\":\"WebSite\",\"@id\":\"https:\/\/www.fasep.it\/de\/#website\",\"url\":\"https:\/\/www.fasep.it\/de\/\",\"name\":\"Fasep 2000 srl\",\"description\":\"\",\"potentialAction\":[{\"@type\":\"SearchAction\",\"target\":{\"@type\":\"EntryPoint\",\"urlTemplate\":\"https:\/\/www.fasep.it\/de\/?s={search_term_string}\"},\"query-input\":{\"@type\":\"PropertyValueSpecification\",\"valueRequired\":true,\"valueName\":\"search_term_string\"}}],\"inLanguage\":\"de\"}]}<\/script>\n<!-- \/ Yoast SEO plugin. -->","yoast_head_json":{"title":"RGU.2671.G.GENSET","robots":{"index":"index","follow":"follow","max-snippet":"max-snippet:-1","max-image-preview":"max-image-preview:large","max-video-preview":"max-video-preview:-1"},"og_locale":"de_DE","og_type":"article","og_title":"RGU.2671.G.GENSET","og_description":"Mobile Montiermaschine f\u00fcr Lkw (intensive \/ kontinuierliche Nutzung). M\u00f6chten Sie Ihren Kunden einen Reifenservice direkt am LKW anbieten? Mit dem mobilen Reifenservice k\u00f6nnen Sie zu Ihren Kunden fahren und bei ihm vor Ort Reifen montieren (auf dem heimischen Hof, in der Firma, auf der Stra\u00dfe). Mit unserem Angebot an professionellen Ger\u00e4ten, die speziell f\u00fcr den mobilen Service entwickelt wurden, k\u00f6nnen Sie Ihren Transporter mit den auf Ihre Bed\u00fcrfnisse zugeschnittenen Ger\u00e4ten ausstatten.  RGU.2671.G Genset ist eine automatische Montiermaschine zur Montage \/ Demontage von LKW- und Bus-R\u00e4dern mit Felgen von 13\" bis 26\". Durch seine kompakte Bauweise ist er f\u00fcr die Installation auf mobilen Servicewagen geeignet. Nach der Installation im Transporter l\u00e4sst sich die Montiermaschine ausklappen, um einen praktischen und vielseitigen Arbeitsbereich zu schaffen.   RGU.2671.G Genset ist ausgestattet mit:  fl\u00fcssigkeitsgek\u00fchlter Dieselgenerator (12,7 kW), der einen intensiven und kontinuierlichen Betrieb ohne Probleme erm\u00f6glicht leistungsstarker Wulstabdr\u00fccker (25 kN) zum einfachen Reifenabdr\u00fccken bei allen Radtypen Kompressor 750 l\/min Lufttankinhalt 120 l","og_url":"https:\/\/www.fasep.it\/de\/produkte\/servizio-mobile\/s209.004\/","og_site_name":"Fasep 2000 srl","article_modified_time":"2026-04-03T12:32:35+00:00","twitter_card":"summary_large_image","twitter_misc":{"Gesch\u00e4tzte Lesezeit":"1\u00a0Minute"},"schema":{"@context":"https:\/\/schema.org","@graph":[{"@type":"WebPage","@id":"https:\/\/www.fasep.it\/de\/produkte\/servizio-mobile\/s209.004\/","url":"https:\/\/www.fasep.it\/de\/produkte\/servizio-mobile\/s209.004\/","name":"RGU.2671.G.GENSET","isPartOf":{"@id":"https:\/\/www.fasep.it\/de\/#website"},"datePublished":"2025-07-16T09:42:36+00:00","dateModified":"2026-04-03T12:32:35+00:00","breadcrumb":{"@id":"https:\/\/www.fasep.it\/de\/produkte\/servizio-mobile\/s209.004\/#breadcrumb"},"inLanguage":"de","potentialAction":[{"@type":"ReadAction","target":["https:\/\/www.fasep.it\/de\/produkte\/servizio-mobile\/s209.004\/"]}]},{"@type":"BreadcrumbList","@id":"https:\/\/www.fasep.it\/de\/produkte\/servizio-mobile\/s209.004\/#breadcrumb","itemListElement":[{"@type":"ListItem","position":1,"name":"Home","item":"https:\/\/www.fasep.it\/de\/"},{"@type":"ListItem","position":2,"name":"Produkte","item":"https:\/\/www.fasep.it\/de\/shop\/"},{"@type":"ListItem","position":3,"name":"RGU.2671.G.GENSET"}]},{"@type":"WebSite","@id":"https:\/\/www.fasep.it\/de\/#website","url":"https:\/\/www.fasep.it\/de\/","name":"Fasep 2000 srl","description":"","potentialAction":[{"@type":"SearchAction","target":{"@type":"EntryPoint","urlTemplate":"https:\/\/www.fasep.it\/de\/?s={search_term_string}"},"query-input":{"@type":"PropertyValueSpecification","valueRequired":true,"valueName":"search_term_string"}}],"inLanguage":"de"}]}},"_links":{"self":[{"href":"https:\/\/www.fasep.it\/de\/wp-json\/wp\/v2\/product\/7166","targetHints":{"allow":["GET"]}}],"collection":[{"href":"https:\/\/www.fasep.it\/de\/wp-json\/wp\/v2\/product"}],"about":[{"href":"https:\/\/www.fasep.it\/de\/wp-json\/wp\/v2\/types\/product"}],"wp:attachment":[{"href":"https:\/\/www.fasep.it\/de\/wp-json\/wp\/v2\/media?parent=7166"}],"wp:term":[{"taxonomy":"product_brand","embeddable":true,"href":"https:\/\/www.fasep.it\/de\/wp-json\/wp\/v2\/product_brand?post=7166"},{"taxonomy":"product_cat","embeddable":true,"href":"https:\/\/www.fasep.it\/de\/wp-json\/wp\/v2\/product_cat?post=7166"},{"taxonomy":"product_tag","embeddable":true,"href":"https:\/\/www.fasep.it\/de\/wp-json\/wp\/v2\/product_tag?post=7166"}],"curies":[{"name":"wp","href":"https:\/\/api.w.org\/{rel}","templated":true}]}}