{"id":7157,"date":"2025-07-16T11:42:55","date_gmt":"2025-07-16T09:42:55","guid":{"rendered":"https:\/\/www2.fasep.it\/produkte\/\/de-s263.001"},"modified":"2026-04-03T14:32:23","modified_gmt":"2026-04-03T12:32:23","slug":"de-s263.001","status":"publish","type":"product","link":"https:\/\/www.fasep.it\/de\/produkte\/montiermaschinen\/s263.001\/","title":{"rendered":"RGU5190"},"content":{"rendered":"<font color=\"#0055BB\"><strong>Automatische Lkw-Montiermaschine.<\/font><\/strong><br>\r\nRGU5190 ist die ideale Montiermaschine f\u00fcr die Bearbeitung von LKW-, Bus-, Traktoren- und Erdbewegungsr\u00e4dern. Ausgelegt f\u00fcr R\u00e4der mit einem Gewicht von bis zu 3000 kg, einer Breite von bis zu 1800 mm und einem Durchmesser von bis zu 3000 mm steht RGU5190 f\u00fcr Robustheit und Vielseitigkeit.<br>\r\n<br>\r\n<i>Merkmale:<\/i>\r\n<ul><li><b>Spannkapazit\u00e4t<\/b>: Das Spannfutter kann Felgen mit einem Durchmesser von 14&#8243; bis 60&#8243; mit Verl\u00e4ngerungen spannen<\/li>\r\n<li><b>Gro\u00dfer Arbeitsbereich<\/b>: Der gro\u00dfe Arbeitsbereich erm\u00f6glicht komfortables und sicheres Arbeiten<\/li>\r\n<li><b>Unabh\u00e4ngige Bewegung<\/b>: Die unabh\u00e4ngige Bewegung von Spannfutter und Werkzeugkopfarm erm\u00f6glicht eine h\u00f6here Pr\u00e4zision und Kontrolle w\u00e4hrend des gesamten Reifenmontage- und -demontageprozesses<\/li>\r\n<\/ul>\r\nRGU5190 ist die ideale L\u00f6sung f\u00fcr Profis, die eine leistungsstarke und zuverl\u00e4ssige Montiermaschine f\u00fcr gro\u00dfe Fahrzeuge ben\u00f6tigen. Mit ihrer F\u00e4higkeit, gro\u00dfe R\u00e4der zu bearbeiten, und ihrer fortschrittlichen Technologie gew\u00e4hrleistet sie einen effizienten und sicheren Betrieb in jeder Arbeitsumgebung.","protected":false},"excerpt":{"rendered":"<font color=\"#0055BB\"><strong>Automatische Lkw-Montiermaschine.<\/font><\/strong><br>\r\nRGU5190 ist die ideale Montiermaschine f\u00fcr die Bearbeitung von LKW-, Bus-, Traktoren- und Erdbewegungsr\u00e4dern. Ausgelegt f\u00fcr R\u00e4der mit einem Gewicht von bis zu 3000 kg, einer Breite von bis zu 1800 mm und einem Durchmesser von bis zu 3000 mm steht RGU5190 f\u00fcr Robustheit und Vielseitigkeit.<br>\r\n<br>\r\n<i>Merkmale:<\/i>\r\n<ul><li><b>Spannkapazit\u00e4t<\/b>: Das Spannfutter kann Felgen mit einem Durchmesser von 14&#8243; bis 60&#8243; mit Verl\u00e4ngerungen spannen<\/li>\r\n<li><b>Gro\u00dfer Arbeitsbereich<\/b>: Der gro\u00dfe Arbeitsbereich erm\u00f6glicht komfortables und sicheres Arbeiten<\/li>\r\n<li><b>Unabh\u00e4ngige Bewegung<\/b>: Die unabh\u00e4ngige Bewegung von Spannfutter und Werkzeugkopfarm erm\u00f6glicht eine h\u00f6here Pr\u00e4zision und Kontrolle w\u00e4hrend des gesamten Reifenmontage- und -demontageprozesses<\/li>\r\n<\/ul>\r\nRGU5190 ist die ideale L\u00f6sung f\u00fcr Profis, die eine leistungsstarke und zuverl\u00e4ssige Montiermaschine f\u00fcr gro\u00dfe Fahrzeuge ben\u00f6tigen. Mit ihrer F\u00e4higkeit, gro\u00dfe R\u00e4der zu bearbeiten, und ihrer fortschrittlichen Technologie gew\u00e4hrleistet sie einen effizienten und sicheren Betrieb in jeder Arbeitsumgebung.","protected":false},"featured_media":0,"template":"","meta":{"_acf_changed":false},"product_brand":[],"product_cat":[],"product_tag":[],"class_list":{"0":"post-7157","1":"product","2":"type-product","3":"status-publish","6":"first","7":"instock","8":"shipping-taxable","9":"product-type-simple"},"acf":[],"yoast_head":"<!-- This site is optimized with the Yoast SEO plugin v25.7 - https:\/\/yoast.com\/wordpress\/plugins\/seo\/ -->\n<title>RGU5190<\/title>\n<meta name=\"robots\" content=\"index, follow, max-snippet:-1, max-image-preview:large, max-video-preview:-1\" \/>\n<meta property=\"og:locale\" content=\"de_DE\" \/>\n<meta property=\"og:type\" content=\"article\" \/>\n<meta property=\"og:title\" content=\"RGU5190\" \/>\n<meta property=\"og:description\" content=\"Automatische Lkw-Montiermaschine. RGU5190 ist die ideale Montiermaschine f\u00fcr die Bearbeitung von LKW-, Bus-, Traktoren- und Erdbewegungsr\u00e4dern. Ausgelegt f\u00fcr R\u00e4der mit einem Gewicht von bis zu 3000 kg, einer Breite von bis zu 1800 mm und einem Durchmesser von bis zu 3000 mm steht RGU5190 f\u00fcr Robustheit und Vielseitigkeit.  Merkmale: Spannkapazit\u00e4t: Das Spannfutter kann Felgen mit einem Durchmesser von 14&quot; bis 60&quot; mit Verl\u00e4ngerungen spannen Gro\u00dfer Arbeitsbereich: Der gro\u00dfe Arbeitsbereich erm\u00f6glicht komfortables und sicheres Arbeiten Unabh\u00e4ngige Bewegung: Die unabh\u00e4ngige Bewegung von Spannfutter und Werkzeugkopfarm erm\u00f6glicht eine h\u00f6here Pr\u00e4zision und Kontrolle w\u00e4hrend des gesamten Reifenmontage- und -demontageprozesses  RGU5190 ist die ideale L\u00f6sung f\u00fcr Profis, die eine leistungsstarke und zuverl\u00e4ssige Montiermaschine f\u00fcr gro\u00dfe Fahrzeuge ben\u00f6tigen. Mit ihrer F\u00e4higkeit, gro\u00dfe R\u00e4der zu bearbeiten, und ihrer fortschrittlichen Technologie gew\u00e4hrleistet sie einen effizienten und sicheren Betrieb in jeder Arbeitsumgebung.\" \/>\n<meta property=\"og:url\" content=\"https:\/\/www.fasep.it\/de\/produkte\/montiermaschinen\/s263.001\/\" \/>\n<meta property=\"og:site_name\" content=\"Fasep 2000 srl\" \/>\n<meta property=\"article:modified_time\" content=\"2026-04-03T12:32:23+00:00\" \/>\n<meta name=\"twitter:card\" content=\"summary_large_image\" \/>\n<meta name=\"twitter:label1\" content=\"Gesch\u00e4tzte Lesezeit\" \/>\n\t<meta name=\"twitter:data1\" content=\"1\u00a0Minute\" \/>\n<script type=\"application\/ld+json\" class=\"yoast-schema-graph\">{\"@context\":\"https:\/\/schema.org\",\"@graph\":[{\"@type\":\"WebPage\",\"@id\":\"https:\/\/www.fasep.it\/de\/produkte\/montiermaschinen\/s263.001\/\",\"url\":\"https:\/\/www.fasep.it\/de\/produkte\/montiermaschinen\/s263.001\/\",\"name\":\"RGU5190\",\"isPartOf\":{\"@id\":\"https:\/\/www.fasep.it\/de\/#website\"},\"datePublished\":\"2025-07-16T09:42:55+00:00\",\"dateModified\":\"2026-04-03T12:32:23+00:00\",\"breadcrumb\":{\"@id\":\"https:\/\/www.fasep.it\/de\/produkte\/montiermaschinen\/s263.001\/#breadcrumb\"},\"inLanguage\":\"de\",\"potentialAction\":[{\"@type\":\"ReadAction\",\"target\":[\"https:\/\/www.fasep.it\/de\/produkte\/montiermaschinen\/s263.001\/\"]}]},{\"@type\":\"BreadcrumbList\",\"@id\":\"https:\/\/www.fasep.it\/de\/produkte\/montiermaschinen\/s263.001\/#breadcrumb\",\"itemListElement\":[{\"@type\":\"ListItem\",\"position\":1,\"name\":\"Home\",\"item\":\"https:\/\/www.fasep.it\/de\/\"},{\"@type\":\"ListItem\",\"position\":2,\"name\":\"Produkte\",\"item\":\"https:\/\/www.fasep.it\/de\/shop\/\"},{\"@type\":\"ListItem\",\"position\":3,\"name\":\"RGU5190\"}]},{\"@type\":\"WebSite\",\"@id\":\"https:\/\/www.fasep.it\/de\/#website\",\"url\":\"https:\/\/www.fasep.it\/de\/\",\"name\":\"Fasep 2000 srl\",\"description\":\"\",\"potentialAction\":[{\"@type\":\"SearchAction\",\"target\":{\"@type\":\"EntryPoint\",\"urlTemplate\":\"https:\/\/www.fasep.it\/de\/?s={search_term_string}\"},\"query-input\":{\"@type\":\"PropertyValueSpecification\",\"valueRequired\":true,\"valueName\":\"search_term_string\"}}],\"inLanguage\":\"de\"}]}<\/script>\n<!-- \/ Yoast SEO plugin. -->","yoast_head_json":{"title":"RGU5190","robots":{"index":"index","follow":"follow","max-snippet":"max-snippet:-1","max-image-preview":"max-image-preview:large","max-video-preview":"max-video-preview:-1"},"og_locale":"de_DE","og_type":"article","og_title":"RGU5190","og_description":"Automatische Lkw-Montiermaschine. RGU5190 ist die ideale Montiermaschine f\u00fcr die Bearbeitung von LKW-, Bus-, Traktoren- und Erdbewegungsr\u00e4dern. Ausgelegt f\u00fcr R\u00e4der mit einem Gewicht von bis zu 3000 kg, einer Breite von bis zu 1800 mm und einem Durchmesser von bis zu 3000 mm steht RGU5190 f\u00fcr Robustheit und Vielseitigkeit.  Merkmale: Spannkapazit\u00e4t: Das Spannfutter kann Felgen mit einem Durchmesser von 14\" bis 60\" mit Verl\u00e4ngerungen spannen Gro\u00dfer Arbeitsbereich: Der gro\u00dfe Arbeitsbereich erm\u00f6glicht komfortables und sicheres Arbeiten Unabh\u00e4ngige Bewegung: Die unabh\u00e4ngige Bewegung von Spannfutter und Werkzeugkopfarm erm\u00f6glicht eine h\u00f6here Pr\u00e4zision und Kontrolle w\u00e4hrend des gesamten Reifenmontage- und -demontageprozesses  RGU5190 ist die ideale L\u00f6sung f\u00fcr Profis, die eine leistungsstarke und zuverl\u00e4ssige Montiermaschine f\u00fcr gro\u00dfe Fahrzeuge ben\u00f6tigen. Mit ihrer F\u00e4higkeit, gro\u00dfe R\u00e4der zu bearbeiten, und ihrer fortschrittlichen Technologie gew\u00e4hrleistet sie einen effizienten und sicheren Betrieb in jeder Arbeitsumgebung.","og_url":"https:\/\/www.fasep.it\/de\/produkte\/montiermaschinen\/s263.001\/","og_site_name":"Fasep 2000 srl","article_modified_time":"2026-04-03T12:32:23+00:00","twitter_card":"summary_large_image","twitter_misc":{"Gesch\u00e4tzte Lesezeit":"1\u00a0Minute"},"schema":{"@context":"https:\/\/schema.org","@graph":[{"@type":"WebPage","@id":"https:\/\/www.fasep.it\/de\/produkte\/montiermaschinen\/s263.001\/","url":"https:\/\/www.fasep.it\/de\/produkte\/montiermaschinen\/s263.001\/","name":"RGU5190","isPartOf":{"@id":"https:\/\/www.fasep.it\/de\/#website"},"datePublished":"2025-07-16T09:42:55+00:00","dateModified":"2026-04-03T12:32:23+00:00","breadcrumb":{"@id":"https:\/\/www.fasep.it\/de\/produkte\/montiermaschinen\/s263.001\/#breadcrumb"},"inLanguage":"de","potentialAction":[{"@type":"ReadAction","target":["https:\/\/www.fasep.it\/de\/produkte\/montiermaschinen\/s263.001\/"]}]},{"@type":"BreadcrumbList","@id":"https:\/\/www.fasep.it\/de\/produkte\/montiermaschinen\/s263.001\/#breadcrumb","itemListElement":[{"@type":"ListItem","position":1,"name":"Home","item":"https:\/\/www.fasep.it\/de\/"},{"@type":"ListItem","position":2,"name":"Produkte","item":"https:\/\/www.fasep.it\/de\/shop\/"},{"@type":"ListItem","position":3,"name":"RGU5190"}]},{"@type":"WebSite","@id":"https:\/\/www.fasep.it\/de\/#website","url":"https:\/\/www.fasep.it\/de\/","name":"Fasep 2000 srl","description":"","potentialAction":[{"@type":"SearchAction","target":{"@type":"EntryPoint","urlTemplate":"https:\/\/www.fasep.it\/de\/?s={search_term_string}"},"query-input":{"@type":"PropertyValueSpecification","valueRequired":true,"valueName":"search_term_string"}}],"inLanguage":"de"}]}},"_links":{"self":[{"href":"https:\/\/www.fasep.it\/de\/wp-json\/wp\/v2\/product\/7157","targetHints":{"allow":["GET"]}}],"collection":[{"href":"https:\/\/www.fasep.it\/de\/wp-json\/wp\/v2\/product"}],"about":[{"href":"https:\/\/www.fasep.it\/de\/wp-json\/wp\/v2\/types\/product"}],"wp:attachment":[{"href":"https:\/\/www.fasep.it\/de\/wp-json\/wp\/v2\/media?parent=7157"}],"wp:term":[{"taxonomy":"product_brand","embeddable":true,"href":"https:\/\/www.fasep.it\/de\/wp-json\/wp\/v2\/product_brand?post=7157"},{"taxonomy":"product_cat","embeddable":true,"href":"https:\/\/www.fasep.it\/de\/wp-json\/wp\/v2\/product_cat?post=7157"},{"taxonomy":"product_tag","embeddable":true,"href":"https:\/\/www.fasep.it\/de\/wp-json\/wp\/v2\/product_tag?post=7157"}],"curies":[{"name":"wp","href":"https:\/\/api.w.org\/{rel}","templated":true}]}}