{"id":7152,"date":"2025-07-16T11:43:01","date_gmt":"2025-07-16T09:43:01","guid":{"rendered":"https:\/\/www2.fasep.it\/produkte\/\/de-s199.002"},"modified":"2026-04-03T14:32:22","modified_gmt":"2026-04-03T12:32:22","slug":"de-s199.002","status":"publish","type":"product","link":"https:\/\/www.fasep.it\/de\/produkte\/montiermaschinen\/s199.002\/","title":{"rendered":"RAE.2102.22"},"content":{"rendered":"<font color=\"#0055BB\"><strong>Automatisch, stark und zuverl\u00e4ssig, bis zu 23&quot;.<\/strong><\/font><br>\r\nDie RAE.2102.22 ist eine klassische Reifenmontiermaschine f\u00fcr Autos und Motorr\u00e4der mit Felgen zwischen 10&quot; und 23&quot;. Robustheit und Zuverl\u00e4ssigkeit sind die Schl\u00fcsselw\u00f6rter f\u00fcr diese Reifenmontiermaschine, dank dem Zubeh\u00f6r erm\u00f6glicht sie es auch arbeiten an Niederquerschnitts-Reifen mit einem begrenzten Aufwand durchzuf\u00fchren.","protected":false},"excerpt":{"rendered":"<font color=\"#0055BB\"><strong>Automatisch, stark und zuverl\u00e4ssig, bis zu 23&#8243;.<\/strong><\/font><br>\r\nDie RAE.2102.22 ist eine klassische Reifenmontiermaschine f\u00fcr Autos und Motorr\u00e4der mit Felgen zwischen 10&#8243; und 23&#8243;. Robustheit und Zuverl\u00e4ssigkeit sind die Schl\u00fcsselw\u00f6rter f\u00fcr diese Reifenmontiermaschine, dank dem Zubeh\u00f6r erm\u00f6glicht sie es auch arbeiten an Niederquerschnitts-Reifen mit einem begrenzten Aufwand durchzuf\u00fchren.","protected":false},"featured_media":0,"template":"","meta":{"_acf_changed":false},"product_brand":[],"product_cat":[],"product_tag":[],"class_list":{"0":"post-7152","1":"product","2":"type-product","3":"status-publish","6":"first","7":"instock","8":"shipping-taxable","9":"product-type-simple"},"acf":[],"yoast_head":"<!-- This site is optimized with the Yoast SEO plugin v25.7 - https:\/\/yoast.com\/wordpress\/plugins\/seo\/ -->\n<title>RAE.2102.22<\/title>\n<meta name=\"robots\" content=\"index, follow, max-snippet:-1, max-image-preview:large, max-video-preview:-1\" \/>\n<meta property=\"og:locale\" content=\"de_DE\" \/>\n<meta property=\"og:type\" content=\"article\" \/>\n<meta property=\"og:title\" content=\"RAE.2102.22\" \/>\n<meta property=\"og:description\" content=\"Automatisch, stark und zuverl\u00e4ssig, bis zu 23&quot;. Die RAE.2102.22 ist eine klassische Reifenmontiermaschine f\u00fcr Autos und Motorr\u00e4der mit Felgen zwischen 10&quot; und 23&quot;. Robustheit und Zuverl\u00e4ssigkeit sind die Schl\u00fcsselw\u00f6rter f\u00fcr diese Reifenmontiermaschine, dank dem Zubeh\u00f6r erm\u00f6glicht sie es auch arbeiten an Niederquerschnitts-Reifen mit einem begrenzten Aufwand durchzuf\u00fchren.\" \/>\n<meta property=\"og:url\" content=\"https:\/\/www.fasep.it\/de\/produkte\/montiermaschinen\/s199.002\/\" \/>\n<meta property=\"og:site_name\" content=\"Fasep 2000 srl\" \/>\n<meta property=\"article:modified_time\" content=\"2026-04-03T12:32:22+00:00\" \/>\n<meta name=\"twitter:card\" content=\"summary_large_image\" \/>\n<script type=\"application\/ld+json\" class=\"yoast-schema-graph\">{\"@context\":\"https:\/\/schema.org\",\"@graph\":[{\"@type\":\"WebPage\",\"@id\":\"https:\/\/www.fasep.it\/de\/produkte\/montiermaschinen\/s199.002\/\",\"url\":\"https:\/\/www.fasep.it\/de\/produkte\/montiermaschinen\/s199.002\/\",\"name\":\"RAE.2102.22\",\"isPartOf\":{\"@id\":\"https:\/\/www.fasep.it\/de\/#website\"},\"datePublished\":\"2025-07-16T09:43:01+00:00\",\"dateModified\":\"2026-04-03T12:32:22+00:00\",\"breadcrumb\":{\"@id\":\"https:\/\/www.fasep.it\/de\/produkte\/montiermaschinen\/s199.002\/#breadcrumb\"},\"inLanguage\":\"de\",\"potentialAction\":[{\"@type\":\"ReadAction\",\"target\":[\"https:\/\/www.fasep.it\/de\/produkte\/montiermaschinen\/s199.002\/\"]}]},{\"@type\":\"BreadcrumbList\",\"@id\":\"https:\/\/www.fasep.it\/de\/produkte\/montiermaschinen\/s199.002\/#breadcrumb\",\"itemListElement\":[{\"@type\":\"ListItem\",\"position\":1,\"name\":\"Home\",\"item\":\"https:\/\/www.fasep.it\/de\/\"},{\"@type\":\"ListItem\",\"position\":2,\"name\":\"Produkte\",\"item\":\"https:\/\/www.fasep.it\/de\/shop\/\"},{\"@type\":\"ListItem\",\"position\":3,\"name\":\"RAE.2102.22\"}]},{\"@type\":\"WebSite\",\"@id\":\"https:\/\/www.fasep.it\/de\/#website\",\"url\":\"https:\/\/www.fasep.it\/de\/\",\"name\":\"Fasep 2000 srl\",\"description\":\"\",\"potentialAction\":[{\"@type\":\"SearchAction\",\"target\":{\"@type\":\"EntryPoint\",\"urlTemplate\":\"https:\/\/www.fasep.it\/de\/?s={search_term_string}\"},\"query-input\":{\"@type\":\"PropertyValueSpecification\",\"valueRequired\":true,\"valueName\":\"search_term_string\"}}],\"inLanguage\":\"de\"}]}<\/script>\n<!-- \/ Yoast SEO plugin. -->","yoast_head_json":{"title":"RAE.2102.22","robots":{"index":"index","follow":"follow","max-snippet":"max-snippet:-1","max-image-preview":"max-image-preview:large","max-video-preview":"max-video-preview:-1"},"og_locale":"de_DE","og_type":"article","og_title":"RAE.2102.22","og_description":"Automatisch, stark und zuverl\u00e4ssig, bis zu 23\". Die RAE.2102.22 ist eine klassische Reifenmontiermaschine f\u00fcr Autos und Motorr\u00e4der mit Felgen zwischen 10\" und 23\". Robustheit und Zuverl\u00e4ssigkeit sind die Schl\u00fcsselw\u00f6rter f\u00fcr diese Reifenmontiermaschine, dank dem Zubeh\u00f6r erm\u00f6glicht sie es auch arbeiten an Niederquerschnitts-Reifen mit einem begrenzten Aufwand durchzuf\u00fchren.","og_url":"https:\/\/www.fasep.it\/de\/produkte\/montiermaschinen\/s199.002\/","og_site_name":"Fasep 2000 srl","article_modified_time":"2026-04-03T12:32:22+00:00","twitter_card":"summary_large_image","schema":{"@context":"https:\/\/schema.org","@graph":[{"@type":"WebPage","@id":"https:\/\/www.fasep.it\/de\/produkte\/montiermaschinen\/s199.002\/","url":"https:\/\/www.fasep.it\/de\/produkte\/montiermaschinen\/s199.002\/","name":"RAE.2102.22","isPartOf":{"@id":"https:\/\/www.fasep.it\/de\/#website"},"datePublished":"2025-07-16T09:43:01+00:00","dateModified":"2026-04-03T12:32:22+00:00","breadcrumb":{"@id":"https:\/\/www.fasep.it\/de\/produkte\/montiermaschinen\/s199.002\/#breadcrumb"},"inLanguage":"de","potentialAction":[{"@type":"ReadAction","target":["https:\/\/www.fasep.it\/de\/produkte\/montiermaschinen\/s199.002\/"]}]},{"@type":"BreadcrumbList","@id":"https:\/\/www.fasep.it\/de\/produkte\/montiermaschinen\/s199.002\/#breadcrumb","itemListElement":[{"@type":"ListItem","position":1,"name":"Home","item":"https:\/\/www.fasep.it\/de\/"},{"@type":"ListItem","position":2,"name":"Produkte","item":"https:\/\/www.fasep.it\/de\/shop\/"},{"@type":"ListItem","position":3,"name":"RAE.2102.22"}]},{"@type":"WebSite","@id":"https:\/\/www.fasep.it\/de\/#website","url":"https:\/\/www.fasep.it\/de\/","name":"Fasep 2000 srl","description":"","potentialAction":[{"@type":"SearchAction","target":{"@type":"EntryPoint","urlTemplate":"https:\/\/www.fasep.it\/de\/?s={search_term_string}"},"query-input":{"@type":"PropertyValueSpecification","valueRequired":true,"valueName":"search_term_string"}}],"inLanguage":"de"}]}},"_links":{"self":[{"href":"https:\/\/www.fasep.it\/de\/wp-json\/wp\/v2\/product\/7152","targetHints":{"allow":["GET"]}}],"collection":[{"href":"https:\/\/www.fasep.it\/de\/wp-json\/wp\/v2\/product"}],"about":[{"href":"https:\/\/www.fasep.it\/de\/wp-json\/wp\/v2\/types\/product"}],"wp:attachment":[{"href":"https:\/\/www.fasep.it\/de\/wp-json\/wp\/v2\/media?parent=7152"}],"wp:term":[{"taxonomy":"product_brand","embeddable":true,"href":"https:\/\/www.fasep.it\/de\/wp-json\/wp\/v2\/product_brand?post=7152"},{"taxonomy":"product_cat","embeddable":true,"href":"https:\/\/www.fasep.it\/de\/wp-json\/wp\/v2\/product_cat?post=7152"},{"taxonomy":"product_tag","embeddable":true,"href":"https:\/\/www.fasep.it\/de\/wp-json\/wp\/v2\/product_tag?post=7152"}],"curies":[{"name":"wp","href":"https:\/\/api.w.org\/{rel}","templated":true}]}}