{"id":7147,"date":"2025-07-16T11:43:11","date_gmt":"2025-07-16T09:43:11","guid":{"rendered":"https:\/\/www2.fasep.it\/produkte\/\/de-s222.001"},"modified":"2026-04-03T14:32:21","modified_gmt":"2026-04-03T12:32:21","slug":"de-s222.001","status":"publish","type":"product","link":"https:\/\/www.fasep.it\/de\/produkte\/montiermaschinen\/s222.001\/","title":{"rendered":"RASE.2115"},"content":{"rendered":"<font color=\"#0055BB\"><strong>Montiermaschinen superautomatische<\/strong><\/font>\r\nf\u00fcr Kfz-Werkst\u00e4tten und Reifendienstbetriebe mit mittlerem Reifendienstvolumen. F\u00fcr den Betrieb an R\u00e4dern von Autos, SUVs und leichten Nutzfahrzeugen von betr\u00e4chtlichem Gewicht und Gr\u00f6\u00dfe. <br><br>\r\nAusgestattet mit einer vertikalen Stange, vergr\u00f6\u00dferten Abmessungen und doppeltwirkendem Wulstabdr\u00fcckzylinder mit einer Klemmkraft von 12&#8243; bis 24&#8243;. <br><br>\r\nDie Maschine ist auch in der Version mit Vorrichtung zum Aufpumpen von schlauchlosen Reifen (Version ti), mit selbstzentrierender Platte mit doppelter Drehzahl (Version 2 Geschwindigkeit) und mit Bewegung erh\u00e4ltlich des manuellen oder pneumatischen Vertikalarms (P-Version).","protected":false},"excerpt":{"rendered":"<font color=\"#0055BB\"><strong>Montiermaschinen superautomatische<\/strong><\/font>\r\nf\u00fcr Kfz-Werkst\u00e4tten und Reifendienstbetriebe mit mittlerem Reifendienstvolumen. F\u00fcr den Betrieb an R\u00e4dern von Autos, SUVs und leichten Nutzfahrzeugen von betr\u00e4chtlichem Gewicht und Gr\u00f6\u00dfe. <br><br>\r\nAusgestattet mit einer vertikalen Stange, vergr\u00f6\u00dferten Abmessungen und doppeltwirkendem Wulstabdr\u00fcckzylinder mit einer Klemmkraft von 12&#8243; bis 24&#8243;. <br><br>\r\nDie Maschine ist auch in der Version mit Vorrichtung zum Aufpumpen von schlauchlosen Reifen (Version ti), mit selbstzentrierender Platte mit doppelter Drehzahl (Version 2 Geschwindigkeit) und mit Bewegung erh\u00e4ltlich des manuellen oder pneumatischen Vertikalarms (P-Version).","protected":false},"featured_media":0,"template":"","meta":{"_acf_changed":false},"product_brand":[],"product_cat":[],"product_tag":[],"class_list":{"0":"post-7147","1":"product","2":"type-product","3":"status-publish","6":"first","7":"instock","8":"shipping-taxable","9":"product-type-simple"},"acf":[],"yoast_head":"<!-- This site is optimized with the Yoast SEO plugin v25.7 - https:\/\/yoast.com\/wordpress\/plugins\/seo\/ -->\n<title>RASE.2115<\/title>\n<meta name=\"robots\" content=\"index, follow, max-snippet:-1, max-image-preview:large, max-video-preview:-1\" \/>\n<meta property=\"og:locale\" content=\"de_DE\" \/>\n<meta property=\"og:type\" content=\"article\" \/>\n<meta property=\"og:title\" content=\"RASE.2115\" \/>\n<meta property=\"og:description\" content=\"Montiermaschinen superautomatische f\u00fcr Kfz-Werkst\u00e4tten und Reifendienstbetriebe mit mittlerem Reifendienstvolumen. F\u00fcr den Betrieb an R\u00e4dern von Autos, SUVs und leichten Nutzfahrzeugen von betr\u00e4chtlichem Gewicht und Gr\u00f6\u00dfe.  Ausgestattet mit einer vertikalen Stange, vergr\u00f6\u00dferten Abmessungen und doppeltwirkendem Wulstabdr\u00fcckzylinder mit einer Klemmkraft von 12&quot; bis 24&quot;.  Die Maschine ist auch in der Version mit Vorrichtung zum Aufpumpen von schlauchlosen Reifen (Version ti), mit selbstzentrierender Platte mit doppelter Drehzahl (Version 2 Geschwindigkeit) und mit Bewegung erh\u00e4ltlich des manuellen oder pneumatischen Vertikalarms (P-Version).\" \/>\n<meta property=\"og:url\" content=\"https:\/\/www.fasep.it\/de\/produkte\/montiermaschinen\/s222.001\/\" \/>\n<meta property=\"og:site_name\" content=\"Fasep 2000 srl\" \/>\n<meta property=\"article:modified_time\" content=\"2026-04-03T12:32:21+00:00\" \/>\n<meta name=\"twitter:card\" content=\"summary_large_image\" \/>\n<script type=\"application\/ld+json\" class=\"yoast-schema-graph\">{\"@context\":\"https:\/\/schema.org\",\"@graph\":[{\"@type\":\"WebPage\",\"@id\":\"https:\/\/www.fasep.it\/de\/produkte\/montiermaschinen\/s222.001\/\",\"url\":\"https:\/\/www.fasep.it\/de\/produkte\/montiermaschinen\/s222.001\/\",\"name\":\"RASE.2115\",\"isPartOf\":{\"@id\":\"https:\/\/www.fasep.it\/de\/#website\"},\"datePublished\":\"2025-07-16T09:43:11+00:00\",\"dateModified\":\"2026-04-03T12:32:21+00:00\",\"breadcrumb\":{\"@id\":\"https:\/\/www.fasep.it\/de\/produkte\/montiermaschinen\/s222.001\/#breadcrumb\"},\"inLanguage\":\"de\",\"potentialAction\":[{\"@type\":\"ReadAction\",\"target\":[\"https:\/\/www.fasep.it\/de\/produkte\/montiermaschinen\/s222.001\/\"]}]},{\"@type\":\"BreadcrumbList\",\"@id\":\"https:\/\/www.fasep.it\/de\/produkte\/montiermaschinen\/s222.001\/#breadcrumb\",\"itemListElement\":[{\"@type\":\"ListItem\",\"position\":1,\"name\":\"Home\",\"item\":\"https:\/\/www.fasep.it\/de\/\"},{\"@type\":\"ListItem\",\"position\":2,\"name\":\"Produkte\",\"item\":\"https:\/\/www.fasep.it\/de\/shop\/\"},{\"@type\":\"ListItem\",\"position\":3,\"name\":\"RASE.2115\"}]},{\"@type\":\"WebSite\",\"@id\":\"https:\/\/www.fasep.it\/de\/#website\",\"url\":\"https:\/\/www.fasep.it\/de\/\",\"name\":\"Fasep 2000 srl\",\"description\":\"\",\"potentialAction\":[{\"@type\":\"SearchAction\",\"target\":{\"@type\":\"EntryPoint\",\"urlTemplate\":\"https:\/\/www.fasep.it\/de\/?s={search_term_string}\"},\"query-input\":{\"@type\":\"PropertyValueSpecification\",\"valueRequired\":true,\"valueName\":\"search_term_string\"}}],\"inLanguage\":\"de\"}]}<\/script>\n<!-- \/ Yoast SEO plugin. -->","yoast_head_json":{"title":"RASE.2115","robots":{"index":"index","follow":"follow","max-snippet":"max-snippet:-1","max-image-preview":"max-image-preview:large","max-video-preview":"max-video-preview:-1"},"og_locale":"de_DE","og_type":"article","og_title":"RASE.2115","og_description":"Montiermaschinen superautomatische f\u00fcr Kfz-Werkst\u00e4tten und Reifendienstbetriebe mit mittlerem Reifendienstvolumen. F\u00fcr den Betrieb an R\u00e4dern von Autos, SUVs und leichten Nutzfahrzeugen von betr\u00e4chtlichem Gewicht und Gr\u00f6\u00dfe.  Ausgestattet mit einer vertikalen Stange, vergr\u00f6\u00dferten Abmessungen und doppeltwirkendem Wulstabdr\u00fcckzylinder mit einer Klemmkraft von 12\" bis 24\".  Die Maschine ist auch in der Version mit Vorrichtung zum Aufpumpen von schlauchlosen Reifen (Version ti), mit selbstzentrierender Platte mit doppelter Drehzahl (Version 2 Geschwindigkeit) und mit Bewegung erh\u00e4ltlich des manuellen oder pneumatischen Vertikalarms (P-Version).","og_url":"https:\/\/www.fasep.it\/de\/produkte\/montiermaschinen\/s222.001\/","og_site_name":"Fasep 2000 srl","article_modified_time":"2026-04-03T12:32:21+00:00","twitter_card":"summary_large_image","schema":{"@context":"https:\/\/schema.org","@graph":[{"@type":"WebPage","@id":"https:\/\/www.fasep.it\/de\/produkte\/montiermaschinen\/s222.001\/","url":"https:\/\/www.fasep.it\/de\/produkte\/montiermaschinen\/s222.001\/","name":"RASE.2115","isPartOf":{"@id":"https:\/\/www.fasep.it\/de\/#website"},"datePublished":"2025-07-16T09:43:11+00:00","dateModified":"2026-04-03T12:32:21+00:00","breadcrumb":{"@id":"https:\/\/www.fasep.it\/de\/produkte\/montiermaschinen\/s222.001\/#breadcrumb"},"inLanguage":"de","potentialAction":[{"@type":"ReadAction","target":["https:\/\/www.fasep.it\/de\/produkte\/montiermaschinen\/s222.001\/"]}]},{"@type":"BreadcrumbList","@id":"https:\/\/www.fasep.it\/de\/produkte\/montiermaschinen\/s222.001\/#breadcrumb","itemListElement":[{"@type":"ListItem","position":1,"name":"Home","item":"https:\/\/www.fasep.it\/de\/"},{"@type":"ListItem","position":2,"name":"Produkte","item":"https:\/\/www.fasep.it\/de\/shop\/"},{"@type":"ListItem","position":3,"name":"RASE.2115"}]},{"@type":"WebSite","@id":"https:\/\/www.fasep.it\/de\/#website","url":"https:\/\/www.fasep.it\/de\/","name":"Fasep 2000 srl","description":"","potentialAction":[{"@type":"SearchAction","target":{"@type":"EntryPoint","urlTemplate":"https:\/\/www.fasep.it\/de\/?s={search_term_string}"},"query-input":{"@type":"PropertyValueSpecification","valueRequired":true,"valueName":"search_term_string"}}],"inLanguage":"de"}]}},"_links":{"self":[{"href":"https:\/\/www.fasep.it\/de\/wp-json\/wp\/v2\/product\/7147","targetHints":{"allow":["GET"]}}],"collection":[{"href":"https:\/\/www.fasep.it\/de\/wp-json\/wp\/v2\/product"}],"about":[{"href":"https:\/\/www.fasep.it\/de\/wp-json\/wp\/v2\/types\/product"}],"wp:attachment":[{"href":"https:\/\/www.fasep.it\/de\/wp-json\/wp\/v2\/media?parent=7147"}],"wp:term":[{"taxonomy":"product_brand","embeddable":true,"href":"https:\/\/www.fasep.it\/de\/wp-json\/wp\/v2\/product_brand?post=7147"},{"taxonomy":"product_cat","embeddable":true,"href":"https:\/\/www.fasep.it\/de\/wp-json\/wp\/v2\/product_cat?post=7147"},{"taxonomy":"product_tag","embeddable":true,"href":"https:\/\/www.fasep.it\/de\/wp-json\/wp\/v2\/product_tag?post=7147"}],"curies":[{"name":"wp","href":"https:\/\/api.w.org\/{rel}","templated":true}]}}