{"id":7146,"date":"2025-07-16T11:43:17","date_gmt":"2025-07-16T09:43:17","guid":{"rendered":"https:\/\/www2.fasep.it\/produkte\/\/de-s264.001"},"modified":"2026-04-03T14:32:21","modified_gmt":"2026-04-03T12:32:21","slug":"de-s264.001","status":"publish","type":"product","link":"https:\/\/www.fasep.it\/de\/produkte\/montiermaschinen\/s264.001\/","title":{"rendered":"RASE.2134"},"content":{"rendered":"<font color=\"#0055BB\"><strong>Super-Automatik bis 26&#8243;.<\/strong><\/font><br>\r\nF\u00fcr Tankstellen und Werkst\u00e4tten mit durchschnittlichem Arbeitsvolumen, die f\u00fcr den Betrieb auf den R\u00e4dern von Autos, SUVs und leichten Nutzfahrzeugen mit betr\u00e4chtlichem Gewicht und Gr\u00f6\u00dfe ausgelegt sind.<br>\r\n<br>\r\nRASE.2134 ist eine super-automatische Montiermaschine f\u00fcr PKW und Motorradr\u00e4der mit Felgen bis 26&quot; mit verstellbaren Radklemmen. Es verbindet Zuverl\u00e4ssigkeit und Solidit\u00e4t und \u00fcbertrifft alle Wettbewerber. Ein kompletter Satz an Zubeh\u00f6r erm\u00f6glicht es, auf niedrigen Reifen mit absoluter Leichtigkeit zu arbeiten.","protected":false},"excerpt":{"rendered":"<font color=\"#0055BB\"><strong>Super-Automatik bis 26&#8243;.<\/strong><\/font><br>\r\nF\u00fcr Tankstellen und Werkst\u00e4tten mit durchschnittlichem Arbeitsvolumen, die f\u00fcr den Betrieb auf den R\u00e4dern von Autos, SUVs und leichten Nutzfahrzeugen mit betr\u00e4chtlichem Gewicht und Gr\u00f6\u00dfe ausgelegt sind.<br>\r\n<br>\r\nRASE.2134 ist eine super-automatische Montiermaschine f\u00fcr PKW und Motorradr\u00e4der mit Felgen bis 26&#8243; mit verstellbaren Radklemmen. Es verbindet Zuverl\u00e4ssigkeit und Solidit\u00e4t und \u00fcbertrifft alle Wettbewerber. Ein kompletter Satz an Zubeh\u00f6r erm\u00f6glicht es, auf niedrigen Reifen mit absoluter Leichtigkeit zu arbeiten.","protected":false},"featured_media":0,"template":"","meta":{"_acf_changed":false},"product_brand":[],"product_cat":[],"product_tag":[],"class_list":{"0":"post-7146","1":"product","2":"type-product","3":"status-publish","6":"first","7":"instock","8":"shipping-taxable","9":"product-type-simple"},"acf":[],"yoast_head":"<!-- This site is optimized with the Yoast SEO plugin v25.7 - https:\/\/yoast.com\/wordpress\/plugins\/seo\/ -->\n<title>RASE.2134<\/title>\n<meta name=\"robots\" content=\"index, follow, max-snippet:-1, max-image-preview:large, max-video-preview:-1\" \/>\n<meta property=\"og:locale\" content=\"de_DE\" \/>\n<meta property=\"og:type\" content=\"article\" \/>\n<meta property=\"og:title\" content=\"RASE.2134\" \/>\n<meta property=\"og:description\" content=\"Super-Automatik bis 26&quot;. F\u00fcr Tankstellen und Werkst\u00e4tten mit durchschnittlichem Arbeitsvolumen, die f\u00fcr den Betrieb auf den R\u00e4dern von Autos, SUVs und leichten Nutzfahrzeugen mit betr\u00e4chtlichem Gewicht und Gr\u00f6\u00dfe ausgelegt sind.  RASE.2134 ist eine super-automatische Montiermaschine f\u00fcr PKW und Motorradr\u00e4der mit Felgen bis 26&quot; mit verstellbaren Radklemmen. Es verbindet Zuverl\u00e4ssigkeit und Solidit\u00e4t und \u00fcbertrifft alle Wettbewerber. Ein kompletter Satz an Zubeh\u00f6r erm\u00f6glicht es, auf niedrigen Reifen mit absoluter Leichtigkeit zu arbeiten.\" \/>\n<meta property=\"og:url\" content=\"https:\/\/www.fasep.it\/de\/produkte\/montiermaschinen\/s264.001\/\" \/>\n<meta property=\"og:site_name\" content=\"Fasep 2000 srl\" \/>\n<meta property=\"article:modified_time\" content=\"2026-04-03T12:32:21+00:00\" \/>\n<meta name=\"twitter:card\" content=\"summary_large_image\" \/>\n<script type=\"application\/ld+json\" class=\"yoast-schema-graph\">{\"@context\":\"https:\/\/schema.org\",\"@graph\":[{\"@type\":\"WebPage\",\"@id\":\"https:\/\/www.fasep.it\/de\/produkte\/montiermaschinen\/s264.001\/\",\"url\":\"https:\/\/www.fasep.it\/de\/produkte\/montiermaschinen\/s264.001\/\",\"name\":\"RASE.2134\",\"isPartOf\":{\"@id\":\"https:\/\/www.fasep.it\/de\/#website\"},\"datePublished\":\"2025-07-16T09:43:17+00:00\",\"dateModified\":\"2026-04-03T12:32:21+00:00\",\"breadcrumb\":{\"@id\":\"https:\/\/www.fasep.it\/de\/produkte\/montiermaschinen\/s264.001\/#breadcrumb\"},\"inLanguage\":\"de\",\"potentialAction\":[{\"@type\":\"ReadAction\",\"target\":[\"https:\/\/www.fasep.it\/de\/produkte\/montiermaschinen\/s264.001\/\"]}]},{\"@type\":\"BreadcrumbList\",\"@id\":\"https:\/\/www.fasep.it\/de\/produkte\/montiermaschinen\/s264.001\/#breadcrumb\",\"itemListElement\":[{\"@type\":\"ListItem\",\"position\":1,\"name\":\"Home\",\"item\":\"https:\/\/www.fasep.it\/de\/\"},{\"@type\":\"ListItem\",\"position\":2,\"name\":\"Produkte\",\"item\":\"https:\/\/www.fasep.it\/de\/shop\/\"},{\"@type\":\"ListItem\",\"position\":3,\"name\":\"RASE.2134\"}]},{\"@type\":\"WebSite\",\"@id\":\"https:\/\/www.fasep.it\/de\/#website\",\"url\":\"https:\/\/www.fasep.it\/de\/\",\"name\":\"Fasep 2000 srl\",\"description\":\"\",\"potentialAction\":[{\"@type\":\"SearchAction\",\"target\":{\"@type\":\"EntryPoint\",\"urlTemplate\":\"https:\/\/www.fasep.it\/de\/?s={search_term_string}\"},\"query-input\":{\"@type\":\"PropertyValueSpecification\",\"valueRequired\":true,\"valueName\":\"search_term_string\"}}],\"inLanguage\":\"de\"}]}<\/script>\n<!-- \/ Yoast SEO plugin. -->","yoast_head_json":{"title":"RASE.2134","robots":{"index":"index","follow":"follow","max-snippet":"max-snippet:-1","max-image-preview":"max-image-preview:large","max-video-preview":"max-video-preview:-1"},"og_locale":"de_DE","og_type":"article","og_title":"RASE.2134","og_description":"Super-Automatik bis 26\". F\u00fcr Tankstellen und Werkst\u00e4tten mit durchschnittlichem Arbeitsvolumen, die f\u00fcr den Betrieb auf den R\u00e4dern von Autos, SUVs und leichten Nutzfahrzeugen mit betr\u00e4chtlichem Gewicht und Gr\u00f6\u00dfe ausgelegt sind.  RASE.2134 ist eine super-automatische Montiermaschine f\u00fcr PKW und Motorradr\u00e4der mit Felgen bis 26\" mit verstellbaren Radklemmen. Es verbindet Zuverl\u00e4ssigkeit und Solidit\u00e4t und \u00fcbertrifft alle Wettbewerber. Ein kompletter Satz an Zubeh\u00f6r erm\u00f6glicht es, auf niedrigen Reifen mit absoluter Leichtigkeit zu arbeiten.","og_url":"https:\/\/www.fasep.it\/de\/produkte\/montiermaschinen\/s264.001\/","og_site_name":"Fasep 2000 srl","article_modified_time":"2026-04-03T12:32:21+00:00","twitter_card":"summary_large_image","schema":{"@context":"https:\/\/schema.org","@graph":[{"@type":"WebPage","@id":"https:\/\/www.fasep.it\/de\/produkte\/montiermaschinen\/s264.001\/","url":"https:\/\/www.fasep.it\/de\/produkte\/montiermaschinen\/s264.001\/","name":"RASE.2134","isPartOf":{"@id":"https:\/\/www.fasep.it\/de\/#website"},"datePublished":"2025-07-16T09:43:17+00:00","dateModified":"2026-04-03T12:32:21+00:00","breadcrumb":{"@id":"https:\/\/www.fasep.it\/de\/produkte\/montiermaschinen\/s264.001\/#breadcrumb"},"inLanguage":"de","potentialAction":[{"@type":"ReadAction","target":["https:\/\/www.fasep.it\/de\/produkte\/montiermaschinen\/s264.001\/"]}]},{"@type":"BreadcrumbList","@id":"https:\/\/www.fasep.it\/de\/produkte\/montiermaschinen\/s264.001\/#breadcrumb","itemListElement":[{"@type":"ListItem","position":1,"name":"Home","item":"https:\/\/www.fasep.it\/de\/"},{"@type":"ListItem","position":2,"name":"Produkte","item":"https:\/\/www.fasep.it\/de\/shop\/"},{"@type":"ListItem","position":3,"name":"RASE.2134"}]},{"@type":"WebSite","@id":"https:\/\/www.fasep.it\/de\/#website","url":"https:\/\/www.fasep.it\/de\/","name":"Fasep 2000 srl","description":"","potentialAction":[{"@type":"SearchAction","target":{"@type":"EntryPoint","urlTemplate":"https:\/\/www.fasep.it\/de\/?s={search_term_string}"},"query-input":{"@type":"PropertyValueSpecification","valueRequired":true,"valueName":"search_term_string"}}],"inLanguage":"de"}]}},"_links":{"self":[{"href":"https:\/\/www.fasep.it\/de\/wp-json\/wp\/v2\/product\/7146","targetHints":{"allow":["GET"]}}],"collection":[{"href":"https:\/\/www.fasep.it\/de\/wp-json\/wp\/v2\/product"}],"about":[{"href":"https:\/\/www.fasep.it\/de\/wp-json\/wp\/v2\/types\/product"}],"wp:attachment":[{"href":"https:\/\/www.fasep.it\/de\/wp-json\/wp\/v2\/media?parent=7146"}],"wp:term":[{"taxonomy":"product_brand","embeddable":true,"href":"https:\/\/www.fasep.it\/de\/wp-json\/wp\/v2\/product_brand?post=7146"},{"taxonomy":"product_cat","embeddable":true,"href":"https:\/\/www.fasep.it\/de\/wp-json\/wp\/v2\/product_cat?post=7146"},{"taxonomy":"product_tag","embeddable":true,"href":"https:\/\/www.fasep.it\/de\/wp-json\/wp\/v2\/product_tag?post=7146"}],"curies":[{"name":"wp","href":"https:\/\/api.w.org\/{rel}","templated":true}]}}