{"id":7135,"date":"2025-07-16T11:43:39","date_gmt":"2025-07-16T09:43:39","guid":{"rendered":"https:\/\/www2.fasep.it\/produkte\/\/de-s239.001"},"modified":"2026-04-03T14:32:19","modified_gmt":"2026-04-03T12:32:19","slug":"de-s239.001","status":"publish","type":"product","link":"https:\/\/www.fasep.it\/de\/produkte\/montiermaschinen\/s239.001\/","title":{"rendered":"RASE.TOP.4028"},"content":{"rendered":"<font color=\"#0055BB\"><strong>Superautomatische computergesteuerte hebellose Montiermaschine.<\/strong><\/font><br>\r\nRASE.TOP.4028 ist eine <u>Montiermaschine mit automatischem Zyklus<\/u>, geeignet f\u00fcr die besten Reifenspezialisten, f\u00fcr die Verwendung mit Run Flat- und UHP-R\u00e4dern. Es funktioniert auf den R\u00e4dern von Autos und leichten Fahrzeugen mit R\u00e4dern von 13&#8243; bis 28&#8243;, ohne Hebel zum Montieren und Demontieren eines Reifens.<br>\r\nRASE.TOP.4028 ist in der Lage, das geometrische Profil der Felge gleichzeitig mit dem Reifenwulstbruch zu diagnostizieren.\r\nRASE.TOP.4028 ist mit der Kratzschutzvorrichtung der Felge ausgestattet.<br>\r\nBei RASE.TOP.4028 wird das Rad mit einem pneumatisch bet\u00e4tigten Hub direkt \u00fcber der selbstzentrierenden Spindel platziert.<br>","protected":false},"excerpt":{"rendered":"<font color=\"#0055BB\"><strong>Superautomatische computergesteuerte hebellose Montiermaschine.<\/strong><\/font><br>\r\nRASE.TOP.4028 ist eine <u>Montiermaschine mit automatischem Zyklus<\/u>, geeignet f\u00fcr die besten Reifenspezialisten, f\u00fcr die Verwendung mit Run Flat- und UHP-R\u00e4dern. Es funktioniert auf den R\u00e4dern von Autos und leichten Fahrzeugen mit R\u00e4dern von 13&#8243; bis 28&#8243;, ohne Hebel zum Montieren und Demontieren eines Reifens.<br>\r\nRASE.TOP.4028 ist in der Lage, das geometrische Profil der Felge gleichzeitig mit dem Reifenwulstbruch zu diagnostizieren.\r\nRASE.TOP.4028 ist mit der Kratzschutzvorrichtung der Felge ausgestattet.<br>\r\nBei RASE.TOP.4028 wird das Rad mit einem pneumatisch bet\u00e4tigten Hub direkt \u00fcber der selbstzentrierenden Spindel platziert.<br>","protected":false},"featured_media":0,"template":"","meta":{"_acf_changed":false},"product_brand":[],"product_cat":[],"product_tag":[],"class_list":{"0":"post-7135","1":"product","2":"type-product","3":"status-publish","6":"first","7":"instock","8":"shipping-taxable","9":"product-type-simple"},"acf":[],"yoast_head":"<!-- This site is optimized with the Yoast SEO plugin v25.7 - https:\/\/yoast.com\/wordpress\/plugins\/seo\/ -->\n<title>RASE.TOP.4028<\/title>\n<meta name=\"robots\" content=\"index, follow, max-snippet:-1, max-image-preview:large, max-video-preview:-1\" \/>\n<meta property=\"og:locale\" content=\"de_DE\" \/>\n<meta property=\"og:type\" content=\"article\" \/>\n<meta property=\"og:title\" content=\"RASE.TOP.4028\" \/>\n<meta property=\"og:description\" content=\"Superautomatische computergesteuerte hebellose Montiermaschine. RASE.TOP.4028 ist eine Montiermaschine mit automatischem Zyklus, geeignet f\u00fcr die besten Reifenspezialisten, f\u00fcr die Verwendung mit Run Flat- und UHP-R\u00e4dern. Es funktioniert auf den R\u00e4dern von Autos und leichten Fahrzeugen mit R\u00e4dern von 13&quot; bis 28&quot;, ohne Hebel zum Montieren und Demontieren eines Reifens. RASE.TOP.4028 ist in der Lage, das geometrische Profil der Felge gleichzeitig mit dem Reifenwulstbruch zu diagnostizieren. RASE.TOP.4028 ist mit der Kratzschutzvorrichtung der Felge ausgestattet. Bei RASE.TOP.4028 wird das Rad mit einem pneumatisch bet\u00e4tigten Hub direkt \u00fcber der selbstzentrierenden Spindel platziert.\" \/>\n<meta property=\"og:url\" content=\"https:\/\/www.fasep.it\/de\/produkte\/montiermaschinen\/s239.001\/\" \/>\n<meta property=\"og:site_name\" content=\"Fasep 2000 srl\" \/>\n<meta property=\"article:modified_time\" content=\"2026-04-03T12:32:19+00:00\" \/>\n<meta name=\"twitter:card\" content=\"summary_large_image\" \/>\n<script type=\"application\/ld+json\" class=\"yoast-schema-graph\">{\"@context\":\"https:\/\/schema.org\",\"@graph\":[{\"@type\":\"WebPage\",\"@id\":\"https:\/\/www.fasep.it\/de\/produkte\/montiermaschinen\/s239.001\/\",\"url\":\"https:\/\/www.fasep.it\/de\/produkte\/montiermaschinen\/s239.001\/\",\"name\":\"RASE.TOP.4028\",\"isPartOf\":{\"@id\":\"https:\/\/www.fasep.it\/de\/#website\"},\"datePublished\":\"2025-07-16T09:43:39+00:00\",\"dateModified\":\"2026-04-03T12:32:19+00:00\",\"breadcrumb\":{\"@id\":\"https:\/\/www.fasep.it\/de\/produkte\/montiermaschinen\/s239.001\/#breadcrumb\"},\"inLanguage\":\"de\",\"potentialAction\":[{\"@type\":\"ReadAction\",\"target\":[\"https:\/\/www.fasep.it\/de\/produkte\/montiermaschinen\/s239.001\/\"]}]},{\"@type\":\"BreadcrumbList\",\"@id\":\"https:\/\/www.fasep.it\/de\/produkte\/montiermaschinen\/s239.001\/#breadcrumb\",\"itemListElement\":[{\"@type\":\"ListItem\",\"position\":1,\"name\":\"Home\",\"item\":\"https:\/\/www.fasep.it\/de\/\"},{\"@type\":\"ListItem\",\"position\":2,\"name\":\"Produkte\",\"item\":\"https:\/\/www.fasep.it\/de\/shop\/\"},{\"@type\":\"ListItem\",\"position\":3,\"name\":\"RASE.TOP.4028\"}]},{\"@type\":\"WebSite\",\"@id\":\"https:\/\/www.fasep.it\/de\/#website\",\"url\":\"https:\/\/www.fasep.it\/de\/\",\"name\":\"Fasep 2000 srl\",\"description\":\"\",\"potentialAction\":[{\"@type\":\"SearchAction\",\"target\":{\"@type\":\"EntryPoint\",\"urlTemplate\":\"https:\/\/www.fasep.it\/de\/?s={search_term_string}\"},\"query-input\":{\"@type\":\"PropertyValueSpecification\",\"valueRequired\":true,\"valueName\":\"search_term_string\"}}],\"inLanguage\":\"de\"}]}<\/script>\n<!-- \/ Yoast SEO plugin. -->","yoast_head_json":{"title":"RASE.TOP.4028","robots":{"index":"index","follow":"follow","max-snippet":"max-snippet:-1","max-image-preview":"max-image-preview:large","max-video-preview":"max-video-preview:-1"},"og_locale":"de_DE","og_type":"article","og_title":"RASE.TOP.4028","og_description":"Superautomatische computergesteuerte hebellose Montiermaschine. RASE.TOP.4028 ist eine Montiermaschine mit automatischem Zyklus, geeignet f\u00fcr die besten Reifenspezialisten, f\u00fcr die Verwendung mit Run Flat- und UHP-R\u00e4dern. Es funktioniert auf den R\u00e4dern von Autos und leichten Fahrzeugen mit R\u00e4dern von 13\" bis 28\", ohne Hebel zum Montieren und Demontieren eines Reifens. RASE.TOP.4028 ist in der Lage, das geometrische Profil der Felge gleichzeitig mit dem Reifenwulstbruch zu diagnostizieren. RASE.TOP.4028 ist mit der Kratzschutzvorrichtung der Felge ausgestattet. Bei RASE.TOP.4028 wird das Rad mit einem pneumatisch bet\u00e4tigten Hub direkt \u00fcber der selbstzentrierenden Spindel platziert.","og_url":"https:\/\/www.fasep.it\/de\/produkte\/montiermaschinen\/s239.001\/","og_site_name":"Fasep 2000 srl","article_modified_time":"2026-04-03T12:32:19+00:00","twitter_card":"summary_large_image","schema":{"@context":"https:\/\/schema.org","@graph":[{"@type":"WebPage","@id":"https:\/\/www.fasep.it\/de\/produkte\/montiermaschinen\/s239.001\/","url":"https:\/\/www.fasep.it\/de\/produkte\/montiermaschinen\/s239.001\/","name":"RASE.TOP.4028","isPartOf":{"@id":"https:\/\/www.fasep.it\/de\/#website"},"datePublished":"2025-07-16T09:43:39+00:00","dateModified":"2026-04-03T12:32:19+00:00","breadcrumb":{"@id":"https:\/\/www.fasep.it\/de\/produkte\/montiermaschinen\/s239.001\/#breadcrumb"},"inLanguage":"de","potentialAction":[{"@type":"ReadAction","target":["https:\/\/www.fasep.it\/de\/produkte\/montiermaschinen\/s239.001\/"]}]},{"@type":"BreadcrumbList","@id":"https:\/\/www.fasep.it\/de\/produkte\/montiermaschinen\/s239.001\/#breadcrumb","itemListElement":[{"@type":"ListItem","position":1,"name":"Home","item":"https:\/\/www.fasep.it\/de\/"},{"@type":"ListItem","position":2,"name":"Produkte","item":"https:\/\/www.fasep.it\/de\/shop\/"},{"@type":"ListItem","position":3,"name":"RASE.TOP.4028"}]},{"@type":"WebSite","@id":"https:\/\/www.fasep.it\/de\/#website","url":"https:\/\/www.fasep.it\/de\/","name":"Fasep 2000 srl","description":"","potentialAction":[{"@type":"SearchAction","target":{"@type":"EntryPoint","urlTemplate":"https:\/\/www.fasep.it\/de\/?s={search_term_string}"},"query-input":{"@type":"PropertyValueSpecification","valueRequired":true,"valueName":"search_term_string"}}],"inLanguage":"de"}]}},"_links":{"self":[{"href":"https:\/\/www.fasep.it\/de\/wp-json\/wp\/v2\/product\/7135","targetHints":{"allow":["GET"]}}],"collection":[{"href":"https:\/\/www.fasep.it\/de\/wp-json\/wp\/v2\/product"}],"about":[{"href":"https:\/\/www.fasep.it\/de\/wp-json\/wp\/v2\/types\/product"}],"wp:attachment":[{"href":"https:\/\/www.fasep.it\/de\/wp-json\/wp\/v2\/media?parent=7135"}],"wp:term":[{"taxonomy":"product_brand","embeddable":true,"href":"https:\/\/www.fasep.it\/de\/wp-json\/wp\/v2\/product_brand?post=7135"},{"taxonomy":"product_cat","embeddable":true,"href":"https:\/\/www.fasep.it\/de\/wp-json\/wp\/v2\/product_cat?post=7135"},{"taxonomy":"product_tag","embeddable":true,"href":"https:\/\/www.fasep.it\/de\/wp-json\/wp\/v2\/product_tag?post=7135"}],"curies":[{"name":"wp","href":"https:\/\/api.w.org\/{rel}","templated":true}]}}