{"id":7133,"date":"2025-07-16T11:43:41","date_gmt":"2025-07-16T09:43:41","guid":{"rendered":"https:\/\/www2.fasep.it\/produkte\/\/de-s240.007"},"modified":"2026-04-03T14:32:34","modified_gmt":"2026-04-03T12:32:34","slug":"de-s240.007","status":"publish","type":"product","link":"https:\/\/www.fasep.it\/de\/produkte\/servizio-mobile\/s240.007\/","title":{"rendered":"eCUBE G4"},"content":{"rendered":"<font color=\"#0055BB\"><strong>Integriertes mobiles Reifenservice-System.<\/strong><\/font><br>\r\neCUBE ist ein mobiles Reifenservice-System f\u00fcr Pkw, SUV und Transporter mit R\u00e4dern bis zu 24&#8243;.<br>\r\neCUBE kombiniert Montiermaschine, Auswuchtmaschine (optional), PC, Touchscreen, digitales Bef\u00fcllsystem, Kompressor und Netzteil in einem Ger\u00e4t.<br>\r\n<br>\r\n<u>eCUBE respektiert diejenigen, die arbeiten<\/u>: er ben\u00f6tigt keinen lauten Generator mit Verbrennungsmotor, sondern ist mit einem System von wiederaufladbaren Batterien und einem schallged\u00e4mpften Kompressor ausgestattet, die es Ihnen erm\u00f6glichen, ohne den Bediener zu st\u00f6ren, zu arbeiten.<br>\r\n<br>\r\n<u>Das eCUBE-System respektiert die Umwelt<\/u> da es keine Abgase abgibt, weshalb es auch in geschlossenen R\u00e4umen (Garagen, Tiefgaragen usw.) eingesetzt werden kann.<br>\r\n<br>\r\nWeitere Informationen, finden Sie in den <a href=\"https:\/\/www.fasep.it\/news\/ecube-faq\/\" target=\"top\">eCUBE FAQ<\/a>.<br>\r\n<br>\r\n<i>eCUBE besteht aus::<\/i>\r\n<ul>\r\n<li>Automatische Montiermaschine f\u00fcr R\u00e4der bis zu 24&#8243;\r\n<li>FASEP B112 Auswuchtmaschine (optional)\r\n<li>PC-System\r\n<li>Touchscreen\r\n<li>Digitales Aufblassystem\r\n<li>Schallged\u00e4mpfter Kompressor\r\n<li>48V-Batterie-System\r\n<\/ul>\r\n<br>\r\n<br>\r\n<i>Die Vorteile:<\/i><br>\r\n<br>\r\n<ul>\r\n<li>Verschiedene Installationsm\u00f6glichkeiten &#8211; <b>Ben\u00f6tigt nur 1,1 m2 Platz<\/b>\r\n<li>Kein L\u00e4rm\r\n<li>Kein schlechter Rauchgasgeruch\r\n<li>Bei Ihrem Kunden vor Ort das gleiche Qualit\u00e4tsniveau wie die in der Werkstatt geleistete Arbeit\r\n<li>Schnell zu installieren und zu deinstallieren\r\n<li>Kaltes Klima? Sie k\u00f6nnen bei geschlossener T\u00fcr im Wagen arbeiten\r\n<li>Kein Motor l\u00e4uft, wenn die Maschine im Leerlauf ist &#8211; <b>Gro\u00dfer Kraftstoffverbrauch<\/b>\r\n<li>Fern\u00fcberwachung, Software-Updates und Fehlerbehebung\r\n<li>Speziell f\u00fcr den Markt der mobilen Dienste entwickelt\r\n<\/ul>\r\n<br>\r\n<button><a href=\"https:\/\/www.fasep.it\/news\/ecube-faq\/\" target=\"top\">Klicken Sie hier um die FAQs zu eCUBE zu sehen<\/a><\/button><br>\r\n<br>\r\n<button><a href=\"https:\/\/www.instagram.com\/p\/B-b8bIPgRnC\/\" target=\"top\">Klicken Sie hier um eCUBE in Aktion zu sehen<\/a><\/button>","protected":false},"excerpt":{"rendered":"<font color=\"#0055BB\"><strong>Integriertes mobiles Reifenservice-System.<\/strong><\/font><br>\r\neCUBE ist ein mobiles Reifenservice-System f\u00fcr Pkw, SUV und Transporter mit R\u00e4dern bis zu 24&#8243;.<br>\r\neCUBE kombiniert Montiermaschine, Auswuchtmaschine (optional), PC, Touchscreen, digitales Bef\u00fcllsystem, Kompressor und Netzteil in einem Ger\u00e4t.<br>\r\n<br>\r\n<u>eCUBE respektiert diejenigen, die arbeiten<\/u>: er ben\u00f6tigt keinen lauten Generator mit Verbrennungsmotor, sondern ist mit einem System von wiederaufladbaren Batterien und einem schallged\u00e4mpften Kompressor ausgestattet, die es Ihnen erm\u00f6glichen, ohne den Bediener zu st\u00f6ren, zu arbeiten.<br>\r\n<br>\r\n<u>Das eCUBE-System respektiert die Umwelt<\/u> da es keine Abgase abgibt, weshalb es auch in geschlossenen R\u00e4umen (Garagen, Tiefgaragen usw.) eingesetzt werden kann.<br>\r\n<br>\r\nWeitere Informationen, finden Sie in den <a href=\"https:\/\/www.fasep.it\/news\/ecube-faq\/\" target=\"top\">eCUBE FAQ<\/a>.<br>\r\n<br>\r\n<i>eCUBE besteht aus::<\/i>\r\n<ul>\r\n<li>Automatische Montiermaschine f\u00fcr R\u00e4der bis zu 24&#8243;\r\n<li>FASEP B112 Auswuchtmaschine (optional)\r\n<li>PC-System\r\n<li>Touchscreen\r\n<li>Digitales Aufblassystem\r\n<li>Schallged\u00e4mpfter Kompressor\r\n<li>48V-Batterie-System\r\n<\/ul>\r\n<br>\r\n<br>\r\n<i>Die Vorteile:<\/i><br>\r\n<br>\r\n<ul>\r\n<li>Verschiedene Installationsm\u00f6glichkeiten &#8211; <b>Ben\u00f6tigt nur 1,1 m2 Platz<\/b>\r\n<li>Kein L\u00e4rm\r\n<li>Kein schlechter Rauchgasgeruch\r\n<li>Bei Ihrem Kunden vor Ort das gleiche Qualit\u00e4tsniveau wie die in der Werkstatt geleistete Arbeit\r\n<li>Schnell zu installieren und zu deinstallieren\r\n<li>Kaltes Klima? Sie k\u00f6nnen bei geschlossener T\u00fcr im Wagen arbeiten\r\n<li>Kein Motor l\u00e4uft, wenn die Maschine im Leerlauf ist &#8211; <b>Gro\u00dfer Kraftstoffverbrauch<\/b>\r\n<li>Fern\u00fcberwachung, Software-Updates und Fehlerbehebung\r\n<li>Speziell f\u00fcr den Markt der mobilen Dienste entwickelt\r\n<\/ul>\r\n<br>\r\n<button><a href=\"https:\/\/www.fasep.it\/news\/ecube-faq\/\" target=\"top\">Klicken Sie hier um die FAQs zu eCUBE zu sehen<\/a><\/button><br>\r\n<br>\r\n<button><a href=\"https:\/\/www.instagram.com\/p\/B-b8bIPgRnC\/\" target=\"top\">Klicken Sie hier um eCUBE in Aktion zu sehen<\/a><\/button>","protected":false},"featured_media":0,"template":"","meta":{"_acf_changed":false},"product_brand":[],"product_cat":[],"product_tag":[],"class_list":{"0":"post-7133","1":"product","2":"type-product","3":"status-publish","6":"first","7":"instock","8":"shipping-taxable","9":"product-type-simple"},"acf":[],"yoast_head":"<!-- This site is optimized with the Yoast SEO plugin v25.7 - https:\/\/yoast.com\/wordpress\/plugins\/seo\/ -->\n<title>eCUBE G4<\/title>\n<meta name=\"robots\" content=\"index, follow, max-snippet:-1, max-image-preview:large, max-video-preview:-1\" \/>\n<meta property=\"og:locale\" content=\"de_DE\" \/>\n<meta property=\"og:type\" content=\"article\" \/>\n<meta property=\"og:title\" content=\"eCUBE G4\" \/>\n<meta property=\"og:description\" content=\"Integriertes mobiles Reifenservice-System. eCUBE ist ein mobiles Reifenservice-System f\u00fcr Pkw, SUV und Transporter mit R\u00e4dern bis zu 24&quot;. eCUBE kombiniert Montiermaschine, Auswuchtmaschine (optional), PC, Touchscreen, digitales Bef\u00fcllsystem, Kompressor und Netzteil in einem Ger\u00e4t.  eCUBE respektiert diejenigen, die arbeiten: er ben\u00f6tigt keinen lauten Generator mit Verbrennungsmotor, sondern ist mit einem System von wiederaufladbaren Batterien und einem schallged\u00e4mpften Kompressor ausgestattet, die es Ihnen erm\u00f6glichen, ohne den Bediener zu st\u00f6ren, zu arbeiten.  Das eCUBE-System respektiert die Umwelt da es keine Abgase abgibt, weshalb es auch in geschlossenen R\u00e4umen (Garagen, Tiefgaragen usw.) eingesetzt werden kann.  Weitere Informationen, finden Sie in den eCUBE FAQ.  eCUBE besteht aus::  Automatische Montiermaschine f\u00fcr R\u00e4der bis zu 24&quot; FASEP B112 Auswuchtmaschine (optional) PC-System Touchscreen Digitales Aufblassystem Schallged\u00e4mpfter Kompressor 48V-Batterie-System    Die Vorteile:   Verschiedene Installationsm\u00f6glichkeiten - Ben\u00f6tigt nur 1,1 m2 Platz Kein L\u00e4rm Kein schlechter Rauchgasgeruch Bei Ihrem Kunden vor Ort das gleiche Qualit\u00e4tsniveau wie die in der Werkstatt geleistete Arbeit Schnell zu installieren und zu deinstallieren Kaltes Klima? Sie k\u00f6nnen bei geschlossener T\u00fcr im Wagen arbeiten Kein Motor l\u00e4uft, wenn die Maschine im Leerlauf ist - Gro\u00dfer Kraftstoffverbrauch Fern\u00fcberwachung, Software-Updates und Fehlerbehebung Speziell f\u00fcr den Markt der mobilen Dienste entwickelt   Klicken Sie hier um die FAQs zu eCUBE zu sehen  Klicken Sie hier um eCUBE in Aktion zu sehen\" \/>\n<meta property=\"og:url\" content=\"https:\/\/www.fasep.it\/de\/produkte\/servizio-mobile\/s240.007\/\" \/>\n<meta property=\"og:site_name\" content=\"Fasep 2000 srl\" \/>\n<meta property=\"article:modified_time\" content=\"2026-04-03T12:32:34+00:00\" \/>\n<meta name=\"twitter:card\" content=\"summary_large_image\" \/>\n<meta name=\"twitter:label1\" content=\"Gesch\u00e4tzte Lesezeit\" \/>\n\t<meta name=\"twitter:data1\" content=\"1\u00a0Minute\" \/>\n<script type=\"application\/ld+json\" class=\"yoast-schema-graph\">{\"@context\":\"https:\/\/schema.org\",\"@graph\":[{\"@type\":\"WebPage\",\"@id\":\"https:\/\/www.fasep.it\/de\/produkte\/servizio-mobile\/s240.007\/\",\"url\":\"https:\/\/www.fasep.it\/de\/produkte\/servizio-mobile\/s240.007\/\",\"name\":\"eCUBE G4\",\"isPartOf\":{\"@id\":\"https:\/\/www.fasep.it\/de\/#website\"},\"datePublished\":\"2025-07-16T09:43:41+00:00\",\"dateModified\":\"2026-04-03T12:32:34+00:00\",\"breadcrumb\":{\"@id\":\"https:\/\/www.fasep.it\/de\/produkte\/servizio-mobile\/s240.007\/#breadcrumb\"},\"inLanguage\":\"de\",\"potentialAction\":[{\"@type\":\"ReadAction\",\"target\":[\"https:\/\/www.fasep.it\/de\/produkte\/servizio-mobile\/s240.007\/\"]}]},{\"@type\":\"BreadcrumbList\",\"@id\":\"https:\/\/www.fasep.it\/de\/produkte\/servizio-mobile\/s240.007\/#breadcrumb\",\"itemListElement\":[{\"@type\":\"ListItem\",\"position\":1,\"name\":\"Home\",\"item\":\"https:\/\/www.fasep.it\/de\/\"},{\"@type\":\"ListItem\",\"position\":2,\"name\":\"Produkte\",\"item\":\"https:\/\/www.fasep.it\/de\/shop\/\"},{\"@type\":\"ListItem\",\"position\":3,\"name\":\"eCUBE G4\"}]},{\"@type\":\"WebSite\",\"@id\":\"https:\/\/www.fasep.it\/de\/#website\",\"url\":\"https:\/\/www.fasep.it\/de\/\",\"name\":\"Fasep 2000 srl\",\"description\":\"\",\"potentialAction\":[{\"@type\":\"SearchAction\",\"target\":{\"@type\":\"EntryPoint\",\"urlTemplate\":\"https:\/\/www.fasep.it\/de\/?s={search_term_string}\"},\"query-input\":{\"@type\":\"PropertyValueSpecification\",\"valueRequired\":true,\"valueName\":\"search_term_string\"}}],\"inLanguage\":\"de\"}]}<\/script>\n<!-- \/ Yoast SEO plugin. -->","yoast_head_json":{"title":"eCUBE G4","robots":{"index":"index","follow":"follow","max-snippet":"max-snippet:-1","max-image-preview":"max-image-preview:large","max-video-preview":"max-video-preview:-1"},"og_locale":"de_DE","og_type":"article","og_title":"eCUBE G4","og_description":"Integriertes mobiles Reifenservice-System. eCUBE ist ein mobiles Reifenservice-System f\u00fcr Pkw, SUV und Transporter mit R\u00e4dern bis zu 24\". eCUBE kombiniert Montiermaschine, Auswuchtmaschine (optional), PC, Touchscreen, digitales Bef\u00fcllsystem, Kompressor und Netzteil in einem Ger\u00e4t.  eCUBE respektiert diejenigen, die arbeiten: er ben\u00f6tigt keinen lauten Generator mit Verbrennungsmotor, sondern ist mit einem System von wiederaufladbaren Batterien und einem schallged\u00e4mpften Kompressor ausgestattet, die es Ihnen erm\u00f6glichen, ohne den Bediener zu st\u00f6ren, zu arbeiten.  Das eCUBE-System respektiert die Umwelt da es keine Abgase abgibt, weshalb es auch in geschlossenen R\u00e4umen (Garagen, Tiefgaragen usw.) eingesetzt werden kann.  Weitere Informationen, finden Sie in den eCUBE FAQ.  eCUBE besteht aus::  Automatische Montiermaschine f\u00fcr R\u00e4der bis zu 24\" FASEP B112 Auswuchtmaschine (optional) PC-System Touchscreen Digitales Aufblassystem Schallged\u00e4mpfter Kompressor 48V-Batterie-System    Die Vorteile:   Verschiedene Installationsm\u00f6glichkeiten - Ben\u00f6tigt nur 1,1 m2 Platz Kein L\u00e4rm Kein schlechter Rauchgasgeruch Bei Ihrem Kunden vor Ort das gleiche Qualit\u00e4tsniveau wie die in der Werkstatt geleistete Arbeit Schnell zu installieren und zu deinstallieren Kaltes Klima? Sie k\u00f6nnen bei geschlossener T\u00fcr im Wagen arbeiten Kein Motor l\u00e4uft, wenn die Maschine im Leerlauf ist - Gro\u00dfer Kraftstoffverbrauch Fern\u00fcberwachung, Software-Updates und Fehlerbehebung Speziell f\u00fcr den Markt der mobilen Dienste entwickelt   Klicken Sie hier um die FAQs zu eCUBE zu sehen  Klicken Sie hier um eCUBE in Aktion zu sehen","og_url":"https:\/\/www.fasep.it\/de\/produkte\/servizio-mobile\/s240.007\/","og_site_name":"Fasep 2000 srl","article_modified_time":"2026-04-03T12:32:34+00:00","twitter_card":"summary_large_image","twitter_misc":{"Gesch\u00e4tzte Lesezeit":"1\u00a0Minute"},"schema":{"@context":"https:\/\/schema.org","@graph":[{"@type":"WebPage","@id":"https:\/\/www.fasep.it\/de\/produkte\/servizio-mobile\/s240.007\/","url":"https:\/\/www.fasep.it\/de\/produkte\/servizio-mobile\/s240.007\/","name":"eCUBE G4","isPartOf":{"@id":"https:\/\/www.fasep.it\/de\/#website"},"datePublished":"2025-07-16T09:43:41+00:00","dateModified":"2026-04-03T12:32:34+00:00","breadcrumb":{"@id":"https:\/\/www.fasep.it\/de\/produkte\/servizio-mobile\/s240.007\/#breadcrumb"},"inLanguage":"de","potentialAction":[{"@type":"ReadAction","target":["https:\/\/www.fasep.it\/de\/produkte\/servizio-mobile\/s240.007\/"]}]},{"@type":"BreadcrumbList","@id":"https:\/\/www.fasep.it\/de\/produkte\/servizio-mobile\/s240.007\/#breadcrumb","itemListElement":[{"@type":"ListItem","position":1,"name":"Home","item":"https:\/\/www.fasep.it\/de\/"},{"@type":"ListItem","position":2,"name":"Produkte","item":"https:\/\/www.fasep.it\/de\/shop\/"},{"@type":"ListItem","position":3,"name":"eCUBE G4"}]},{"@type":"WebSite","@id":"https:\/\/www.fasep.it\/de\/#website","url":"https:\/\/www.fasep.it\/de\/","name":"Fasep 2000 srl","description":"","potentialAction":[{"@type":"SearchAction","target":{"@type":"EntryPoint","urlTemplate":"https:\/\/www.fasep.it\/de\/?s={search_term_string}"},"query-input":{"@type":"PropertyValueSpecification","valueRequired":true,"valueName":"search_term_string"}}],"inLanguage":"de"}]}},"_links":{"self":[{"href":"https:\/\/www.fasep.it\/de\/wp-json\/wp\/v2\/product\/7133","targetHints":{"allow":["GET"]}}],"collection":[{"href":"https:\/\/www.fasep.it\/de\/wp-json\/wp\/v2\/product"}],"about":[{"href":"https:\/\/www.fasep.it\/de\/wp-json\/wp\/v2\/types\/product"}],"wp:attachment":[{"href":"https:\/\/www.fasep.it\/de\/wp-json\/wp\/v2\/media?parent=7133"}],"wp:term":[{"taxonomy":"product_brand","embeddable":true,"href":"https:\/\/www.fasep.it\/de\/wp-json\/wp\/v2\/product_brand?post=7133"},{"taxonomy":"product_cat","embeddable":true,"href":"https:\/\/www.fasep.it\/de\/wp-json\/wp\/v2\/product_cat?post=7133"},{"taxonomy":"product_tag","embeddable":true,"href":"https:\/\/www.fasep.it\/de\/wp-json\/wp\/v2\/product_tag?post=7133"}],"curies":[{"name":"wp","href":"https:\/\/api.w.org\/{rel}","templated":true}]}}