{"id":7130,"date":"2025-07-16T11:43:53","date_gmt":"2025-07-16T09:43:53","guid":{"rendered":"https:\/\/www2.fasep.it\/produkte\/\/de-e683.007"},"modified":"2026-04-03T14:32:15","modified_gmt":"2026-04-03T12:32:15","slug":"de-e683.007","status":"publish","type":"product","link":"https:\/\/www.fasep.it\/de\/produkte\/wuchtmaschinen\/e683.007\/","title":{"rendered":"B351 Titan"},"content":{"rendered":"<font color=\"#0055BB\"><strong>LKW-R\u00e4der einfach mit dem neuen platzsparenden Smart Lift!<\/font><\/strong><br>\r\nLeichte Lkw-R\u00e4der mit dem neuen platzsparenden Smart Lift!<br>\r\nB351 hat eine kompakte und robuste Bauweise mit Feinmechanik zum Auswuchten von LKW- und Fahrzeugr\u00e4dern (TC-Version). Der B351 verf\u00fcgt \u00fcber eine integrierte pneumatische Hubvorrichtung, die eine einfache und genaue Montage des Rades auf minimalem Raum erm\u00f6glicht (es werden nur 1,5 m ben\u00f6tigt!)","protected":false},"excerpt":{"rendered":"<font color=\"#0055BB\"><strong>LKW-R\u00e4der einfach mit dem neuen platzsparenden Smart Lift!<\/font><\/strong><br>\r\nLeichte Lkw-R\u00e4der mit dem neuen platzsparenden Smart Lift!<br>\r\nB351 hat eine kompakte und robuste Bauweise mit Feinmechanik zum Auswuchten von LKW- und Fahrzeugr\u00e4dern (TC-Version). Der B351 verf\u00fcgt \u00fcber eine integrierte pneumatische Hubvorrichtung, die eine einfache und genaue Montage des Rades auf minimalem Raum erm\u00f6glicht (es werden nur 1,5 m ben\u00f6tigt!)","protected":false},"featured_media":0,"template":"","meta":{"_acf_changed":false},"product_brand":[],"product_cat":[],"product_tag":[],"class_list":{"0":"post-7130","1":"product","2":"type-product","3":"status-publish","6":"first","7":"instock","8":"shipping-taxable","9":"product-type-simple"},"acf":[],"yoast_head":"<!-- This site is optimized with the Yoast SEO plugin v25.7 - https:\/\/yoast.com\/wordpress\/plugins\/seo\/ -->\n<title>B351 Titan<\/title>\n<meta name=\"robots\" content=\"index, follow, max-snippet:-1, max-image-preview:large, max-video-preview:-1\" \/>\n<meta property=\"og:locale\" content=\"de_DE\" \/>\n<meta property=\"og:type\" content=\"article\" \/>\n<meta property=\"og:title\" content=\"B351 Titan\" \/>\n<meta property=\"og:description\" content=\"LKW-R\u00e4der einfach mit dem neuen platzsparenden Smart Lift! Leichte Lkw-R\u00e4der mit dem neuen platzsparenden Smart Lift! B351 hat eine kompakte und robuste Bauweise mit Feinmechanik zum Auswuchten von LKW- und Fahrzeugr\u00e4dern (TC-Version). Der B351 verf\u00fcgt \u00fcber eine integrierte pneumatische Hubvorrichtung, die eine einfache und genaue Montage des Rades auf minimalem Raum erm\u00f6glicht (es werden nur 1,5 m ben\u00f6tigt!)\" \/>\n<meta property=\"og:url\" content=\"https:\/\/www.fasep.it\/de\/produkte\/wuchtmaschinen\/e683.007\/\" \/>\n<meta property=\"og:site_name\" content=\"Fasep 2000 srl\" \/>\n<meta property=\"article:modified_time\" content=\"2026-04-03T12:32:15+00:00\" \/>\n<meta name=\"twitter:card\" content=\"summary_large_image\" \/>\n<script type=\"application\/ld+json\" class=\"yoast-schema-graph\">{\"@context\":\"https:\/\/schema.org\",\"@graph\":[{\"@type\":\"WebPage\",\"@id\":\"https:\/\/www.fasep.it\/de\/produkte\/wuchtmaschinen\/e683.007\/\",\"url\":\"https:\/\/www.fasep.it\/de\/produkte\/wuchtmaschinen\/e683.007\/\",\"name\":\"B351 Titan\",\"isPartOf\":{\"@id\":\"https:\/\/www.fasep.it\/de\/#website\"},\"datePublished\":\"2025-07-16T09:43:53+00:00\",\"dateModified\":\"2026-04-03T12:32:15+00:00\",\"breadcrumb\":{\"@id\":\"https:\/\/www.fasep.it\/de\/produkte\/wuchtmaschinen\/e683.007\/#breadcrumb\"},\"inLanguage\":\"de\",\"potentialAction\":[{\"@type\":\"ReadAction\",\"target\":[\"https:\/\/www.fasep.it\/de\/produkte\/wuchtmaschinen\/e683.007\/\"]}]},{\"@type\":\"BreadcrumbList\",\"@id\":\"https:\/\/www.fasep.it\/de\/produkte\/wuchtmaschinen\/e683.007\/#breadcrumb\",\"itemListElement\":[{\"@type\":\"ListItem\",\"position\":1,\"name\":\"Home\",\"item\":\"https:\/\/www.fasep.it\/de\/\"},{\"@type\":\"ListItem\",\"position\":2,\"name\":\"Produkte\",\"item\":\"https:\/\/www.fasep.it\/de\/shop\/\"},{\"@type\":\"ListItem\",\"position\":3,\"name\":\"B351 Titan\"}]},{\"@type\":\"WebSite\",\"@id\":\"https:\/\/www.fasep.it\/de\/#website\",\"url\":\"https:\/\/www.fasep.it\/de\/\",\"name\":\"Fasep 2000 srl\",\"description\":\"\",\"potentialAction\":[{\"@type\":\"SearchAction\",\"target\":{\"@type\":\"EntryPoint\",\"urlTemplate\":\"https:\/\/www.fasep.it\/de\/?s={search_term_string}\"},\"query-input\":{\"@type\":\"PropertyValueSpecification\",\"valueRequired\":true,\"valueName\":\"search_term_string\"}}],\"inLanguage\":\"de\"}]}<\/script>\n<!-- \/ Yoast SEO plugin. -->","yoast_head_json":{"title":"B351 Titan","robots":{"index":"index","follow":"follow","max-snippet":"max-snippet:-1","max-image-preview":"max-image-preview:large","max-video-preview":"max-video-preview:-1"},"og_locale":"de_DE","og_type":"article","og_title":"B351 Titan","og_description":"LKW-R\u00e4der einfach mit dem neuen platzsparenden Smart Lift! Leichte Lkw-R\u00e4der mit dem neuen platzsparenden Smart Lift! B351 hat eine kompakte und robuste Bauweise mit Feinmechanik zum Auswuchten von LKW- und Fahrzeugr\u00e4dern (TC-Version). Der B351 verf\u00fcgt \u00fcber eine integrierte pneumatische Hubvorrichtung, die eine einfache und genaue Montage des Rades auf minimalem Raum erm\u00f6glicht (es werden nur 1,5 m ben\u00f6tigt!)","og_url":"https:\/\/www.fasep.it\/de\/produkte\/wuchtmaschinen\/e683.007\/","og_site_name":"Fasep 2000 srl","article_modified_time":"2026-04-03T12:32:15+00:00","twitter_card":"summary_large_image","schema":{"@context":"https:\/\/schema.org","@graph":[{"@type":"WebPage","@id":"https:\/\/www.fasep.it\/de\/produkte\/wuchtmaschinen\/e683.007\/","url":"https:\/\/www.fasep.it\/de\/produkte\/wuchtmaschinen\/e683.007\/","name":"B351 Titan","isPartOf":{"@id":"https:\/\/www.fasep.it\/de\/#website"},"datePublished":"2025-07-16T09:43:53+00:00","dateModified":"2026-04-03T12:32:15+00:00","breadcrumb":{"@id":"https:\/\/www.fasep.it\/de\/produkte\/wuchtmaschinen\/e683.007\/#breadcrumb"},"inLanguage":"de","potentialAction":[{"@type":"ReadAction","target":["https:\/\/www.fasep.it\/de\/produkte\/wuchtmaschinen\/e683.007\/"]}]},{"@type":"BreadcrumbList","@id":"https:\/\/www.fasep.it\/de\/produkte\/wuchtmaschinen\/e683.007\/#breadcrumb","itemListElement":[{"@type":"ListItem","position":1,"name":"Home","item":"https:\/\/www.fasep.it\/de\/"},{"@type":"ListItem","position":2,"name":"Produkte","item":"https:\/\/www.fasep.it\/de\/shop\/"},{"@type":"ListItem","position":3,"name":"B351 Titan"}]},{"@type":"WebSite","@id":"https:\/\/www.fasep.it\/de\/#website","url":"https:\/\/www.fasep.it\/de\/","name":"Fasep 2000 srl","description":"","potentialAction":[{"@type":"SearchAction","target":{"@type":"EntryPoint","urlTemplate":"https:\/\/www.fasep.it\/de\/?s={search_term_string}"},"query-input":{"@type":"PropertyValueSpecification","valueRequired":true,"valueName":"search_term_string"}}],"inLanguage":"de"}]}},"_links":{"self":[{"href":"https:\/\/www.fasep.it\/de\/wp-json\/wp\/v2\/product\/7130","targetHints":{"allow":["GET"]}}],"collection":[{"href":"https:\/\/www.fasep.it\/de\/wp-json\/wp\/v2\/product"}],"about":[{"href":"https:\/\/www.fasep.it\/de\/wp-json\/wp\/v2\/types\/product"}],"wp:attachment":[{"href":"https:\/\/www.fasep.it\/de\/wp-json\/wp\/v2\/media?parent=7130"}],"wp:term":[{"taxonomy":"product_brand","embeddable":true,"href":"https:\/\/www.fasep.it\/de\/wp-json\/wp\/v2\/product_brand?post=7130"},{"taxonomy":"product_cat","embeddable":true,"href":"https:\/\/www.fasep.it\/de\/wp-json\/wp\/v2\/product_cat?post=7130"},{"taxonomy":"product_tag","embeddable":true,"href":"https:\/\/www.fasep.it\/de\/wp-json\/wp\/v2\/product_tag?post=7130"}],"curies":[{"name":"wp","href":"https:\/\/api.w.org\/{rel}","templated":true}]}}