{"id":7129,"date":"2025-07-16T11:43:50","date_gmt":"2025-07-16T09:43:50","guid":{"rendered":"https:\/\/www2.fasep.it\/produkte\/\/de-e623.005"},"modified":"2026-04-03T14:32:15","modified_gmt":"2026-04-03T12:32:15","slug":"de-e623.005","status":"publish","type":"product","link":"https:\/\/www.fasep.it\/de\/produkte\/wuchtmaschinen\/e623.005\/","title":{"rendered":"V590 Truck"},"content":{"rendered":"<font color=\"#0055BB\"><strong>Video-Auswuchtmaschine f\u00fcr LKW.<\/strong><\/font><br>\r\nV590 hat ein kompaktes und robustes Design mit Pr\u00e4zisionsmechanik zum Auswuchten von LKW- und Fahrzeugr\u00e4dern (TC-Version). Der V590 verf\u00fcgt \u00fcber eine integrierte pneumatische Hubvorrichtung, die eine einfache und genaue Montage des Rades auf minimalem Raum erm\u00f6glicht (es werden nur 1,5 m ben\u00f6tigt!)","protected":false},"excerpt":{"rendered":"<font color=\"#0055BB\"><strong>Video-Auswuchtmaschine f\u00fcr LKW.<\/strong><\/font><br>\r\nV590 hat ein kompaktes und robustes Design mit Pr\u00e4zisionsmechanik zum Auswuchten von LKW- und Fahrzeugr\u00e4dern (TC-Version). Der V590 verf\u00fcgt \u00fcber eine integrierte pneumatische Hubvorrichtung, die eine einfache und genaue Montage des Rades auf minimalem Raum erm\u00f6glicht (es werden nur 1,5 m ben\u00f6tigt!)","protected":false},"featured_media":0,"template":"","meta":{"_acf_changed":false},"product_brand":[],"product_cat":[],"product_tag":[],"class_list":{"0":"post-7129","1":"product","2":"type-product","3":"status-publish","6":"first","7":"instock","8":"shipping-taxable","9":"product-type-simple"},"acf":[],"yoast_head":"<!-- This site is optimized with the Yoast SEO plugin v25.7 - https:\/\/yoast.com\/wordpress\/plugins\/seo\/ -->\n<title>V590 Truck<\/title>\n<meta name=\"robots\" content=\"index, follow, max-snippet:-1, max-image-preview:large, max-video-preview:-1\" \/>\n<meta property=\"og:locale\" content=\"de_DE\" \/>\n<meta property=\"og:type\" content=\"article\" \/>\n<meta property=\"og:title\" content=\"V590 Truck\" \/>\n<meta property=\"og:description\" content=\"Video-Auswuchtmaschine f\u00fcr LKW. V590 hat ein kompaktes und robustes Design mit Pr\u00e4zisionsmechanik zum Auswuchten von LKW- und Fahrzeugr\u00e4dern (TC-Version). Der V590 verf\u00fcgt \u00fcber eine integrierte pneumatische Hubvorrichtung, die eine einfache und genaue Montage des Rades auf minimalem Raum erm\u00f6glicht (es werden nur 1,5 m ben\u00f6tigt!)\" \/>\n<meta property=\"og:url\" content=\"https:\/\/www.fasep.it\/de\/produkte\/wuchtmaschinen\/e623.005\/\" \/>\n<meta property=\"og:site_name\" content=\"Fasep 2000 srl\" \/>\n<meta property=\"article:modified_time\" content=\"2026-04-03T12:32:15+00:00\" \/>\n<meta name=\"twitter:card\" content=\"summary_large_image\" \/>\n<script type=\"application\/ld+json\" class=\"yoast-schema-graph\">{\"@context\":\"https:\/\/schema.org\",\"@graph\":[{\"@type\":\"WebPage\",\"@id\":\"https:\/\/www.fasep.it\/de\/produkte\/wuchtmaschinen\/e623.005\/\",\"url\":\"https:\/\/www.fasep.it\/de\/produkte\/wuchtmaschinen\/e623.005\/\",\"name\":\"V590 Truck\",\"isPartOf\":{\"@id\":\"https:\/\/www.fasep.it\/de\/#website\"},\"datePublished\":\"2025-07-16T09:43:50+00:00\",\"dateModified\":\"2026-04-03T12:32:15+00:00\",\"breadcrumb\":{\"@id\":\"https:\/\/www.fasep.it\/de\/produkte\/wuchtmaschinen\/e623.005\/#breadcrumb\"},\"inLanguage\":\"de\",\"potentialAction\":[{\"@type\":\"ReadAction\",\"target\":[\"https:\/\/www.fasep.it\/de\/produkte\/wuchtmaschinen\/e623.005\/\"]}]},{\"@type\":\"BreadcrumbList\",\"@id\":\"https:\/\/www.fasep.it\/de\/produkte\/wuchtmaschinen\/e623.005\/#breadcrumb\",\"itemListElement\":[{\"@type\":\"ListItem\",\"position\":1,\"name\":\"Home\",\"item\":\"https:\/\/www.fasep.it\/de\/\"},{\"@type\":\"ListItem\",\"position\":2,\"name\":\"Produkte\",\"item\":\"https:\/\/www.fasep.it\/de\/shop\/\"},{\"@type\":\"ListItem\",\"position\":3,\"name\":\"V590 Truck\"}]},{\"@type\":\"WebSite\",\"@id\":\"https:\/\/www.fasep.it\/de\/#website\",\"url\":\"https:\/\/www.fasep.it\/de\/\",\"name\":\"Fasep 2000 srl\",\"description\":\"\",\"potentialAction\":[{\"@type\":\"SearchAction\",\"target\":{\"@type\":\"EntryPoint\",\"urlTemplate\":\"https:\/\/www.fasep.it\/de\/?s={search_term_string}\"},\"query-input\":{\"@type\":\"PropertyValueSpecification\",\"valueRequired\":true,\"valueName\":\"search_term_string\"}}],\"inLanguage\":\"de\"}]}<\/script>\n<!-- \/ Yoast SEO plugin. -->","yoast_head_json":{"title":"V590 Truck","robots":{"index":"index","follow":"follow","max-snippet":"max-snippet:-1","max-image-preview":"max-image-preview:large","max-video-preview":"max-video-preview:-1"},"og_locale":"de_DE","og_type":"article","og_title":"V590 Truck","og_description":"Video-Auswuchtmaschine f\u00fcr LKW. V590 hat ein kompaktes und robustes Design mit Pr\u00e4zisionsmechanik zum Auswuchten von LKW- und Fahrzeugr\u00e4dern (TC-Version). Der V590 verf\u00fcgt \u00fcber eine integrierte pneumatische Hubvorrichtung, die eine einfache und genaue Montage des Rades auf minimalem Raum erm\u00f6glicht (es werden nur 1,5 m ben\u00f6tigt!)","og_url":"https:\/\/www.fasep.it\/de\/produkte\/wuchtmaschinen\/e623.005\/","og_site_name":"Fasep 2000 srl","article_modified_time":"2026-04-03T12:32:15+00:00","twitter_card":"summary_large_image","schema":{"@context":"https:\/\/schema.org","@graph":[{"@type":"WebPage","@id":"https:\/\/www.fasep.it\/de\/produkte\/wuchtmaschinen\/e623.005\/","url":"https:\/\/www.fasep.it\/de\/produkte\/wuchtmaschinen\/e623.005\/","name":"V590 Truck","isPartOf":{"@id":"https:\/\/www.fasep.it\/de\/#website"},"datePublished":"2025-07-16T09:43:50+00:00","dateModified":"2026-04-03T12:32:15+00:00","breadcrumb":{"@id":"https:\/\/www.fasep.it\/de\/produkte\/wuchtmaschinen\/e623.005\/#breadcrumb"},"inLanguage":"de","potentialAction":[{"@type":"ReadAction","target":["https:\/\/www.fasep.it\/de\/produkte\/wuchtmaschinen\/e623.005\/"]}]},{"@type":"BreadcrumbList","@id":"https:\/\/www.fasep.it\/de\/produkte\/wuchtmaschinen\/e623.005\/#breadcrumb","itemListElement":[{"@type":"ListItem","position":1,"name":"Home","item":"https:\/\/www.fasep.it\/de\/"},{"@type":"ListItem","position":2,"name":"Produkte","item":"https:\/\/www.fasep.it\/de\/shop\/"},{"@type":"ListItem","position":3,"name":"V590 Truck"}]},{"@type":"WebSite","@id":"https:\/\/www.fasep.it\/de\/#website","url":"https:\/\/www.fasep.it\/de\/","name":"Fasep 2000 srl","description":"","potentialAction":[{"@type":"SearchAction","target":{"@type":"EntryPoint","urlTemplate":"https:\/\/www.fasep.it\/de\/?s={search_term_string}"},"query-input":{"@type":"PropertyValueSpecification","valueRequired":true,"valueName":"search_term_string"}}],"inLanguage":"de"}]}},"_links":{"self":[{"href":"https:\/\/www.fasep.it\/de\/wp-json\/wp\/v2\/product\/7129","targetHints":{"allow":["GET"]}}],"collection":[{"href":"https:\/\/www.fasep.it\/de\/wp-json\/wp\/v2\/product"}],"about":[{"href":"https:\/\/www.fasep.it\/de\/wp-json\/wp\/v2\/types\/product"}],"wp:attachment":[{"href":"https:\/\/www.fasep.it\/de\/wp-json\/wp\/v2\/media?parent=7129"}],"wp:term":[{"taxonomy":"product_brand","embeddable":true,"href":"https:\/\/www.fasep.it\/de\/wp-json\/wp\/v2\/product_brand?post=7129"},{"taxonomy":"product_cat","embeddable":true,"href":"https:\/\/www.fasep.it\/de\/wp-json\/wp\/v2\/product_cat?post=7129"},{"taxonomy":"product_tag","embeddable":true,"href":"https:\/\/www.fasep.it\/de\/wp-json\/wp\/v2\/product_tag?post=7129"}],"curies":[{"name":"wp","href":"https:\/\/api.w.org\/{rel}","templated":true}]}}