{"id":7128,"date":"2025-07-16T11:43:57","date_gmt":"2025-07-16T09:43:57","guid":{"rendered":"https:\/\/www2.fasep.it\/produkte\/\/de-e539.007"},"modified":"2026-04-03T14:32:15","modified_gmt":"2026-04-03T12:32:15","slug":"de-e539.007","status":"publish","type":"product","link":"https:\/\/www.fasep.it\/de\/produkte\/wuchtmaschinen\/e539.007\/","title":{"rendered":"B202 Moto"},"content":{"rendered":"<font color=\"#0055BB\"><strong>Endlich das dynamische Auswuchten f\u00fcr Motorrad-R\u00e4der ernst genommen.<\/strong><\/font><br>\r\nWenn Sie ein Motorradspezialist sind, wenn Ihre Zeit Geld ist, wenn Ihre Arbeit gut und schnell erledigt werden muss, dann ist B202 die perfekte Auswuchtmaschine f\u00fcr Sie.<br>\r\nVerschwenden Sie keine Zeit mehr mit veralteten Werkzeugen (Rollenb\u00f6cke) oder der Montage\/Demontage von Zubeh\u00f6r f\u00fcr Auswuchtmaschinen, ohne jemals ein gutes Ergebnis zu erzielen.<br>\r\nAuswuchtmaschine mit fester Welle, speziell f\u00fcr Motorradr\u00e4der entwickelt, B202 ist die L\u00f6sung, um Zeit zu sparen und maximale Pr\u00e4zision zu erreichen.<br>\r\n<br>\r\nUnsere B202 werden in ganz Europa in gro\u00dfen Motorrad-Zentren wie <u>Harley Davidson, BMW, Triumph, Honda<\/u> eingesetzt.<br>\r\n<br>\r\n<b>DIE ZEIT, \u00dcBER MOTORR\u00c4DER NACHZUDENKEN, IST JETZT<\/b>\r\n<ul>\r\n<li>Die Mobilit\u00e4t in der Stadt erfolgt zunehmend mit dem Motorrad, um \u00f6ffentliche Verkehrsmittel und Autoeinschr\u00e4nkungen zu vermeiden\r\n<li>Der Motorradkunde ist ein leidenschaftlicher Kunde seines Fahrzeugs und achtet besonders auf dessen Wartung\r\n<li>Keine Zeitverschwendung und schlechten Ergebnisse mehr: Fangen Sie Ihre Kunden mit Qualit\u00e4tsarbeit\r\n<\/ul>\r\nKlicken Sie hier, um alle <a href=\"https:\/\/www.fasep.it\/de\/news-de\/die-vorteile-einer-fasep-motorrad-auswuchtmaschine\/\" target=\"top\"><b>Vorteile der Auswuchtmaschine f\u00fcr Motorr\u00e4der von FASEP<\/b><\/a> gegen\u00fcber Motorradst\u00e4ndern und Adaptern zu entdecken.","protected":false},"excerpt":{"rendered":"<font color=\"#0055BB\"><strong>Endlich das dynamische Auswuchten f\u00fcr Motorrad-R\u00e4der ernst genommen.<\/strong><\/font><br>\r\nWenn Sie ein Motorradspezialist sind, wenn Ihre Zeit Geld ist, wenn Ihre Arbeit gut und schnell erledigt werden muss, dann ist B202 die perfekte Auswuchtmaschine f\u00fcr Sie.<br>\r\nVerschwenden Sie keine Zeit mehr mit veralteten Werkzeugen (Rollenb\u00f6cke) oder der Montage\/Demontage von Zubeh\u00f6r f\u00fcr Auswuchtmaschinen, ohne jemals ein gutes Ergebnis zu erzielen.<br>\r\nAuswuchtmaschine mit fester Welle, speziell f\u00fcr Motorradr\u00e4der entwickelt, B202 ist die L\u00f6sung, um Zeit zu sparen und maximale Pr\u00e4zision zu erreichen.<br>\r\n<br>\r\nUnsere B202 werden in ganz Europa in gro\u00dfen Motorrad-Zentren wie <u>Harley Davidson, BMW, Triumph, Honda<\/u> eingesetzt.<br>\r\n<br>\r\n<b>DIE ZEIT, \u00dcBER MOTORR\u00c4DER NACHZUDENKEN, IST JETZT<\/b>\r\n<ul>\r\n<li>Die Mobilit\u00e4t in der Stadt erfolgt zunehmend mit dem Motorrad, um \u00f6ffentliche Verkehrsmittel und Autoeinschr\u00e4nkungen zu vermeiden\r\n<li>Der Motorradkunde ist ein leidenschaftlicher Kunde seines Fahrzeugs und achtet besonders auf dessen Wartung\r\n<li>Keine Zeitverschwendung und schlechten Ergebnisse mehr: Fangen Sie Ihre Kunden mit Qualit\u00e4tsarbeit\r\n<\/ul>\r\nKlicken Sie hier, um alle <a href=\"https:\/\/www.fasep.it\/de\/news-de\/die-vorteile-einer-fasep-motorrad-auswuchtmaschine\/\" target=\"top\"><b>Vorteile der Auswuchtmaschine f\u00fcr Motorr\u00e4der von FASEP<\/b><\/a> gegen\u00fcber Motorradst\u00e4ndern und Adaptern zu entdecken.","protected":false},"featured_media":0,"template":"","meta":{"_acf_changed":false},"product_brand":[],"product_cat":[],"product_tag":[],"class_list":{"0":"post-7128","1":"product","2":"type-product","3":"status-publish","6":"first","7":"instock","8":"shipping-taxable","9":"product-type-simple"},"acf":[],"yoast_head":"<!-- This site is optimized with the Yoast SEO plugin v25.7 - https:\/\/yoast.com\/wordpress\/plugins\/seo\/ -->\n<title>B202 Moto<\/title>\n<meta name=\"robots\" content=\"index, follow, max-snippet:-1, max-image-preview:large, max-video-preview:-1\" \/>\n<meta property=\"og:locale\" content=\"de_DE\" \/>\n<meta property=\"og:type\" content=\"article\" \/>\n<meta property=\"og:title\" content=\"B202 Moto\" \/>\n<meta property=\"og:description\" content=\"Endlich das dynamische Auswuchten f\u00fcr Motorrad-R\u00e4der ernst genommen. Wenn Sie ein Motorradspezialist sind, wenn Ihre Zeit Geld ist, wenn Ihre Arbeit gut und schnell erledigt werden muss, dann ist B202 die perfekte Auswuchtmaschine f\u00fcr Sie. Verschwenden Sie keine Zeit mehr mit veralteten Werkzeugen (Rollenb\u00f6cke) oder der Montage\/Demontage von Zubeh\u00f6r f\u00fcr Auswuchtmaschinen, ohne jemals ein gutes Ergebnis zu erzielen. Auswuchtmaschine mit fester Welle, speziell f\u00fcr Motorradr\u00e4der entwickelt, B202 ist die L\u00f6sung, um Zeit zu sparen und maximale Pr\u00e4zision zu erreichen.  Unsere B202 werden in ganz Europa in gro\u00dfen Motorrad-Zentren wie Harley Davidson, BMW, Triumph, Honda eingesetzt.  DIE ZEIT, \u00dcBER MOTORR\u00c4DER NACHZUDENKEN, IST JETZT  Die Mobilit\u00e4t in der Stadt erfolgt zunehmend mit dem Motorrad, um \u00f6ffentliche Verkehrsmittel und Autoeinschr\u00e4nkungen zu vermeiden Der Motorradkunde ist ein leidenschaftlicher Kunde seines Fahrzeugs und achtet besonders auf dessen Wartung Keine Zeitverschwendung und schlechten Ergebnisse mehr: Fangen Sie Ihre Kunden mit Qualit\u00e4tsarbeit  Klicken Sie hier, um alle Vorteile der Auswuchtmaschine f\u00fcr Motorr\u00e4der von FASEP gegen\u00fcber Motorradst\u00e4ndern und Adaptern zu entdecken.\" \/>\n<meta property=\"og:url\" content=\"https:\/\/www.fasep.it\/de\/produkte\/wuchtmaschinen\/e539.007\/\" \/>\n<meta property=\"og:site_name\" content=\"Fasep 2000 srl\" \/>\n<meta property=\"article:modified_time\" content=\"2026-04-03T12:32:15+00:00\" \/>\n<meta name=\"twitter:card\" content=\"summary_large_image\" \/>\n<meta name=\"twitter:label1\" content=\"Gesch\u00e4tzte Lesezeit\" \/>\n\t<meta name=\"twitter:data1\" content=\"1\u00a0Minute\" \/>\n<script type=\"application\/ld+json\" class=\"yoast-schema-graph\">{\"@context\":\"https:\/\/schema.org\",\"@graph\":[{\"@type\":\"WebPage\",\"@id\":\"https:\/\/www.fasep.it\/de\/produkte\/wuchtmaschinen\/e539.007\/\",\"url\":\"https:\/\/www.fasep.it\/de\/produkte\/wuchtmaschinen\/e539.007\/\",\"name\":\"B202 Moto\",\"isPartOf\":{\"@id\":\"https:\/\/www.fasep.it\/de\/#website\"},\"datePublished\":\"2025-07-16T09:43:57+00:00\",\"dateModified\":\"2026-04-03T12:32:15+00:00\",\"breadcrumb\":{\"@id\":\"https:\/\/www.fasep.it\/de\/produkte\/wuchtmaschinen\/e539.007\/#breadcrumb\"},\"inLanguage\":\"de\",\"potentialAction\":[{\"@type\":\"ReadAction\",\"target\":[\"https:\/\/www.fasep.it\/de\/produkte\/wuchtmaschinen\/e539.007\/\"]}]},{\"@type\":\"BreadcrumbList\",\"@id\":\"https:\/\/www.fasep.it\/de\/produkte\/wuchtmaschinen\/e539.007\/#breadcrumb\",\"itemListElement\":[{\"@type\":\"ListItem\",\"position\":1,\"name\":\"Home\",\"item\":\"https:\/\/www.fasep.it\/de\/\"},{\"@type\":\"ListItem\",\"position\":2,\"name\":\"Produkte\",\"item\":\"https:\/\/www.fasep.it\/de\/shop\/\"},{\"@type\":\"ListItem\",\"position\":3,\"name\":\"B202 Moto\"}]},{\"@type\":\"WebSite\",\"@id\":\"https:\/\/www.fasep.it\/de\/#website\",\"url\":\"https:\/\/www.fasep.it\/de\/\",\"name\":\"Fasep 2000 srl\",\"description\":\"\",\"potentialAction\":[{\"@type\":\"SearchAction\",\"target\":{\"@type\":\"EntryPoint\",\"urlTemplate\":\"https:\/\/www.fasep.it\/de\/?s={search_term_string}\"},\"query-input\":{\"@type\":\"PropertyValueSpecification\",\"valueRequired\":true,\"valueName\":\"search_term_string\"}}],\"inLanguage\":\"de\"}]}<\/script>\n<!-- \/ Yoast SEO plugin. -->","yoast_head_json":{"title":"B202 Moto","robots":{"index":"index","follow":"follow","max-snippet":"max-snippet:-1","max-image-preview":"max-image-preview:large","max-video-preview":"max-video-preview:-1"},"og_locale":"de_DE","og_type":"article","og_title":"B202 Moto","og_description":"Endlich das dynamische Auswuchten f\u00fcr Motorrad-R\u00e4der ernst genommen. Wenn Sie ein Motorradspezialist sind, wenn Ihre Zeit Geld ist, wenn Ihre Arbeit gut und schnell erledigt werden muss, dann ist B202 die perfekte Auswuchtmaschine f\u00fcr Sie. Verschwenden Sie keine Zeit mehr mit veralteten Werkzeugen (Rollenb\u00f6cke) oder der Montage\/Demontage von Zubeh\u00f6r f\u00fcr Auswuchtmaschinen, ohne jemals ein gutes Ergebnis zu erzielen. Auswuchtmaschine mit fester Welle, speziell f\u00fcr Motorradr\u00e4der entwickelt, B202 ist die L\u00f6sung, um Zeit zu sparen und maximale Pr\u00e4zision zu erreichen.  Unsere B202 werden in ganz Europa in gro\u00dfen Motorrad-Zentren wie Harley Davidson, BMW, Triumph, Honda eingesetzt.  DIE ZEIT, \u00dcBER MOTORR\u00c4DER NACHZUDENKEN, IST JETZT  Die Mobilit\u00e4t in der Stadt erfolgt zunehmend mit dem Motorrad, um \u00f6ffentliche Verkehrsmittel und Autoeinschr\u00e4nkungen zu vermeiden Der Motorradkunde ist ein leidenschaftlicher Kunde seines Fahrzeugs und achtet besonders auf dessen Wartung Keine Zeitverschwendung und schlechten Ergebnisse mehr: Fangen Sie Ihre Kunden mit Qualit\u00e4tsarbeit  Klicken Sie hier, um alle Vorteile der Auswuchtmaschine f\u00fcr Motorr\u00e4der von FASEP gegen\u00fcber Motorradst\u00e4ndern und Adaptern zu entdecken.","og_url":"https:\/\/www.fasep.it\/de\/produkte\/wuchtmaschinen\/e539.007\/","og_site_name":"Fasep 2000 srl","article_modified_time":"2026-04-03T12:32:15+00:00","twitter_card":"summary_large_image","twitter_misc":{"Gesch\u00e4tzte Lesezeit":"1\u00a0Minute"},"schema":{"@context":"https:\/\/schema.org","@graph":[{"@type":"WebPage","@id":"https:\/\/www.fasep.it\/de\/produkte\/wuchtmaschinen\/e539.007\/","url":"https:\/\/www.fasep.it\/de\/produkte\/wuchtmaschinen\/e539.007\/","name":"B202 Moto","isPartOf":{"@id":"https:\/\/www.fasep.it\/de\/#website"},"datePublished":"2025-07-16T09:43:57+00:00","dateModified":"2026-04-03T12:32:15+00:00","breadcrumb":{"@id":"https:\/\/www.fasep.it\/de\/produkte\/wuchtmaschinen\/e539.007\/#breadcrumb"},"inLanguage":"de","potentialAction":[{"@type":"ReadAction","target":["https:\/\/www.fasep.it\/de\/produkte\/wuchtmaschinen\/e539.007\/"]}]},{"@type":"BreadcrumbList","@id":"https:\/\/www.fasep.it\/de\/produkte\/wuchtmaschinen\/e539.007\/#breadcrumb","itemListElement":[{"@type":"ListItem","position":1,"name":"Home","item":"https:\/\/www.fasep.it\/de\/"},{"@type":"ListItem","position":2,"name":"Produkte","item":"https:\/\/www.fasep.it\/de\/shop\/"},{"@type":"ListItem","position":3,"name":"B202 Moto"}]},{"@type":"WebSite","@id":"https:\/\/www.fasep.it\/de\/#website","url":"https:\/\/www.fasep.it\/de\/","name":"Fasep 2000 srl","description":"","potentialAction":[{"@type":"SearchAction","target":{"@type":"EntryPoint","urlTemplate":"https:\/\/www.fasep.it\/de\/?s={search_term_string}"},"query-input":{"@type":"PropertyValueSpecification","valueRequired":true,"valueName":"search_term_string"}}],"inLanguage":"de"}]}},"_links":{"self":[{"href":"https:\/\/www.fasep.it\/de\/wp-json\/wp\/v2\/product\/7128","targetHints":{"allow":["GET"]}}],"collection":[{"href":"https:\/\/www.fasep.it\/de\/wp-json\/wp\/v2\/product"}],"about":[{"href":"https:\/\/www.fasep.it\/de\/wp-json\/wp\/v2\/types\/product"}],"wp:attachment":[{"href":"https:\/\/www.fasep.it\/de\/wp-json\/wp\/v2\/media?parent=7128"}],"wp:term":[{"taxonomy":"product_brand","embeddable":true,"href":"https:\/\/www.fasep.it\/de\/wp-json\/wp\/v2\/product_brand?post=7128"},{"taxonomy":"product_cat","embeddable":true,"href":"https:\/\/www.fasep.it\/de\/wp-json\/wp\/v2\/product_cat?post=7128"},{"taxonomy":"product_tag","embeddable":true,"href":"https:\/\/www.fasep.it\/de\/wp-json\/wp\/v2\/product_tag?post=7128"}],"curies":[{"name":"wp","href":"https:\/\/api.w.org\/{rel}","templated":true}]}}