{"id":7122,"date":"2025-07-16T11:44:06","date_gmt":"2025-07-16T09:44:06","guid":{"rendered":"https:\/\/www2.fasep.it\/produkte\/\/de-e667.023"},"modified":"2026-04-03T14:32:14","modified_gmt":"2026-04-03T12:32:14","slug":"de-e667.023","status":"publish","type":"product","link":"https:\/\/www.fasep.it\/de\/produkte\/wuchtmaschinen\/e667.023\/","title":{"rendered":"V548 Nuvi"},"content":{"rendered":"<div id=\"short\"><font color=\"#0055BB\"><strong>Der kompakte Video-Auswuchtmaschine.<\/font><\/strong> <br>\r\nV548 ist die perfekte Video-Auswuchtmaschine f\u00fcr Autowerkst\u00e4tten, Tankstellen und Werkst\u00e4tten mit kleinem Reifenservicevolumen oder einfach eine perfekte Ersatzmaschine.<br>\r\nMit einer ultrakompakten Bauform, bietet V548 die Grundfunktionen f\u00fcr pr\u00e4zises und sicheres Auswuchten mit der Option der automatischen 3D-Dateneingabe.<br>\r\nDas platzsparende Design erm\u00f6glicht es, auf kleinem Raum alle Funktionen unterzubringen, die notwendig sind, um jede Art von Rad <u>mit dem legend\u00e4ren 3-Piezo-Sensorsystem von FASEP<\/u>.<\/div><br>\r\n<br>\r\n<font color=\"#0055BB\"><i>Merkmale<\/font><\/i>:\r\n<ul>\r\n<li>2D automatische Dateneingabe (opt. 3D automatische Eingabe)<\/li>\r\n<li>FASEP TriSensor 3 Piezo-Auswuchtsystem<\/li>\r\n<li>IFS (integrierte Flanschwelle)<\/li>\r\n<li>16bit-Elektronik<\/li>\r\n<li>Motor mit niedriger Drehzahl 98 rpm<\/li>\r\n<li>Monitor LCD 19&#8243;<\/li>\r\n<\/ul>","protected":false},"excerpt":{"rendered":"<div id=\"short\"><font color=\"#0055BB\"><strong>Der kompakte Video-Auswuchtmaschine.<\/font><\/strong> <br>\r\nV548 ist die perfekte Video-Auswuchtmaschine f\u00fcr Autowerkst\u00e4tten, Tankstellen und Werkst\u00e4tten mit kleinem Reifenservicevolumen oder einfach eine perfekte Ersatzmaschine.<br>\r\nMit einer ultrakompakten Bauform, bietet V548 die Grundfunktionen f\u00fcr pr\u00e4zises und sicheres Auswuchten mit der Option der automatischen 3D-Dateneingabe.<br>\r\nDas platzsparende Design erm\u00f6glicht es, auf kleinem Raum alle Funktionen unterzubringen, die notwendig sind, um jede Art von Rad <u>mit dem legend\u00e4ren 3-Piezo-Sensorsystem von FASEP<\/u>.<\/div><br>\r\n<br>\r\n<font color=\"#0055BB\"><i>Merkmale<\/font><\/i>:\r\n<ul>\r\n<li>2D automatische Dateneingabe (opt. 3D automatische Eingabe)<\/li>\r\n<li>FASEP TriSensor 3 Piezo-Auswuchtsystem<\/li>\r\n<li>IFS (integrierte Flanschwelle)<\/li>\r\n<li>16bit-Elektronik<\/li>\r\n<li>Motor mit niedriger Drehzahl 98 rpm<\/li>\r\n<li>Monitor LCD 19&#8243;<\/li>\r\n<\/ul>","protected":false},"featured_media":0,"template":"","meta":{"_acf_changed":false},"product_brand":[],"product_cat":[],"product_tag":[],"class_list":{"0":"post-7122","1":"product","2":"type-product","3":"status-publish","6":"first","7":"instock","8":"shipping-taxable","9":"product-type-simple"},"acf":[],"yoast_head":"<!-- This site is optimized with the Yoast SEO plugin v25.7 - https:\/\/yoast.com\/wordpress\/plugins\/seo\/ -->\n<title>V548 Nuvi<\/title>\n<meta name=\"robots\" content=\"index, follow, max-snippet:-1, max-image-preview:large, max-video-preview:-1\" \/>\n<meta property=\"og:locale\" content=\"de_DE\" \/>\n<meta property=\"og:type\" content=\"article\" \/>\n<meta property=\"og:title\" content=\"V548 Nuvi\" \/>\n<meta property=\"og:description\" content=\"Der kompakte Video-Auswuchtmaschine.  V548 ist die perfekte Video-Auswuchtmaschine f\u00fcr Autowerkst\u00e4tten, Tankstellen und Werkst\u00e4tten mit kleinem Reifenservicevolumen oder einfach eine perfekte Ersatzmaschine. Mit einer ultrakompakten Bauform, bietet V548 die Grundfunktionen f\u00fcr pr\u00e4zises und sicheres Auswuchten mit der Option der automatischen 3D-Dateneingabe. Das platzsparende Design erm\u00f6glicht es, auf kleinem Raum alle Funktionen unterzubringen, die notwendig sind, um jede Art von Rad mit dem legend\u00e4ren 3-Piezo-Sensorsystem von FASEP.  Merkmale:  2D automatische Dateneingabe (opt. 3D automatische Eingabe) FASEP TriSensor 3 Piezo-Auswuchtsystem IFS (integrierte Flanschwelle) 16bit-Elektronik Motor mit niedriger Drehzahl 98 rpm Monitor LCD 19&quot;\" \/>\n<meta property=\"og:url\" content=\"https:\/\/www.fasep.it\/de\/produkte\/wuchtmaschinen\/e667.023\/\" \/>\n<meta property=\"og:site_name\" content=\"Fasep 2000 srl\" \/>\n<meta property=\"article:modified_time\" content=\"2026-04-03T12:32:14+00:00\" \/>\n<meta name=\"twitter:card\" content=\"summary_large_image\" \/>\n<script type=\"application\/ld+json\" class=\"yoast-schema-graph\">{\"@context\":\"https:\/\/schema.org\",\"@graph\":[{\"@type\":\"WebPage\",\"@id\":\"https:\/\/www.fasep.it\/de\/produkte\/wuchtmaschinen\/e667.023\/\",\"url\":\"https:\/\/www.fasep.it\/de\/produkte\/wuchtmaschinen\/e667.023\/\",\"name\":\"V548 Nuvi\",\"isPartOf\":{\"@id\":\"https:\/\/www.fasep.it\/de\/#website\"},\"datePublished\":\"2025-07-16T09:44:06+00:00\",\"dateModified\":\"2026-04-03T12:32:14+00:00\",\"breadcrumb\":{\"@id\":\"https:\/\/www.fasep.it\/de\/produkte\/wuchtmaschinen\/e667.023\/#breadcrumb\"},\"inLanguage\":\"de\",\"potentialAction\":[{\"@type\":\"ReadAction\",\"target\":[\"https:\/\/www.fasep.it\/de\/produkte\/wuchtmaschinen\/e667.023\/\"]}]},{\"@type\":\"BreadcrumbList\",\"@id\":\"https:\/\/www.fasep.it\/de\/produkte\/wuchtmaschinen\/e667.023\/#breadcrumb\",\"itemListElement\":[{\"@type\":\"ListItem\",\"position\":1,\"name\":\"Home\",\"item\":\"https:\/\/www.fasep.it\/de\/\"},{\"@type\":\"ListItem\",\"position\":2,\"name\":\"Produkte\",\"item\":\"https:\/\/www.fasep.it\/de\/shop\/\"},{\"@type\":\"ListItem\",\"position\":3,\"name\":\"V548 Nuvi\"}]},{\"@type\":\"WebSite\",\"@id\":\"https:\/\/www.fasep.it\/de\/#website\",\"url\":\"https:\/\/www.fasep.it\/de\/\",\"name\":\"Fasep 2000 srl\",\"description\":\"\",\"potentialAction\":[{\"@type\":\"SearchAction\",\"target\":{\"@type\":\"EntryPoint\",\"urlTemplate\":\"https:\/\/www.fasep.it\/de\/?s={search_term_string}\"},\"query-input\":{\"@type\":\"PropertyValueSpecification\",\"valueRequired\":true,\"valueName\":\"search_term_string\"}}],\"inLanguage\":\"de\"}]}<\/script>\n<!-- \/ Yoast SEO plugin. -->","yoast_head_json":{"title":"V548 Nuvi","robots":{"index":"index","follow":"follow","max-snippet":"max-snippet:-1","max-image-preview":"max-image-preview:large","max-video-preview":"max-video-preview:-1"},"og_locale":"de_DE","og_type":"article","og_title":"V548 Nuvi","og_description":"Der kompakte Video-Auswuchtmaschine.  V548 ist die perfekte Video-Auswuchtmaschine f\u00fcr Autowerkst\u00e4tten, Tankstellen und Werkst\u00e4tten mit kleinem Reifenservicevolumen oder einfach eine perfekte Ersatzmaschine. Mit einer ultrakompakten Bauform, bietet V548 die Grundfunktionen f\u00fcr pr\u00e4zises und sicheres Auswuchten mit der Option der automatischen 3D-Dateneingabe. Das platzsparende Design erm\u00f6glicht es, auf kleinem Raum alle Funktionen unterzubringen, die notwendig sind, um jede Art von Rad mit dem legend\u00e4ren 3-Piezo-Sensorsystem von FASEP.  Merkmale:  2D automatische Dateneingabe (opt. 3D automatische Eingabe) FASEP TriSensor 3 Piezo-Auswuchtsystem IFS (integrierte Flanschwelle) 16bit-Elektronik Motor mit niedriger Drehzahl 98 rpm Monitor LCD 19\"","og_url":"https:\/\/www.fasep.it\/de\/produkte\/wuchtmaschinen\/e667.023\/","og_site_name":"Fasep 2000 srl","article_modified_time":"2026-04-03T12:32:14+00:00","twitter_card":"summary_large_image","schema":{"@context":"https:\/\/schema.org","@graph":[{"@type":"WebPage","@id":"https:\/\/www.fasep.it\/de\/produkte\/wuchtmaschinen\/e667.023\/","url":"https:\/\/www.fasep.it\/de\/produkte\/wuchtmaschinen\/e667.023\/","name":"V548 Nuvi","isPartOf":{"@id":"https:\/\/www.fasep.it\/de\/#website"},"datePublished":"2025-07-16T09:44:06+00:00","dateModified":"2026-04-03T12:32:14+00:00","breadcrumb":{"@id":"https:\/\/www.fasep.it\/de\/produkte\/wuchtmaschinen\/e667.023\/#breadcrumb"},"inLanguage":"de","potentialAction":[{"@type":"ReadAction","target":["https:\/\/www.fasep.it\/de\/produkte\/wuchtmaschinen\/e667.023\/"]}]},{"@type":"BreadcrumbList","@id":"https:\/\/www.fasep.it\/de\/produkte\/wuchtmaschinen\/e667.023\/#breadcrumb","itemListElement":[{"@type":"ListItem","position":1,"name":"Home","item":"https:\/\/www.fasep.it\/de\/"},{"@type":"ListItem","position":2,"name":"Produkte","item":"https:\/\/www.fasep.it\/de\/shop\/"},{"@type":"ListItem","position":3,"name":"V548 Nuvi"}]},{"@type":"WebSite","@id":"https:\/\/www.fasep.it\/de\/#website","url":"https:\/\/www.fasep.it\/de\/","name":"Fasep 2000 srl","description":"","potentialAction":[{"@type":"SearchAction","target":{"@type":"EntryPoint","urlTemplate":"https:\/\/www.fasep.it\/de\/?s={search_term_string}"},"query-input":{"@type":"PropertyValueSpecification","valueRequired":true,"valueName":"search_term_string"}}],"inLanguage":"de"}]}},"_links":{"self":[{"href":"https:\/\/www.fasep.it\/de\/wp-json\/wp\/v2\/product\/7122","targetHints":{"allow":["GET"]}}],"collection":[{"href":"https:\/\/www.fasep.it\/de\/wp-json\/wp\/v2\/product"}],"about":[{"href":"https:\/\/www.fasep.it\/de\/wp-json\/wp\/v2\/types\/product"}],"wp:attachment":[{"href":"https:\/\/www.fasep.it\/de\/wp-json\/wp\/v2\/media?parent=7122"}],"wp:term":[{"taxonomy":"product_brand","embeddable":true,"href":"https:\/\/www.fasep.it\/de\/wp-json\/wp\/v2\/product_brand?post=7122"},{"taxonomy":"product_cat","embeddable":true,"href":"https:\/\/www.fasep.it\/de\/wp-json\/wp\/v2\/product_cat?post=7122"},{"taxonomy":"product_tag","embeddable":true,"href":"https:\/\/www.fasep.it\/de\/wp-json\/wp\/v2\/product_tag?post=7122"}],"curies":[{"name":"wp","href":"https:\/\/api.w.org\/{rel}","templated":true}]}}