{"id":7114,"date":"2025-07-16T11:44:21","date_gmt":"2025-07-16T09:44:21","guid":{"rendered":"https:\/\/www2.fasep.it\/produkte\/\/de-e634.005"},"modified":"2026-04-03T14:32:12","modified_gmt":"2026-04-03T12:32:12","slug":"de-e634.005","status":"publish","type":"product","link":"https:\/\/www.fasep.it\/de\/produkte\/wuchtmaschinen\/e634.005\/","title":{"rendered":"V788 Cayman"},"content":{"rendered":"<font color=\"#0055BB\"><strong>Die neue Generation.<\/font><\/strong><br>\r\nV788 ist die Auswuchtmaschine, die alle Vorteile des FASEP-Auswuchtsystems in einer einzigen Maschine vereint.<br>\r\nSie unterscheidet sich von anderen Radauswuchtmaschinen durch ihr modernes und elegantes Design, mit dem Zusatz von <b>TOP LIGHT<\/b>, der sie unnachahmlich macht.<br>\r\n<br>\r\n<u>Mit dem V788 kann der Bediener ein schnelles Auswuchten mit h\u00f6chster Pr\u00e4zision durchf\u00fchren<\/u>: es beinhaltet das 3D-Touchless-System zur automatischen Eingabe von Raddaten, kombiniert mit den Vorteilen von 3 Lasern zum Aufbringen von Klebe- und W\u00e4scheklammer-Gewichten. Die Systeme TOP LIGHT und LED LIGHT sind eine absolute Hilfe, um einen gut ausgeleuchteten Arbeitsbereich zu schaffen und Ungenauigkeiten zu vermeiden. All diese Vorteile werden nat\u00fcrlich von dem legend\u00e4ren <a href=\"https:\/\/www.fasep.it\/en\/news\/vqi-3-sensors-system\/\">FASEP 3-Piezo-Messsystem begleitet<\/a>.<br>\r\n<br>\r\nDas <a href=\"https:\/\/www.fasep.it\/en\/news\/different-run-out-check-systems-for-fasep-wheel-balancers\/\">3D.Wall-System<\/a> erm\u00f6glicht die Messung des Reifenprofils und des Rundlaufs von Reifen und Felge sowie die Messung des Seitenf\u00fchrung von Reifen. Die Software des Systems schl\u00e4gt dem Bediener die beste Radposition am Fahrzeug vor, um den Seitenf\u00fchrung zu kompensieren.<br>\r\n<br>\r\n<br>\r\n<font color=\"#0055BB\"><i>Merkmale<\/font><\/i>:\r\n<ul>\r\n<li>automatische Eingabe 3D von Raddaten per Laser<\/li>\r\n<li>Laserpunkt f\u00fcr die Applikation von Klebegewichten<\/li>\r\n<li>TOP LIGHT-System f\u00fcr Arbeitsraumbeleuchtung und Laserlinie zum Anbringen von W\u00e4scheklammergewichten<\/li>\r\n<li>elektropneumatische Verriegelung des Rades<\/li>\r\n<li>D.Wall-System zur Messung des Reifenprofils und des Seitenf\u00fchrung von Reifen und Felge<\/li>\r\n<li>FASEP TriSensor 3 Piezo-Auswuchtsystem<\/li>\r\n<li>IFS (Integrierte Flanschwelle)<\/li>\r\n<li>16bit-Elektronik<\/li>\r\n<li>Motor mit niedriger Drehzahl 98 rpm<\/li>\r\n<li>zweite Generation Monitor LCD Touch 22&#8243; 16:9<\/li>\r\n<\/ul>","protected":false},"excerpt":{"rendered":"<font color=\"#0055BB\"><strong>Die neue Generation.<\/font><\/strong><br>\r\nV788 ist die Auswuchtmaschine, die alle Vorteile des FASEP-Auswuchtsystems in einer einzigen Maschine vereint.<br>\r\nSie unterscheidet sich von anderen Radauswuchtmaschinen durch ihr modernes und elegantes Design, mit dem Zusatz von <b>TOP LIGHT<\/b>, der sie unnachahmlich macht.<br>\r\n<br>\r\n<u>Mit dem V788 kann der Bediener ein schnelles Auswuchten mit h\u00f6chster Pr\u00e4zision durchf\u00fchren<\/u>: es beinhaltet das 3D-Touchless-System zur automatischen Eingabe von Raddaten, kombiniert mit den Vorteilen von 3 Lasern zum Aufbringen von Klebe- und W\u00e4scheklammer-Gewichten. Die Systeme TOP LIGHT und LED LIGHT sind eine absolute Hilfe, um einen gut ausgeleuchteten Arbeitsbereich zu schaffen und Ungenauigkeiten zu vermeiden. All diese Vorteile werden nat\u00fcrlich von dem legend\u00e4ren <a href=\"https:\/\/www.fasep.it\/en\/news\/vqi-3-sensors-system\/\">FASEP 3-Piezo-Messsystem begleitet<\/a>.<br>\r\n<br>\r\nDas <a href=\"https:\/\/www.fasep.it\/en\/news\/different-run-out-check-systems-for-fasep-wheel-balancers\/\">3D.Wall-System<\/a> erm\u00f6glicht die Messung des Reifenprofils und des Rundlaufs von Reifen und Felge sowie die Messung des Seitenf\u00fchrung von Reifen. Die Software des Systems schl\u00e4gt dem Bediener die beste Radposition am Fahrzeug vor, um den Seitenf\u00fchrung zu kompensieren.<br>\r\n<br>\r\n<br>\r\n<font color=\"#0055BB\"><i>Merkmale<\/font><\/i>:\r\n<ul>\r\n<li>automatische Eingabe 3D von Raddaten per Laser<\/li>\r\n<li>Laserpunkt f\u00fcr die Applikation von Klebegewichten<\/li>\r\n<li>TOP LIGHT-System f\u00fcr Arbeitsraumbeleuchtung und Laserlinie zum Anbringen von W\u00e4scheklammergewichten<\/li>\r\n<li>elektropneumatische Verriegelung des Rades<\/li>\r\n<li>D.Wall-System zur Messung des Reifenprofils und des Seitenf\u00fchrung von Reifen und Felge<\/li>\r\n<li>FASEP TriSensor 3 Piezo-Auswuchtsystem<\/li>\r\n<li>IFS (Integrierte Flanschwelle)<\/li>\r\n<li>16bit-Elektronik<\/li>\r\n<li>Motor mit niedriger Drehzahl 98 rpm<\/li>\r\n<li>zweite Generation Monitor LCD Touch 22&#8243; 16:9<\/li>\r\n<\/ul>","protected":false},"featured_media":0,"template":"","meta":{"_acf_changed":false},"product_brand":[],"product_cat":[],"product_tag":[],"class_list":{"0":"post-7114","1":"product","2":"type-product","3":"status-publish","6":"first","7":"instock","8":"shipping-taxable","9":"product-type-simple"},"acf":[],"yoast_head":"<!-- This site is optimized with the Yoast SEO plugin v25.7 - https:\/\/yoast.com\/wordpress\/plugins\/seo\/ -->\n<title>V788 Cayman<\/title>\n<meta name=\"robots\" content=\"index, follow, max-snippet:-1, max-image-preview:large, max-video-preview:-1\" \/>\n<meta property=\"og:locale\" content=\"de_DE\" \/>\n<meta property=\"og:type\" content=\"article\" \/>\n<meta property=\"og:title\" content=\"V788 Cayman\" \/>\n<meta property=\"og:description\" content=\"Die neue Generation. V788 ist die Auswuchtmaschine, die alle Vorteile des FASEP-Auswuchtsystems in einer einzigen Maschine vereint. Sie unterscheidet sich von anderen Radauswuchtmaschinen durch ihr modernes und elegantes Design, mit dem Zusatz von TOP LIGHT, der sie unnachahmlich macht.  Mit dem V788 kann der Bediener ein schnelles Auswuchten mit h\u00f6chster Pr\u00e4zision durchf\u00fchren: es beinhaltet das 3D-Touchless-System zur automatischen Eingabe von Raddaten, kombiniert mit den Vorteilen von 3 Lasern zum Aufbringen von Klebe- und W\u00e4scheklammer-Gewichten. Die Systeme TOP LIGHT und LED LIGHT sind eine absolute Hilfe, um einen gut ausgeleuchteten Arbeitsbereich zu schaffen und Ungenauigkeiten zu vermeiden. All diese Vorteile werden nat\u00fcrlich von dem legend\u00e4ren FASEP 3-Piezo-Messsystem begleitet.  Das 3D.Wall-System erm\u00f6glicht die Messung des Reifenprofils und des Rundlaufs von Reifen und Felge sowie die Messung des Seitenf\u00fchrung von Reifen. Die Software des Systems schl\u00e4gt dem Bediener die beste Radposition am Fahrzeug vor, um den Seitenf\u00fchrung zu kompensieren.   Merkmale:  automatische Eingabe 3D von Raddaten per Laser Laserpunkt f\u00fcr die Applikation von Klebegewichten TOP LIGHT-System f\u00fcr Arbeitsraumbeleuchtung und Laserlinie zum Anbringen von W\u00e4scheklammergewichten elektropneumatische Verriegelung des Rades D.Wall-System zur Messung des Reifenprofils und des Seitenf\u00fchrung von Reifen und Felge FASEP TriSensor 3 Piezo-Auswuchtsystem IFS (Integrierte Flanschwelle) 16bit-Elektronik Motor mit niedriger Drehzahl 98 rpm zweite Generation Monitor LCD Touch 22&quot; 16:9\" \/>\n<meta property=\"og:url\" content=\"https:\/\/www.fasep.it\/de\/produkte\/wuchtmaschinen\/e634.005\/\" \/>\n<meta property=\"og:site_name\" content=\"Fasep 2000 srl\" \/>\n<meta property=\"article:modified_time\" content=\"2026-04-03T12:32:12+00:00\" \/>\n<meta name=\"twitter:card\" content=\"summary_large_image\" \/>\n<meta name=\"twitter:label1\" content=\"Gesch\u00e4tzte Lesezeit\" \/>\n\t<meta name=\"twitter:data1\" content=\"1\u00a0Minute\" \/>\n<script type=\"application\/ld+json\" class=\"yoast-schema-graph\">{\"@context\":\"https:\/\/schema.org\",\"@graph\":[{\"@type\":\"WebPage\",\"@id\":\"https:\/\/www.fasep.it\/de\/produkte\/wuchtmaschinen\/e634.005\/\",\"url\":\"https:\/\/www.fasep.it\/de\/produkte\/wuchtmaschinen\/e634.005\/\",\"name\":\"V788 Cayman\",\"isPartOf\":{\"@id\":\"https:\/\/www.fasep.it\/de\/#website\"},\"datePublished\":\"2025-07-16T09:44:21+00:00\",\"dateModified\":\"2026-04-03T12:32:12+00:00\",\"breadcrumb\":{\"@id\":\"https:\/\/www.fasep.it\/de\/produkte\/wuchtmaschinen\/e634.005\/#breadcrumb\"},\"inLanguage\":\"de\",\"potentialAction\":[{\"@type\":\"ReadAction\",\"target\":[\"https:\/\/www.fasep.it\/de\/produkte\/wuchtmaschinen\/e634.005\/\"]}]},{\"@type\":\"BreadcrumbList\",\"@id\":\"https:\/\/www.fasep.it\/de\/produkte\/wuchtmaschinen\/e634.005\/#breadcrumb\",\"itemListElement\":[{\"@type\":\"ListItem\",\"position\":1,\"name\":\"Home\",\"item\":\"https:\/\/www.fasep.it\/de\/\"},{\"@type\":\"ListItem\",\"position\":2,\"name\":\"Produkte\",\"item\":\"https:\/\/www.fasep.it\/de\/shop\/\"},{\"@type\":\"ListItem\",\"position\":3,\"name\":\"V788 Cayman\"}]},{\"@type\":\"WebSite\",\"@id\":\"https:\/\/www.fasep.it\/de\/#website\",\"url\":\"https:\/\/www.fasep.it\/de\/\",\"name\":\"Fasep 2000 srl\",\"description\":\"\",\"potentialAction\":[{\"@type\":\"SearchAction\",\"target\":{\"@type\":\"EntryPoint\",\"urlTemplate\":\"https:\/\/www.fasep.it\/de\/?s={search_term_string}\"},\"query-input\":{\"@type\":\"PropertyValueSpecification\",\"valueRequired\":true,\"valueName\":\"search_term_string\"}}],\"inLanguage\":\"de\"}]}<\/script>\n<!-- \/ Yoast SEO plugin. -->","yoast_head_json":{"title":"V788 Cayman","robots":{"index":"index","follow":"follow","max-snippet":"max-snippet:-1","max-image-preview":"max-image-preview:large","max-video-preview":"max-video-preview:-1"},"og_locale":"de_DE","og_type":"article","og_title":"V788 Cayman","og_description":"Die neue Generation. V788 ist die Auswuchtmaschine, die alle Vorteile des FASEP-Auswuchtsystems in einer einzigen Maschine vereint. Sie unterscheidet sich von anderen Radauswuchtmaschinen durch ihr modernes und elegantes Design, mit dem Zusatz von TOP LIGHT, der sie unnachahmlich macht.  Mit dem V788 kann der Bediener ein schnelles Auswuchten mit h\u00f6chster Pr\u00e4zision durchf\u00fchren: es beinhaltet das 3D-Touchless-System zur automatischen Eingabe von Raddaten, kombiniert mit den Vorteilen von 3 Lasern zum Aufbringen von Klebe- und W\u00e4scheklammer-Gewichten. Die Systeme TOP LIGHT und LED LIGHT sind eine absolute Hilfe, um einen gut ausgeleuchteten Arbeitsbereich zu schaffen und Ungenauigkeiten zu vermeiden. All diese Vorteile werden nat\u00fcrlich von dem legend\u00e4ren FASEP 3-Piezo-Messsystem begleitet.  Das 3D.Wall-System erm\u00f6glicht die Messung des Reifenprofils und des Rundlaufs von Reifen und Felge sowie die Messung des Seitenf\u00fchrung von Reifen. Die Software des Systems schl\u00e4gt dem Bediener die beste Radposition am Fahrzeug vor, um den Seitenf\u00fchrung zu kompensieren.   Merkmale:  automatische Eingabe 3D von Raddaten per Laser Laserpunkt f\u00fcr die Applikation von Klebegewichten TOP LIGHT-System f\u00fcr Arbeitsraumbeleuchtung und Laserlinie zum Anbringen von W\u00e4scheklammergewichten elektropneumatische Verriegelung des Rades D.Wall-System zur Messung des Reifenprofils und des Seitenf\u00fchrung von Reifen und Felge FASEP TriSensor 3 Piezo-Auswuchtsystem IFS (Integrierte Flanschwelle) 16bit-Elektronik Motor mit niedriger Drehzahl 98 rpm zweite Generation Monitor LCD Touch 22\" 16:9","og_url":"https:\/\/www.fasep.it\/de\/produkte\/wuchtmaschinen\/e634.005\/","og_site_name":"Fasep 2000 srl","article_modified_time":"2026-04-03T12:32:12+00:00","twitter_card":"summary_large_image","twitter_misc":{"Gesch\u00e4tzte Lesezeit":"1\u00a0Minute"},"schema":{"@context":"https:\/\/schema.org","@graph":[{"@type":"WebPage","@id":"https:\/\/www.fasep.it\/de\/produkte\/wuchtmaschinen\/e634.005\/","url":"https:\/\/www.fasep.it\/de\/produkte\/wuchtmaschinen\/e634.005\/","name":"V788 Cayman","isPartOf":{"@id":"https:\/\/www.fasep.it\/de\/#website"},"datePublished":"2025-07-16T09:44:21+00:00","dateModified":"2026-04-03T12:32:12+00:00","breadcrumb":{"@id":"https:\/\/www.fasep.it\/de\/produkte\/wuchtmaschinen\/e634.005\/#breadcrumb"},"inLanguage":"de","potentialAction":[{"@type":"ReadAction","target":["https:\/\/www.fasep.it\/de\/produkte\/wuchtmaschinen\/e634.005\/"]}]},{"@type":"BreadcrumbList","@id":"https:\/\/www.fasep.it\/de\/produkte\/wuchtmaschinen\/e634.005\/#breadcrumb","itemListElement":[{"@type":"ListItem","position":1,"name":"Home","item":"https:\/\/www.fasep.it\/de\/"},{"@type":"ListItem","position":2,"name":"Produkte","item":"https:\/\/www.fasep.it\/de\/shop\/"},{"@type":"ListItem","position":3,"name":"V788 Cayman"}]},{"@type":"WebSite","@id":"https:\/\/www.fasep.it\/de\/#website","url":"https:\/\/www.fasep.it\/de\/","name":"Fasep 2000 srl","description":"","potentialAction":[{"@type":"SearchAction","target":{"@type":"EntryPoint","urlTemplate":"https:\/\/www.fasep.it\/de\/?s={search_term_string}"},"query-input":{"@type":"PropertyValueSpecification","valueRequired":true,"valueName":"search_term_string"}}],"inLanguage":"de"}]}},"_links":{"self":[{"href":"https:\/\/www.fasep.it\/de\/wp-json\/wp\/v2\/product\/7114","targetHints":{"allow":["GET"]}}],"collection":[{"href":"https:\/\/www.fasep.it\/de\/wp-json\/wp\/v2\/product"}],"about":[{"href":"https:\/\/www.fasep.it\/de\/wp-json\/wp\/v2\/types\/product"}],"wp:attachment":[{"href":"https:\/\/www.fasep.it\/de\/wp-json\/wp\/v2\/media?parent=7114"}],"wp:term":[{"taxonomy":"product_brand","embeddable":true,"href":"https:\/\/www.fasep.it\/de\/wp-json\/wp\/v2\/product_brand?post=7114"},{"taxonomy":"product_cat","embeddable":true,"href":"https:\/\/www.fasep.it\/de\/wp-json\/wp\/v2\/product_cat?post=7114"},{"taxonomy":"product_tag","embeddable":true,"href":"https:\/\/www.fasep.it\/de\/wp-json\/wp\/v2\/product_tag?post=7114"}],"curies":[{"name":"wp","href":"https:\/\/api.w.org\/{rel}","templated":true}]}}