{"id":11181,"date":"2026-03-30T10:19:44","date_gmt":"2026-03-30T08:19:44","guid":{"rendered":"https:\/\/www.fasep.it\/produkte\/\/sa302\/"},"modified":"2026-04-03T14:32:32","modified_gmt":"2026-04-03T12:32:32","slug":"de-sa302","status":"publish","type":"product","link":"https:\/\/www.fasep.it\/de\/produkte\/sonstiges\/sa302\/","title":{"rendered":"TRAGBARE ELEKTRONISCHE PUMPE"},"content":{"rendered":"Der Reifenf\u00fcller SA302 ist der erste wirklich tragbare automatische Reifenf\u00fcller, der \u00fcber alle Funktionen eines gr\u00f6\u00dferen, an der Wand montierten Ger\u00e4ts verf\u00fcgt. Er wird an eine Luftquelle angeschlossen; Sie m\u00fcssen lediglich den gew\u00fcnschten Druck voreinstellen, die D\u00fcse auf das Reifenventil setzen, und schon sorgt die integrierte Autostart-Funktion daf\u00fcr, dass der Reifen auf den eingestellten Druck aufgepumpt oder entl\u00fcftet wird.","protected":false},"excerpt":{"rendered":"Der Reifenf\u00fcller SA302 ist der erste wirklich tragbare automatische Reifenf\u00fcller, der \u00fcber alle Funktionen eines gr\u00f6\u00dferen, an der Wand montierten Ger\u00e4ts verf\u00fcgt. Er wird an eine Luftquelle angeschlossen; Sie m\u00fcssen lediglich den gew\u00fcnschten Druck voreinstellen, die D\u00fcse auf das Reifenventil setzen, und schon sorgt die integrierte Autostart-Funktion daf\u00fcr, dass der Reifen auf den eingestellten Druck aufgepumpt oder entl\u00fcftet wird.","protected":false},"featured_media":0,"template":"","meta":{"_acf_changed":false},"product_brand":[],"product_cat":[],"product_tag":[],"class_list":{"0":"post-11181","1":"product","2":"type-product","3":"status-publish","6":"first","7":"instock","8":"shipping-taxable","9":"product-type-simple"},"acf":[],"yoast_head":"<!-- This site is optimized with the Yoast SEO plugin v25.7 - https:\/\/yoast.com\/wordpress\/plugins\/seo\/ -->\n<title>TRAGBARE ELEKTRONISCHE PUMPE<\/title>\n<meta name=\"robots\" content=\"index, follow, max-snippet:-1, max-image-preview:large, max-video-preview:-1\" \/>\n<meta property=\"og:locale\" content=\"de_DE\" \/>\n<meta property=\"og:type\" content=\"article\" \/>\n<meta property=\"og:title\" content=\"TRAGBARE ELEKTRONISCHE PUMPE\" \/>\n<meta property=\"og:description\" content=\"Der Reifenf\u00fcller SA302 ist der erste wirklich tragbare automatische Reifenf\u00fcller, der \u00fcber alle Funktionen eines gr\u00f6\u00dferen, an der Wand montierten Ger\u00e4ts verf\u00fcgt. Er wird an eine Luftquelle angeschlossen; Sie m\u00fcssen lediglich den gew\u00fcnschten Druck voreinstellen, die D\u00fcse auf das Reifenventil setzen, und schon sorgt die integrierte Autostart-Funktion daf\u00fcr, dass der Reifen auf den eingestellten Druck aufgepumpt oder entl\u00fcftet wird.\" \/>\n<meta property=\"og:url\" content=\"https:\/\/www.fasep.it\/de\/produkte\/sonstiges\/sa302\/\" \/>\n<meta property=\"og:site_name\" content=\"Fasep 2000 srl\" \/>\n<meta property=\"article:modified_time\" content=\"2026-04-03T12:32:32+00:00\" \/>\n<meta name=\"twitter:card\" content=\"summary_large_image\" \/>\n<script type=\"application\/ld+json\" class=\"yoast-schema-graph\">{\"@context\":\"https:\/\/schema.org\",\"@graph\":[{\"@type\":\"WebPage\",\"@id\":\"https:\/\/www.fasep.it\/de\/produkte\/sonstiges\/sa302\/\",\"url\":\"https:\/\/www.fasep.it\/de\/produkte\/sonstiges\/sa302\/\",\"name\":\"TRAGBARE ELEKTRONISCHE PUMPE\",\"isPartOf\":{\"@id\":\"https:\/\/www.fasep.it\/de\/#website\"},\"datePublished\":\"2026-03-30T08:19:44+00:00\",\"dateModified\":\"2026-04-03T12:32:32+00:00\",\"breadcrumb\":{\"@id\":\"https:\/\/www.fasep.it\/de\/produkte\/sonstiges\/sa302\/#breadcrumb\"},\"inLanguage\":\"de\",\"potentialAction\":[{\"@type\":\"ReadAction\",\"target\":[\"https:\/\/www.fasep.it\/de\/produkte\/sonstiges\/sa302\/\"]}]},{\"@type\":\"BreadcrumbList\",\"@id\":\"https:\/\/www.fasep.it\/de\/produkte\/sonstiges\/sa302\/#breadcrumb\",\"itemListElement\":[{\"@type\":\"ListItem\",\"position\":1,\"name\":\"Home\",\"item\":\"https:\/\/www.fasep.it\/de\/\"},{\"@type\":\"ListItem\",\"position\":2,\"name\":\"Produkte\",\"item\":\"https:\/\/www.fasep.it\/de\/shop\/\"},{\"@type\":\"ListItem\",\"position\":3,\"name\":\"TRAGBARE ELEKTRONISCHE PUMPE\"}]},{\"@type\":\"WebSite\",\"@id\":\"https:\/\/www.fasep.it\/de\/#website\",\"url\":\"https:\/\/www.fasep.it\/de\/\",\"name\":\"Fasep 2000 srl\",\"description\":\"\",\"potentialAction\":[{\"@type\":\"SearchAction\",\"target\":{\"@type\":\"EntryPoint\",\"urlTemplate\":\"https:\/\/www.fasep.it\/de\/?s={search_term_string}\"},\"query-input\":{\"@type\":\"PropertyValueSpecification\",\"valueRequired\":true,\"valueName\":\"search_term_string\"}}],\"inLanguage\":\"de\"}]}<\/script>\n<!-- \/ Yoast SEO plugin. -->","yoast_head_json":{"title":"TRAGBARE ELEKTRONISCHE PUMPE","robots":{"index":"index","follow":"follow","max-snippet":"max-snippet:-1","max-image-preview":"max-image-preview:large","max-video-preview":"max-video-preview:-1"},"og_locale":"de_DE","og_type":"article","og_title":"TRAGBARE ELEKTRONISCHE PUMPE","og_description":"Der Reifenf\u00fcller SA302 ist der erste wirklich tragbare automatische Reifenf\u00fcller, der \u00fcber alle Funktionen eines gr\u00f6\u00dferen, an der Wand montierten Ger\u00e4ts verf\u00fcgt. Er wird an eine Luftquelle angeschlossen; Sie m\u00fcssen lediglich den gew\u00fcnschten Druck voreinstellen, die D\u00fcse auf das Reifenventil setzen, und schon sorgt die integrierte Autostart-Funktion daf\u00fcr, dass der Reifen auf den eingestellten Druck aufgepumpt oder entl\u00fcftet wird.","og_url":"https:\/\/www.fasep.it\/de\/produkte\/sonstiges\/sa302\/","og_site_name":"Fasep 2000 srl","article_modified_time":"2026-04-03T12:32:32+00:00","twitter_card":"summary_large_image","schema":{"@context":"https:\/\/schema.org","@graph":[{"@type":"WebPage","@id":"https:\/\/www.fasep.it\/de\/produkte\/sonstiges\/sa302\/","url":"https:\/\/www.fasep.it\/de\/produkte\/sonstiges\/sa302\/","name":"TRAGBARE ELEKTRONISCHE PUMPE","isPartOf":{"@id":"https:\/\/www.fasep.it\/de\/#website"},"datePublished":"2026-03-30T08:19:44+00:00","dateModified":"2026-04-03T12:32:32+00:00","breadcrumb":{"@id":"https:\/\/www.fasep.it\/de\/produkte\/sonstiges\/sa302\/#breadcrumb"},"inLanguage":"de","potentialAction":[{"@type":"ReadAction","target":["https:\/\/www.fasep.it\/de\/produkte\/sonstiges\/sa302\/"]}]},{"@type":"BreadcrumbList","@id":"https:\/\/www.fasep.it\/de\/produkte\/sonstiges\/sa302\/#breadcrumb","itemListElement":[{"@type":"ListItem","position":1,"name":"Home","item":"https:\/\/www.fasep.it\/de\/"},{"@type":"ListItem","position":2,"name":"Produkte","item":"https:\/\/www.fasep.it\/de\/shop\/"},{"@type":"ListItem","position":3,"name":"TRAGBARE ELEKTRONISCHE PUMPE"}]},{"@type":"WebSite","@id":"https:\/\/www.fasep.it\/de\/#website","url":"https:\/\/www.fasep.it\/de\/","name":"Fasep 2000 srl","description":"","potentialAction":[{"@type":"SearchAction","target":{"@type":"EntryPoint","urlTemplate":"https:\/\/www.fasep.it\/de\/?s={search_term_string}"},"query-input":{"@type":"PropertyValueSpecification","valueRequired":true,"valueName":"search_term_string"}}],"inLanguage":"de"}]}},"_links":{"self":[{"href":"https:\/\/www.fasep.it\/de\/wp-json\/wp\/v2\/product\/11181","targetHints":{"allow":["GET"]}}],"collection":[{"href":"https:\/\/www.fasep.it\/de\/wp-json\/wp\/v2\/product"}],"about":[{"href":"https:\/\/www.fasep.it\/de\/wp-json\/wp\/v2\/types\/product"}],"wp:attachment":[{"href":"https:\/\/www.fasep.it\/de\/wp-json\/wp\/v2\/media?parent=11181"}],"wp:term":[{"taxonomy":"product_brand","embeddable":true,"href":"https:\/\/www.fasep.it\/de\/wp-json\/wp\/v2\/product_brand?post=11181"},{"taxonomy":"product_cat","embeddable":true,"href":"https:\/\/www.fasep.it\/de\/wp-json\/wp\/v2\/product_cat?post=11181"},{"taxonomy":"product_tag","embeddable":true,"href":"https:\/\/www.fasep.it\/de\/wp-json\/wp\/v2\/product_tag?post=11181"}],"curies":[{"name":"wp","href":"https:\/\/api.w.org\/{rel}","templated":true}]}}