{"id":10564,"date":"2025-08-06T08:08:57","date_gmt":"2025-08-06T06:08:57","guid":{"rendered":"https:\/\/www.fasep.it\/produkte\/\/e591.013"},"modified":"2026-04-03T14:32:13","modified_gmt":"2026-04-03T12:32:13","slug":"de-e591.013","status":"publish","type":"product","link":"https:\/\/www.fasep.it\/de\/produkte\/wuchtmaschinen\/e591.013\/","title":{"rendered":"V654 Revolution"},"content":{"rendered":"<font color=\"#0055BB\"><strong>Die ausgleichende Revolution.<\/font><\/strong><br>\r\nEntworfen f\u00fcr Reifenspezialisten mit hohem Arbeitsaufkommen, V653 bietet maximale Leistung.<br>\r\nDas Herz des V654 ist das <b>automatische Neigesystem<\/b>, entwickelt, um eine <b>perfekte Zentrierung ohne Anstrengung<\/b> zu gew\u00e4hrleisten.<br>\r\nV654 bietet standardm\u00e4\u00dfig alle Funktionen, die ein genaues und schnelles Auswuchten erm\u00f6glichen. Die Maschine basiert auf der Videotronic-Technologie und wird von einem PC mit dem Betriebssystem Windows CE gesteuert.<br>\r\n<br>\r\nV654 ist mit dem legend\u00e4ren Unwuchtmesssystem <a href=\"https:\/\/images.fasep.it\/trisensor-ing.pdf\">TriSensor mit 3 Piezo<\/a> und IFS-Tilt (Integrated-Flange Shaft) f\u00fcr maximale Zentriergenauigkeit ausgestattet. Die HD (Heavy Duty) Welle erm\u00f6glicht das Auswuchten von R\u00e4dern bis zu 90kg.<br>\r\n<br>\r\nV654 wird von Kunden verwendet, die eine perfekte Auswuchtung erreichen m\u00fcssen und sich auf die einwandfreie Zentrierung dieser Maschine verlassen; es \u00fcberrascht nicht, dass einige Unternehmen V654 verwenden:\r\n<ul>\r\n<li><b>Bridgestone-Ausbildungszentrum in D\u00e4nemark<\/b>\r\n<li><b>Goodyear-Testzentrum in Luxemburg<\/b>\r\n<\/ul>","protected":false},"excerpt":{"rendered":"<font color=\"#0055BB\"><strong>Die ausgleichende Revolution.<\/font><\/strong><br>\r\nEntworfen f\u00fcr Reifenspezialisten mit hohem Arbeitsaufkommen, V653 bietet maximale Leistung.<br>\r\nDas Herz des V654 ist das <b>automatische Neigesystem<\/b>, entwickelt, um eine <b>perfekte Zentrierung ohne Anstrengung<\/b> zu gew\u00e4hrleisten.<br>\r\nV654 bietet standardm\u00e4\u00dfig alle Funktionen, die ein genaues und schnelles Auswuchten erm\u00f6glichen. Die Maschine basiert auf der Videotronic-Technologie und wird von einem PC mit dem Betriebssystem Windows CE gesteuert.<br>\r\n<br>\r\nV654 ist mit dem legend\u00e4ren Unwuchtmesssystem <a href=\"https:\/\/images.fasep.it\/trisensor-ing.pdf\">TriSensor mit 3 Piezo<\/a> und IFS-Tilt (Integrated-Flange Shaft) f\u00fcr maximale Zentriergenauigkeit ausgestattet. Die HD (Heavy Duty) Welle erm\u00f6glicht das Auswuchten von R\u00e4dern bis zu 90kg.<br>\r\n<br>\r\nV654 wird von Kunden verwendet, die eine perfekte Auswuchtung erreichen m\u00fcssen und sich auf die einwandfreie Zentrierung dieser Maschine verlassen; es \u00fcberrascht nicht, dass einige Unternehmen V654 verwenden:\r\n<ul>\r\n<li><b>Bridgestone-Ausbildungszentrum in D\u00e4nemark<\/b>\r\n<li><b>Goodyear-Testzentrum in Luxemburg<\/b>\r\n<\/ul>","protected":false},"featured_media":0,"template":"","meta":{"_acf_changed":false},"product_brand":[],"product_cat":[],"product_tag":[],"class_list":{"0":"post-10564","1":"product","2":"type-product","3":"status-publish","6":"first","7":"instock","8":"shipping-taxable","9":"product-type-simple"},"acf":[],"yoast_head":"<!-- This site is optimized with the Yoast SEO plugin v25.7 - https:\/\/yoast.com\/wordpress\/plugins\/seo\/ -->\n<title>V654 Revolution<\/title>\n<meta name=\"robots\" content=\"index, follow, max-snippet:-1, max-image-preview:large, max-video-preview:-1\" \/>\n<meta property=\"og:locale\" content=\"de_DE\" \/>\n<meta property=\"og:type\" content=\"article\" \/>\n<meta property=\"og:title\" content=\"V654 Revolution\" \/>\n<meta property=\"og:description\" content=\"Die ausgleichende Revolution. Entworfen f\u00fcr Reifenspezialisten mit hohem Arbeitsaufkommen, V653 bietet maximale Leistung. Das Herz des V654 ist das automatische Neigesystem, entwickelt, um eine perfekte Zentrierung ohne Anstrengung zu gew\u00e4hrleisten. V654 bietet standardm\u00e4\u00dfig alle Funktionen, die ein genaues und schnelles Auswuchten erm\u00f6glichen. Die Maschine basiert auf der Videotronic-Technologie und wird von einem PC mit dem Betriebssystem Windows CE gesteuert.  V654 ist mit dem legend\u00e4ren Unwuchtmesssystem TriSensor mit 3 Piezo und IFS-Tilt (Integrated-Flange Shaft) f\u00fcr maximale Zentriergenauigkeit ausgestattet. Die HD (Heavy Duty) Welle erm\u00f6glicht das Auswuchten von R\u00e4dern bis zu 90kg.  V654 wird von Kunden verwendet, die eine perfekte Auswuchtung erreichen m\u00fcssen und sich auf die einwandfreie Zentrierung dieser Maschine verlassen; es \u00fcberrascht nicht, dass einige Unternehmen V654 verwenden:  Bridgestone-Ausbildungszentrum in D\u00e4nemark Goodyear-Testzentrum in Luxemburg\" \/>\n<meta property=\"og:url\" content=\"https:\/\/www.fasep.it\/de\/produkte\/wuchtmaschinen\/e591.013\/\" \/>\n<meta property=\"og:site_name\" content=\"Fasep 2000 srl\" \/>\n<meta property=\"article:modified_time\" content=\"2026-04-03T12:32:13+00:00\" \/>\n<meta name=\"twitter:card\" content=\"summary_large_image\" \/>\n<meta name=\"twitter:label1\" content=\"Gesch\u00e4tzte Lesezeit\" \/>\n\t<meta name=\"twitter:data1\" content=\"1\u00a0Minute\" \/>\n<script type=\"application\/ld+json\" class=\"yoast-schema-graph\">{\"@context\":\"https:\/\/schema.org\",\"@graph\":[{\"@type\":\"WebPage\",\"@id\":\"https:\/\/www.fasep.it\/de\/produkte\/wuchtmaschinen\/e591.013\/\",\"url\":\"https:\/\/www.fasep.it\/de\/produkte\/wuchtmaschinen\/e591.013\/\",\"name\":\"V654 Revolution\",\"isPartOf\":{\"@id\":\"https:\/\/www.fasep.it\/de\/#website\"},\"datePublished\":\"2025-08-06T06:08:57+00:00\",\"dateModified\":\"2026-04-03T12:32:13+00:00\",\"breadcrumb\":{\"@id\":\"https:\/\/www.fasep.it\/de\/produkte\/wuchtmaschinen\/e591.013\/#breadcrumb\"},\"inLanguage\":\"de\",\"potentialAction\":[{\"@type\":\"ReadAction\",\"target\":[\"https:\/\/www.fasep.it\/de\/produkte\/wuchtmaschinen\/e591.013\/\"]}]},{\"@type\":\"BreadcrumbList\",\"@id\":\"https:\/\/www.fasep.it\/de\/produkte\/wuchtmaschinen\/e591.013\/#breadcrumb\",\"itemListElement\":[{\"@type\":\"ListItem\",\"position\":1,\"name\":\"Home\",\"item\":\"https:\/\/www.fasep.it\/de\/\"},{\"@type\":\"ListItem\",\"position\":2,\"name\":\"Produkte\",\"item\":\"https:\/\/www.fasep.it\/de\/shop\/\"},{\"@type\":\"ListItem\",\"position\":3,\"name\":\"V654 Revolution\"}]},{\"@type\":\"WebSite\",\"@id\":\"https:\/\/www.fasep.it\/de\/#website\",\"url\":\"https:\/\/www.fasep.it\/de\/\",\"name\":\"Fasep 2000 srl\",\"description\":\"\",\"potentialAction\":[{\"@type\":\"SearchAction\",\"target\":{\"@type\":\"EntryPoint\",\"urlTemplate\":\"https:\/\/www.fasep.it\/de\/?s={search_term_string}\"},\"query-input\":{\"@type\":\"PropertyValueSpecification\",\"valueRequired\":true,\"valueName\":\"search_term_string\"}}],\"inLanguage\":\"de\"}]}<\/script>\n<!-- \/ Yoast SEO plugin. -->","yoast_head_json":{"title":"V654 Revolution","robots":{"index":"index","follow":"follow","max-snippet":"max-snippet:-1","max-image-preview":"max-image-preview:large","max-video-preview":"max-video-preview:-1"},"og_locale":"de_DE","og_type":"article","og_title":"V654 Revolution","og_description":"Die ausgleichende Revolution. Entworfen f\u00fcr Reifenspezialisten mit hohem Arbeitsaufkommen, V653 bietet maximale Leistung. Das Herz des V654 ist das automatische Neigesystem, entwickelt, um eine perfekte Zentrierung ohne Anstrengung zu gew\u00e4hrleisten. V654 bietet standardm\u00e4\u00dfig alle Funktionen, die ein genaues und schnelles Auswuchten erm\u00f6glichen. Die Maschine basiert auf der Videotronic-Technologie und wird von einem PC mit dem Betriebssystem Windows CE gesteuert.  V654 ist mit dem legend\u00e4ren Unwuchtmesssystem TriSensor mit 3 Piezo und IFS-Tilt (Integrated-Flange Shaft) f\u00fcr maximale Zentriergenauigkeit ausgestattet. Die HD (Heavy Duty) Welle erm\u00f6glicht das Auswuchten von R\u00e4dern bis zu 90kg.  V654 wird von Kunden verwendet, die eine perfekte Auswuchtung erreichen m\u00fcssen und sich auf die einwandfreie Zentrierung dieser Maschine verlassen; es \u00fcberrascht nicht, dass einige Unternehmen V654 verwenden:  Bridgestone-Ausbildungszentrum in D\u00e4nemark Goodyear-Testzentrum in Luxemburg","og_url":"https:\/\/www.fasep.it\/de\/produkte\/wuchtmaschinen\/e591.013\/","og_site_name":"Fasep 2000 srl","article_modified_time":"2026-04-03T12:32:13+00:00","twitter_card":"summary_large_image","twitter_misc":{"Gesch\u00e4tzte Lesezeit":"1\u00a0Minute"},"schema":{"@context":"https:\/\/schema.org","@graph":[{"@type":"WebPage","@id":"https:\/\/www.fasep.it\/de\/produkte\/wuchtmaschinen\/e591.013\/","url":"https:\/\/www.fasep.it\/de\/produkte\/wuchtmaschinen\/e591.013\/","name":"V654 Revolution","isPartOf":{"@id":"https:\/\/www.fasep.it\/de\/#website"},"datePublished":"2025-08-06T06:08:57+00:00","dateModified":"2026-04-03T12:32:13+00:00","breadcrumb":{"@id":"https:\/\/www.fasep.it\/de\/produkte\/wuchtmaschinen\/e591.013\/#breadcrumb"},"inLanguage":"de","potentialAction":[{"@type":"ReadAction","target":["https:\/\/www.fasep.it\/de\/produkte\/wuchtmaschinen\/e591.013\/"]}]},{"@type":"BreadcrumbList","@id":"https:\/\/www.fasep.it\/de\/produkte\/wuchtmaschinen\/e591.013\/#breadcrumb","itemListElement":[{"@type":"ListItem","position":1,"name":"Home","item":"https:\/\/www.fasep.it\/de\/"},{"@type":"ListItem","position":2,"name":"Produkte","item":"https:\/\/www.fasep.it\/de\/shop\/"},{"@type":"ListItem","position":3,"name":"V654 Revolution"}]},{"@type":"WebSite","@id":"https:\/\/www.fasep.it\/de\/#website","url":"https:\/\/www.fasep.it\/de\/","name":"Fasep 2000 srl","description":"","potentialAction":[{"@type":"SearchAction","target":{"@type":"EntryPoint","urlTemplate":"https:\/\/www.fasep.it\/de\/?s={search_term_string}"},"query-input":{"@type":"PropertyValueSpecification","valueRequired":true,"valueName":"search_term_string"}}],"inLanguage":"de"}]}},"_links":{"self":[{"href":"https:\/\/www.fasep.it\/de\/wp-json\/wp\/v2\/product\/10564","targetHints":{"allow":["GET"]}}],"collection":[{"href":"https:\/\/www.fasep.it\/de\/wp-json\/wp\/v2\/product"}],"about":[{"href":"https:\/\/www.fasep.it\/de\/wp-json\/wp\/v2\/types\/product"}],"wp:attachment":[{"href":"https:\/\/www.fasep.it\/de\/wp-json\/wp\/v2\/media?parent=10564"}],"wp:term":[{"taxonomy":"product_brand","embeddable":true,"href":"https:\/\/www.fasep.it\/de\/wp-json\/wp\/v2\/product_brand?post=10564"},{"taxonomy":"product_cat","embeddable":true,"href":"https:\/\/www.fasep.it\/de\/wp-json\/wp\/v2\/product_cat?post=10564"},{"taxonomy":"product_tag","embeddable":true,"href":"https:\/\/www.fasep.it\/de\/wp-json\/wp\/v2\/product_tag?post=10564"}],"curies":[{"name":"wp","href":"https:\/\/api.w.org\/{rel}","templated":true}]}}