{"id":2952,"date":"2023-12-27T12:15:08","date_gmt":"2023-12-27T11:15:08","guid":{"rendered":"https:\/\/www2.fasep.it\/contatti\/"},"modified":"2025-04-08T15:35:57","modified_gmt":"2025-04-08T13:35:57","slug":"kontakt","status":"publish","type":"page","link":"https:\/\/www.fasep.it\/de\/kontakt\/","title":{"rendered":"KONTAKT"},"content":{"rendered":"<div id='av_section_1'  class='avia-section av-1pqs7-87b633649bdc0a2f54f554aa25743592 main_color avia-section-default avia-no-border-styling  avia-builder-el-0  avia-builder-el-no-sibling  avia-bg-style-scroll container_wrap sidebar_right'  ><div class='container av-section-cont-open' ><main  role=\"main\" itemprop=\"mainContentOfPage\"  class='template-page content  av-content-small alpha units'><div class='post-entry post-entry-type-page post-entry-2952'><div class='entry-content-wrapper clearfix'>\n\n\n<style type=\"text\/css\" data-created_by=\"avia_inline_auto\" id=\"style-css-av-lx4cr7hd-da2c29da0fdce9ffa6b0f19cedde6ba1\">\n#top .av-special-heading.av-lx4cr7hd-da2c29da0fdce9ffa6b0f19cedde6ba1{\npadding-bottom:10px;\n}\nbody .av-special-heading.av-lx4cr7hd-da2c29da0fdce9ffa6b0f19cedde6ba1 .av-special-heading-tag .heading-char{\nfont-size:25px;\n}\n.av-special-heading.av-lx4cr7hd-da2c29da0fdce9ffa6b0f19cedde6ba1 .av-subheading{\nfont-size:15px;\n}\n<\/style>\n<div  class='av-special-heading av-lx4cr7hd-da2c29da0fdce9ffa6b0f19cedde6ba1 av-special-heading-h1 blockquote modern-quote  avia-builder-el-1  el_before_av_hr  avia-builder-el-first '><h1 class='av-special-heading-tag '  itemprop=\"headline\"  >KONTAKT<\/h1><div class=\"special-heading-border\"><div class=\"special-heading-inner-border\"><\/div><\/div><\/div>\n\n\n<style type=\"text\/css\" data-created_by=\"avia_inline_auto\" id=\"style-css-av-lx4crdd2-a41a1481b52739421bce55d92f1aa8f1\">\n#top .hr.hr-invisible.av-lx4crdd2-a41a1481b52739421bce55d92f1aa8f1{\nheight:50px;\n}\n<\/style>\n<div  class='hr av-lx4crdd2-a41a1481b52739421bce55d92f1aa8f1 hr-invisible  avia-builder-el-2  el_after_av_heading  el_before_av_two_third '><span class='hr-inner '><span class=\"hr-inner-style\"><\/span><\/span><\/div>\n\n<div  class='flex_column av-2y9r-e627a8425d18611b93b6108f2598e233 av_two_third  avia-builder-el-3  el_after_av_hr  el_before_av_one_third  first flex_column_div  '     ><section  class='av_textblock_section av-m5i0dr35-d05cc1d1662e84027cf720df11a9550a '   itemscope=\"itemscope\" itemtype=\"https:\/\/schema.org\/CreativeWork\" ><div class='avia_textblock'  itemprop=\"text\" ><h2>Wie Sie uns erreichen<\/h2>\n<p>Am besten besuchen Sie uns mit Ihrem Auto. Es gibt verschiedene andere M\u00f6glichkeiten, aber nicht alle sind bequem, auf jeden Fall werden Sie immer jemanden finden, der Ihnen hilft, den richtigen Weg zu finden. <\/p>\n<ul>\n<li><strong>Ankunft am Flughafen Florenz:<\/strong><br \/>\nSie k\u00f6nnen am Flughafen ein Auto mieten. Verlassen Sie den Flughafen, biegen Sie rechts ab und nehmen Sie die Autobahn A1. Folgen Sie der Richtung Bologna. Sobald Sie auf der Autobahn sind, folgen Sie den Anweisungen unter Punkt 4.<\/li>\n<li><strong>Ankunft am Flughafen Bologna:<\/strong><br \/>\nk\u00f6nnen wir Sie direkt am Flughafen abholen oder Sie k\u00f6nnen am Flughafen ein Auto mieten und der Beschilderung zur Autobahn A1 direkt vor dem Flughafenparkplatz in Richtung Florenz folgen. Sobald Sie auf der Autobahn sind, folgen Sie den Anweisungen unter Punkt 4.<\/li>\n<li><strong>Ankunft am Flughafen Pisa:<\/strong><br \/>\nSie k\u00f6nnen am Flughafen ein Auto mieten. Verlassen Sie den Flughafen und fahren Sie geradeaus auf die Autobahn SGC FI.PI.LI direkt vor dem Flughafen (Richtung Florenz). Verlassen Sie die Autobahn an der Ausfahrt Scandicci &#8211; Signa und folgen Sie der Beschilderung f\u00fcr die Autobahn A1 Bologna-Rom. Fahren Sie auf die Autobahn A1 und folgen Sie der Beschilderung Richtung Bologna. Sobald Sie auf der Autobahn sind, folgen Sie den Anweisungen unter Punkt 4.<\/li>\n<li><strong>Ankunft in Florenz mit dem Zug:<\/strong><br \/>\nNach vorheriger Ank\u00fcndigung k\u00f6nnen wir Sie direkt am Flughafen abholen oder Sie k\u00f6nnen am Bahnhof ein Auto mieten und von Florenz in Richtung San Piero a Sieve &#8211; Via Bolognese ausfahren. Vom Bahnhof Santa Maria Novella fahren Sie in Richtung Piazza della Libert\u00e0, dann Via Don Minzoni in Richtung Via Bolognese. Von dort fahren Sie etwa 20 km weiter, um direkt nach San Piero a Sieve zu gelangen. Folgen Sie weiter der Karte.<\/li>\n<li><strong>Von der Autobahn A1 kommend:<\/strong><br \/>\nVerlassen Sie die Autobahn an der Ausfahrt Barberino di Mugello > fahren Sie in Richtung San Piero a Sieve (ca. 15Km) > Borgo San Lorenzo (ca. 5Km) > am Ortseingang von Borgo San Lorenzo finden Sie einen Kreisverkehr (vor Ihnen das Park Hotel Ripaverde) > fahren Sie links (das Hotel auf der rechten Seite verlassend) (nach wenigen Metern finden Sie das Krankenhaus auf der linken Seite) > an der zweiten Ampel biegen Sie links ab (Richtung Ronta, Faenza) > nach 7 km. Sie erreichen Ronta > die FASEP-Einrichtung befindet sich im Zentrum des Dorfes, an der Hauptstra\u00dfe, vor der Carabinieri-Station.<\/li>\n<li><strong>Alternativ von S\u00fcden kommend (Florenz\/Rom):<\/strong><br \/>\nnur als Alternative zur Ausfahrt Barberino di Mugello (die einzige M\u00f6glichkeit von Norden kommend), kann es, um den Autobahnverkehr um Florenz zu vermeiden, g\u00fcnstig sein, die A1 bei Incisa in Richtung Pontassieve, Dicomano, Vicchio, Borgo S. Lorenzo zu verlassen. Am S\u00fcdeingang von Borgo S. Lorenzo gibt es einen Kreisverkehr (links die Kirche des Santissimo Crocifisso); fahren Sie nach rechts (dies ist die einzige M\u00f6glichkeit) und biegen Sie an der ersten Ampel rechts ab (Richtung Ronta, Faenza).<\/li>\n<\/ul>\n<p>Nach 7 km erreichen Sie Ronta. Wenn Sie das Dorf Ronta erreicht haben, fahren Sie auf der Hauptstra\u00dfe in das Dorf hinein und fahren Sie weiter, bis Sie auf der linken Seite die Carabinieri-Station und auf der rechten Seite die FASEP-Fabrik treffen.<\/p>\n<\/div><\/section><\/div><div  class='flex_column av-w3hz-6e65a4a9ca0fd12846afba21fa0accf9 av_one_third  avia-builder-el-5  el_after_av_two_third  el_before_av_heading  flex_column_div  '     ><section  class='av_textblock_section av-lx4ct0wr-acc9ba83d452bbdf2738f5f8d298e31d '   itemscope=\"itemscope\" itemtype=\"https:\/\/schema.org\/CreativeWork\" ><div class='avia_textblock'  itemprop=\"text\" ><h2>FASEP 2000 Srl<\/h2>\n<p>Via Faentina, 96<br \/>\n50032 Ronta (FI) ITALIEN<\/p>\n<p><strong>Sitz der Gesellschaft:<\/strong><br \/>\nPiazza d&#8217;Azeglio, 39 &#8211; 50121 Florenz<\/p>\n<p><strong>Tel:<\/strong> +39 055 8403126<br \/>\n<strong>WhatsApp<\/strong>: <a target=\"new\">+39 055 8403126<\/a><br \/>\n<strong>Fax:<\/strong> +39 055 8403354<br \/>\n<strong>E-Mail:<\/strong> <a href=\"mailto:info@fasep.it\">info@fasep.it<\/a><br \/>\n<strong>Skype:<\/strong> fasep2000<br \/>\n<strong>B\u00fcrozeiten:<\/strong> 8.00-12.00 Uhr, 13.00-17.00 Uhr (GMT+1)<\/p>\n<p>MwSt.-Nummer = 04037770486<br \/>\nCap. Soc. int. versato 73.000,00 euro<br \/>\nn. r.e.a. 411125 &#8211; mi fi 008453 &#8211; reg. trib. fi. 520025<br \/>\nn. iscr. reg.imp. di Firenze 04037770486<\/p>\n<\/div><\/section>\n<div  class='av_gmaps_sc_main_wrap av_gmaps_main_wrap '><div id='av_gmap_0' class='avia-google-map-container avia-google-map-sc av_gmaps_show_unconditionally av-no-fallback-img ' data-mapid='av_gmap_0'  style='height: 400px;'><a class=\"av_gmaps_browser_disabled av_text_confirm_link av_text_confirm_link_visible\" href=\"https:\/\/www.google.com\/maps\/search\/?api=1&#038;query=Via%20Faentina,%2096%2050032%20Borgo%20San%20Lorenzo%20FI%20Italia\" target=\"_blank\">Aufgrund deiner Datenschutz-Einstellungen k\u00f6nnen wir Ihnen die Karte nicht anzeigen. Klicken Sie hier, um die Karte in einem neuen Fenster zu \u00f6ffnen.<\/a><\/div><\/div><\/div>\n<style type=\"text\/css\" data-created_by=\"avia_inline_auto\" id=\"style-css-av-m5i0fj4b-48ec6ea1588e805256da261eb702f330\">\n#top .av-special-heading.av-m5i0fj4b-48ec6ea1588e805256da261eb702f330{\npadding-bottom:10px;\n}\nbody .av-special-heading.av-m5i0fj4b-48ec6ea1588e805256da261eb702f330 .av-special-heading-tag .heading-char{\nfont-size:25px;\n}\n.av-special-heading.av-m5i0fj4b-48ec6ea1588e805256da261eb702f330 .av-subheading{\nfont-size:15px;\n}\n<\/style>\n<div  class='av-special-heading av-m5i0fj4b-48ec6ea1588e805256da261eb702f330 av-special-heading-h1 blockquote modern-quote  avia-builder-el-8  el_after_av_one_third  el_before_av_textblock '><h1 class='av-special-heading-tag '  itemprop=\"headline\"  >Um eine Zahlung zu senden<\/h1><div class=\"special-heading-border\"><div class=\"special-heading-inner-border\"><\/div><\/div><\/div>\n\n<section  class='av_textblock_section av-m5i0fctz-eaf8acf1eac06baf70f62c1c37c487be '   itemscope=\"itemscope\" itemtype=\"https:\/\/schema.org\/CreativeWork\" ><div class='avia_textblock'  itemprop=\"text\" ><p>Um eine Zahlung zu senden<br \/>\nUnsere Bankverbindung f\u00fcr m\u00f6gliche Zahlungen:<\/p>\n<\/div><\/section>\n\n<div  class='flex_column av-63xf-098215a747fde57caaf62459f7cd67f1 av_one_half  avia-builder-el-10  el_after_av_textblock  el_before_av_one_half  first flex_column_div  column-top-margin'     ><section  class='av_textblock_section av-m5i0xi07-6ff4d48169362c0eb4c82b86f6684743 '   itemscope=\"itemscope\" itemtype=\"https:\/\/schema.org\/CreativeWork\" ><div class='avia_textblock'  itemprop=\"text\" ><p><strong>Verwendung:<\/strong><br \/>\nBANCA INTESA SANPAOLO<br \/>\nAgentur: Borgo San Lorenzo<br \/>\nCIN H ABI 03069 CAB 37751<br \/>\nBIC BCITITMM<br \/>\nC\/C 100000005158<br \/>\nIBAN-Code: DE 69 H 03069 37751 10000 0005158<\/p>\n<\/div><\/section><\/div><div  class='flex_column av-16lfj-3706f8232c843f7b2138f8ed06cee301 av_one_half  avia-builder-el-12  el_after_av_one_half  el_before_av_textblock  flex_column_div  column-top-margin'     ><section  class='av_textblock_section av-m5i0wsco-75a5c741e2cdccb1c9d6d59ea63efd4d '   itemscope=\"itemscope\" itemtype=\"https:\/\/schema.org\/CreativeWork\" ><div class='avia_textblock'  itemprop=\"text\" ><p><strong>Akkreditiv \/ Dokumentenakkreditiv oder Garantie<\/strong><br \/>\nBank: UNCRITMM &#8211; UniCredit S.P.A.<br \/>\nBIC \/ SWIFT: UNCRITM1F93<br \/>\nZweigstelle: 00516 &#8211; BORGO SAN LORENZO<br \/>\nKonto-Nr.: 000104322404<br \/>\nBeg\u00fcnstigter: FASEP 2000 srl<br \/>\nIBAN-Code: IT83R0200837751000104322404<\/p>\n<\/div><\/section><\/div><section  class='av_textblock_section av-m5i0yp7c-0e9ec13f2332230f45eee75ada60c71a '   itemscope=\"itemscope\" itemtype=\"https:\/\/schema.org\/CreativeWork\" ><div class='avia_textblock'  itemprop=\"text\" ><p>Per piccoli importi potete usare la vostra carta di credito con:<a href=\"https:\/\/www.paypal.me\/fasep2000\" target=\"_blank\" rel=\"noopener\"><br \/>\n<img decoding=\"async\" src=\"\/wp-content\/plugins\/fasep-plugin\/images\/logo_paypal_sicuro.png\" \/><br \/>\n<\/a><\/p>\n<p>    <a target=\"_blank\" href=\"https:\/\/buy.stripe.com\/28o7tmd9F1SB4la5kk\"><br \/>\n        <img decoding=\"async\" src=\"https:\/\/www.fasep.it\/wp-content\/uploads\/2025\/03\/stripe-logo.jpg\" alt=\"\" width=\"160\" class=\"alignnone size-full wp-image-7858\" \/><br \/>\n    <\/a><\/p>\n<\/div><\/section>\n\n<\/div><\/div><\/main><!-- close content main element --><\/div><\/div><div id='after_section_1'  class='main_color av_default_container_wrap container_wrap sidebar_right'  ><div class='container av-section-cont-open' ><div class='template-page content  av-content-small alpha units'><div class='post-entry post-entry-type-page post-entry-2952'><div class='entry-content-wrapper clearfix'>","protected":false},"excerpt":{"rendered":"","protected":false},"author":1,"featured_media":0,"parent":0,"menu_order":5,"comment_status":"closed","ping_status":"closed","template":"","meta":{"_acf_changed":false,"footnotes":""},"class_list":["post-2952","page","type-page","status-publish","hentry"],"acf":[],"yoast_head":"<!-- This site is optimized with the Yoast SEO plugin v25.7 - https:\/\/yoast.com\/wordpress\/plugins\/seo\/ -->\n<title>KONTAKT - Fasep 2000 srl<\/title>\n<meta name=\"robots\" content=\"index, follow, max-snippet:-1, max-image-preview:large, max-video-preview:-1\" \/>\n<meta property=\"og:locale\" content=\"de_DE\" \/>\n<meta property=\"og:type\" content=\"article\" \/>\n<meta property=\"og:title\" content=\"KONTAKT - Fasep 2000 srl\" \/>\n<meta property=\"og:url\" content=\"https:\/\/www.fasep.it\/de\/kontakt\/\" \/>\n<meta property=\"og:site_name\" content=\"Fasep 2000 srl\" \/>\n<meta property=\"article:modified_time\" content=\"2025-04-08T13:35:57+00:00\" \/>\n<meta property=\"og:image\" content=\"https:\/\/www.fasep.it\/wp-content\/uploads\/2025\/03\/stripe-logo.jpg\" \/>\n<meta name=\"twitter:card\" content=\"summary_large_image\" \/>\n<meta name=\"twitter:label1\" content=\"Gesch\u00e4tzte Lesezeit\" \/>\n\t<meta name=\"twitter:data1\" content=\"20\u00a0Minuten\" \/>\n<script type=\"application\/ld+json\" class=\"yoast-schema-graph\">{\"@context\":\"https:\/\/schema.org\",\"@graph\":[{\"@type\":\"WebPage\",\"@id\":\"https:\/\/www.fasep.it\/de\/kontakt\/\",\"url\":\"https:\/\/www.fasep.it\/de\/kontakt\/\",\"name\":\"KONTAKT - Fasep 2000 srl\",\"isPartOf\":{\"@id\":\"https:\/\/www.fasep.it\/de\/#website\"},\"primaryImageOfPage\":{\"@id\":\"https:\/\/www.fasep.it\/de\/kontakt\/#primaryimage\"},\"image\":{\"@id\":\"https:\/\/www.fasep.it\/de\/kontakt\/#primaryimage\"},\"thumbnailUrl\":\"https:\/\/www.fasep.it\/wp-content\/uploads\/2025\/03\/stripe-logo.jpg\",\"datePublished\":\"2023-12-27T11:15:08+00:00\",\"dateModified\":\"2025-04-08T13:35:57+00:00\",\"breadcrumb\":{\"@id\":\"https:\/\/www.fasep.it\/de\/kontakt\/#breadcrumb\"},\"inLanguage\":\"de\",\"potentialAction\":[{\"@type\":\"ReadAction\",\"target\":[\"https:\/\/www.fasep.it\/de\/kontakt\/\"]}]},{\"@type\":\"ImageObject\",\"inLanguage\":\"de\",\"@id\":\"https:\/\/www.fasep.it\/de\/kontakt\/#primaryimage\",\"url\":\"https:\/\/www.fasep.it\/wp-content\/uploads\/2025\/03\/stripe-logo.jpg\",\"contentUrl\":\"https:\/\/www.fasep.it\/wp-content\/uploads\/2025\/03\/stripe-logo.jpg\"},{\"@type\":\"BreadcrumbList\",\"@id\":\"https:\/\/www.fasep.it\/de\/kontakt\/#breadcrumb\",\"itemListElement\":[{\"@type\":\"ListItem\",\"position\":1,\"name\":\"Home\",\"item\":\"https:\/\/www.fasep.it\/de\/\"},{\"@type\":\"ListItem\",\"position\":2,\"name\":\"KONTAKT\"}]},{\"@type\":\"WebSite\",\"@id\":\"https:\/\/www.fasep.it\/de\/#website\",\"url\":\"https:\/\/www.fasep.it\/de\/\",\"name\":\"Fasep 2000 srl\",\"description\":\"\",\"potentialAction\":[{\"@type\":\"SearchAction\",\"target\":{\"@type\":\"EntryPoint\",\"urlTemplate\":\"https:\/\/www.fasep.it\/de\/?s={search_term_string}\"},\"query-input\":{\"@type\":\"PropertyValueSpecification\",\"valueRequired\":true,\"valueName\":\"search_term_string\"}}],\"inLanguage\":\"de\"}]}<\/script>\n<!-- \/ Yoast SEO plugin. -->","yoast_head_json":{"title":"KONTAKT - Fasep 2000 srl","robots":{"index":"index","follow":"follow","max-snippet":"max-snippet:-1","max-image-preview":"max-image-preview:large","max-video-preview":"max-video-preview:-1"},"og_locale":"de_DE","og_type":"article","og_title":"KONTAKT - Fasep 2000 srl","og_url":"https:\/\/www.fasep.it\/de\/kontakt\/","og_site_name":"Fasep 2000 srl","article_modified_time":"2025-04-08T13:35:57+00:00","og_image":[{"url":"https:\/\/www.fasep.it\/wp-content\/uploads\/2025\/03\/stripe-logo.jpg","type":"","width":"","height":""}],"twitter_card":"summary_large_image","twitter_misc":{"Gesch\u00e4tzte Lesezeit":"20\u00a0Minuten"},"schema":{"@context":"https:\/\/schema.org","@graph":[{"@type":"WebPage","@id":"https:\/\/www.fasep.it\/de\/kontakt\/","url":"https:\/\/www.fasep.it\/de\/kontakt\/","name":"KONTAKT - Fasep 2000 srl","isPartOf":{"@id":"https:\/\/www.fasep.it\/de\/#website"},"primaryImageOfPage":{"@id":"https:\/\/www.fasep.it\/de\/kontakt\/#primaryimage"},"image":{"@id":"https:\/\/www.fasep.it\/de\/kontakt\/#primaryimage"},"thumbnailUrl":"https:\/\/www.fasep.it\/wp-content\/uploads\/2025\/03\/stripe-logo.jpg","datePublished":"2023-12-27T11:15:08+00:00","dateModified":"2025-04-08T13:35:57+00:00","breadcrumb":{"@id":"https:\/\/www.fasep.it\/de\/kontakt\/#breadcrumb"},"inLanguage":"de","potentialAction":[{"@type":"ReadAction","target":["https:\/\/www.fasep.it\/de\/kontakt\/"]}]},{"@type":"ImageObject","inLanguage":"de","@id":"https:\/\/www.fasep.it\/de\/kontakt\/#primaryimage","url":"https:\/\/www.fasep.it\/wp-content\/uploads\/2025\/03\/stripe-logo.jpg","contentUrl":"https:\/\/www.fasep.it\/wp-content\/uploads\/2025\/03\/stripe-logo.jpg"},{"@type":"BreadcrumbList","@id":"https:\/\/www.fasep.it\/de\/kontakt\/#breadcrumb","itemListElement":[{"@type":"ListItem","position":1,"name":"Home","item":"https:\/\/www.fasep.it\/de\/"},{"@type":"ListItem","position":2,"name":"KONTAKT"}]},{"@type":"WebSite","@id":"https:\/\/www.fasep.it\/de\/#website","url":"https:\/\/www.fasep.it\/de\/","name":"Fasep 2000 srl","description":"","potentialAction":[{"@type":"SearchAction","target":{"@type":"EntryPoint","urlTemplate":"https:\/\/www.fasep.it\/de\/?s={search_term_string}"},"query-input":{"@type":"PropertyValueSpecification","valueRequired":true,"valueName":"search_term_string"}}],"inLanguage":"de"}]}},"_links":{"self":[{"href":"https:\/\/www.fasep.it\/de\/wp-json\/wp\/v2\/pages\/2952","targetHints":{"allow":["GET"]}}],"collection":[{"href":"https:\/\/www.fasep.it\/de\/wp-json\/wp\/v2\/pages"}],"about":[{"href":"https:\/\/www.fasep.it\/de\/wp-json\/wp\/v2\/types\/page"}],"author":[{"embeddable":true,"href":"https:\/\/www.fasep.it\/de\/wp-json\/wp\/v2\/users\/1"}],"replies":[{"embeddable":true,"href":"https:\/\/www.fasep.it\/de\/wp-json\/wp\/v2\/comments?post=2952"}],"version-history":[{"count":19,"href":"https:\/\/www.fasep.it\/de\/wp-json\/wp\/v2\/pages\/2952\/revisions"}],"predecessor-version":[{"id":8427,"href":"https:\/\/www.fasep.it\/de\/wp-json\/wp\/v2\/pages\/2952\/revisions\/8427"}],"wp:attachment":[{"href":"https:\/\/www.fasep.it\/de\/wp-json\/wp\/v2\/media?parent=2952"}],"curies":[{"name":"wp","href":"https:\/\/api.w.org\/{rel}","templated":true}]}}