{"id":2913,"date":"2023-12-27T12:14:29","date_gmt":"2023-12-27T11:14:29","guid":{"rendered":"https:\/\/www2.fasep.it\/chi-siamo\/"},"modified":"2025-08-04T16:36:47","modified_gmt":"2025-08-04T14:36:47","slug":"ueber-uns","status":"publish","type":"page","link":"https:\/\/www.fasep.it\/de\/ueber-uns\/","title":{"rendered":"\u00dcber uns"},"content":{"rendered":"<div id='full_slider_1'  class='avia-fullwidth-slider main_color avia-shadow   avia-builder-el-0  el_before_av_section  avia-builder-el-first   container_wrap sidebar_right'  >\n<style type=\"text\/css\" data-created_by=\"avia_inline_auto\" id=\"style-css-av-m5i15slx-f826c3d5ce4ca2879cc1b19be5753fbd\">\n#top #wrap_all .avia-slideshow .av-slideshow-caption.av-m5i15slx-f826c3d5ce4ca2879cc1b19be5753fbd__0 .avia-caption-title{\nfont-size:40px;\ncolor:#ffffff;\n}\n#top .avia-slideshow .av-slideshow-caption.av-m5i15slx-f826c3d5ce4ca2879cc1b19be5753fbd__0 .avia-caption-content{\nfont-size:22px;\ncolor:#ffffff;\n}\n#top .avia-slideshow .av-slideshow-caption.av-m5i15slx-f826c3d5ce4ca2879cc1b19be5753fbd__0 .avia-caption-content p{\nfont-size:22px;\n}\n<\/style>\n<div  class='avia-slideshow av-m5i15slx-f826c3d5ce4ca2879cc1b19be5753fbd avia-slideshow-featured av_slideshow_full avia-slide-slider av-slideshow-ui av-control-default av-slideshow-manual av-loop-once av-loop-manual-endless av-default-height-applied   avia-slideshow-1' data-slideshow-options=\"{&quot;animation&quot;:&quot;slide&quot;,&quot;autoplay&quot;:false,&quot;loop_autoplay&quot;:&quot;once&quot;,&quot;interval&quot;:5,&quot;loop_manual&quot;:&quot;manual-endless&quot;,&quot;autoplay_stopper&quot;:false,&quot;noNavigation&quot;:false,&quot;bg_slider&quot;:false,&quot;keep_padding&quot;:false,&quot;hoverpause&quot;:false,&quot;show_slide_delay&quot;:0}\"  itemprop=\"image\" itemscope=\"itemscope\" itemtype=\"https:\/\/schema.org\/ImageObject\" ><ul class='avia-slideshow-inner ' style='padding-bottom: 28.666666666667%;'><li  class='avia-slideshow-slide av-m5i15slx-f826c3d5ce4ca2879cc1b19be5753fbd__0  av-single-slide slide-1 slide-odd'><div data-rel='slideshow-1' class='avia-slide-wrap '   ><div class='av-slideshow-caption av-m5i15slx-f826c3d5ce4ca2879cc1b19be5753fbd__0 caption_fullwidth caption_left'><div class=\"container caption_container\"><div class=\"slideshow_caption\"><div class=\"slideshow_inner_caption\"><div class=\"slideshow_align_caption\"><h2 class='avia-caption-title '  itemprop=\"name\" >\u00dcber uns<\/h2><div class='avia-caption-content av_inherit_color'  itemprop=\"description\" ><p>Unser Geist, unsere Mission&#8230;<\/p>\n<\/div><\/div><\/div><\/div><\/div><\/div><img decoding=\"async\" fetchpriority=\"high\" class=\"wp-image-3995 avia-img-lazy-loading-not-3995\"  src=\"https:\/\/www.fasep.it\/wp-content\/uploads\/2025\/01\/chi-siamo-1500x430.jpg\" width=\"1500\" height=\"430\" title='chi-siamo' alt=''  itemprop=\"thumbnailUrl\"   \/><\/div><\/li><\/ul><\/div><\/div>\n\n<div id='av_section_1'  class='avia-section av-13xld-6d595901470ae0fde955ee446591686a main_color avia-section-default avia-no-border-styling  avia-builder-el-1  el_after_av_slideshow_full  el_before_av_section  chi-siamo avia-bg-style-scroll container_wrap sidebar_right'  ><div class='container av-section-cont-open' ><div class='template-page content  av-content-small alpha units'><div class='post-entry post-entry-type-page post-entry-2913'><div class='entry-content-wrapper clearfix'>\n\n\n<style type=\"text\/css\" data-created_by=\"avia_inline_auto\" id=\"style-css-av-lx4clwul-ea5ae843a0bfe46883dba14dd73c16c3\">\n#top .hr.hr-invisible.av-lx4clwul-ea5ae843a0bfe46883dba14dd73c16c3{\nheight:50px;\n}\n<\/style>\n<div  class='hr av-lx4clwul-ea5ae843a0bfe46883dba14dd73c16c3 hr-invisible  avia-builder-el-2  el_before_av_textblock  avia-builder-el-first '><span class='hr-inner '><span class=\"hr-inner-style\"><\/span><\/span><\/div>\n\n<section  class='av_textblock_section av-lx4ci6g0-943587a6af9fecf15dc01885ba3fefe6 '   itemscope=\"itemscope\" itemtype=\"https:\/\/schema.org\/CreativeWork\" ><div class='avia_textblock chi-siamo_title'  itemprop=\"text\" ><h2 style=\"text-align: center;\"><strong>Seit 1969 steht die FASEP f\u00fcr<\/strong><br \/>\n<strong>LEIDENSCHAFT<\/strong><br \/>\n<strong>KOMPETENZ<\/strong><br \/>\n<strong>ENGAGEMENT<\/strong><\/h2>\n<\/div><\/section>\n\n\n<style type=\"text\/css\" data-created_by=\"avia_inline_auto\" id=\"style-css-av-m5i128ga-5937e526a58ae6a6cf41a0de2f2f170a\">\n#top .av-special-heading.av-m5i128ga-5937e526a58ae6a6cf41a0de2f2f170a{\npadding-bottom:10px;\n}\nbody .av-special-heading.av-m5i128ga-5937e526a58ae6a6cf41a0de2f2f170a .av-special-heading-tag .heading-char{\nfont-size:25px;\n}\n.av-special-heading.av-m5i128ga-5937e526a58ae6a6cf41a0de2f2f170a .av-subheading{\nfont-size:15px;\n}\n<\/style>\n<div  class='av-special-heading av-m5i128ga-5937e526a58ae6a6cf41a0de2f2f170a av-special-heading-h3 blockquote modern-quote modern-centered  avia-builder-el-4  el_after_av_textblock  el_before_av_heading  chi-siamo_subtitle'><h3 class='av-special-heading-tag '  itemprop=\"headline\"  >WIR ENTWICKELN und PRODUZIEREN Achsmessger\u00e4te, Auswuchtmaschinen und Montiermaschinen in ITALIEN und exportieren in \u00fcber 50 L\u00e4nder weltweit.<\/h3><div class=\"special-heading-border\"><div class=\"special-heading-inner-border\"><\/div><\/div><\/div>\n\n\n<style type=\"text\/css\" data-created_by=\"avia_inline_auto\" id=\"style-css-av-m5i12gnq-d108cde08c1d1fa673a06f18f8df6949\">\n#top .av-special-heading.av-m5i12gnq-d108cde08c1d1fa673a06f18f8df6949{\npadding-bottom:10px;\n}\nbody .av-special-heading.av-m5i12gnq-d108cde08c1d1fa673a06f18f8df6949 .av-special-heading-tag .heading-char{\nfont-size:25px;\n}\n.av-special-heading.av-m5i12gnq-d108cde08c1d1fa673a06f18f8df6949 .av-subheading{\nfont-size:15px;\n}\n<\/style>\n<div  class='av-special-heading av-m5i12gnq-d108cde08c1d1fa673a06f18f8df6949 av-special-heading-h4 blockquote modern-quote modern-centered  avia-builder-el-5  el_after_av_heading  el_before_av_hr  chi-siamo_subtitle'><h4 class='av-special-heading-tag '  itemprop=\"headline\"  >Wir glauben an Ideen, an Innovation, aber vor allem an Menschen.<\/h4><div class=\"special-heading-border\"><div class=\"special-heading-inner-border\"><\/div><\/div><\/div>\n\n\n<style type=\"text\/css\" data-created_by=\"avia_inline_auto\" id=\"style-css-av-m5i1u6zz-75ce7ce2eac536d245845beb5f47fb52\">\n#top .hr.hr-invisible.av-m5i1u6zz-75ce7ce2eac536d245845beb5f47fb52{\nheight:50px;\n}\n<\/style>\n<div  class='hr av-m5i1u6zz-75ce7ce2eac536d245845beb5f47fb52 hr-invisible  avia-builder-el-6  el_after_av_heading  el_before_av_one_third '><span class='hr-inner '><span class=\"hr-inner-style\"><\/span><\/span><\/div>\n\n<div  class='flex_column av-8syfl-fadb98b5fc12a0e6147d29b3d1e0388a av_one_third  avia-builder-el-7  el_after_av_hr  el_before_av_one_third  chi-siamo_column first flex_column_div  '     ><style type=\"text\/css\" data-created_by=\"avia_inline_auto\" id=\"style-css-av-m5i1310q-9363a9fd3c52e7d82d1b2367c8c6e2f5\">\n#top .av-special-heading.av-m5i1310q-9363a9fd3c52e7d82d1b2367c8c6e2f5{\npadding-bottom:10px;\n}\nbody .av-special-heading.av-m5i1310q-9363a9fd3c52e7d82d1b2367c8c6e2f5 .av-special-heading-tag .heading-char{\nfont-size:25px;\n}\n.av-special-heading.av-m5i1310q-9363a9fd3c52e7d82d1b2367c8c6e2f5 .av-subheading{\nfont-size:15px;\n}\n<\/style>\n<div  class='av-special-heading av-m5i1310q-9363a9fd3c52e7d82d1b2367c8c6e2f5 av-special-heading-h3 blockquote modern-quote  avia-builder-el-8  el_before_av_textblock  avia-builder-el-first '><h3 class='av-special-heading-tag '  itemprop=\"headline\"  >INNOVATION<\/h3><div class=\"special-heading-border\"><div class=\"special-heading-inner-border\"><\/div><\/div><\/div>\n<section  class='av_textblock_section av-m5i13c3h-321e7161a7e61a5585c8f13f41b447a3 '   itemscope=\"itemscope\" itemtype=\"https:\/\/schema.org\/CreativeWork\" ><div class='avia_textblock'  itemprop=\"text\" ><h4>\u00c4NDERN, UM ZU WACHSEN<\/h4>\n<p>Vom ersten elektronischen Achsmessger\u00e4t in Italien im Jahr 1974 bis zu den Innovationen der digitalen Elektronik in den 90er Jahren haben wir nie aufgeh\u00f6rt zu innovieren.<\/p>\n<\/div><\/section><\/div><div  class='flex_column av-3s4mt-37cc25e3243c37401b5efb859f02c7e4 av_one_third  avia-builder-el-10  el_after_av_one_third  el_before_av_one_third  chi-siamo_column flex_column_div  '     ><style type=\"text\/css\" data-created_by=\"avia_inline_auto\" id=\"style-css-av-3f319-c5633e7c38e78f57255cd863762d2d6a\">\n#top .av-special-heading.av-3f319-c5633e7c38e78f57255cd863762d2d6a{\npadding-bottom:10px;\n}\nbody .av-special-heading.av-3f319-c5633e7c38e78f57255cd863762d2d6a .av-special-heading-tag .heading-char{\nfont-size:25px;\n}\n.av-special-heading.av-3f319-c5633e7c38e78f57255cd863762d2d6a .av-subheading{\nfont-size:15px;\n}\n<\/style>\n<div  class='av-special-heading av-3f319-c5633e7c38e78f57255cd863762d2d6a av-special-heading-h3 blockquote modern-quote  avia-builder-el-11  el_before_av_textblock  avia-builder-el-first '><h3 class='av-special-heading-tag '  itemprop=\"headline\"  >LEIDENSCHAFT<\/h3><div class=\"special-heading-border\"><div class=\"special-heading-inner-border\"><\/div><\/div><\/div>\n<section  class='av_textblock_section av-2w309-0623a2feb98a6c8d98046401b8798943 '   itemscope=\"itemscope\" itemtype=\"https:\/\/schema.org\/CreativeWork\" ><div class='avia_textblock'  itemprop=\"text\" ><h4>PARTNER, NICHT NUR LIEFERANTEN<\/h4>\n<p>In einer Welt der Tonbandstimmen und Callcenter wissen unsere Kunden, dass sie sich darauf verlassen k\u00f6nnen, dass wir ihnen die Zeit, die Aufmerksamkeit und die Professionalit\u00e4t widmen, die sie verdienen. Das Vertrauen unserer Kunden ist unser Erfolg.<\/p>\n<\/div><\/section><\/div><div  class='flex_column av-1zrqh-7715b082eb89fd9e37496d17e937cbfd av_one_third  avia-builder-el-13  el_after_av_one_third  avia-builder-el-last  chi-siamo_column flex_column_div  '     ><style type=\"text\/css\" data-created_by=\"avia_inline_auto\" id=\"style-css-av-1bv35-f3126d511f63a8577f038214d88732d1\">\n#top .av-special-heading.av-1bv35-f3126d511f63a8577f038214d88732d1{\npadding-bottom:10px;\n}\nbody .av-special-heading.av-1bv35-f3126d511f63a8577f038214d88732d1 .av-special-heading-tag .heading-char{\nfont-size:25px;\n}\n.av-special-heading.av-1bv35-f3126d511f63a8577f038214d88732d1 .av-subheading{\nfont-size:15px;\n}\n<\/style>\n<div  class='av-special-heading av-1bv35-f3126d511f63a8577f038214d88732d1 av-special-heading-h3 blockquote modern-quote  avia-builder-el-14  el_before_av_textblock  avia-builder-el-first '><h3 class='av-special-heading-tag '  itemprop=\"headline\"  >QUALIT\u00c4T<\/h3><div class=\"special-heading-border\"><div class=\"special-heading-inner-border\"><\/div><\/div><\/div>\n<section  class='av_textblock_section av-oqzl-22511af9404e20eed3bf508f441038eb '   itemscope=\"itemscope\" itemtype=\"https:\/\/schema.org\/CreativeWork\" ><div class='avia_textblock'  itemprop=\"text\" ><h4>MASSGESCHNEIDERTE DIENSTLEISTUNGEN UND PRODUKTE<\/h4>\n<p>Wir verkaufen weltweit Ger\u00e4te, die dem Endverbraucher durch sorgf\u00e4ltige Qualit\u00e4tskontrolle und pers\u00f6nlichen Kundenservice sichere und leistungsstarke Fahrzeuge garantieren.<\/p>\n<\/div><\/section><\/div><\/div><\/div><\/div><!-- close content main div --><\/div><\/div>\n<style type=\"text\/css\" data-created_by=\"avia_inline_auto\" id=\"style-css-av-4qbq9-7b4aeb0d5b51c3d1601aa479455e3dc8\">\n.avia-section.av-4qbq9-7b4aeb0d5b51c3d1601aa479455e3dc8{\nbackground-color:#f9f9f9;\nbackground-image:unset;\n}\n<\/style>\n<div id='av_section_2'  class='avia-section av-4qbq9-7b4aeb0d5b51c3d1601aa479455e3dc8 main_color avia-section-default avia-no-border-styling  avia-builder-el-16  el_after_av_section  el_before_av_section  chi-siamo avia-bg-style-scroll container_wrap sidebar_right'  ><div class='container av-section-cont-open' ><div class='template-page content  av-content-small alpha units'><div class='post-entry post-entry-type-page post-entry-2913'><div class='entry-content-wrapper clearfix'>\n<section  class='av_textblock_section av-m5i1485o-1c4c192d80906352e1dc8e9f281d63fd '   itemscope=\"itemscope\" itemtype=\"https:\/\/schema.org\/CreativeWork\" ><div class='avia_textblock chi-siamo_title'  itemprop=\"text\" ><h2 style=\"text-align: center;\">LEIDENSCHAFT<\/h2>\n\n<\/div><\/section>\n\n<section  class='av_textblock_section av-m5i14kzk-0571f983a33973457c3d1dc3bf32dc4e '   itemscope=\"itemscope\" itemtype=\"https:\/\/schema.org\/CreativeWork\" ><div class='avia_textblock chi-siamo_content'  itemprop=\"text\" ><p style=\"text-align: center;\">Mario Boni, der Vater von Fulvio, er\u00f6ffnete nach dem Krieg eine kleine mechanische Werkstatt, in der er Motorr\u00e4der reparierte und Webst\u00fchle mechanisierte. Diese Werkstatt war die Geburtsst\u00e4tte von <strong>FASEP<\/strong>.<br \/>\n<strong>FASEP<\/strong> wurde 1969 von Fulvio Boni gegr\u00fcndet, mit einem Kapital von nichts als ungew\u00f6hnlichen Ideen und einem hartn\u00e4ckigen Willen, sie zu verwirklichen, auch wenn sie manchmal den technischen \u00dcberzeugungen der Zeit widersprachen.<br \/>\nAus diesem Grund sind die Produkte von <strong>FASEP<\/strong> seit jeher sehr innovativ in Bezug auf Inhalt, Technologie und Design.<\/p>\n<\/div><\/section>\n\n\n<\/div><\/div><\/div><!-- close content main div --><\/div><\/div><div id='av_section_3'  class='avia-section av-noep-bd9532e0737c40edf9d5bc8f3ec519bf main_color avia-section-default avia-no-border-styling  avia-builder-el-19  el_after_av_section  el_before_av_section  chi-siamo avia-bg-style-scroll container_wrap sidebar_right'  ><div class='container av-section-cont-open' ><div class='template-page content  av-content-small alpha units'><div class='post-entry post-entry-type-page post-entry-2913'><div class='entry-content-wrapper clearfix'>\n\n<section  class='av_textblock_section av-m5i265hb-4d27c12de1c80df681b99ab1fbb9cb39 '   itemscope=\"itemscope\" itemtype=\"https:\/\/schema.org\/CreativeWork\" ><div class='avia_textblock chi-siamo_title'  itemprop=\"text\" ><h2 style=\"text-align: center;\">KOMPETENZ<\/h2>\n<\/div><\/section>\n\n<section  class='av_textblock_section av-m5i26eo8-23244976f8da91a6f57c3b55e79db597 '   itemscope=\"itemscope\" itemtype=\"https:\/\/schema.org\/CreativeWork\" ><div class='avia_textblock chi-siamo_content'  itemprop=\"text\" ><p style=\"text-align: center;\">Seit \u00fcber 50 Jahren liegt <strong>die St\u00e4rke unseres Unternehmens in der Entwicklung, Konstruktion und Produktion<\/strong> von mechanischen und elektronischen Komponenten f\u00fcr Auswuchtmaschinen und Achsmessger\u00e4te, die alle in unserem Werk in Ronta (Florenz) hergestellt werden.<br \/>\nDiese starke Spezialisierung hat es uns erm\u00f6glicht, im Laufe der Jahre ein Know-how und spezifische Kenntnisse zu erwerben, die es uns erlauben, <strong>einzigartige und innovative<\/strong> Produkte, Neuheiten und L\u00f6sungen anzubieten, so dass wir in der Lage sind, unsere Maschinen auch f\u00fcr andere bekannte Marken des Sektors herzustellen.<\/p>\n\n<\/div><\/section>\n\n<\/div><\/div><\/div><!-- close content main div --><\/div><\/div>\n<style type=\"text\/css\" data-created_by=\"avia_inline_auto\" id=\"style-css-av-m5i27qvz-810c796d9eca3942c2f8801514e57b10\">\n.avia-section.av-m5i27qvz-810c796d9eca3942c2f8801514e57b10{\nbackground-color:#f9f9f9;\nbackground-image:unset;\n}\n<\/style>\n<div id='av_section_4'  class='avia-section av-m5i27qvz-810c796d9eca3942c2f8801514e57b10 main_color avia-section-default avia-no-border-styling  avia-builder-el-22  el_after_av_section  avia-builder-el-last  chi-siamo avia-bg-style-scroll container_wrap sidebar_right'  ><div class='container av-section-cont-open' ><div class='template-page content  av-content-small alpha units'><div class='post-entry post-entry-type-page post-entry-2913'><div class='entry-content-wrapper clearfix'>\n\n<section  class='av_textblock_section av-m5i26qa3-48b2d753ceb2ca4a22be894c2dd99405 '   itemscope=\"itemscope\" itemtype=\"https:\/\/schema.org\/CreativeWork\" ><div class='avia_textblock chi-siamo_title'  itemprop=\"text\" ><h2 style=\"text-align: center;\">ENGAGEMENT<\/h2>\n\n<\/div><\/section>\n\n<section  class='av_textblock_section av-m5i26vjb-382497b35cd901b193efc066821b5dbd '   itemscope=\"itemscope\" itemtype=\"https:\/\/schema.org\/CreativeWork\" ><div class='avia_textblock chi-siamo_content'  itemprop=\"text\" ><p style=\"text-align: center;\">Unser Engineering, <strong>angefangen bei der mechanischen Konstruktion<\/strong>, wird vollst\u00e4ndig intern durchgef\u00fchrt, wobei modernste Ausr\u00fcstungen und Software zum Einsatz kommen.<br \/>\n<strong>Auch die Elektronik ist seit jeher ein internes Know-how von FASEP<\/strong>, das Fachleuten mit nachgewiesener Erfahrung und Kompetenz anvertraut wird.<br \/>\n<strong>Die Software unserer Ger\u00e4te wird vollst\u00e4ndig intern entwickelt<\/strong> und bildet das Herzst\u00fcck der <strong>FASEP<\/strong>-Produkte, die sich durch Qualit\u00e4t und Innovation auszeichnen.<\/p>\n<\/div><\/section>\n\n<\/div><\/div><\/div><!-- close content main div --><\/div><\/div><div id='after_section_4'  class='main_color av_default_container_wrap container_wrap sidebar_right'  ><div class='container av-section-cont-open' ><div class='template-page content  av-content-small alpha units'><div class='post-entry post-entry-type-page post-entry-2913'><div class='entry-content-wrapper clearfix'>","protected":false},"excerpt":{"rendered":"","protected":false},"author":1,"featured_media":0,"parent":0,"menu_order":2,"comment_status":"closed","ping_status":"closed","template":"","meta":{"_acf_changed":false,"footnotes":""},"class_list":["post-2913","page","type-page","status-publish","hentry"],"acf":[],"yoast_head":"<!-- This site is optimized with the Yoast SEO plugin v25.7 - https:\/\/yoast.com\/wordpress\/plugins\/seo\/ -->\n<title>\u00dcber FASEP \u2013 Italienischer Hersteller von Achsvermessungs- und Wuchtmaschinen<\/title>\n<meta name=\"description\" content=\"Erfahren Sie, wie FASEP sich von einer kleinen Werkstatt im Jahr 1969 zu einem globalen Anbieter von Achsmessger\u00e4ten, Wuchtmaschinen und Reifenmontiermaschinen entwickelt hat. Entdecken Sie unsere Leidenschaft, Innovation und italienische Handwerkskunst.\" \/>\n<meta name=\"robots\" content=\"index, follow, max-snippet:-1, max-image-preview:large, max-video-preview:-1\" \/>\n<meta property=\"og:locale\" content=\"de_DE\" \/>\n<meta property=\"og:type\" content=\"article\" \/>\n<meta property=\"og:title\" content=\"\u00dcber FASEP \u2013 Italienischer Hersteller von Achsvermessungs- und Wuchtmaschinen\" \/>\n<meta property=\"og:description\" content=\"Erfahren Sie, wie FASEP sich von einer kleinen Werkstatt im Jahr 1969 zu einem globalen Anbieter von Achsmessger\u00e4ten, Wuchtmaschinen und Reifenmontiermaschinen entwickelt hat. Entdecken Sie unsere Leidenschaft, Innovation und italienische Handwerkskunst.\" \/>\n<meta property=\"og:url\" content=\"https:\/\/www.fasep.it\/de\/ueber-uns\/\" \/>\n<meta property=\"og:site_name\" content=\"Fasep 2000 srl\" \/>\n<meta property=\"article:modified_time\" content=\"2025-08-04T14:36:47+00:00\" \/>\n<meta name=\"twitter:card\" content=\"summary_large_image\" \/>\n<meta name=\"twitter:label1\" content=\"Gesch\u00e4tzte Lesezeit\" \/>\n\t<meta name=\"twitter:data1\" content=\"28\u00a0Minuten\" \/>\n<script type=\"application\/ld+json\" class=\"yoast-schema-graph\">{\"@context\":\"https:\/\/schema.org\",\"@graph\":[{\"@type\":\"WebPage\",\"@id\":\"https:\/\/www.fasep.it\/de\/ueber-uns\/\",\"url\":\"https:\/\/www.fasep.it\/de\/ueber-uns\/\",\"name\":\"\u00dcber FASEP \u2013 Italienischer Hersteller von Achsvermessungs- und Wuchtmaschinen\",\"isPartOf\":{\"@id\":\"https:\/\/www.fasep.it\/de\/#website\"},\"datePublished\":\"2023-12-27T11:14:29+00:00\",\"dateModified\":\"2025-08-04T14:36:47+00:00\",\"description\":\"Erfahren Sie, wie FASEP sich von einer kleinen Werkstatt im Jahr 1969 zu einem globalen Anbieter von Achsmessger\u00e4ten, Wuchtmaschinen und Reifenmontiermaschinen entwickelt hat. Entdecken Sie unsere Leidenschaft, Innovation und italienische Handwerkskunst.\",\"breadcrumb\":{\"@id\":\"https:\/\/www.fasep.it\/de\/ueber-uns\/#breadcrumb\"},\"inLanguage\":\"de\",\"potentialAction\":[{\"@type\":\"ReadAction\",\"target\":[\"https:\/\/www.fasep.it\/de\/ueber-uns\/\"]}]},{\"@type\":\"BreadcrumbList\",\"@id\":\"https:\/\/www.fasep.it\/de\/ueber-uns\/#breadcrumb\",\"itemListElement\":[{\"@type\":\"ListItem\",\"position\":1,\"name\":\"Home\",\"item\":\"https:\/\/www.fasep.it\/de\/\"},{\"@type\":\"ListItem\",\"position\":2,\"name\":\"\u00dcber uns\"}]},{\"@type\":\"WebSite\",\"@id\":\"https:\/\/www.fasep.it\/de\/#website\",\"url\":\"https:\/\/www.fasep.it\/de\/\",\"name\":\"Fasep 2000 srl\",\"description\":\"\",\"potentialAction\":[{\"@type\":\"SearchAction\",\"target\":{\"@type\":\"EntryPoint\",\"urlTemplate\":\"https:\/\/www.fasep.it\/de\/?s={search_term_string}\"},\"query-input\":{\"@type\":\"PropertyValueSpecification\",\"valueRequired\":true,\"valueName\":\"search_term_string\"}}],\"inLanguage\":\"de\"}]}<\/script>\n<!-- \/ Yoast SEO plugin. -->","yoast_head_json":{"title":"\u00dcber FASEP \u2013 Italienischer Hersteller von Achsvermessungs- und Wuchtmaschinen","description":"Erfahren Sie, wie FASEP sich von einer kleinen Werkstatt im Jahr 1969 zu einem globalen Anbieter von Achsmessger\u00e4ten, Wuchtmaschinen und Reifenmontiermaschinen entwickelt hat. Entdecken Sie unsere Leidenschaft, Innovation und italienische Handwerkskunst.","robots":{"index":"index","follow":"follow","max-snippet":"max-snippet:-1","max-image-preview":"max-image-preview:large","max-video-preview":"max-video-preview:-1"},"og_locale":"de_DE","og_type":"article","og_title":"\u00dcber FASEP \u2013 Italienischer Hersteller von Achsvermessungs- und Wuchtmaschinen","og_description":"Erfahren Sie, wie FASEP sich von einer kleinen Werkstatt im Jahr 1969 zu einem globalen Anbieter von Achsmessger\u00e4ten, Wuchtmaschinen und Reifenmontiermaschinen entwickelt hat. Entdecken Sie unsere Leidenschaft, Innovation und italienische Handwerkskunst.","og_url":"https:\/\/www.fasep.it\/de\/ueber-uns\/","og_site_name":"Fasep 2000 srl","article_modified_time":"2025-08-04T14:36:47+00:00","twitter_card":"summary_large_image","twitter_misc":{"Gesch\u00e4tzte Lesezeit":"28\u00a0Minuten"},"schema":{"@context":"https:\/\/schema.org","@graph":[{"@type":"WebPage","@id":"https:\/\/www.fasep.it\/de\/ueber-uns\/","url":"https:\/\/www.fasep.it\/de\/ueber-uns\/","name":"\u00dcber FASEP \u2013 Italienischer Hersteller von Achsvermessungs- und Wuchtmaschinen","isPartOf":{"@id":"https:\/\/www.fasep.it\/de\/#website"},"datePublished":"2023-12-27T11:14:29+00:00","dateModified":"2025-08-04T14:36:47+00:00","description":"Erfahren Sie, wie FASEP sich von einer kleinen Werkstatt im Jahr 1969 zu einem globalen Anbieter von Achsmessger\u00e4ten, Wuchtmaschinen und Reifenmontiermaschinen entwickelt hat. Entdecken Sie unsere Leidenschaft, Innovation und italienische Handwerkskunst.","breadcrumb":{"@id":"https:\/\/www.fasep.it\/de\/ueber-uns\/#breadcrumb"},"inLanguage":"de","potentialAction":[{"@type":"ReadAction","target":["https:\/\/www.fasep.it\/de\/ueber-uns\/"]}]},{"@type":"BreadcrumbList","@id":"https:\/\/www.fasep.it\/de\/ueber-uns\/#breadcrumb","itemListElement":[{"@type":"ListItem","position":1,"name":"Home","item":"https:\/\/www.fasep.it\/de\/"},{"@type":"ListItem","position":2,"name":"\u00dcber uns"}]},{"@type":"WebSite","@id":"https:\/\/www.fasep.it\/de\/#website","url":"https:\/\/www.fasep.it\/de\/","name":"Fasep 2000 srl","description":"","potentialAction":[{"@type":"SearchAction","target":{"@type":"EntryPoint","urlTemplate":"https:\/\/www.fasep.it\/de\/?s={search_term_string}"},"query-input":{"@type":"PropertyValueSpecification","valueRequired":true,"valueName":"search_term_string"}}],"inLanguage":"de"}]}},"_links":{"self":[{"href":"https:\/\/www.fasep.it\/de\/wp-json\/wp\/v2\/pages\/2913","targetHints":{"allow":["GET"]}}],"collection":[{"href":"https:\/\/www.fasep.it\/de\/wp-json\/wp\/v2\/pages"}],"about":[{"href":"https:\/\/www.fasep.it\/de\/wp-json\/wp\/v2\/types\/page"}],"author":[{"embeddable":true,"href":"https:\/\/www.fasep.it\/de\/wp-json\/wp\/v2\/users\/1"}],"replies":[{"embeddable":true,"href":"https:\/\/www.fasep.it\/de\/wp-json\/wp\/v2\/comments?post=2913"}],"version-history":[{"count":20,"href":"https:\/\/www.fasep.it\/de\/wp-json\/wp\/v2\/pages\/2913\/revisions"}],"predecessor-version":[{"id":10527,"href":"https:\/\/www.fasep.it\/de\/wp-json\/wp\/v2\/pages\/2913\/revisions\/10527"}],"wp:attachment":[{"href":"https:\/\/www.fasep.it\/de\/wp-json\/wp\/v2\/media?parent=2913"}],"curies":[{"name":"wp","href":"https:\/\/api.w.org\/{rel}","templated":true}]}}